{"id":10997,"date":"2021-11-19T13:11:21","date_gmt":"2021-11-19T12:11:21","guid":{"rendered":"https:\/\/www.smith.care\/?page_id=10997"},"modified":"2024-07-25T13:44:34","modified_gmt":"2024-07-25T11:44:34","slug":"danke","status":"publish","type":"page","link":"https:\/\/www.smith.care\/de\/aktuelles\/smith-kongress-2022\/danke\/","title":{"rendered":"Danke!"},"content":{"rendered":"<div class=\"wpb-content-wrapper\"><p>[vc_row css_animation=&#8220;&#8220; row_type=&#8220;row&#8220; use_row_as_full_screen_section=&#8220;no&#8220; type=&#8220;grid&#8220; angled_section=&#8220;no&#8220; text_align=&#8220;left&#8220; background_image_as_pattern=&#8220;without_pattern&#8220; z_index=&#8220;&#8220; css=&#8220;.vc_custom_1620300438259{background-color: #f5f6f6 !important;}&#8220;][vc_column][qode_elements_holder number_of_columns=&#8220;one_column&#8220;][qode_elements_holder_item advanced_animations=&#8220;no&#8220; item_padding=&#8220;5% 0 0 0&#8243; item_padding_480_600=&#8220;20px 0px 20px 0px&#8220; item_padding_480=&#8220;20px 0px 20px 0px&#8220;][vc_column_text]<\/p>\n<h2>NEW SOLUTIONS IN DIGITAL HEALTH<\/h2>\n<p>[\/vc_column_text][vc_empty_space height=&#8220;15px&#8220;][vc_column_text css=&#8220;.vc_custom_1639740017667{padding-bottom: 5% !important;}&#8220;]<\/p>\n<h3>2. Kongress des SMITH-Konsortiums der Medizininformatik-Initiative | 28. &#8211; 29. Juni 2022, dbb forum berlin<\/h3>\n<p>[\/vc_column_text][\/qode_elements_holder_item][\/qode_elements_holder][\/vc_column][\/vc_row][vc_row css_animation=&#8220;&#8220; row_type=&#8220;row&#8220; use_row_as_full_screen_section=&#8220;no&#8220; type=&#8220;grid&#8220; angled_section=&#8220;no&#8220; text_align=&#8220;left&#8220; background_image_as_pattern=&#8220;without_pattern&#8220; z_index=&#8220;&#8220; css=&#8220;.vc_custom_1639142867685{padding-bottom: 3% !important;background-color: #f5f6f6 !important;}&#8220;][vc_column css=&#8220;.vc_custom_1639743460706{padding-top: 0px !important;padding-right: 0px !important;padding-bottom: 0px !important;padding-left: 0px !important;background-color: #ffffff !important;}&#8220;][qode_elements_holder number_of_columns=&#8220;one_column&#8220;][qode_elements_holder_item advanced_animations=&#8220;no&#8220; item_padding=&#8220;5%&#8220;][vc_column_text]<\/p>\n<p style=\"text-align: left; font-size: 18px;\"><em>Sehr geehrte Damen und Herren, liebe Teilnehmerinnen und Teilnehmer, <\/em><\/p>\n<p>[\/vc_column_text][vc_empty_space height=&#8220;20px&#8220;][vc_column_text]das war der SMITH-Kongress 2022! Mit \u00fcber 30 nationalen und internationalen Referierenden und nahezu 150 Teilnehmenden ist die Veranstaltung unter dem Motto \u201eNew Solutions in Digital Health\u201c zu Ende gegangen. Der SMITH-Kongress konnte zuletzt vor drei Jahren als Pr\u00e4senzveranstaltung ausgerichtet werden. Daher haben wir uns sehr gefreut, dass Sie so zahlreich im dbb forum in Berlin erschienen sind und mit uns diskutiert haben.[\/vc_column_text][vc_empty_space height=&#8220;15px&#8220;][vc_column_text]In ihrem Gru\u00dfwort am ersten Tag zog Prof. Dr. Veronika von Messling, Ministerialdirektorin und Leiterin der Abteilung f\u00fcr Lebenswissenschaften vom Bundesministerium f\u00fcr Bildung und Forschung, eine positive Zwischenbilanz zu den bisherigen Arbeiten der Medizininformatik-Initiative. Gleichzeitig k\u00fcndigte sie die Weiterf\u00f6rderung der Konsortien und der Datenintegrationszentren in der Ausbau- und Erweiterungsphase ab Januar 2023 an. Der Leiter des SMITH-Konsortiums, Prof. Dr. Markus L\u00f6ffler, unterstrich dies. Wesentliche Abl\u00e4ufe, Strukturen und Bedingungen, um Patientendaten und Biomaterialien strukturiert auszuleiten, sind geschaffen worden. Die Ergebnisse der in SMITH umgesetzten Use Cases, der aufgebauten Datenintegrationszentren sowie der neu eingerichteten Professuren und Nachwuchsgruppen demonstrierten diese Erfolge in den Sessions am ersten Tag.[\/vc_column_text][vc_empty_space height=&#8220;15px&#8220;][vc_column_text]W\u00e4hrend wir am ersten Veranstaltungstag auch das Thema des \u201eEuropean Health Data Space\u201c mit einem wunderbaren Vortrag von Prof. Ronald Cornet (Amsterdam UMC) und einer Podiumsdiskussion adressierten, richteten wir am zweiten Veranstaltungstag den Blick in Richtung regionale Versorgung. Am Beispiel der Digitalen FortschrittsHubs Gesundheit haben wir mit ausgewiesenen Expertinnen und Experten \u00fcber die Herausforderungen unterschiedlicher Modelle des Transfers digitaler Innovationen diskutiert.[\/vc_column_text][vc_empty_space height=&#8220;15px&#8220;][vc_column_text]Die n\u00e4chste Veranstaltung steht schon vor der T\u00fcr: Vom 5. bis 6. Oktober 2022 findet das <a href=\"https:\/\/www.medizininformatik-initiative.de\/de\/mii-symposium-2022\" target=\"_blank\" rel=\"noopener\">Symposium der Medizininformatik-Initiative<\/a> statt. Die Veranstaltung wird durch die MII-Koordinierungsstelle sowie die vier Konsortien DIFuture, HiGHmed, MIRACUM und SMITH organisiert. Unter dem Motto \u201eBilanz und Perspektive\u201c sind Sie nochmals herzlich in das dbb forum berlin eingeladen[\/vc_column_text][vc_empty_space height=&#8220;20px&#8220;][vc_column_text]<\/p>\n<p style=\"text-align: left; font-size: 18px;\"><em>Wir w\u00fcnschen Ihnen bis dahin eine gute Zeit und bleiben Sie gesund!<\/em><\/p>\n<p>[\/vc_column_text][\/qode_elements_holder_item][\/qode_elements_holder][qode_elements_holder number_of_columns=&#8220;two_columns&#8220; columns_proportion=&#8220;25_75&#8243;][qode_elements_holder_item advanced_animations=&#8220;no&#8220; item_padding=&#8220;0px 0px 50px 0px&#8220; item_padding_480_600=&#8220;40px 0px 20px 0px&#8220; item_padding_480=&#8220;40px 0px 20px 0px&#8220;][vc_single_image image=&#8220;11630&#8243; img_size=&#8220;150&#215;150&#8243; alignment=&#8220;center&#8220; style=&#8220;vc_box_circle_2&#8243; css=&#8220;&#8220; qode_css_animation=&#8220;&#8220;][\/qode_elements_holder_item][qode_elements_holder_item vertical_alignment=&#8220;middle&#8220; horizontal_alignment=&#8220;center&#8220; advanced_animations=&#8220;no&#8220; item_padding=&#8220;0px 0px 50px 0px&#8220; item_padding_480_600=&#8220;10px 10px 40px 10px&#8220; item_padding_480=&#8220;10px 10px 40px 10px&#8220;][vc_column_text]<\/p>\n<p style=\"text-align: left; font-size: 14px; line-height: 150%;\"><strong>Prof. Dr. Andr\u00e9 Scherag<\/strong><br \/>\nKongresspr\u00e4sident New Solutions in Digital Health<\/p>\n<p>[\/vc_column_text][vc_empty_space height=&#8220;15px&#8220;][vc_column_text]<\/p>\n<p style=\"text-align: left; font-size: 14px; line-height: 140%;\">Direktor des Instituts f\u00fcr Medizinische Statistik,\u00a0Informatik und Datenwissenschaften (IMSID) |\u00a0Universit\u00e4tsklinikum Jena<br \/>\n1. Sprecher SMITH-Konsortium,\u00a0Leiter Use Case HELP<\/p>\n<p>[\/vc_column_text][\/qode_elements_holder_item][\/qode_elements_holder][\/vc_column][\/vc_row][vc_row css_animation=&#8220;&#8220; row_type=&#8220;row&#8220; use_row_as_full_screen_section=&#8220;no&#8220; type=&#8220;grid&#8220; angled_section=&#8220;no&#8220; text_align=&#8220;left&#8220; background_image_as_pattern=&#8220;without_pattern&#8220; z_index=&#8220;&#8220; css=&#8220;.vc_custom_1613479948915{background-color: #e0f4fc !important;}&#8220;][vc_column][\/vc_column][\/vc_row]<\/p>\n<\/div>","protected":false},"excerpt":{"rendered":"<p>[vc_row css_animation=&#8220;&#8220; row_type=&#8220;row&#8220; use_row_as_full_screen_section=&#8220;no&#8220; type=&#8220;grid&#8220; angled_section=&#8220;no&#8220; text_align=&#8220;left&#8220; background_image_as_pattern=&#8220;without_pattern&#8220; z_index=&#8220;&#8220; css=&#8220;.vc_custom_1620300438259{background-color: #f5f6f6 !important;}&#8220;][vc_column][qode_elements_holder number_of_columns=&#8220;one_column&#8220;][qode_elements_holder_item advanced_animations=&#8220;no&#8220; item_padding=&#8220;5% 0 0 0&#8243; item_padding_480_600=&#8220;20px 0px 20px 0px&#8220; item_padding_480=&#8220;20px 0px 20px 0px&#8220;][vc_column_text] NEW SOLUTIONS IN DIGITAL HEALTH [\/vc_column_text][vc_empty_space height=&#8220;15px&#8220;][vc_column_text css=&#8220;.vc_custom_1639740017667{padding-bottom: 5% !important;}&#8220;] 2. Kongress des SMITH-Konsortiums der Medizininformatik-Initiative | 28. &#8211;&#8230;<\/p>\n","protected":false},"author":5,"featured_media":0,"parent":17189,"menu_order":0,"comment_status":"closed","ping_status":"closed","template":"full_width.php","meta":{"footnotes":""},"class_list":["post-10997","page","type-page","status-publish","hentry"],"_links":{"self":[{"href":"https:\/\/www.smith.care\/de\/wp-json\/wp\/v2\/pages\/10997","targetHints":{"allow":["GET"]}}],"collection":[{"href":"https:\/\/www.smith.care\/de\/wp-json\/wp\/v2\/pages"}],"about":[{"href":"https:\/\/www.smith.care\/de\/wp-json\/wp\/v2\/types\/page"}],"author":[{"embeddable":true,"href":"https:\/\/www.smith.care\/de\/wp-json\/wp\/v2\/users\/5"}],"replies":[{"embeddable":true,"href":"https:\/\/www.smith.care\/de\/wp-json\/wp\/v2\/comments?post=10997"}],"version-history":[{"count":92,"href":"https:\/\/www.smith.care\/de\/wp-json\/wp\/v2\/pages\/10997\/revisions"}],"predecessor-version":[{"id":23288,"href":"https:\/\/www.smith.care\/de\/wp-json\/wp\/v2\/pages\/10997\/revisions\/23288"}],"up":[{"embeddable":true,"href":"https:\/\/www.smith.care\/de\/wp-json\/wp\/v2\/pages\/17189"}],"wp:attachment":[{"href":"https:\/\/www.smith.care\/de\/wp-json\/wp\/v2\/media?parent=10997"}],"curies":[{"name":"wp","href":"https:\/\/api.w.org\/{rel}","templated":true}]}}