{"id":11696,"date":"2021-12-17T13:44:57","date_gmt":"2021-12-17T12:44:57","guid":{"rendered":"https:\/\/www.smith.care\/?page_id=11696"},"modified":"2023-03-09T10:23:26","modified_gmt":"2023-03-09T09:23:26","slug":"kontakt","status":"publish","type":"page","link":"https:\/\/www.smith.care\/de\/aktuelles\/smith-kongress-2022\/kontakt\/","title":{"rendered":"Kontakt"},"content":{"rendered":"<div class=\"wpb-content-wrapper\"><p>[vc_row css_animation=&#8220;&#8220; row_type=&#8220;row&#8220; use_row_as_full_screen_section=&#8220;no&#8220; type=&#8220;grid&#8220; angled_section=&#8220;no&#8220; text_align=&#8220;left&#8220; background_image_as_pattern=&#8220;without_pattern&#8220; z_index=&#8220;&#8220;][vc_column][qode_elements_holder number_of_columns=&#8220;one_column&#8220;][qode_elements_holder_item advanced_animations=&#8220;no&#8220; item_padding=&#8220;5% 0 0 0&#8243;][vc_column_text]<\/p>\n<h2>NEW SOLUTIONS IN DIGITAL HEALTH<\/h2>\n<p>[\/vc_column_text][vc_empty_space height=&#8220;15px&#8220;][vc_column_text css=&#8220;.vc_custom_1639995106585{padding-bottom: 5% !important;}&#8220;]<\/p>\n<h3>2. Kongress des SMITH-Konsortiums der Medizininformatik-Initiative | 28. &#8211; 29. Juni 2022, dbb forum berlin<\/h3>\n<p>[\/vc_column_text][\/qode_elements_holder_item][\/qode_elements_holder][\/vc_column][\/vc_row][vc_row css_animation=&#8220;&#8220; row_type=&#8220;row&#8220; use_row_as_full_screen_section=&#8220;no&#8220; type=&#8220;grid&#8220; angled_section=&#8220;no&#8220; text_align=&#8220;left&#8220; background_image_as_pattern=&#8220;without_pattern&#8220; z_index=&#8220;&#8220; css=&#8220;.vc_custom_1639746294083{background-color: #f5f6f6 !important;}&#8220;][vc_column css=&#8220;.vc_custom_1620820043497{padding-top: 3% !important;padding-right: 3% !important;padding-bottom: 1% !important;padding-left: 3% !important;background-color: #ffffff !important;}&#8220;][qode_elements_holder number_of_columns=&#8220;two_columns&#8220;][qode_elements_holder_item vertical_alignment=&#8220;top&#8220; advanced_animations=&#8220;no&#8220; item_padding=&#8220;3%&#8220;][vc_single_image image=&#8220;11828&#8243; img_size=&#8220;1172&#215;1000&#8243; qode_css_animation=&#8220;&#8220;][\/qode_elements_holder_item][qode_elements_holder_item vertical_alignment=&#8220;top&#8220; advanced_animations=&#8220;no&#8220; item_padding=&#8220;3%&#8220;][vc_column_text]<strong>Veranstalter:<\/strong>[\/vc_column_text][vc_empty_space height=&#8220;20px&#8220;][vc_column_text]Universit\u00e4tsklinikum Jena<br \/>\nInstitut f\u00fcr Medizinischen Statistik, Informatik und Datenwissenschaften[\/vc_column_text][vc_empty_space height=&#8220;10px&#8220;][vc_column_text]In Unterst\u00fctzung durch die SMITH-Gesch\u00e4ftsstelle der Universit\u00e4t Leipzig[\/vc_column_text][vc_empty_space height=&#8220;35px&#8220;][vc_column_text]<strong>Kongresspr\u00e4sident:<\/strong>[\/vc_column_text][vc_empty_space height=&#8220;20px&#8220;][vc_column_text]Prof. Dr. Andr\u00e9 Scherag[\/vc_column_text][vc_empty_space height=&#8220;10px&#8220;][vc_column_text]1. Sprecher SMITH-Konsortium<br \/>\nDirektor des Instituts f\u00fcr Medizinische Statistik, Informatik und Datenwissenschaften (IMSID) Universit\u00e4tsklinikum Jena[\/vc_column_text][\/qode_elements_holder_item][\/qode_elements_holder][\/vc_column][\/vc_row][vc_row css_animation=&#8220;&#8220; row_type=&#8220;row&#8220; use_row_as_full_screen_section=&#8220;no&#8220; type=&#8220;grid&#8220; angled_section=&#8220;no&#8220; text_align=&#8220;left&#8220; background_image_as_pattern=&#8220;without_pattern&#8220; z_index=&#8220;&#8220; css=&#8220;.vc_custom_1639746675561{padding-bottom: 5% !important;background-color: #f5f6f6 !important;}&#8220;][vc_column css=&#8220;.vc_custom_1639746335609{border-bottom-width: 5% !important;padding-top: 3% !important;padding-right: 3% !important;padding-bottom: 3% !important;padding-left: 3% !important;background-color: #ffffff !important;}&#8220;][qode_elements_holder number_of_columns=&#8220;two_columns&#8220;][qode_elements_holder_item vertical_alignment=&#8220;top&#8220; advanced_animations=&#8220;no&#8220; item_padding=&#8220;3%&#8220;][vc_column_text]<strong>Sie haben Fragen zur Veranstaltung? Kontaktieren Sie uns gern!<\/strong>[\/vc_column_text][vc_empty_space height=&#8220;20px&#8220;][vc_column_text]SMITH-Gesch\u00e4ftsstelle<br \/>\nUniversit\u00e4t Leipzig | Medizinische Fakult\u00e4t<br \/>\nPhilipp-Rosenthal-Stra\u00dfe 27<br \/>\n04103 Leipzig[\/vc_column_text][vc_empty_space height=&#8220;10px&#8220;][vc_column_text]Telefon: +49 341 97-16720<br \/>\nE-Mail: <a href=\"mailto:info@smith.care\" target=\"_blank\" rel=\"noopener\">info@smith.care<\/a>[\/vc_column_text][vc_empty_space height=&#8220;35px&#8220;][vc_column_text]<strong>Sie sind Pressevertreter:in und brauchen detaillierte Informationen?<\/strong><br \/>\n<strong>Wir unterst\u00fctzen Sie gern!<\/strong>[\/vc_column_text][vc_empty_space height=&#8220;20px&#8220;][vc_column_text]Cornelia Dolling<br \/>\nAnsprechpartnerin f\u00fcr Presse- und \u00d6ffentlichkeitsarbeit[\/vc_column_text][vc_empty_space height=&#8220;10px&#8220;][vc_column_text]Telefon: +49 341 97-16723<br \/>\nE-Mail: <a href=\"mailto:info@smith.care\" target=\"_blank\" rel=\"noopener\">info@smith.care<\/a>[\/vc_column_text][\/qode_elements_holder_item][qode_elements_holder_item vertical_alignment=&#8220;top&#8220; advanced_animations=&#8220;no&#8220; item_padding=&#8220;3%&#8220;][vc_single_image image=&#8220;11832&#8243; img_size=&#8220;1200&#215;1000&#8243; qode_css_animation=&#8220;&#8220;][\/qode_elements_holder_item][\/qode_elements_holder][\/vc_column][\/vc_row]<\/p>\n<\/div>","protected":false},"excerpt":{"rendered":"<p>[vc_row css_animation=&#8220;&#8220; row_type=&#8220;row&#8220; use_row_as_full_screen_section=&#8220;no&#8220; type=&#8220;grid&#8220; angled_section=&#8220;no&#8220; text_align=&#8220;left&#8220; background_image_as_pattern=&#8220;without_pattern&#8220; z_index=&#8220;&#8220;][vc_column][qode_elements_holder number_of_columns=&#8220;one_column&#8220;][qode_elements_holder_item advanced_animations=&#8220;no&#8220; item_padding=&#8220;5% 0 0 0&#8243;][vc_column_text] NEW SOLUTIONS IN DIGITAL HEALTH [\/vc_column_text][vc_empty_space height=&#8220;15px&#8220;][vc_column_text css=&#8220;.vc_custom_1639995106585{padding-bottom: 5% !important;}&#8220;] 2. Kongress des SMITH-Konsortiums der Medizininformatik-Initiative | 28. &#8211; 29. Juni 2022, dbb forum berlin [\/vc_column_text][\/qode_elements_holder_item][\/qode_elements_holder][\/vc_column][\/vc_row][vc_row css_animation=&#8220;&#8220; row_type=&#8220;row&#8220; use_row_as_full_screen_section=&#8220;no&#8220; type=&#8220;grid&#8220;&#8230;<\/p>\n","protected":false},"author":5,"featured_media":0,"parent":17189,"menu_order":0,"comment_status":"closed","ping_status":"closed","template":"full_width.php","meta":{"footnotes":""},"class_list":["post-11696","page","type-page","status-publish","hentry"],"_links":{"self":[{"href":"https:\/\/www.smith.care\/de\/wp-json\/wp\/v2\/pages\/11696","targetHints":{"allow":["GET"]}}],"collection":[{"href":"https:\/\/www.smith.care\/de\/wp-json\/wp\/v2\/pages"}],"about":[{"href":"https:\/\/www.smith.care\/de\/wp-json\/wp\/v2\/types\/page"}],"author":[{"embeddable":true,"href":"https:\/\/www.smith.care\/de\/wp-json\/wp\/v2\/users\/5"}],"replies":[{"embeddable":true,"href":"https:\/\/www.smith.care\/de\/wp-json\/wp\/v2\/comments?post=11696"}],"version-history":[{"count":39,"href":"https:\/\/www.smith.care\/de\/wp-json\/wp\/v2\/pages\/11696\/revisions"}],"predecessor-version":[{"id":11850,"href":"https:\/\/www.smith.care\/de\/wp-json\/wp\/v2\/pages\/11696\/revisions\/11850"}],"up":[{"embeddable":true,"href":"https:\/\/www.smith.care\/de\/wp-json\/wp\/v2\/pages\/17189"}],"wp:attachment":[{"href":"https:\/\/www.smith.care\/de\/wp-json\/wp\/v2\/media?parent=11696"}],"curies":[{"name":"wp","href":"https:\/\/api.w.org\/{rel}","templated":true}]}}