{"id":12603,"date":"2022-02-11T12:27:48","date_gmt":"2022-02-11T11:27:48","guid":{"rendered":"https:\/\/www.smith.care\/?page_id=12603"},"modified":"2023-03-09T10:20:10","modified_gmt":"2023-03-09T09:20:10","slug":"praesentationen","status":"publish","type":"page","link":"https:\/\/www.smith.care\/de\/aktuelles\/smith-kongress-2022\/praesentationen\/","title":{"rendered":"Pr\u00e4sentationen"},"content":{"rendered":"<div class=\"wpb-content-wrapper\"><p>[vc_row css_animation=&#8220;&#8220; row_type=&#8220;row&#8220; use_row_as_full_screen_section=&#8220;no&#8220; type=&#8220;grid&#8220; angled_section=&#8220;no&#8220; text_align=&#8220;left&#8220; background_image_as_pattern=&#8220;without_pattern&#8220; z_index=&#8220;&#8220; css=&#8220;.vc_custom_1657027089032{margin-top: 0px !important;margin-right: 0px !important;margin-bottom: 0px !important;margin-left: 0px !important;border-top-width: 0px !important;border-right-width: 0px !important;border-bottom-width: 0px !important;border-left-width: 0px !important;padding-top: 0px !important;padding-right: 0px !important;padding-bottom: 0px !important;padding-left: 0px !important;background-color: #f5f6f6 !important;}&#8220;][vc_column][qode_elements_holder number_of_columns=&#8220;one_column&#8220;][qode_elements_holder_item advanced_animations=&#8220;no&#8220; item_padding=&#8220;5% 0 0 0&#8243; item_padding_480_600=&#8220;20px 0px 20px 0px&#8220; item_padding_480=&#8220;20px 0px 20px 0px&#8220;][vc_column_text]<\/p>\n<h2>NEW SOLUTIONS IN DIGITAL HEALTH<\/h2>\n<p>[\/vc_column_text][vc_empty_space height=&#8220;15px&#8220;][vc_column_text css=&#8220;.vc_custom_1639740017667{padding-bottom: 5% !important;}&#8220;]<\/p>\n<h3>2. Kongress des SMITH-Konsortiums der Medizininformatik-Initiative | 28. &#8211; 29. Juni 2022, dbb forum berlin<\/h3>\n<p>[\/vc_column_text][\/qode_elements_holder_item][\/qode_elements_holder][\/vc_column][\/vc_row][vc_row css_animation=&#8220;&#8220; row_type=&#8220;row&#8220; use_row_as_full_screen_section=&#8220;no&#8220; type=&#8220;grid&#8220; angled_section=&#8220;no&#8220; text_align=&#8220;left&#8220; background_image_as_pattern=&#8220;without_pattern&#8220; z_index=&#8220;&#8220; css=&#8220;.vc_custom_1644584222289{margin-top: 0px !important;margin-right: 0px !important;margin-bottom: 0px !important;margin-left: 0px !important;border-top-width: 0px !important;border-right-width: 0px !important;border-bottom-width: 0px !important;border-left-width: 0px !important;padding-top: 0px !important;padding-right: 0px !important;padding-bottom: 0px !important;padding-left: 0px !important;background-color: #f5f6f6 !important;}&#8220;][vc_column css=&#8220;.vc_custom_1639743460706{padding-top: 0px !important;padding-right: 0px !important;padding-bottom: 0px !important;padding-left: 0px !important;background-color: #ffffff !important;}&#8220;][qode_elements_holder number_of_columns=&#8220;one_column&#8220;][qode_elements_holder_item advanced_animations=&#8220;no&#8220; item_padding=&#8220;3%&#8220;][vc_column_text]<\/p>\n<p style=\"text-align: left;\">Hier finden Sie ausgew\u00e4hlte Pr\u00e4sentationen, die im Rahmen des SMITH-Kongress 2022 gehalten wurden, zum Download.<\/p>\n<p>[\/vc_column_text][\/qode_elements_holder_item][\/qode_elements_holder][\/vc_column][\/vc_row][vc_row css_animation=&#8220;&#8220; row_type=&#8220;row&#8220; use_row_as_full_screen_section=&#8220;no&#8220; type=&#8220;full_width&#8220; angled_section=&#8220;no&#8220; text_align=&#8220;left&#8220; background_image_as_pattern=&#8220;without_pattern&#8220; css=&#8220;.vc_custom_1657024490206{margin-top: 3% !important;margin-bottom: 2% !important;}&#8220; z_index=&#8220;&#8220;][vc_column css=&#8220;.vc_custom_1657023188114{margin-top: 0px !important;margin-right: 0px !important;margin-bottom: 0px !important;margin-left: 0px !important;border-top-width: 0px !important;border-right-width: 0px !important;border-bottom-width: 0px !important;border-left-width: 0px !important;padding-top: 2% !important;padding-right: 0px !important;padding-bottom: 2% !important;padding-left: 0px !important;background-color: #ffffff !important;}&#8220;][qode_elements_holder number_of_columns=&#8220;two_columns&#8220;][qode_elements_holder_item horizontal_alignment=&#8220;left&#8220; advanced_animations=&#8220;no&#8220; item_padding=&#8220;5% 5% 5% 10%&#8220;][vc_single_image image=&#8220;14933&#8243; img_size=&#8220;400&#215;208&#8243; onclick=&#8220;custom_link&#8220; img_link_target=&#8220;_blank&#8220; qode_css_animation=&#8220;&#8220; link=&#8220;https:\/\/www.smith.care\/wp-content\/uploads\/2022\/07\/20220628-SMITH-Cornet-v3-1.pdf&#8220;][vc_empty_space height=&#8220;50&#8243;][vc_column_text]<strong>Ronald Cornet, PhD<\/strong><\/p>\n<p>Impulsvortrag: Data-driven healthcare<br \/>\nToday\u2019s research for tomorrow\u2019s healthcare (englischsprachig)[\/vc_column_text][\/qode_elements_holder_item][qode_elements_holder_item horizontal_alignment=&#8220;left&#8220; advanced_animations=&#8220;no&#8220; item_padding=&#8220;5% 5% 5% 10%&#8220;][vc_single_image image=&#8220;15023&#8243; img_size=&#8220;400&#215;194&#8243; onclick=&#8220;custom_link&#8220; img_link_target=&#8220;_blank&#8220; qode_css_animation=&#8220;&#8220; link=&#8220;https:\/\/www.smith.care\/wp-content\/uploads\/2022\/07\/PheP-Berlin-2022-deutsch.pdf&#8220;][vc_empty_space height=&#8220;50&#8243;][vc_column_text]<strong>Dr. Frank Meineke<\/strong><\/p>\n<p>Methodischer Use Case PHEP<br \/>\nVon Daten \u00fcber Informationen zu Wissen \u2013 die Nahtstelle zur klinischen Forschung[\/vc_column_text][\/qode_elements_holder_item][\/qode_elements_holder][\/vc_column][\/vc_row][vc_row css_animation=&#8220;&#8220; row_type=&#8220;row&#8220; use_row_as_full_screen_section=&#8220;no&#8220; type=&#8220;full_width&#8220; angled_section=&#8220;no&#8220; text_align=&#8220;left&#8220; background_image_as_pattern=&#8220;without_pattern&#8220; css=&#8220;.vc_custom_1657024512327{margin-bottom: 2% !important;}&#8220; z_index=&#8220;&#8220;][vc_column css=&#8220;.vc_custom_1657023188114{margin-top: 0px !important;margin-right: 0px !important;margin-bottom: 0px !important;margin-left: 0px !important;border-top-width: 0px !important;border-right-width: 0px !important;border-bottom-width: 0px !important;border-left-width: 0px !important;padding-top: 2% !important;padding-right: 0px !important;padding-bottom: 2% !important;padding-left: 0px !important;background-color: #ffffff !important;}&#8220;][qode_elements_holder number_of_columns=&#8220;two_columns&#8220;][qode_elements_holder_item horizontal_alignment=&#8220;left&#8220; advanced_animations=&#8220;no&#8220; item_padding=&#8220;5% 5% 5% 10%&#8220;][vc_single_image image=&#8220;14943&#8243; img_size=&#8220;400&#215;194&#8243; onclick=&#8220;custom_link&#8220; img_link_target=&#8220;_blank&#8220; qode_css_animation=&#8220;&#8220; link=&#8220;https:\/\/www.smith.care\/wp-content\/uploads\/2022\/07\/2022_06_27_SMITH-Kongress_2022_HELP-Session_rr-1.pdf&#8220;][vc_empty_space height=&#8220;50&#8243;][vc_column_text]<strong>Prof. Dr. Mathias Pletz, Prof. Dr. Rainer R\u00f6hrig, Prof. Dr. Andr\u00e9 Scherag<\/strong><\/p>\n<p>Klinischer Use Case HELP<br \/>\nErfahrungen zur digitalen Unterst\u00fctzung einer verantwortungsvollen Antibiotikatherapie bei Staphylokokken-Blutstrominfektionen[\/vc_column_text][\/qode_elements_holder_item][qode_elements_holder_item advanced_animations=&#8220;no&#8220; item_padding=&#8220;5% 5% 5% 10%&#8220;][vc_single_image image=&#8220;14970&#8243; img_size=&#8220;400&#215;200&#8243; onclick=&#8220;custom_link&#8220; img_link_target=&#8220;_blank&#8220; qode_css_animation=&#8220;&#8220; link=&#8220;https:\/\/www.smith.care\/wp-content\/uploads\/2022\/07\/SMITH-Pra%CC%88sentation_Jonas_Jovanovic.pdf&#8220;][vc_empty_space][vc_column_text]<strong>Marko Jovanovi\u0107, Prof. Dr. Stephan Jonas<\/strong><\/p>\n<p>Digitale Medizin am Universit\u00e4tsklinikum Bonn[\/vc_column_text][\/qode_elements_holder_item][\/qode_elements_holder][\/vc_column][\/vc_row][vc_row css_animation=&#8220;&#8220; row_type=&#8220;row&#8220; use_row_as_full_screen_section=&#8220;no&#8220; type=&#8220;full_width&#8220; angled_section=&#8220;no&#8220; text_align=&#8220;left&#8220; background_image_as_pattern=&#8220;without_pattern&#8220; css=&#8220;.vc_custom_1657024520095{margin-bottom: 2% !important;}&#8220; z_index=&#8220;&#8220;][vc_column css=&#8220;.vc_custom_1657023188114{margin-top: 0px !important;margin-right: 0px !important;margin-bottom: 0px !important;margin-left: 0px !important;border-top-width: 0px !important;border-right-width: 0px !important;border-bottom-width: 0px !important;border-left-width: 0px !important;padding-top: 2% !important;padding-right: 0px !important;padding-bottom: 2% !important;padding-left: 0px !important;background-color: #ffffff !important;}&#8220;][qode_elements_holder number_of_columns=&#8220;two_columns&#8220;][qode_elements_holder_item advanced_animations=&#8220;no&#8220; item_padding=&#8220;5% 5% 5% 10%&#8220;][vc_single_image image=&#8220;14973&#8243; img_size=&#8220;400&#215;200&#8243; onclick=&#8220;custom_link&#8220; img_link_target=&#8220;_blank&#8220; qode_css_animation=&#8220;&#8220; link=&#8220;https:\/\/www.smith.care\/wp-content\/uploads\/2022\/07\/2_2022-06-28_SMITH-Kongress_Jan-Christoph_Bruecken-zwischen-Forschung-und-Versorgung.pdf&#8220;][vc_empty_space][vc_column_text]<strong>Jun.-Prof. Dr. Jan Christoph<\/strong><\/p>\n<p>Br\u00fccken zwischen Forschung und Versorgung sowie zwischen Klinik und Fakult\u00e4t an der Universit\u00e4tsmedizin Halle[\/vc_column_text][\/qode_elements_holder_item][qode_elements_holder_item advanced_animations=&#8220;no&#8220; item_padding=&#8220;5% 5% 5% 10%&#8220;][vc_single_image image=&#8220;14976&#8243; img_size=&#8220;400&#215;200&#8243; onclick=&#8220;custom_link&#8220; img_link_target=&#8220;_blank&#8220; qode_css_animation=&#8220;&#8220; link=&#8220;https:\/\/www.smith.care\/wp-content\/uploads\/2022\/07\/3_20220628_NWG_SMITH_Kongress-Nuernberg-1.pdf&#8220;][vc_empty_space][vc_column_text]<strong>Dr. Sylvia N\u00fcrnberg<\/strong><\/p>\n<p>Butter bei die Fische \u2013 Medizindaten endlich in die Praxis![\/vc_column_text][\/qode_elements_holder_item][\/qode_elements_holder][\/vc_column][\/vc_row][vc_row css_animation=&#8220;&#8220; row_type=&#8220;row&#8220; use_row_as_full_screen_section=&#8220;no&#8220; type=&#8220;full_width&#8220; angled_section=&#8220;no&#8220; text_align=&#8220;left&#8220; background_image_as_pattern=&#8220;without_pattern&#8220; css=&#8220;.vc_custom_1657024527638{margin-bottom: 2% !important;}&#8220; z_index=&#8220;&#8220;][vc_column css=&#8220;.vc_custom_1657023188114{margin-top: 0px !important;margin-right: 0px !important;margin-bottom: 0px !important;margin-left: 0px !important;border-top-width: 0px !important;border-right-width: 0px !important;border-bottom-width: 0px !important;border-left-width: 0px !important;padding-top: 2% !important;padding-right: 0px !important;padding-bottom: 2% !important;padding-left: 0px !important;background-color: #ffffff !important;}&#8220;][qode_elements_holder number_of_columns=&#8220;two_columns&#8220;][qode_elements_holder_item advanced_animations=&#8220;no&#8220; item_padding=&#8220;5% 5% 5% 10%&#8220;][vc_single_image image=&#8220;14979&#8243; img_size=&#8220;400&#215;200&#8243; onclick=&#8220;custom_link&#8220; img_link_target=&#8220;_blank&#8220; qode_css_animation=&#8220;&#8220; link=&#8220;https:\/\/www.smith.care\/wp-content\/uploads\/2022\/07\/SMITH_Vorstellung_Jena_Spreckelsen_Potluri-1.pdf&#8220;][vc_empty_space][vc_column_text]<strong>Prof. Dr. Cord Spreckelsen, Dr. Sasanka Potluri<\/strong><\/p>\n<p>Von KI-Assistenz bis zur Digitaldidaktik in der Medizin &#8211; die Arbeitsgruppe Medizinische Informatik am Universit\u00e4tsklinikum Jena[\/vc_column_text][\/qode_elements_holder_item][qode_elements_holder_item advanced_animations=&#8220;no&#8220; item_padding=&#8220;5% 5% 5% 10%&#8220;][vc_single_image image=&#8220;14981&#8243; img_size=&#8220;400&#215;200&#8243; onclick=&#8220;custom_link&#8220; img_link_target=&#8220;_blank&#8220; qode_css_animation=&#8220;&#8220; link=&#8220;https:\/\/www.smith.care\/wp-content\/uploads\/2022\/07\/5_SMITH-Kongress-2022-Phenotyping_Uciteli_Kirsten-1.pdf&#8220;][vc_empty_space][vc_column_text]<strong>Prof. Dr. Toralf Kirsten, Dr. Alexandr Uciteli<\/strong><\/p>\n<p>Infrastrukturen f\u00fcr KI-basierte Ph\u00e4notypisierung[\/vc_column_text][\/qode_elements_holder_item][\/qode_elements_holder][\/vc_column][\/vc_row][vc_row css_animation=&#8220;&#8220; row_type=&#8220;row&#8220; use_row_as_full_screen_section=&#8220;no&#8220; type=&#8220;full_width&#8220; angled_section=&#8220;no&#8220; text_align=&#8220;left&#8220; background_image_as_pattern=&#8220;without_pattern&#8220; css=&#8220;.vc_custom_1657024531904{margin-bottom: 2% !important;}&#8220; z_index=&#8220;&#8220;][vc_column css=&#8220;.vc_custom_1657023188114{margin-top: 0px !important;margin-right: 0px !important;margin-bottom: 0px !important;margin-left: 0px !important;border-top-width: 0px !important;border-right-width: 0px !important;border-bottom-width: 0px !important;border-left-width: 0px !important;padding-top: 2% !important;padding-right: 0px !important;padding-bottom: 2% !important;padding-left: 0px !important;background-color: #ffffff !important;}&#8220;][qode_elements_holder number_of_columns=&#8220;two_columns&#8220;][qode_elements_holder_item advanced_animations=&#8220;no&#8220; item_padding=&#8220;5% 5% 5% 10%&#8220;][vc_single_image image=&#8220;14983&#8243; img_size=&#8220;400&#215;200&#8243; onclick=&#8220;custom_link&#8220; img_link_target=&#8220;_blank&#8220; qode_css_animation=&#8220;&#8220; link=&#8220;https:\/\/www.smith.care\/wp-content\/uploads\/2022\/07\/2_Panholzer_DECIDE-SmithSymposium-220629-1.pdf&#8220;][vc_empty_space][vc_column_text]<strong>Dr. Torsten Panholzer<\/strong><\/p>\n<p>DECIDE &#8211; Hochwertige Versorgung und Datenintegration mit Telemedizin, k\u00fcnstlicher Intelligenz und mobilen Sensoren auch abseits einer Universit\u00e4tsklinik[\/vc_column_text][\/qode_elements_holder_item][qode_elements_holder_item advanced_animations=&#8220;no&#8220; item_padding=&#8220;5% 5% 5% 10%&#8220;][vc_single_image image=&#8220;14985&#8243; img_size=&#8220;400&#215;200&#8243; onclick=&#8220;custom_link&#8220; img_link_target=&#8220;_blank&#8220; qode_css_animation=&#8220;&#8220; link=&#8220;https:\/\/www.smith.care\/wp-content\/uploads\/2022\/07\/3_20220629_SMITH-Kongress-Pra%CC%88sentation_DISTANCE_Marx-1.pdf&#8220;][vc_empty_space][vc_column_text]<strong>Prof. Dr. Gernot Marx<\/strong><\/p>\n<p>DISTANCE &#8211; Sektoren\u00fcbergreifendes &amp; digitales Hub-Konzept zur Nachsorge von Intensivpatientinnen und -patienten[\/vc_column_text][\/qode_elements_holder_item][\/qode_elements_holder][\/vc_column][\/vc_row][vc_row css_animation=&#8220;&#8220; row_type=&#8220;row&#8220; use_row_as_full_screen_section=&#8220;no&#8220; type=&#8220;full_width&#8220; angled_section=&#8220;no&#8220; text_align=&#8220;left&#8220; background_image_as_pattern=&#8220;without_pattern&#8220; css=&#8220;.vc_custom_1657024540360{margin-bottom: 5% !important;}&#8220; z_index=&#8220;&#8220;][vc_column css=&#8220;.vc_custom_1657023188114{margin-top: 0px !important;margin-right: 0px !important;margin-bottom: 0px !important;margin-left: 0px !important;border-top-width: 0px !important;border-right-width: 0px !important;border-bottom-width: 0px !important;border-left-width: 0px !important;padding-top: 2% !important;padding-right: 0px !important;padding-bottom: 2% !important;padding-left: 0px !important;background-color: #ffffff !important;}&#8220;][qode_elements_holder number_of_columns=&#8220;two_columns&#8220;][qode_elements_holder_item advanced_animations=&#8220;no&#8220; item_padding=&#8220;5% 5% 5% 10%&#8220;][vc_single_image image=&#8220;14987&#8243; img_size=&#8220;400&#215;200&#8243; onclick=&#8220;custom_link&#8220; img_link_target=&#8220;_blank&#8220; qode_css_animation=&#8220;&#8220; link=&#8220;https:\/\/www.smith.care\/wp-content\/uploads\/2022\/07\/4_MIDIA-HUB-SMITh-Kongress-2022-06-29-Prokosch-1.pdf&#8220;][vc_empty_space][vc_column_text]<strong>Prof. Dr. Hans-Ulrich Prokosch<\/strong><\/p>\n<p>MIDIA-Hub \u2013 Nutzerzentrierter Entwicklungsprozess f\u00fcr eine sektor\u00fcbergreifende digitale Vernetzung[\/vc_column_text][\/qode_elements_holder_item][qode_elements_holder_item advanced_animations=&#8220;no&#8220; item_padding=&#8220;5% 5% 5% 10%&#8220;][vc_single_image image=&#8220;14989&#8243; img_size=&#8220;400&#215;200&#8243; onclick=&#8220;custom_link&#8220; img_link_target=&#8220;_blank&#8220; qode_css_animation=&#8220;&#8220; link=&#8220;https:\/\/www.smith.care\/wp-content\/uploads\/2022\/07\/20220629-Vorstellung-MiHUBx_Bathelt-1.pdf&#8220;][vc_empty_space][vc_column_text]<strong>Dr. Franziska Bathelt<\/strong><\/p>\n<p>MiHUBx \u2013 Digitales \u00d6kosystem zur St\u00e4rkung von medizinischer Forschung, Diagnostik und Therapie in Sachsen[\/vc_column_text][\/qode_elements_holder_item][\/qode_elements_holder][\/vc_column][\/vc_row]<\/p>\n<\/div>","protected":false},"excerpt":{"rendered":"<p>[vc_row css_animation=&#8220;&#8220; row_type=&#8220;row&#8220; use_row_as_full_screen_section=&#8220;no&#8220; type=&#8220;grid&#8220; angled_section=&#8220;no&#8220; text_align=&#8220;left&#8220; background_image_as_pattern=&#8220;without_pattern&#8220; z_index=&#8220;&#8220; css=&#8220;.vc_custom_1657027089032{margin-top: 0px !important;margin-right: 0px !important;margin-bottom: 0px !important;margin-left: 0px !important;border-top-width: 0px !important;border-right-width: 0px !important;border-bottom-width: 0px !important;border-left-width: 0px !important;padding-top: 0px !important;padding-right: 0px !important;padding-bottom: 0px !important;padding-left: 0px !important;background-color: #f5f6f6 !important;}&#8220;][vc_column][qode_elements_holder number_of_columns=&#8220;one_column&#8220;][qode_elements_holder_item advanced_animations=&#8220;no&#8220; item_padding=&#8220;5% 0 0 0&#8243; item_padding_480_600=&#8220;20px 0px 20px&#8230;<\/p>\n","protected":false},"author":13,"featured_media":0,"parent":17189,"menu_order":0,"comment_status":"closed","ping_status":"closed","template":"","meta":{"footnotes":""},"class_list":["post-12603","page","type-page","status-publish","hentry"],"_links":{"self":[{"href":"https:\/\/www.smith.care\/de\/wp-json\/wp\/v2\/pages\/12603","targetHints":{"allow":["GET"]}}],"collection":[{"href":"https:\/\/www.smith.care\/de\/wp-json\/wp\/v2\/pages"}],"about":[{"href":"https:\/\/www.smith.care\/de\/wp-json\/wp\/v2\/types\/page"}],"author":[{"embeddable":true,"href":"https:\/\/www.smith.care\/de\/wp-json\/wp\/v2\/users\/13"}],"replies":[{"embeddable":true,"href":"https:\/\/www.smith.care\/de\/wp-json\/wp\/v2\/comments?post=12603"}],"version-history":[{"count":178,"href":"https:\/\/www.smith.care\/de\/wp-json\/wp\/v2\/pages\/12603\/revisions"}],"predecessor-version":[{"id":16203,"href":"https:\/\/www.smith.care\/de\/wp-json\/wp\/v2\/pages\/12603\/revisions\/16203"}],"up":[{"embeddable":true,"href":"https:\/\/www.smith.care\/de\/wp-json\/wp\/v2\/pages\/17189"}],"wp:attachment":[{"href":"https:\/\/www.smith.care\/de\/wp-json\/wp\/v2\/media?parent=12603"}],"curies":[{"name":"wp","href":"https:\/\/api.w.org\/{rel}","templated":true}]}}