{"id":15399,"date":"2022-09-30T10:49:19","date_gmt":"2022-09-30T08:49:19","guid":{"rendered":"https:\/\/www.smith.care\/?page_id=15399"},"modified":"2024-09-04T13:32:55","modified_gmt":"2024-09-04T11:32:55","slug":"lehre-in-smith","status":"publish","type":"page","link":"https:\/\/www.smith.care\/de\/lehre\/lehre-in-smith\/","title":{"rendered":"Lehre in SMITH"},"content":{"rendered":"<div class=\"wpb-content-wrapper\"><p>[vc_row css_animation=&#8220;&#8220; row_type=&#8220;row&#8220; use_row_as_full_screen_section=&#8220;no&#8220; type=&#8220;grid&#8220; angled_section=&#8220;no&#8220; text_align=&#8220;left&#8220; background_image_as_pattern=&#8220;without_pattern&#8220; z_index=&#8220;&#8220; css=&#8220;.vc_custom_1620727221201{background-color: #f5f6f6 !important;}&#8220;][vc_column][qode_elements_holder number_of_columns=&#8220;one_column&#8220;][qode_elements_holder_item advanced_animations=&#8220;no&#8220; item_padding=&#8220;5% 0%&#8220;][vc_column_text]<\/p>\n<h2>Digitale Kompetenzen im Gesundheitswesen<\/h2>\n<p>[\/vc_column_text][\/qode_elements_holder_item][\/qode_elements_holder][\/vc_column][\/vc_row][vc_row css_animation=&#8220;&#8220; row_type=&#8220;row&#8220; use_row_as_full_screen_section=&#8220;no&#8220; type=&#8220;grid&#8220; angled_section=&#8220;no&#8220; text_align=&#8220;left&#8220; background_image_as_pattern=&#8220;without_pattern&#8220; z_index=&#8220;&#8220; css=&#8220;.vc_custom_1620734244303{padding-top: 0px !important;padding-right: 0px !important;padding-bottom: 0px !important;padding-left: 0px !important;background-color: #f5f6f6 !important;}&#8220;][vc_column css=&#8220;.vc_custom_1673948360608{margin-top: 0px !important;margin-right: 0px !important;margin-bottom: 0px !important;margin-left: 0px !important;border-top-width: 0px !important;border-right-width: 0px !important;border-bottom-width: 0px !important;border-left-width: 0px !important;padding-top: 0px !important;padding-right: 0px !important;padding-bottom: 0px !important;padding-left: 0px !important;background-color: #ffffff !important;}&#8220;][qode_elements_holder number_of_columns=&#8220;two_columns&#8220;][qode_elements_holder_item advanced_animations=&#8220;no&#8220; item_padding=&#8220;5%&#8220;][vc_single_image image=&#8220;23600&#8243; img_size=&#8220;full&#8220; alignment=&#8220;center&#8220; css=&#8220;&#8220; qode_css_animation=&#8220;&#8220;][\/qode_elements_holder_item][qode_elements_holder_item advanced_animations=&#8220;no&#8220; item_padding=&#8220;5%&#8220;][vc_column_text][\/vc_column_text][vc_column_text]<\/p>\n<h3>St\u00e4rkung von Lehre und Forschung in der Medizininformatik<\/h3>\n<p>[\/vc_column_text][vc_empty_space height=&#8220;25px&#8220;][vc_column_text]Die rasante Entwicklung der Digitalisierung er\u00f6ffnet eine Reihe neuer, vielversprechender M\u00f6glichkeiten im Medizin- und Gesundheitswesen. Dieser Fortschritt braucht Expertinnen und Experten mit digitalen Kompetenzen. Medizinisches Fachpersonal muss in die Lage versetzt werden, die neuen Technologien in Diagnostik und Therapie kompetent anwenden zu k\u00f6nnen. Zugleich kann die Erfahrung aus der Betreuung von Menschen und ihren Gesundheitsanliegen die\u00a0Entwicklung neuer,\u00a0versorgungsrelevanter Technologien unterst\u00fctzen.\u00a0Aber auch Informatikerinnen und Informatiker ben\u00f6tigen Kompetenzen \u00fcber die Besonderheiten in der Medizin, um f\u00fcr den Gesundheitsbereich angepasste und sichere Methoden entwickeln zu k\u00f6nnen. Zur Etablierung neuer, zukunftsweisender Innovationen sind sowohl Kenntnisse \u00fcber die modernsten Werkzeuge der Informatik als auch \u00fcber die Medizin unabdingbar. Nur so ist es m\u00f6glich, den Weg zu einer digital unterst\u00fctzten, individuellen Patientenversorgung zu ebnen.[\/vc_column_text][\/qode_elements_holder_item][\/qode_elements_holder][\/vc_column][\/vc_row][vc_row css_animation=&#8220;&#8220; row_type=&#8220;row&#8220; use_row_as_full_screen_section=&#8220;no&#8220; type=&#8220;grid&#8220; angled_section=&#8220;no&#8220; text_align=&#8220;left&#8220; background_image_as_pattern=&#8220;without_pattern&#8220; z_index=&#8220;&#8220; css=&#8220;.vc_custom_1620727264936{background-color: #f5f6f6 !important;}&#8220;][vc_column css=&#8220;.vc_custom_1623921457214{padding-top: 0px !important;padding-right: 0px !important;padding-bottom: 0px !important;padding-left: 0px !important;}&#8220;][qode_elements_holder number_of_columns=&#8220;one_column&#8220;][qode_elements_holder_item advanced_animations=&#8220;no&#8220; item_padding=&#8220;5% 0 0 0&#8243;][vc_column_text][\/vc_column_text][vc_column_text]<\/p>\n<h4>Digitalisierte Gesundheitsversorgung braucht hochqualifiziertes Personal<\/h4>\n<p>[\/vc_column_text][vc_empty_space height=&#8220;25px&#8220;][vc_column_text css=&#8220;&#8220;]Um eine erfolgreiche und sicher digitalisierte Gesundheitsversorgung zu unterst\u00fctzen, hat das <a href=\"https:\/\/www.smith.care\/de\/\" target=\"_blank\" rel=\"noopener\">SMITH-Konsortium<\/a> Angebote zur Aus-, Fort- und Weiterbildung im Bereich der Medizininformatik sowie sich daran anschlie\u00dfender fachlicher Gebiete etabliert. Berufserfahrene, aber auch Studierende und Berufsanf\u00e4nger k\u00f6nnen sich hier\u00fcber f\u00fcr aktuelle Bedarfe qualifizieren. Um die verschiedenen Qualifizierungsma\u00dfnahmen zusammenzustellen, wurde innerhalb von SMITH das Joint Expertise Center for Teaching (SMITH-JET) eingerichtet. Die Arbeitsgruppe f\u00fchrte von 2018 bis 2022 das Fachwissen und die Erfahrungen der Konsortialpartner aus Hochschule, Forschung und Industrie sowie der neu geschaffenen <a href=\"https:\/\/www.smith.care\/de\/ueber-smith\/datenintegrationszentren\/\" target=\"_blank\" rel=\"noopener\">Datenintegrationszentren<\/a> zusammen. Im Rahmen der ersten F\u00f6rderperiode konnten so die notwendigen Kompetenzen und neu gewonnenen Erfahrungen f\u00fcr die Aus-, Fort- und Weiterbildung neuer Mitarbeiterinnen und Mitarbeiter sowie Studierender geb\u00fcndelt werden.[\/vc_column_text][\/qode_elements_holder_item][\/qode_elements_holder][\/vc_column][\/vc_row][vc_row css_animation=&#8220;&#8220; row_type=&#8220;row&#8220; use_row_as_full_screen_section=&#8220;no&#8220; type=&#8220;grid&#8220; angled_section=&#8220;no&#8220; text_align=&#8220;left&#8220; background_image_as_pattern=&#8220;without_pattern&#8220; z_index=&#8220;&#8220; css=&#8220;.vc_custom_1620727264936{background-color: #f5f6f6 !important;}&#8220;][vc_column css=&#8220;.vc_custom_1623921457214{padding-top: 0px !important;padding-right: 0px !important;padding-bottom: 0px !important;padding-left: 0px !important;}&#8220;][qode_elements_holder number_of_columns=&#8220;one_column&#8220;][qode_elements_holder_item advanced_animations=&#8220;no&#8220; item_padding=&#8220;3% 0 5%0&#8243;][vc_column_text]<\/p>\n<h4>SMITH-JET unterst\u00fctzt die Qualifizierung von kompetentem Fachpersonal an der Schnittstelle von Medizin und Informatik<\/h4>\n<p>[\/vc_column_text][vc_empty_space height=&#8220;25px&#8220;][vc_column_text css=&#8220;&#8220;]Ein Anliegen von SMITH ist, den Dialog zwischen Medizin und IT zu f\u00f6rdern. Hierf\u00fcr wurden geeignete Qualifizierungsma\u00dfnahmen, neue Professuren, Nachwuchsforschergruppen sowie ein eigenes PhD-Programm etabliert. Um Qualifizierungsangebote zu konzipieren und fundiert weiterzuentwickeln, haben im SMITH-JET Expertinnen und Experten aus Medizin und Gesundheit, Informatik, P\u00e4dagogik sowie den Naturwissenschaften zusammengearbeitet.[\/vc_column_text][vc_empty_space height=&#8220;25px&#8220;][vc_column_text css=&#8220;&#8220;]Die Aus-, Fort- und Weiterbildungsangebote orientieren sich an den Bedarfen der Gesundheitseinrichtungen, der IT-Abteilungen sowie der Industrie und deren dynamischer Entwicklung. Um mit dieser Entwicklung Schritt halten zu k\u00f6nnen, hat sich SMITH-JET in Kooperation mit den Konsortien <a href=\"https:\/\/difuture.de\/\" target=\"_blank\" rel=\"noopener\">DIFUTURE<\/a>, <a href=\"https:\/\/www.highmed.org\/de\/home\" target=\"_blank\" rel=\"noopener\">HiGHmed<\/a> und <a href=\"https:\/\/www.miracum.org\/\" target=\"_blank\" rel=\"noopener\">MIRACUM<\/a> der <a href=\"https:\/\/www.medizininformatik-initiative.de\/de\/start\" target=\"_blank\" rel=\"noopener\">Medizininformatik-Initiative<\/a> sowie der <a href=\"https:\/\/www.gmds.de\/\" target=\"_blank\" rel=\"noopener\">Gesellschaft f\u00fcr Medizinische Informatik, Biometrie und Epidemiologie (GMDS e. V.)<\/a> intensiv mit den Lernzielen medizinischer und informatischer Lehre auseinandergesetzt. Entstanden ist der Biomedical and Health Informatics Learning Objective Catalogue \u2013 kurz <a href=\"https:\/\/medwiki-imi.ukaachen.de\/hi-lona\/index.php\/BMHI-Version-5\" target=\"_blank\" rel=\"noopener\">BMHI-Lernzielkatalog<\/a>. Der BMHI-Lernzielkatalog sowie weitere Lernzielkataloge aus gesundheitsnahen F\u00e4chern k\u00f6nnen \u00fcber die von SMITH-JET entwickelte Plattform <a href=\"https:\/\/medwiki-imi.ukaachen.de\/hi-lona\/index.php\/HI-LONa_deutsch\" target=\"_blank\" rel=\"noopener\">HI-LONa<\/a> (Health Informatics Learning Objective \u2013 Navigator) eingesehen und von Fachexperten kooperativ weiterentwickelt werden. Heute steht der BMHI-Lernzielkatalog unter dem Dach der <a href=\"https:\/\/www.medizininformatik-initiative.de\/de\/konsortien\/aus-fort-und-weiterbildung\">Task Force Aus-, Fort- und Weiterbildung<\/a> der Medizininformatik-Initiative.[\/vc_column_text][vc_empty_space height=&#8220;25px&#8220;][vc_column_text css=&#8220;&#8220;]Heute steht der BMHI-Lernzielkatalog unter dem Dach der <a href=\"https:\/\/www.medizininformatik-initiative.de\/de\/konsortien\/aus-fort-und-weiterbildung\">Task Force Aus-, Fort- und Weiterbildung<\/a> der Medizininformatik-Initiative.[\/vc_column_text][\/qode_elements_holder_item][\/qode_elements_holder][\/vc_column][\/vc_row][vc_row css_animation=&#8220;&#8220; row_type=&#8220;row&#8220; use_row_as_full_screen_section=&#8220;no&#8220; type=&#8220;grid&#8220; angled_section=&#8220;no&#8220; text_align=&#8220;left&#8220; background_image_as_pattern=&#8220;without_pattern&#8220; z_index=&#8220;&#8220; css=&#8220;.vc_custom_1620727264936{background-color: #f5f6f6 !important;}&#8220;][vc_column css=&#8220;.vc_custom_1673947905954{margin-top: 0px !important;margin-right: 0px !important;margin-bottom: 0px !important;margin-left: 0px !important;border-top-width: 0px !important;border-right-width: 0px !important;border-bottom-width: 0px !important;border-left-width: 0px !important;padding-top: 0px !important;padding-right: 0px !important;padding-bottom: 0px !important;padding-left: 0px !important;background-color: #ffffff !important;}&#8220;][qode_elements_holder number_of_columns=&#8220;one_column&#8220;][qode_elements_holder_item vertical_alignment=&#8220;middle&#8220; horizontal_alignment=&#8220;left&#8220; advanced_animations=&#8220;no&#8220; item_padding=&#8220;5% 5% 3% 5%&#8220;][vc_column_text css=&#8220;.vc_custom_1673866026424{padding-bottom: 5% !important;}&#8220;]<\/p>\n<h4>In der Aufbau- und Vernetzungsphase von 2018 bis 2022 konnte die Arbeitsgruppe SMITH-JET f\u00fcr die F\u00f6rderung der medizininformatischen Lehre folgende Ergebnisse erzielen:<\/h4>\n<p>[\/vc_column_text]<div class='q_icon_with_title small normal_icon '><div class=\"icon_holder \" style=\" \"><span data-icon-type=\"normal\"  data-icon-hover-color=\"#66c4d8\" style=\"\" class=\"qode_iwt_icon_holder q_font_awsome_icon fa-2x  \"><i class=\"qodef-icon-dripicons dripicon dripicons-graduation qode_iwt_icon_element\" style=\"color: #66c4d8;\" ><\/i><\/span><\/div><div class=\"icon_text_holder\" style=\"\"><div class=\"icon_text_inner\" style=\"\"><h5 class=\"icon_title\" style=\"\"><\/h5><p style=''>Etablierung drei neuer medizininformatischer Masterstudieng\u00e4nge an den universit\u00e4ren Standorten Aachen, Jena und Leipzig.<\/p><\/div><\/div><\/div>[vc_empty_space height=&#8220;25&#8243;]<div class='q_icon_with_title small normal_icon '><div class=\"icon_holder \" style=\" \"><span data-icon-type=\"normal\"  data-icon-hover-color=\"#66c4d8\" style=\"\" class=\"qode_iwt_icon_holder q_font_awsome_icon fa-2x  \"><i class=\"qodef-icon-dripicons dripicon dripicons-lightbulb qode_iwt_icon_element\" style=\"color: #66c4d8;\" ><\/i><\/span><\/div><div class=\"icon_text_holder\" style=\"\"><div class=\"icon_text_inner\" style=\"\"><h5 class=\"icon_title\" style=\"\"><\/h5><p style=''>Weiterentwicklung medizinischer Anwendungs-, Schwerpunkt- und Vertiefungsf\u00e4cher in informatischen Studieng\u00e4ngen.<\/p><\/div><\/div><\/div>[vc_empty_space height=&#8220;25&#8243;]<div class='q_icon_with_title small normal_icon '><div class=\"icon_holder \" style=\" \"><span data-icon-type=\"normal\"  data-icon-hover-color=\"#66c4d8\" style=\"\" class=\"qode_iwt_icon_holder q_font_awsome_icon fa-2x  \"><i class=\"qodef-icon-dripicons dripicon dripicons-loading qode_iwt_icon_element\" style=\"color: #66c4d8;\" ><\/i><\/span><\/div><div class=\"icon_text_holder\" style=\"\"><div class=\"icon_text_inner\" style=\"\"><h5 class=\"icon_title\" style=\"\"><\/h5><p style=''>Konzipierung fortf\u00fchrender Lehrveranstaltungen f\u00fcr die dringend ben\u00f6tigte Vermittlung digitaler Kompetenzen im Medizinstudium.<\/p><\/div><\/div><\/div>[vc_empty_space height=&#8220;25&#8243;]<div class='q_icon_with_title small normal_icon '><div class=\"icon_holder \" style=\" \"><span data-icon-type=\"normal\"  data-icon-hover-color=\"#66c4d8\" style=\"\" class=\"qode_iwt_icon_holder q_font_awsome_icon fa-2x  \"><i class=\"qodef-icon-dripicons dripicon dripicons-browser-upload qode_iwt_icon_element\" style=\"color: #66c4d8;\" ><\/i><\/span><\/div><div class=\"icon_text_holder\" style=\"\"><div class=\"icon_text_inner\" style=\"\"><h5 class=\"icon_title\" style=\"\"><\/h5><p style=''>Entwicklung des SMITH-Shared Repositorys, \u00fcber welches online Lehr- und Lernmaterial f\u00fcr die berufsbegleitende Fortbildung von Mitarbeiterinnen und Mitarbeitern der SMITH-Partner zur Verf\u00fcgung gestellt wird.<\/p><\/div><\/div><\/div>[vc_empty_space height=&#8220;25&#8243;]<div class='q_icon_with_title small normal_icon '><div class=\"icon_holder \" style=\" \"><span data-icon-type=\"normal\"  data-icon-hover-color=\"#66c4d8\" style=\"\" class=\"qode_iwt_icon_holder q_font_awsome_icon fa-2x  \"><i class=\"qodef-icon-dripicons dripicon dripicons-user-group qode_iwt_icon_element\" style=\"color: #66c4d8;\" ><\/i><\/span><\/div><div class=\"icon_text_holder\" style=\"\"><div class=\"icon_text_inner\" style=\"\"><h5 class=\"icon_title\" style=\"\"><\/h5><p style=''>Entwicklung eines Online-Kurses f\u00fcr \u00c4rztinnen und \u00c4rzte sowie weitere Clinician Scientists im Rahmen der SMITH-Academy. Der Kurs bef\u00e4higt Forscherinnen und Forscher dazu, die in den DIZ zur Verf\u00fcgung stehenden Versorgungsdaten im Rahmen ihrer Forschungsfragen auszuwerten.<\/p><\/div><\/div><\/div>[\/qode_elements_holder_item][\/qode_elements_holder][\/vc_column][\/vc_row][vc_row css_animation=&#8220;&#8220; row_type=&#8220;row&#8220; use_row_as_full_screen_section=&#8220;no&#8220; type=&#8220;grid&#8220; angled_section=&#8220;no&#8220; text_align=&#8220;left&#8220; background_image_as_pattern=&#8220;without_pattern&#8220; z_index=&#8220;&#8220; css=&#8220;.vc_custom_1620727221201{background-color: #f5f6f6 !important;}&#8220;][vc_column][qode_elements_holder number_of_columns=&#8220;one_column&#8220;][qode_elements_holder_item advanced_animations=&#8220;no&#8220; item_padding=&#8220;3% 0%&#8220;][\/qode_elements_holder_item][\/qode_elements_holder][\/vc_column][\/vc_row]<\/p>\n<\/div>","protected":false},"excerpt":{"rendered":"<p>[vc_row css_animation=&#8220;&#8220; row_type=&#8220;row&#8220; use_row_as_full_screen_section=&#8220;no&#8220; type=&#8220;grid&#8220; angled_section=&#8220;no&#8220; text_align=&#8220;left&#8220; background_image_as_pattern=&#8220;without_pattern&#8220; z_index=&#8220;&#8220; css=&#8220;.vc_custom_1620727221201{background-color: #f5f6f6 !important;}&#8220;][vc_column][qode_elements_holder number_of_columns=&#8220;one_column&#8220;][qode_elements_holder_item advanced_animations=&#8220;no&#8220; item_padding=&#8220;5% 0%&#8220;][vc_column_text] Digitale Kompetenzen im Gesundheitswesen [\/vc_column_text][\/qode_elements_holder_item][\/qode_elements_holder][\/vc_column][\/vc_row][vc_row css_animation=&#8220;&#8220; row_type=&#8220;row&#8220; use_row_as_full_screen_section=&#8220;no&#8220; type=&#8220;grid&#8220; angled_section=&#8220;no&#8220; text_align=&#8220;left&#8220; background_image_as_pattern=&#8220;without_pattern&#8220; z_index=&#8220;&#8220; css=&#8220;.vc_custom_1620734244303{padding-top: 0px !important;padding-right: 0px !important;padding-bottom: 0px !important;padding-left: 0px !important;background-color: #f5f6f6 !important;}&#8220;][vc_column css=&#8220;.vc_custom_1673948360608{margin-top: 0px !important;margin-right: 0px !important;margin-bottom:&#8230;<\/p>\n","protected":false},"author":5,"featured_media":0,"parent":6084,"menu_order":1,"comment_status":"closed","ping_status":"closed","template":"full_width.php","meta":{"footnotes":""},"class_list":["post-15399","page","type-page","status-publish","hentry"],"_links":{"self":[{"href":"https:\/\/www.smith.care\/de\/wp-json\/wp\/v2\/pages\/15399","targetHints":{"allow":["GET"]}}],"collection":[{"href":"https:\/\/www.smith.care\/de\/wp-json\/wp\/v2\/pages"}],"about":[{"href":"https:\/\/www.smith.care\/de\/wp-json\/wp\/v2\/types\/page"}],"author":[{"embeddable":true,"href":"https:\/\/www.smith.care\/de\/wp-json\/wp\/v2\/users\/5"}],"replies":[{"embeddable":true,"href":"https:\/\/www.smith.care\/de\/wp-json\/wp\/v2\/comments?post=15399"}],"version-history":[{"count":92,"href":"https:\/\/www.smith.care\/de\/wp-json\/wp\/v2\/pages\/15399\/revisions"}],"predecessor-version":[{"id":23757,"href":"https:\/\/www.smith.care\/de\/wp-json\/wp\/v2\/pages\/15399\/revisions\/23757"}],"up":[{"embeddable":true,"href":"https:\/\/www.smith.care\/de\/wp-json\/wp\/v2\/pages\/6084"}],"wp:attachment":[{"href":"https:\/\/www.smith.care\/de\/wp-json\/wp\/v2\/media?parent=15399"}],"curies":[{"name":"wp","href":"https:\/\/api.w.org\/{rel}","templated":true}]}}