{"id":16241,"date":"2023-01-30T11:01:47","date_gmt":"2023-01-30T10:01:47","guid":{"rendered":"https:\/\/www.smith.care\/?page_id=16241"},"modified":"2025-09-11T15:12:06","modified_gmt":"2025-09-11T13:12:06","slug":"projektpartner_smith","status":"publish","type":"page","link":"https:\/\/www.smith.care\/de\/smith-konsortium\/projektpartner_smith\/","title":{"rendered":"Projektpartner SMITH"},"content":{"rendered":"<div class=\"wpb-content-wrapper\"><p>[vc_row css_animation=&#8220;&#8220; row_type=&#8220;row&#8220; use_row_as_full_screen_section=&#8220;no&#8220; type=&#8220;full_width&#8220; angled_section=&#8220;no&#8220; text_align=&#8220;left&#8220; background_image_as_pattern=&#8220;without_pattern&#8220; z_index=&#8220;&#8220; css=&#8220;.vc_custom_1680770444589{background-color: #ffffff !important;}&#8220;][vc_column][qode_elements_holder number_of_columns=&#8220;two_columns&#8220; switch_to_one_column=&#8220;768&#8243;][qode_elements_holder_item advanced_animations=&#8220;no&#8220; item_padding_480_600=&#8220;5%&#8220; item_padding_480=&#8220;5%&#8220; background_color=&#8220;#ffffff&#8220; item_padding=&#8220;5%&#8220;][vc_single_image image=&#8220;24316&#8243; img_size=&#8220;full&#8220; alignment=&#8220;center&#8220; css=&#8220;&#8220; qode_css_animation=&#8220;&#8220;][\/qode_elements_holder_item][qode_elements_holder_item vertical_alignment=&#8220;top&#8220; advanced_animations=&#8220;no&#8220; item_padding=&#8220;5%&#8220; background_color=&#8220;#e0f4fc&#8220; item_padding_600_768=&#8220;8%&#8220; item_padding_480_600=&#8220;8%&#8220; item_padding_480=&#8220;8%&#8220;][vc_column_text]<\/p>\n<h2>Ausbau- und Erweiterungsphase (2023 &#8211; 2026)<\/h2>\n<p>[\/vc_column_text][vc_empty_space height=&#8220;40px&#8220;][vc_column_text]<\/p>\n<h3>Konsortialleitung<\/h3>\n<p>[\/vc_column_text][vc_empty_space height=&#8220;20px&#8220;][vc_column_text]<strong>Leipzig<\/strong> | Universit\u00e4t Leipzig, SMITH-Gesch\u00e4ftsstelle[\/vc_column_text][vc_empty_space height=&#8220;40px&#8220;][vc_column_text]<\/p>\n<h3>Konsortialpartner<\/h3>\n<p>[\/vc_column_text][vc_empty_space height=&#8220;20px&#8220;][vc_column_text]<strong>Aachen | <\/strong>Universit\u00e4tsklinikum RWTH Aachen[\/vc_column_text][vc_empty_space height=&#8220;15px&#8220;][vc_column_text]<strong>Bochum | <\/strong>Ruhr-Universit\u00e4t Bochum[\/vc_column_text][vc_empty_space height=&#8220;15px&#8220;][vc_column_text]<strong>Bonn | <\/strong>Universit\u00e4tsklinikum Bonn[\/vc_column_text][vc_empty_space height=&#8220;15px&#8220;][vc_column_text]<strong>D\u00fcsseldorf | <\/strong>Universit\u00e4tsklinikum D\u00fcsseldorf[\/vc_column_text][vc_empty_space height=&#8220;15px&#8220;][vc_column_text]<strong>Essen | <\/strong>Universit\u00e4tsmedizin Essen[\/vc_column_text][vc_empty_space height=&#8220;15px&#8220;][vc_column_text]<strong>Halle | <\/strong>Universit\u00e4tsmedizin Halle[\/vc_column_text][vc_empty_space height=&#8220;15px&#8220;][vc_column_text]<strong>Hamburg | <\/strong>Universit\u00e4tsklinikum Hamburg-Eppendorf[\/vc_column_text][vc_empty_space height=&#8220;15px&#8220;][vc_column_text]<strong>Jena | <\/strong>Universit\u00e4tsklinikum Jena[\/vc_column_text][vc_empty_space height=&#8220;15px&#8220;][vc_column_text]<strong>Leipzig | <\/strong>Universit\u00e4tsklinikum Leipzig[\/vc_column_text][vc_empty_space height=&#8220;15px&#8220;][vc_column_text]<strong>Rostock | <\/strong>Universit\u00e4tsmedizin Rostock[\/vc_column_text][vc_empty_space height=&#8220;40px&#8220;][vc_column_text]<\/p>\n<h3>Assoziierter Partner<\/h3>\n<p>[\/vc_column_text][vc_empty_space height=&#8220;20px&#8220;][vc_column_text]<strong>Halle | <\/strong>Martin-Luther-Universit\u00e4t Halle-Wittenberg[\/vc_column_text][vc_empty_space height=&#8220;40px&#8220;][vc_column_text]<\/p>\n<h3>Koordinationsstelle Medizininformatik-Initiative<\/h3>\n<p>[\/vc_column_text][vc_empty_space height=&#8220;20px&#8220;][vc_column_text]<strong>Berlin | <\/strong>Gesch\u00e4ftsstelle TMF e. V. [\/vc_column_text][vc_empty_space height=&#8220;20&#8243;][vc_separator type=&#8220;small&#8220; position=&#8220;left&#8220; width_in_percentages=&#8220;yes&#8220; color=&#8220;#22c4e5&#8243; width=&#8220;30&#8243;][vc_empty_space height=&#8220;20&#8243;][vc_column_text]<\/p>\n<h4>In der Aufbau- und Vernetzungsphase (2018 \u2013 2022) wurden wir au\u00dferdem unterst\u00fctzt von:<\/h4>\n<p>[\/vc_column_text][vc_empty_space height=&#8220;20px&#8220;][vc_column_text]Averbis GmbH | Bayer AG | Forschungszentrum J\u00fclich | Fraunhofer-Institut f\u00fcr Software-und Systemtechnik ISST | Friedrich-Schiller-Universit\u00e4t Jena | ID Information und Dokumentation im Gesundheitswesen GmbH &amp; Co. KGaA | M\u00e4rz Internetwork Services AG | RWTH Aachen University[\/vc_column_text][vc_empty_space height=&#8220;20px&#8220;][\/qode_elements_holder_item][\/qode_elements_holder][\/vc_column][\/vc_row][vc_row css_animation=&#8220;&#8220; row_type=&#8220;row&#8220; use_row_as_full_screen_section=&#8220;no&#8220; type=&#8220;grid&#8220; angled_section=&#8220;no&#8220; text_align=&#8220;center&#8220; background_image_as_pattern=&#8220;without_pattern&#8220; z_index=&#8220;&#8220; css=&#8220;.vc_custom_1680770245816{margin-top: 3% !important;margin-bottom: 3% !important;background-color: #f5f6f6 !important;}&#8220;][vc_column css=&#8220;.vc_custom_1680771144015{margin-right: 0px !important;margin-left: 0px !important;}&#8220;][qode_elements_holder number_of_columns=&#8220;one_column&#8220;][qode_elements_holder_item vertical_alignment=&#8220;middle&#8220; horizontal_alignment=&#8220;center&#8220; advanced_animations=&#8220;no&#8220; background_color=&#8220;#ffffff&#8220; item_padding=&#8220;3%&#8220; custom_class=&#8220;partner_desktop&#8220;][qode_clients columns=&#8220;five_columns&#8220; hover_effect=&#8220;switch_img&#8220; switch_effect=&#8220;switch_fade&#8220; disable_separators=&#8220;&#8220;][qode_client link_target=&#8220;_blank&#8220; hover_image=&#8220;4542&#8243; link=&#8220;https:\/\/www.uniklinikum-leipzig.de\/wissenschaft-forschung\/medizinische-fakult%C3%A4t\/organisation&#8220; image=&#8220;2011&#8243;][qode_client link_target=&#8220;_blank&#8220; image=&#8220;4546&#8243; hover_image=&#8220;1973&#8243; link=&#8220;https:\/\/www.ukaachen.de\/&#8220;][qode_client link_target=&#8220;_blank&#8220; image=&#8220;4508&#8243; hover_image=&#8220;1957&#8243; link=&#8220;https:\/\/www.ukbonn.de\/42256BC8002AF3E7\/direct\/home&#8220;][qode_client link_target=&#8220;_blank&#8220; image=&#8220;16571&#8243; hover_image=&#8220;16569&#8243; link=&#8220;https:\/\/www.ruhr-uni-bochum.de\/de&#8220;][qode_client link_target=&#8220;_blank&#8220; image=&#8220;4506&#8243; hover_image=&#8220;2062&#8243; link=&#8220;https:\/\/www.uniklinik-duesseldorf.de\/&#8220;][qode_client link_target=&#8220;_blank&#8220; image=&#8220;4534&#8243; hover_image=&#8220;1969&#8243; link=&#8220;https:\/\/www.ume.de\/universitaetsmedizin-essen\/&#8220;][qode_client link_target=&#8220;_blank&#8220; image=&#8220;4504&#8243; hover_image=&#8220;1961&#8243; link=&#8220;https:\/\/www.medizin.uni-halle.de\/index.php?id=788&#8243;][qode_client link_target=&#8220;_blank&#8220; image=&#8220;4502&#8243; hover_image=&#8220;1949&#8243; link=&#8220;https:\/\/www.uke.de\/&#8220;][qode_client link_target=&#8220;_blank&#8220; image=&#8220;4500&#8243; hover_image=&#8220;1953&#8243; link=&#8220;https:\/\/www.uniklinikum-jena.de\/&#8220;][qode_client link_target=&#8220;_blank&#8220; image=&#8220;20263&#8243; hover_image=&#8220;20269&#8243; link=&#8220;https:\/\/www.uniklinikum-leipzig.de\/&#8220;][qode_client link_target=&#8220;_blank&#8220; image=&#8220;4530&#8243; hover_image=&#8220;23895&#8243; link=&#8220;https:\/\/www.med.uni-rostock.de\/&#8220;][qode_client link_target=&#8220;_blank&#8220; image=&#8220;22053&#8243; hover_image=&#8220;22055&#8243; link=&#8220;https:\/\/www.medfak.uni-halle.de\/&#8220;][qode_client link_target=&#8220;_blank&#8220; image=&#8220;17360&#8243; hover_image=&#8220;17360&#8243; link=&#8220;https:\/\/www.smith.care&#8220;][qode_client link_target=&#8220;_blank&#8220; image=&#8220;2073&#8243; hover_image=&#8220;2073&#8243; link=&#8220;https:\/\/www.tmf-ev.de\/&#8220;][\/qode_clients][\/qode_elements_holder_item][\/qode_elements_holder][\/vc_column][\/vc_row]<\/p>\n<\/div>","protected":false},"excerpt":{"rendered":"<p>[vc_row css_animation=&#8220;&#8220; row_type=&#8220;row&#8220; use_row_as_full_screen_section=&#8220;no&#8220; type=&#8220;full_width&#8220; angled_section=&#8220;no&#8220; text_align=&#8220;left&#8220; background_image_as_pattern=&#8220;without_pattern&#8220; z_index=&#8220;&#8220; css=&#8220;.vc_custom_1680770444589{background-color: #ffffff !important;}&#8220;][vc_column][qode_elements_holder number_of_columns=&#8220;two_columns&#8220; switch_to_one_column=&#8220;768&#8243;][qode_elements_holder_item advanced_animations=&#8220;no&#8220; item_padding_480_600=&#8220;5%&#8220; item_padding_480=&#8220;5%&#8220; background_color=&#8220;#ffffff&#8220; item_padding=&#8220;5%&#8220;][vc_single_image image=&#8220;24316&#8243; img_size=&#8220;full&#8220; alignment=&#8220;center&#8220; css=&#8220;&#8220; qode_css_animation=&#8220;&#8220;][\/qode_elements_holder_item][qode_elements_holder_item vertical_alignment=&#8220;top&#8220; advanced_animations=&#8220;no&#8220; item_padding=&#8220;5%&#8220; background_color=&#8220;#e0f4fc&#8220; item_padding_600_768=&#8220;8%&#8220; item_padding_480_600=&#8220;8%&#8220; item_padding_480=&#8220;8%&#8220;][vc_column_text] Ausbau- und Erweiterungsphase (2023 &#8211; 2026) [\/vc_column_text][vc_empty_space height=&#8220;40px&#8220;][vc_column_text] Konsortialleitung [\/vc_column_text][vc_empty_space height=&#8220;20px&#8220;][vc_column_text]Leipzig | Universit\u00e4t Leipzig,&#8230;<\/p>\n","protected":false},"author":13,"featured_media":0,"parent":20490,"menu_order":4,"comment_status":"closed","ping_status":"closed","template":"full_width.php","meta":{"footnotes":""},"class_list":["post-16241","page","type-page","status-publish","hentry"],"_links":{"self":[{"href":"https:\/\/www.smith.care\/de\/wp-json\/wp\/v2\/pages\/16241","targetHints":{"allow":["GET"]}}],"collection":[{"href":"https:\/\/www.smith.care\/de\/wp-json\/wp\/v2\/pages"}],"about":[{"href":"https:\/\/www.smith.care\/de\/wp-json\/wp\/v2\/types\/page"}],"author":[{"embeddable":true,"href":"https:\/\/www.smith.care\/de\/wp-json\/wp\/v2\/users\/13"}],"replies":[{"embeddable":true,"href":"https:\/\/www.smith.care\/de\/wp-json\/wp\/v2\/comments?post=16241"}],"version-history":[{"count":94,"href":"https:\/\/www.smith.care\/de\/wp-json\/wp\/v2\/pages\/16241\/revisions"}],"predecessor-version":[{"id":25010,"href":"https:\/\/www.smith.care\/de\/wp-json\/wp\/v2\/pages\/16241\/revisions\/25010"}],"up":[{"embeddable":true,"href":"https:\/\/www.smith.care\/de\/wp-json\/wp\/v2\/pages\/20490"}],"wp:attachment":[{"href":"https:\/\/www.smith.care\/de\/wp-json\/wp\/v2\/media?parent=16241"}],"curies":[{"name":"wp","href":"https:\/\/api.w.org\/{rel}","templated":true}]}}