{"id":16520,"date":"2023-02-13T11:56:37","date_gmt":"2023-02-13T10:56:37","guid":{"rendered":"https:\/\/www.smith.care\/?page_id=16520"},"modified":"2024-07-19T09:49:36","modified_gmt":"2024-07-19T07:49:36","slug":"kontakt_interpolar","status":"publish","type":"page","link":"https:\/\/www.smith.care\/de\/interpolar_mii\/kontakt_interpolar\/","title":{"rendered":"Kontakt INTERPOLAR"},"content":{"rendered":"<div class=\"wpb-content-wrapper\"><p>[vc_row css_animation=&#8220;&#8220; row_type=&#8220;row&#8220; use_row_as_full_screen_section=&#8220;no&#8220; type=&#8220;grid&#8220; angled_section=&#8220;no&#8220; text_align=&#8220;left&#8220; background_image_as_pattern=&#8220;without_pattern&#8220; z_index=&#8220;&#8220; css=&#8220;.vc_custom_1626180704558{margin-top: 50px !important;background-color: #f5f6f6 !important;}&#8220;][vc_column css=&#8220;.vc_custom_1675858763195{padding-top: 3% !important;padding-right: 3% !important;padding-bottom: 3% !important;padding-left: 3% !important;background-color: #ffffff !important;}&#8220;][qode_elements_holder number_of_columns=&#8220;one_column&#8220;][qode_elements_holder_item vertical_alignment=&#8220;middle&#8220; advanced_animations=&#8220;no&#8220; item_padding=&#8220;3%&#8220;][vc_column_text]<\/p>\n<h3>Projektkoordination INTERPOLAR<\/h3>\n<p>[\/vc_column_text][vc_empty_space height=&#8220;25px&#8220;][vc_column_text]c\/o Universit\u00e4t Leipzig | Medizinische Fakult\u00e4t<br \/>\nLIFE Management Cluster, SMITH-Gesch\u00e4ftsstelle<br \/>\nPhilipp-Rosenthal-Stra\u00dfe 27<br \/>\n04103 Leipzig[\/vc_column_text][vc_empty_space height=&#8220;25px&#8220;][vc_column_text]Telefon: +49 341 97-16720<br \/>\nE-Mail: <a href=\"mailto:info@smith.care\">info@smith.care<\/a>[\/vc_column_text][\/qode_elements_holder_item][qode_elements_holder_item vertical_alignment=&#8220;top&#8220; advanced_animations=&#8220;no&#8220; item_padding=&#8220;3%&#8220;][vc_column_text]<\/p>\n<h3>Sie sind Pressevertreter:in und ben\u00f6tigen detaillierte Informationen? Wir unterst\u00fctzen Sie gern!<\/h3>\n<p>[\/vc_column_text][vc_empty_space height=&#8220;25px&#8220;][vc_column_text]Cornelia Dolling[\/vc_column_text][vc_empty_space height=&#8220;5px&#8220;][vc_column_text]<\/p>\n<p style=\"text-align: left; font-size: small; line-height: 150%;\">Referentin f\u00fcr \u00d6ffentlichkeitsarbeit und Projektkoordination<\/p>\n<p>[\/vc_column_text][vc_empty_space height=&#8220;25px&#8220;][vc_column_text]Julia Jesser[\/vc_column_text][vc_empty_space height=&#8220;5px&#8220;][vc_column_text]<\/p>\n<p style=\"text-align: left; font-size: small; line-height: 150%;\">Mitarbeiterin \u00d6ffentlichkeitsarbeit<\/p>\n<p>[\/vc_column_text][vc_empty_space height=&#8220;25px&#8220;][vc_column_text]Telefon: +49 341 97-16723<br \/>\nE-Mail: <a href=\"mailto:info@smith.care\" target=\"_blank\" rel=\"noopener\">info@smith.care<\/a>[\/vc_column_text][\/qode_elements_holder_item][\/qode_elements_holder][\/vc_column][\/vc_row][vc_row css_animation=&#8220;&#8220; row_type=&#8220;row&#8220; use_row_as_full_screen_section=&#8220;no&#8220; type=&#8220;grid&#8220; angled_section=&#8220;no&#8220; text_align=&#8220;left&#8220; background_image_as_pattern=&#8220;without_pattern&#8220; z_index=&#8220;&#8220; css=&#8220;.vc_custom_1676382585347{margin-top: 5% !important;padding-top: 1% !important;padding-right: 3% !important;padding-bottom: 2% !important;padding-left: 3% !important;background-color: #e0f4fc !important;}&#8220;][vc_column width=&#8220;1\/3&#8243; css=&#8220;.vc_custom_1675938524833{padding-top: 3% !important;padding-bottom: 3% !important;}&#8220;][qode_elements_holder number_of_columns=&#8220;one_column&#8220;][qode_elements_holder_item vertical_alignment=&#8220;top&#8220; advanced_animations=&#8220;no&#8220; item_padding=&#8220;5%&#8220;][vc_single_image image=&#8220;945&#8243; img_size=&#8220;200&#215;200&#8243; style=&#8220;vc_box_circle_2&#8243; css=&#8220;&#8220; qode_css_animation=&#8220;&#8220;][vc_empty_space height=&#8220;20px&#8220;][vc_column_text]<\/p>\n<h4 style=\"text-align: left;\">Prof. Dr. Markus L\u00f6ffler<\/h4>\n<p>[\/vc_column_text][vc_empty_space height=&#8220;5px&#8220;][vc_column_text]Verbundkoordinator[\/vc_column_text][vc_empty_space height=&#8220;15px&#8220;][vc_column_text]<\/p>\n<p style=\"text-align: left; font-size: small; line-height: 150%;\">Direktor des Instituts f\u00fcr Medizinische Informatik, Statistik und Epidemiologie (IMISE)<\/p>\n<p>[\/vc_column_text][vc_empty_space height=&#8220;5px&#8220;][vc_column_text]<\/p>\n<p style=\"text-align: left; font-size: small; line-height: 150%;\">Universit\u00e4t Leipzig, Medizinische Fakult\u00e4t<\/p>\n<p>[\/vc_column_text][\/qode_elements_holder_item][\/qode_elements_holder][\/vc_column][vc_column width=&#8220;1\/3&#8243;][qode_elements_holder number_of_columns=&#8220;one_column&#8220;][qode_elements_holder_item vertical_alignment=&#8220;top&#8220; advanced_animations=&#8220;no&#8220; item_padding=&#8220;5%&#8220;][vc_single_image image=&#8220;18510&#8243; img_size=&#8220;200&#215;200&#8243; style=&#8220;vc_box_circle_2&#8243; css=&#8220;&#8220; qode_css_animation=&#8220;&#8220;][vc_empty_space height=&#8220;20px&#8220;][vc_column_text]<\/p>\n<h4 style=\"text-align: left;\">Prof. Dr. Renke Maas<\/h4>\n<p>[\/vc_column_text][vc_empty_space height=&#8220;5px&#8220;][vc_column_text]Stellv. Verbundkoordinator[\/vc_column_text][vc_empty_space height=&#8220;15px&#8220;][vc_column_text]<\/p>\n<p style=\"text-align: left; font-size: small; line-height: 150%;\">Professur f\u00fcr Arzneimitteltherapiesicherheit<br \/>\nund Klinische Pharmakologie,<br \/>\nInstitut f\u00fcr Experimentelle und<br \/>\nKlinische Pharmakologie und Toxikologie<\/p>\n<p>[\/vc_column_text][vc_empty_space height=&#8220;5px&#8220;][vc_column_text]<\/p>\n<p style=\"text-align: left; font-size: small; line-height: 150%;\">Friedrich-Alexander-Universit\u00e4t Erlangen<\/p>\n<p>[\/vc_column_text][\/qode_elements_holder_item][\/qode_elements_holder][\/vc_column][vc_column width=&#8220;1\/3&#8243;][qode_elements_holder number_of_columns=&#8220;one_column&#8220;][qode_elements_holder_item vertical_alignment=&#8220;top&#8220; advanced_animations=&#8220;no&#8220; item_padding=&#8220;5%&#8220;][vc_single_image image=&#8220;16902&#8243; img_size=&#8220;200&#215;200&#8243; style=&#8220;vc_box_circle_2&#8243; css=&#8220;&#8220; qode_css_animation=&#8220;&#8220;][vc_empty_space height=&#8220;20px&#8220;][vc_column_text]<\/p>\n<h4 style=\"text-align: left;\">Prof. Dr. Andr\u00e9 Scherag<\/h4>\n<p>[\/vc_column_text][vc_empty_space height=&#8220;5px&#8220;][vc_column_text]Stellv. Verbundkoordinator[\/vc_column_text][vc_empty_space height=&#8220;15px&#8220;][vc_column_text]<\/p>\n<p style=\"text-align: left; font-size: small; line-height: 150%;\">Direktor des Instituts f\u00fcr Medizinische Statistik, Informatik<br \/>\nund Datenwissenschaften (IMSID)<\/p>\n<p>[\/vc_column_text][vc_empty_space height=&#8220;5px&#8220;][vc_column_text]<\/p>\n<p style=\"text-align: left; font-size: small; line-height: 150%;\">Universit\u00e4tsklinikum Jena<\/p>\n<p>[\/vc_column_text][\/qode_elements_holder_item][\/qode_elements_holder][\/vc_column][\/vc_row][vc_row css_animation=&#8220;&#8220; row_type=&#8220;row&#8220; use_row_as_full_screen_section=&#8220;no&#8220; type=&#8220;grid&#8220; angled_section=&#8220;no&#8220; text_align=&#8220;left&#8220; background_image_as_pattern=&#8220;without_pattern&#8220; z_index=&#8220;&#8220; css=&#8220;.vc_custom_1676383339704{margin-bottom: 3% !important;padding-top: 2% !important;padding-right: 3% !important;padding-bottom: 2% !important;padding-left: 3% !important;background-color: #f5f6f6 !important;}&#8220;][vc_column width=&#8220;1\/3&#8243; css=&#8220;.vc_custom_1676378421992{padding-bottom: 2% !important;}&#8220;][qode_elements_holder number_of_columns=&#8220;one_column&#8220;][qode_elements_holder_item vertical_alignment=&#8220;top&#8220; advanced_animations=&#8220;no&#8220; item_padding=&#8220;5%&#8220;][vc_single_image image=&#8220;16731&#8243; img_size=&#8220;200&#215;200&#8243; style=&#8220;vc_box_circle_2&#8243; css=&#8220;&#8220; qode_css_animation=&#8220;&#8220;][vc_empty_space height=&#8220;20px&#8220;][vc_column_text css=&#8220;.vc_custom_1676384147123{padding-left: 5% !important;}&#8220;]<\/p>\n<h4 style=\"text-align: left;\">Dr. Daniel Neumann<\/h4>\n<p>[\/vc_column_text][vc_empty_space height=&#8220;5px&#8220;][vc_column_text css=&#8220;.vc_custom_1676973675520{padding-left: 5% !important;}&#8220;]Wissenschaftliches Projektmanagement[\/vc_column_text][vc_empty_space height=&#8220;15px&#8220;][vc_column_text css=&#8220;.vc_custom_1676973692288{padding-left: 5% !important;}&#8220;]<\/p>\n<p style=\"font-size: small; line-height: 150%; text-align: left;\">Institut f\u00fcr Medizinische Informatik, Statistik<br \/>\nund Epidemiologie (IMISE)<\/p>\n<p>[\/vc_column_text][vc_empty_space height=&#8220;5px&#8220;][vc_column_text css=&#8220;.vc_custom_1712828106153{padding-left: 5% !important;}&#8220;]<\/p>\n<p style=\"font-size: small; line-height: 150%; text-align: left;\">Universit\u00e4t Leipzig, Medizinische Fakult\u00e4t<\/p>\n<p>[\/vc_column_text][\/qode_elements_holder_item][\/qode_elements_holder][\/vc_column][vc_column width=&#8220;1\/3&#8243;][qode_elements_holder number_of_columns=&#8220;one_column&#8220;][qode_elements_holder_item vertical_alignment=&#8220;top&#8220; advanced_animations=&#8220;no&#8220; item_padding=&#8220;5%&#8220;][vc_single_image image=&#8220;16729&#8243; img_size=&#8220;200&#215;200&#8243; style=&#8220;vc_box_circle_2&#8243; css=&#8220;&#8220; qode_css_animation=&#8220;&#8220;][vc_empty_space height=&#8220;20px&#8220;][vc_column_text css=&#8220;.vc_custom_1676384177468{padding-left: 5% !important;}&#8220;]<\/p>\n<h4 style=\"text-align: left;\">Jenny Kaftan<\/h4>\n<p>[\/vc_column_text][vc_empty_space height=&#8220;5px&#8220;][vc_column_text css=&#8220;.vc_custom_1676973718929{padding-left: 5% !important;}&#8220;]Administratives Projektmanagement[\/vc_column_text][vc_empty_space height=&#8220;15px&#8220;][vc_column_text css=&#8220;.vc_custom_1712828121928{padding-left: 5% !important;}&#8220;]<\/p>\n<p style=\"text-align: left; font-size: small; line-height: 150%;\">LIFE-Forschungszentrum f\u00fcr Zivilisationserkrankungen<\/p>\n<p>[\/vc_column_text][vc_empty_space height=&#8220;5px&#8220;][vc_column_text css=&#8220;.vc_custom_1712828106153{padding-left: 5% !important;}&#8220;]<\/p>\n<p style=\"font-size: small; line-height: 150%; text-align: left;\">Universit\u00e4t Leipzig, Medizinische Fakult\u00e4t<\/p>\n<p>[\/vc_column_text][\/qode_elements_holder_item][\/qode_elements_holder][\/vc_column][vc_column width=&#8220;1\/3&#8243;][\/vc_column][\/vc_row]<\/p>\n<\/div>","protected":false},"excerpt":{"rendered":"<p>[vc_row css_animation=&#8220;&#8220; row_type=&#8220;row&#8220; use_row_as_full_screen_section=&#8220;no&#8220; type=&#8220;grid&#8220; angled_section=&#8220;no&#8220; text_align=&#8220;left&#8220; background_image_as_pattern=&#8220;without_pattern&#8220; z_index=&#8220;&#8220; css=&#8220;.vc_custom_1626180704558{margin-top: 50px !important;background-color: #f5f6f6 !important;}&#8220;][vc_column css=&#8220;.vc_custom_1675858763195{padding-top: 3% !important;padding-right: 3% !important;padding-bottom: 3% !important;padding-left: 3% !important;background-color: #ffffff !important;}&#8220;][qode_elements_holder number_of_columns=&#8220;one_column&#8220;][qode_elements_holder_item vertical_alignment=&#8220;middle&#8220; advanced_animations=&#8220;no&#8220; item_padding=&#8220;3%&#8220;][vc_column_text] Projektkoordination INTERPOLAR [\/vc_column_text][vc_empty_space height=&#8220;25px&#8220;][vc_column_text]c\/o Universit\u00e4t Leipzig | Medizinische Fakult\u00e4t LIFE Management Cluster, SMITH-Gesch\u00e4ftsstelle Philipp-Rosenthal-Stra\u00dfe 27 04103&#8230;<\/p>\n","protected":false},"author":13,"featured_media":0,"parent":20495,"menu_order":3,"comment_status":"closed","ping_status":"closed","template":"full_width.php","meta":{"footnotes":""},"class_list":["post-16520","page","type-page","status-publish","hentry"],"_links":{"self":[{"href":"https:\/\/www.smith.care\/de\/wp-json\/wp\/v2\/pages\/16520","targetHints":{"allow":["GET"]}}],"collection":[{"href":"https:\/\/www.smith.care\/de\/wp-json\/wp\/v2\/pages"}],"about":[{"href":"https:\/\/www.smith.care\/de\/wp-json\/wp\/v2\/types\/page"}],"author":[{"embeddable":true,"href":"https:\/\/www.smith.care\/de\/wp-json\/wp\/v2\/users\/13"}],"replies":[{"embeddable":true,"href":"https:\/\/www.smith.care\/de\/wp-json\/wp\/v2\/comments?post=16520"}],"version-history":[{"count":33,"href":"https:\/\/www.smith.care\/de\/wp-json\/wp\/v2\/pages\/16520\/revisions"}],"predecessor-version":[{"id":23203,"href":"https:\/\/www.smith.care\/de\/wp-json\/wp\/v2\/pages\/16520\/revisions\/23203"}],"up":[{"embeddable":true,"href":"https:\/\/www.smith.care\/de\/wp-json\/wp\/v2\/pages\/20495"}],"wp:attachment":[{"href":"https:\/\/www.smith.care\/de\/wp-json\/wp\/v2\/media?parent=16520"}],"curies":[{"name":"wp","href":"https:\/\/api.w.org\/{rel}","templated":true}]}}