{"id":18369,"date":"2023-05-26T13:12:37","date_gmt":"2023-05-26T11:12:37","guid":{"rendered":"https:\/\/www.smith.care\/?page_id=18369"},"modified":"2025-08-19T14:37:19","modified_gmt":"2025-08-19T12:37:19","slug":"projektpartner_gemtex","status":"publish","type":"page","link":"https:\/\/www.smith.care\/de\/gemtex_mii\/projektpartner_gemtex\/","title":{"rendered":"Projektpartner GeMTeX"},"content":{"rendered":"<div class=\"wpb-content-wrapper\"><p>[vc_row css_animation=&#8220;&#8220; row_type=&#8220;row&#8220; use_row_as_full_screen_section=&#8220;no&#8220; type=&#8220;full_width&#8220; angled_section=&#8220;no&#8220; text_align=&#8220;left&#8220; background_image_as_pattern=&#8220;without_pattern&#8220; z_index=&#8220;&#8220; css=&#8220;.vc_custom_1612873745229{background-color: #ffffff !important;}&#8220;][vc_column][qode_elements_holder number_of_columns=&#8220;two_columns&#8220; switch_to_one_column=&#8220;768&#8243;][qode_elements_holder_item advanced_animations=&#8220;no&#8220; item_padding=&#8220;5%&#8220; item_padding_480_600=&#8220;5%&#8220; item_padding_480=&#8220;5%&#8220; background_color=&#8220;#ffffff&#8220;][vc_single_image image=&#8220;24324&#8243; img_size=&#8220;full&#8220; alignment=&#8220;center&#8220; css=&#8220;&#8220; qode_css_animation=&#8220;&#8220;][\/qode_elements_holder_item][qode_elements_holder_item vertical_alignment=&#8220;top&#8220; advanced_animations=&#8220;no&#8220; item_padding=&#8220;5%&#8220; background_color=&#8220;#e0f4fc&#8220; item_padding_600_768=&#8220;8%&#8220; item_padding_480_600=&#8220;8%&#8220; item_padding_480=&#8220;8%&#8220;][vc_column_text]<\/p>\n<h2>Konsortialleitung<\/h2>\n<p>[\/vc_column_text][vc_empty_space height=&#8220;20px&#8220;][vc_column_text]<strong>M\u00fcnchen | <\/strong>Technische Universit\u00e4t M\u00fcnchen[\/vc_column_text][vc_empty_space height=&#8220;40px&#8220;][vc_column_text]<\/p>\n<h2>Konsortialpartner<\/h2>\n<p>[\/vc_column_text][vc_empty_space height=&#8220;20px&#8220;][vc_column_text]<strong>Berlin<\/strong> | Charit\u00e9 &#8211; Universit\u00e4tsmedizin Berlin \/ ID GmbH &amp; Co. KGaA[\/vc_column_text][vc_empty_space height=&#8220;15px&#8220;][vc_column_text]<strong>Darmstadt <\/strong>| Technische Universit\u00e4t Darmstadt[\/vc_column_text][vc_empty_space height=&#8220;15px&#8220;][vc_column_text]<strong>Dresden <\/strong>| Technische Universit\u00e4t Dresden[\/vc_column_text][vc_empty_space height=&#8220;15px&#8220;][vc_column_text]<strong>Erlangen<\/strong> | Universit\u00e4tsklinikum Erlangen[\/vc_column_text][vc_empty_space height=&#8220;15px&#8220;][vc_column_text]<strong>Essen <\/strong>| Universit\u00e4tsmedizin Essen[\/vc_column_text][vc_empty_space height=&#8220;15px&#8220;][vc_column_text]<strong>Freiburg <\/strong>| Averbis GmbH[\/vc_column_text][vc_empty_space height=&#8220;15px&#8220;][vc_column_text]<strong>Hannover<\/strong> | Medizinische Hochschule Hannover[\/vc_column_text][vc_empty_space height=&#8220;15px&#8220;][vc_column_text]<strong>Heidelberg<\/strong> | Universit\u00e4tsklinikum Heidelberg[\/vc_column_text][vc_empty_space height=&#8220;15px&#8220;][vc_column_text]<strong>K\u00f6ln <\/strong>| Deutsche Zentralbibliothek f\u00fcr Medizin (ZBMED)[\/vc_column_text][vc_empty_space height=&#8220;15px&#8220;][vc_column_text]<strong>Leipzig | <\/strong>Universit\u00e4tsklinikum Leipzig \/ Universit\u00e4t Leipzig[\/vc_column_text][vc_empty_space height=&#8220;15px&#8220;][vc_column_text]<strong>M\u00fcnchen |\u00a0<\/strong>Ludwig-Maximilians-Universit\u00e4t M\u00fcnchen[\/vc_column_text][vc_empty_space height=&#8220;15px&#8220;][vc_column_text]<strong>M\u00fcnster<\/strong> | Universit\u00e4t M\u00fcnster[\/vc_column_text][vc_empty_space height=&#8220;15px&#8220;][vc_column_text]<strong>Potsdam <\/strong>| Hasso-Plattner-Institut f\u00fcr Digital Engineering gGmbH[\/vc_column_text][vc_empty_space height=&#8220;15px&#8220;][vc_column_text]<strong>T\u00fcbingen<\/strong> | Universit\u00e4tsklinikum T\u00fcbingen[\/vc_column_text][vc_empty_space height=&#8220;40px&#8220;][vc_column_text]<\/p>\n<h2>Assoziierte Partner<\/h2>\n<p>[\/vc_column_text][vc_empty_space height=&#8220;20px&#8220;][vc_column_text]<strong>Graz<\/strong> | Medizinische Universit\u00e4t Graz[\/vc_column_text][vc_empty_space height=&#8220;40px&#8220;][vc_column_text]<\/p>\n<h2>Koordinationsstelle<br \/>\nMedizininformatik-Initiative<\/h2>\n<p>[\/vc_column_text][vc_empty_space height=&#8220;20px&#8220;][vc_column_text]<strong>Berlin | <\/strong>Gesch\u00e4ftsstelle TMF e. V. [\/vc_column_text][vc_empty_space height=&#8220;40px&#8220;][\/qode_elements_holder_item][\/qode_elements_holder][\/vc_column][\/vc_row][vc_row css_animation=&#8220;&#8220; row_type=&#8220;row&#8220; use_row_as_full_screen_section=&#8220;no&#8220; type=&#8220;grid&#8220; angled_section=&#8220;no&#8220; text_align=&#8220;left&#8220; background_image_as_pattern=&#8220;without_pattern&#8220; z_index=&#8220;&#8220; css=&#8220;.vc_custom_1620644416399{padding-top: 3% !important;padding-bottom: 5% !important;background-color: #f5f6f6 !important;}&#8220;][vc_column css=&#8220;.vc_custom_1675947584477{margin-top: 5% !important;margin-right: 5% !important;margin-bottom: 5% !important;margin-left: 5% !important;}&#8220;][qode_elements_holder number_of_columns=&#8220;one_column&#8220;][qode_elements_holder_item vertical_alignment=&#8220;middle&#8220; horizontal_alignment=&#8220;center&#8220; advanced_animations=&#8220;no&#8220; background_color=&#8220;#ffffff&#8220; item_padding=&#8220;2%&#8220; custom_class=&#8220;partner_desktop&#8220;][qode_clients columns=&#8220;five_columns&#8220; hover_effect=&#8220;switch_img&#8220; switch_effect=&#8220;switch_fade&#8220; disable_separators=&#8220;&#8220;][qode_client link_target=&#8220;_blank&#8220; link=&#8220;https:\/\/www.tum.de\/&#8220; hover_image=&#8220;18615&#8243; image=&#8220;18613&#8243;][qode_client link_target=&#8220;_blank&#8220; link=&#8220;https:\/\/www.charite.de\/&#8220; image=&#8220;18602&#8243; hover_image=&#8220;18600&#8243;][qode_client link_target=&#8220;_blank&#8220; hover_image=&#8220;1937&#8243; link=&#8220;https:\/\/www.id-berlin.de\/&#8220; image=&#8220;4548&#8243;][qode_client link_target=&#8220;_blank&#8220; link=&#8220;https:\/\/www.tu-darmstadt.de\/&#8220; image=&#8220;18719&#8243; hover_image=&#8220;18721&#8243;][qode_client link_target=&#8220;_blank&#8220; link=&#8220;https:\/\/tu-dresden.de\/&#8220; image=&#8220;16505&#8243; hover_image=&#8220;16503&#8243;][qode_client link_target=&#8220;_blank&#8220; link=&#8220;https:\/\/www.uk-erlangen.de\/&#8220; image=&#8220;16497&#8243; hover_image=&#8220;16495&#8243;][qode_client link_target=&#8220;_blank&#8220; image=&#8220;4534&#8243; hover_image=&#8220;1969&#8243; link=&#8220;https:\/\/www.ume.de\/universitaetsmedizin-essen\/&#8220;][qode_client link_target=&#8220;_blank&#8220; image=&#8220;4528&#8243; hover_image=&#8220;1858&#8243; link=&#8220;https:\/\/averbis.com\/de\/&#8220;][qode_client link_target=&#8220;_blank&#8220; link=&#8220;https:\/\/www.mhh.de\/&#8220; image=&#8220;18583&#8243; hover_image=&#8220;18581&#8243;][qode_client link_target=&#8220;_blank&#8220; image=&#8220;17370&#8243; hover_image=&#8220;17368&#8243; link=&#8220;https:\/\/www.klinikum.uni-heidelberg.de\/&#8220;][qode_client link_target=&#8220;_blank&#8220; link=&#8220;https:\/\/www.zbmed.de\/bibliothek\/medizinische-bibliothek-koeln&#8220; image=&#8220;18596&#8243; hover_image=&#8220;18594&#8243;][qode_client link_target=&#8220;_blank&#8220; hover_image=&#8220;20269&#8243; link=&#8220;https:\/\/www.uniklinikum-leipzig.de\/&#8220; image=&#8220;20263&#8243;][qode_client link_target=&#8220;_blank&#8220; hover_image=&#8220;4542&#8243; link=&#8220;https:\/\/www.uniklinikum-leipzig.de\/wissenschaft-forschung\/medizinische-fakult%c3%a4t&#8220; image=&#8220;2011&#8243;][qode_client link_target=&#8220;_blank&#8220; link=&#8220;https:\/\/www.lmu.de\/de\/index.html&#8220; image=&#8220;18579&#8243; hover_image=&#8220;18577&#8243;][qode_client link_target=&#8220;_blank&#8220; link=&#8220;https:\/\/www.uni-muenster.de\/de\/&#8220; image=&#8220;18705&#8243; hover_image=&#8220;18707&#8243;][qode_client link_target=&#8220;_blank&#8220; link=&#8220;https:\/\/hpi.de\/&#8220; image=&#8220;18575&#8243; hover_image=&#8220;18598&#8243;][qode_client link_target=&#8220;_blank&#8220; link=&#8220;https:\/\/www.medizin.uni-tuebingen.de\/de\/&#8220; image=&#8220;18592&#8243; hover_image=&#8220;18590&#8243;][qode_client link_target=&#8220;_blank&#8220; link=&#8220;https:\/\/www.medunigraz.at\/&#8220; image=&#8220;18587&#8243; hover_image=&#8220;18585&#8243;][\/qode_clients][qode_clients columns=&#8220;five_columns&#8220; hover_effect=&#8220;switch_img&#8220; switch_effect=&#8220;switch_fade&#8220; disable_separators=&#8220;&#8220;][qode_client link_target=&#8220;_blank&#8220; image=&#8220;17360&#8243; hover_image=&#8220;17360&#8243; link=&#8220;https:\/\/www.smith.care\/de\/&#8220;][qode_client link_target=&#8220;_blank&#8220; image=&#8220;17362&#8243; hover_image=&#8220;17362&#8243; link=&#8220;https:\/\/www.difuture.de\/&#8220;][qode_client link_target=&#8220;_blank&#8220; image=&#8220;17364&#8243; hover_image=&#8220;17364&#8243; link=&#8220;https:\/\/www.highmed.org\/de\/home&#8220;][qode_client link_target=&#8220;_blank&#8220; image=&#8220;17366&#8243; hover_image=&#8220;17366&#8243; link=&#8220;https:\/\/www.miracum.org\/&#8220;][qode_client link_target=&#8220;_blank&#8220; image=&#8220;2073&#8243; hover_image=&#8220;2073&#8243; link=&#8220;https:\/\/www.tmf-ev.de\/&#8220;][\/qode_clients][\/qode_elements_holder_item][\/qode_elements_holder][\/vc_column][\/vc_row]<\/p>\n<\/div>","protected":false},"excerpt":{"rendered":"<p>[vc_row css_animation=&#8220;&#8220; row_type=&#8220;row&#8220; use_row_as_full_screen_section=&#8220;no&#8220; type=&#8220;full_width&#8220; angled_section=&#8220;no&#8220; text_align=&#8220;left&#8220; background_image_as_pattern=&#8220;without_pattern&#8220; z_index=&#8220;&#8220; css=&#8220;.vc_custom_1612873745229{background-color: #ffffff !important;}&#8220;][vc_column][qode_elements_holder number_of_columns=&#8220;two_columns&#8220; switch_to_one_column=&#8220;768&#8243;][qode_elements_holder_item advanced_animations=&#8220;no&#8220; item_padding=&#8220;5%&#8220; item_padding_480_600=&#8220;5%&#8220; item_padding_480=&#8220;5%&#8220; background_color=&#8220;#ffffff&#8220;][vc_single_image image=&#8220;24324&#8243; img_size=&#8220;full&#8220; alignment=&#8220;center&#8220; css=&#8220;&#8220; qode_css_animation=&#8220;&#8220;][\/qode_elements_holder_item][qode_elements_holder_item vertical_alignment=&#8220;top&#8220; advanced_animations=&#8220;no&#8220; item_padding=&#8220;5%&#8220; background_color=&#8220;#e0f4fc&#8220; item_padding_600_768=&#8220;8%&#8220; item_padding_480_600=&#8220;8%&#8220; item_padding_480=&#8220;8%&#8220;][vc_column_text] Konsortialleitung [\/vc_column_text][vc_empty_space height=&#8220;20px&#8220;][vc_column_text]M\u00fcnchen | Technische Universit\u00e4t M\u00fcnchen[\/vc_column_text][vc_empty_space height=&#8220;40px&#8220;][vc_column_text] Konsortialpartner [\/vc_column_text][vc_empty_space height=&#8220;20px&#8220;][vc_column_text]Berlin | Charit\u00e9 &#8211;&#8230;<\/p>\n","protected":false},"author":13,"featured_media":0,"parent":20497,"menu_order":2,"comment_status":"closed","ping_status":"closed","template":"full_width.php","meta":{"footnotes":""},"class_list":["post-18369","page","type-page","status-publish","hentry"],"_links":{"self":[{"href":"https:\/\/www.smith.care\/de\/wp-json\/wp\/v2\/pages\/18369","targetHints":{"allow":["GET"]}}],"collection":[{"href":"https:\/\/www.smith.care\/de\/wp-json\/wp\/v2\/pages"}],"about":[{"href":"https:\/\/www.smith.care\/de\/wp-json\/wp\/v2\/types\/page"}],"author":[{"embeddable":true,"href":"https:\/\/www.smith.care\/de\/wp-json\/wp\/v2\/users\/13"}],"replies":[{"embeddable":true,"href":"https:\/\/www.smith.care\/de\/wp-json\/wp\/v2\/comments?post=18369"}],"version-history":[{"count":67,"href":"https:\/\/www.smith.care\/de\/wp-json\/wp\/v2\/pages\/18369\/revisions"}],"predecessor-version":[{"id":24965,"href":"https:\/\/www.smith.care\/de\/wp-json\/wp\/v2\/pages\/18369\/revisions\/24965"}],"up":[{"embeddable":true,"href":"https:\/\/www.smith.care\/de\/wp-json\/wp\/v2\/pages\/20497"}],"wp:attachment":[{"href":"https:\/\/www.smith.care\/de\/wp-json\/wp\/v2\/media?parent=18369"}],"curies":[{"name":"wp","href":"https:\/\/api.w.org\/{rel}","templated":true}]}}