{"id":19012,"date":"2023-08-10T12:42:10","date_gmt":"2023-08-10T10:42:10","guid":{"rendered":"https:\/\/www.smith.care\/cookie-richtlinie-eu-2\/"},"modified":"2024-06-04T09:56:49","modified_gmt":"2024-06-04T07:56:49","slug":"cookie-richtlinie-eu","status":"publish","type":"page","link":"https:\/\/www.smith.care\/de\/startseite\/cookie-richtlinie-eu\/","title":{"rendered":"Cookie-Richtlinie (EU)"},"content":{"rendered":"<div class=\"wpb-content-wrapper\"><p>[vc_row css_animation=&#8220;&#8220; row_type=&#8220;row&#8220; use_row_as_full_screen_section=&#8220;no&#8220; type=&#8220;full_width&#8220; angled_section=&#8220;no&#8220; text_align=&#8220;left&#8220; background_image_as_pattern=&#8220;without_pattern&#8220;][vc_column][qode_elements_holder number_of_columns=&#8220;one_column&#8220;][qode_elements_holder_item advanced_animations=&#8220;no&#8220; item_padding=&#8220;5%&#8220;][vc_column_text]<em>Diese Cookie-Erkl\u00e4rung wurde zuletzt am 23. Februar 2021 aktualisiert und gilt f\u00fcr die B\u00fcrger des Europ\u00e4ischen Wirtschaftsraums.<\/em>[\/vc_column_text][vc_empty_space][vc_column_text]<\/p>\n<h4 style=\"text-align: left;\">1. Einf\u00fchrung<\/h4>\n<p style=\"text-align: left;\">[\/vc_column_text][vc_empty_space height=&#8220;15px&#8220;][vc_column_text]Unsere Website <a href=\"https:\/\/www.smith.care\/de\/\" target=\"_blank\" rel=\"noopener\">\u00a0https:\/\/www.smith.care\/de\/<\/a> verwendet Cookies und \u00e4hnliche Technologien. Der Einfachheit halber werden all diese unter \u201cCookies\u201d zusammengefasst. Cookies werden au\u00dferdem von von uns beauftragten Drittparteien platziert. In dem unten stehendem Dokument informieren wir Sie \u00fcber die Verwendung von Cookies auf unserer Website.[\/vc_column_text][vc_empty_space][vc_column_text]<\/p>\n<h4 style=\"text-align: left;\">2. Was sind Cookies?<\/h4>\n<p style=\"text-align: left;\">[\/vc_column_text][vc_empty_space height=&#8220;15px&#8220;][vc_column_text]Ein Cookie ist eine einfache kleine Datei, die gemeinsam mit den Seiten einer Internetadresse versendet und vom Webbrowser auf dem PC oder einem anderen Ger\u00e4t gespeichert werden kann. Die darin gespeicherten Informationen k\u00f6nnen w\u00e4hrend folgender Besuche zu unseren oder den Servern relevanter Drittanbieter gesendet werden.[\/vc_column_text][vc_empty_space][vc_column_text]<\/p>\n<h4 style=\"text-align: left;\">3. Was sind Skripte?<\/h4>\n<p style=\"text-align: left;\">[\/vc_column_text][vc_empty_space height=&#8220;15px&#8220;][vc_column_text]Ein Skript ist ein Teil des Programmcodes, mit dem unsere Website ordnungsgem\u00e4\u00df und interaktiv funktioniert. Dieser Code wird auf unserem Server oder auf Ihrem Ger\u00e4t ausgef\u00fchrt.[\/vc_column_text][vc_empty_space][vc_column_text]<\/p>\n<h4 style=\"text-align: left;\">4. Was ist ein Web-Beacon?<\/h4>\n<p style=\"text-align: left;\">[\/vc_column_text][vc_empty_space height=&#8220;15px&#8220;][vc_column_text]Ein Web-Beacon (auch Pixel-Tag genannt), ist ein kleines unsichtbares Textfragment oder Bild auf einer Website, das benutzt wird, um den Verkehr auf der Website zu \u00fcberwachen. Um dies zu erm\u00f6glichen werden diverse Daten von Ihnen mittels Web-Beacons gespeichert.[\/vc_column_text][vc_empty_space][vc_column_text]<\/p>\n<h4 style=\"text-align: left;\">5. Cookies<\/h4>\n<p style=\"text-align: left;\">[\/vc_column_text][vc_empty_space height=&#8220;15px&#8220;][vc_column_text]<strong>5.1. Technische oder funktionale Cookies<\/strong>[\/vc_column_text][vc_empty_space height=&#8220;15px&#8220;][vc_column_text]Einige Cookies stellen sicher, dass Teile unserer Website richtig funktionieren und Ihre Nutzervorlieben bekannt bleiben. Durch das Platzieren funktionaler Cookies machen wir es Ihnen einfacher, unsere Website zu besuchen. Auf diese Weise m\u00fcssen Sie bei Besuchen unserer Website nicht wiederholt die gleichen Informationen eingeben. Wir k\u00f6nnen diese Cookies ohne Ihr Einverst\u00e4ndnis platzieren.[\/vc_column_text][vc_empty_space height=&#8220;15px&#8220;][vc_column_text]<strong>5.2. Marketing- \/ Tracking-Cookies<\/strong>[\/vc_column_text][vc_empty_space height=&#8220;15px&#8220;][vc_column_text]Marketing- \/ Tracking-Cookies sind Cookies oder eine andere Form der lokalen Speicherung, die zur Erstellung von Benutzerprofilen verwendet werden, um Werbung anzuzeigen oder den Benutzer auf dieser Website oder \u00fcber mehrere Websites hinweg f\u00fcr \u00e4hnliche Marketingzwecke zu verfolgen.[\/vc_column_text][vc_empty_space][vc_column_text]<\/p>\n<h4 style=\"text-align: left;\">6. Platzierte Cookies<\/h4>\n<p style=\"text-align: left;\">[\/vc_column_text][vc_empty_space]<div class=\"qode-accordion-holder clearfix qode-toggle qode-initial \">\n\t<h4 class=\"clearfix qode-title-holder\">\n<span class=\"qode-tab-title\">\n\t    <span class=\"qode-tab-title-inner\">\n        Cerber Security &amp; Anti-Spam    <\/span>\n<\/span>\n<span class=\"qode-accordion-mark\">\n    <span class=\"qode-accordion-mark-icon\">\n        <span class=\"icon_plus\"><\/span>\n        <span class=\"icon_minus-06\"><\/span>\n    <\/span>\n<\/span>\n<\/h4>\n<div  class=\"qode-accordion-content \" >\n    <div class=\"qode-accordion-content-inner\">\n        [vc_column_text]<strong>Verwendung: <\/strong>Wir verwenden den Cerber Security &amp; Anti-Spam-Service f\u00fcr die Website-Sicherheit. <a href=\"https:\/\/cookiedatabase.org\/service\/cerber-security-anti-spam\">Weiterlesen<\/a><\/p>\n<p style=\"text-align: left;\"><strong>Weitergabe von Daten:<\/strong> Weitere Informationen finden Sie in den <a href=\"https:\/\/my.wpcerber.com\/privacy-policy\/\">Cerber Security &amp; Anti-Spam Datenschutzrichtlinien<\/a>.<\/p>\n<p>[\/vc_column_text][vc_empty_space height=&#8220;15px&#8220;][vc_column_text]<strong>Funktionale Cookies:<\/strong><\/p>\n<table>\n<tbody>\n<tr align=\"left\">\n<td style=\"text-align: left;\"><strong>Name<\/strong><\/td>\n<td style=\"text-align: left;\"><strong>Aufbewahrung<\/strong><\/td>\n<td style=\"text-align: left;\"><strong>Funktion<\/strong><\/td>\n<\/tr>\n<tr align=\"left\">\n<td style=\"text-align: left;\">cerber_groove<\/td>\n<td style=\"text-align: left;\">1 Jahr<\/td>\n<td style=\"text-align: left;\">Bietet Schutz gegen Hacker<\/td>\n<\/tr>\n<tr align=\"left\">\n<td style=\"text-align: left;\"><a href=\"https:\/\/cookiedatabase.org\/cookie\/cerber-security-anti-spam\/cerber_groove_x_\">cerber_groove_x_*<\/a><\/td>\n<td style=\"text-align: left;\">2 Wochen<\/td>\n<td style=\"text-align: left;\">Bietet Schutz gegen Hacker<\/td>\n<\/tr>\n<\/tbody>\n<\/table>\n<p>[\/vc_column_text][vc_empty_space height=&#8220;15px&#8220;]    <\/div>\n<\/div><h4 class=\"clearfix qode-title-holder\">\n<span class=\"qode-tab-title\">\n\t    <span class=\"qode-tab-title-inner\">\n        Complianz    <\/span>\n<\/span>\n<span class=\"qode-accordion-mark\">\n    <span class=\"qode-accordion-mark-icon\">\n        <span class=\"icon_plus\"><\/span>\n        <span class=\"icon_minus-06\"><\/span>\n    <\/span>\n<\/span>\n<\/h4>\n<div  class=\"qode-accordion-content \" >\n    <div class=\"qode-accordion-content-inner\">\n        [vc_column_text]<strong>Verwendung<\/strong>: Wir verwenden den Complianz-Service f\u00fcr die Verwaltung der Cookie-Einwilligung. <a href=\"https:\/\/cookiedatabase.org\/service\/complianz\">Weiterlesen<\/a><\/p>\n<p style=\"text-align: left;\"><strong>Weitergabe von Daten: <\/strong>Weitere Informationen finden Sie in den <a href=\"https:\/\/complianz.io\/privacy-statement\/\">Complianz Datenschutzrichtlinien<\/a>.<\/p>\n<p style=\"text-align: left;\">[\/vc_column_text][vc_empty_space height=&#8220;15px&#8220;][vc_column_text]<strong>Funktionale Cookies:<\/strong><\/p>\n<table>\n<tbody>\n<tr>\n<td style=\"text-align: left;\"><strong>Name<\/strong><\/td>\n<td style=\"text-align: left;\"><strong>Aufbewahrung<\/strong><\/td>\n<td style=\"text-align: left;\"><strong>Funktion<\/strong><\/td>\n<\/tr>\n<tr>\n<td style=\"text-align: left;\"><a href=\"https:\/\/cookiedatabase.org\/cookie\/complianz\/complianz_policy_id\">complianz_policy_id<\/a><\/td>\n<td style=\"text-align: left;\">1 Jahr<\/td>\n<td style=\"text-align: left;\">Erfassung der ID f\u00fcr die angenommene Cookie-Richtlinie<\/td>\n<\/tr>\n<tr>\n<td style=\"text-align: left;\"><a href=\"https:\/\/cookiedatabase.org\/cookie\/complianz\/complianz_consent_status\">complianz_consent_status<\/a><\/td>\n<td style=\"text-align: left;\">1 Jahr<\/td>\n<td style=\"text-align: left;\">Speichern der Cookie-Einwilligungsvorgaben<\/td>\n<\/tr>\n<tr>\n<td style=\"text-align: left;\"><a href=\"https:\/\/cookiedatabase.org\/cookie\/complianz\/cmplz_marketing\">cmplz_marketing<\/a><\/td>\n<td style=\"text-align: left;\">1 Jahr<\/td>\n<td style=\"text-align: left;\">Speichern der Cookie-Einwilligungsvorgaben<\/td>\n<\/tr>\n<\/tbody>\n<\/table>\n<p>[\/vc_column_text][vc_empty_space height=&#8220;15px&#8220;]    <\/div>\n<\/div><h4 class=\"clearfix qode-title-holder\">\n<span class=\"qode-tab-title\">\n\t    <span class=\"qode-tab-title-inner\">\n        WPML    <\/span>\n<\/span>\n<span class=\"qode-accordion-mark\">\n    <span class=\"qode-accordion-mark-icon\">\n        <span class=\"icon_plus\"><\/span>\n        <span class=\"icon_minus-06\"><\/span>\n    <\/span>\n<\/span>\n<\/h4>\n<div  class=\"qode-accordion-content \" >\n    <div class=\"qode-accordion-content-inner\">\n        [vc_column_text]<strong>Verwendung: <\/strong>Wir verwenden den WPML-Service f\u00fcr die Verwaltung der Gebietsschemen. <a href=\"https:\/\/cookiedatabase.org\/service\/wpml\">Weiterlesen<\/a><\/p>\n<p style=\"text-align: left;\"><strong>Weitergabe von Daten: <\/strong>Diese Daten werden nicht an Dritte weitergegeben.[\/vc_column_text][vc_empty_space height=&#8220;15px&#8220;][vc_column_text]<strong>Funktionale Cookies: <\/strong><\/p>\n<table>\n<tbody>\n<tr>\n<td style=\"text-align: left;\"><strong>Name<\/strong><\/td>\n<td style=\"text-align: left;\"><strong>Aufbewahrung<\/strong><\/td>\n<td style=\"text-align: left;\"><strong>Funktion<\/strong><\/td>\n<\/tr>\n<tr>\n<td style=\"text-align: left;\"><a href=\"https:\/\/cookiedatabase.org\/cookie\/wpml\/wp-wpml_current_language\">wp-wpml_current_language<\/a><\/td>\n<td style=\"text-align: left;\">1 Tag<\/td>\n<td style=\"text-align: left;\">Speichern der Spracheinstellungena<\/td>\n<\/tr>\n<\/tbody>\n<\/table>\n<p>[\/vc_column_text][vc_empty_space height=&#8220;15px&#8220;]    <\/div>\n<\/div><h4 class=\"clearfix qode-title-holder\">\n<span class=\"qode-tab-title\">\n\t    <span class=\"qode-tab-title-inner\">\n        Wordpress    <\/span>\n<\/span>\n<span class=\"qode-accordion-mark\">\n    <span class=\"qode-accordion-mark-icon\">\n        <span class=\"icon_plus\"><\/span>\n        <span class=\"icon_minus-06\"><\/span>\n    <\/span>\n<\/span>\n<\/h4>\n<div  class=\"qode-accordion-content \" >\n    <div class=\"qode-accordion-content-inner\">\n        [vc_column_text]<strong>Verwendung<\/strong>: Wir verwenden den WordPress-Service f\u00fcr die Website-Entwicklung. <a href=\"https:\/\/cookiedatabase.org\/service\/wordpress\">Weiterlesen<\/a><\/p>\n<p style=\"text-align: left;\"><strong>Weitergabe von Daten: <\/strong>Diese Daten werden nicht an Dritte weitergegeben.[\/vc_column_text][vc_empty_space height=&#8220;15px&#8220;][vc_column_text]<strong>Statistik:<\/strong><\/p>\n<table>\n<tbody>\n<tr>\n<td style=\"text-align: left;\"><strong>Name<\/strong><\/td>\n<td style=\"text-align: left;\"><strong>Aufbewahrung<\/strong><\/td>\n<td style=\"text-align: left;\"><strong>Funktion<\/strong><\/td>\n<\/tr>\n<tr>\n<td style=\"text-align: left;\"><a href=\"https:\/\/cookiedatabase.org\/cookie\/wordpress\/wordpress_logged_in_0fccad09e111918db6363377b39bc8af\">wordpress_logged_in_*<\/a><\/td>\n<td style=\"text-align: left;\">1 Jahr<\/td>\n<td style=\"text-align: left;\">Besucherverfolgung quer \u00fcber Websites<\/td>\n<\/tr>\n<\/tbody>\n<\/table>\n<p>[\/vc_column_text][vc_empty_space height=&#8220;15px&#8220;]    <\/div>\n<\/div><h4 class=\"clearfix qode-title-holder\">\n<span class=\"qode-tab-title\">\n\t    <span class=\"qode-tab-title-inner\">\n        YouTube    <\/span>\n<\/span>\n<span class=\"qode-accordion-mark\">\n    <span class=\"qode-accordion-mark-icon\">\n        <span class=\"icon_plus\"><\/span>\n        <span class=\"icon_minus-06\"><\/span>\n    <\/span>\n<\/span>\n<\/h4>\n<div  class=\"qode-accordion-content \" >\n    <div class=\"qode-accordion-content-inner\">\n        [vc_column_text]<strong>Weitergabe von Daten: <\/strong>Die gemeinsame Nutzung von Daten ist Gegenstand einer Untersuchung.[\/vc_column_text][vc_empty_space height=&#8220;15px&#8220;][vc_column_text]<strong>Funktionale Cookies:<\/strong><\/p>\n<table>\n<tbody>\n<tr>\n<td style=\"text-align: left;\"><strong>Name<\/strong><\/td>\n<td style=\"text-align: left;\"><strong>Aufbewahrung<\/strong><\/td>\n<td style=\"text-align: left;\"><strong>Funktion<\/strong><\/td>\n<\/tr>\n<tr>\n<td style=\"text-align: left;\">GPS<\/td>\n<td style=\"text-align: left;\">3 Monate<\/td>\n<td style=\"text-align: left;\">Speichern der Nutzerpr\u00e4ferenz<\/td>\n<\/tr>\n<tr>\n<td style=\"text-align: left;\">VISITOR_INFO1_LIVE<\/td>\n<td style=\"text-align: left;\">3 Monate<\/td>\n<td style=\"text-align: left;\">Speichern der Nutzerpr\u00e4ferenz<\/td>\n<\/tr>\n<\/tbody>\n<\/table>\n<p>[\/vc_column_text][vc_empty_space height=&#8220;15px&#8220;][vc_column_text]<strong>Statistik:<\/strong><\/p>\n<table>\n<tbody>\n<tr>\n<td style=\"text-align: left;\"><strong>Name<\/strong><\/td>\n<td style=\"text-align: left;\"><strong>Aufbewahrung<\/strong><\/td>\n<td style=\"text-align: left;\"><strong>Funktion<\/strong><\/td>\n<\/tr>\n<tr>\n<td style=\"text-align: left;\"><a href=\"https:\/\/cookiedatabase.org\/cookie\/youtube\/ysc\">YSC<\/a><\/td>\n<td style=\"text-align: left;\">ProSitzung<\/td>\n<td style=\"text-align: left;\">Speichern der User-ID<\/td>\n<\/tr>\n<tr>\n<td style=\"text-align: left;\"><a href=\"https:\/\/cookiedatabase.org\/cookie\/youtube\/pref\">PREF<\/a><\/td>\n<td style=\"text-align: left;\">1 Jahr<\/td>\n<td style=\"text-align: left;\">Besucherverfolgung quer \u00fcber Websites<\/td>\n<\/tr>\n<\/tbody>\n<\/table>\n<p>[\/vc_column_text][vc_empty_space height=&#8220;15px&#8220;]    <\/div>\n<\/div><h4 class=\"clearfix qode-title-holder\">\n<span class=\"qode-tab-title\">\n\t    <span class=\"qode-tab-title-inner\">\n        Verschiedenes    <\/span>\n<\/span>\n<span class=\"qode-accordion-mark\">\n    <span class=\"qode-accordion-mark-icon\">\n        <span class=\"icon_plus\"><\/span>\n        <span class=\"icon_minus-06\"><\/span>\n    <\/span>\n<\/span>\n<\/h4>\n<div  class=\"qode-accordion-content \" >\n    <div class=\"qode-accordion-content-inner\">\n        [vc_column_text]<strong>Verwendung<\/strong>: Wir verwenden den YouTube-Service f\u00fcr die Videoanzeigen. <a href=\"https:\/\/cookiedatabase.org\/service\/youtube\">Weiterlesen<\/a><\/p>\n<p style=\"text-align: left;\"><strong>Weitergabe von Daten:<\/strong> Weitere Informationen finden Sie in den <a href=\"https:\/\/policies.google.com\/privacy\">YouTube Datenschutzrichtlinien<\/a>.[\/vc_column_text][vc_empty_space height=&#8220;15px&#8220;][vc_column_text]<strong>Funktionale Cookies:<\/strong><\/p>\n<table>\n<tbody>\n<tr>\n<td style=\"text-align: left;\" width=\"201\"><strong>Name<\/strong><\/td>\n<td style=\"text-align: left;\" width=\"201\"><strong>Aufbewahrung<\/strong><\/td>\n<td style=\"text-align: left;\" width=\"201\"><strong>Funktion<\/strong><\/td>\n<\/tr>\n<tr>\n<td style=\"text-align: left;\" width=\"201\">JDoFCkuGma<\/td>\n<td style=\"text-align: left;\" width=\"201\">1 Jahr<\/td>\n<td style=\"text-align: left;\" width=\"201\">Speichern der Nutzerpr\u00e4ferenz<\/td>\n<\/tr>\n<tr>\n<td style=\"text-align: left;\" width=\"201\">zDNhWv<\/td>\n<td style=\"text-align: left;\" width=\"201\">1 Jahr<\/td>\n<td style=\"text-align: left;\" width=\"201\">Speichern der Nutzerpr\u00e4ferenz<\/td>\n<\/tr>\n<tr>\n<td style=\"text-align: left;\" width=\"201\">jcSltuhRnPYoOk-L<\/td>\n<td style=\"text-align: left;\" width=\"201\">1 Jahr<\/td>\n<td style=\"text-align: left;\" width=\"201\">Speichern der Nutzerpr\u00e4ferenz<\/td>\n<\/tr>\n<tr>\n<td style=\"text-align: left;\" width=\"201\">JQwZ_a-IsbXl<\/td>\n<td style=\"text-align: left;\" width=\"201\">1 Jahr<\/td>\n<td style=\"text-align: left;\" width=\"201\">Speichern der Nutzerpr\u00e4ferenz<\/td>\n<\/tr>\n<\/tbody>\n<\/table>\n<p>[\/vc_column_text][vc_empty_space height=&#8220;15px&#8220;][vc_column_text]<strong>Statistik: <\/strong><\/p>\n<table>\n<tbody>\n<tr align=\"left\">\n<td style=\"text-align: left;\">WP_DATA_USER_1<\/td>\n<td style=\"text-align: left;\">1 Jahr<\/td>\n<td style=\"text-align: left;\">Besucherverfolgung quer \u00fcber Websites<\/td>\n<\/tr>\n<tr>\n<td style=\"text-align: left;\">WP_DATA_USER_6<\/td>\n<td style=\"text-align: left;\">1 Jahr<\/td>\n<td style=\"text-align: left;\">Besucherverfolgung quer \u00fcber Websites<\/td>\n<\/tr>\n<tr>\n<td style=\"text-align: left;\">wp-autosave-block-editor-post-4658<\/td>\n<td style=\"text-align: left;\">1 Jahr<\/td>\n<td style=\"text-align: left;\">Besucherverfolgung quer \u00fcber Websites<\/td>\n<\/tr>\n<tr>\n<td style=\"text-align: left;\">wp-api-schema-modelhttps:\/\/www.smith-ifabrik.de\/de\/wp-json\/wp\/v2\/<\/td>\n<td style=\"text-align: left;\">1 Jahr<\/td>\n<td style=\"text-align: left;\">Besucherverfolgung quer \u00fcber Websites<\/td>\n<\/tr>\n<tr>\n<td style=\"text-align: left;\">wp-settings-6<\/td>\n<td style=\"text-align: left;\">1 Jahr<\/td>\n<td style=\"text-align: left;\">Besucherverfolgung quer \u00fcber Websites<\/td>\n<\/tr>\n<tr>\n<td style=\"text-align: left;\">wp-settings-1<\/td>\n<td style=\"text-align: left;\">1 Jahr<\/td>\n<td style=\"text-align: left;\">Besucherverfolgung quer \u00fcber Websites<\/td>\n<\/tr>\n<\/tbody>\n<\/table>\n<p>[\/vc_column_text][vc_empty_space height=&#8220;15px&#8220;]    <\/div>\n<\/div><\/div>[vc_empty_space][vc_column_text]<\/p>\n<h4 style=\"text-align: left;\">7. Zustimmung<\/h4>\n<p style=\"text-align: left;\">[\/vc_column_text][vc_empty_space height=&#8220;15px&#8220;][vc_column_text]Wenn Sie unsere Website zum ersten Mal besuchen, zeigen wir Ihnen ein Popup mit einer Erkl\u00e4rung zu Cookies an. Sobald Sie auf \u201eEinstellungen speichern\u201c klicken, stimmen Sie zu, dass wir die Kategorien von Cookies und Plug-Ins verwenden, die Sie im Pop-up ausgew\u00e4hlt haben, wie in dieser Cookie-Erkl\u00e4rung beschrieben. Sie k\u00f6nnen die Verwendung: von Cookies \u00fcber Ihren Browser deaktivieren, aber bitte beachten Sie, dass dann unsere Website m\u00f6glicherweise nicht mehr richtig funktioniert.[\/vc_column_text][vc_empty_space height=&#8220;15px&#8220;][vc_column_text]<strong>7.1 Verwalten Sie Ihre Zustimmungseinstellungen<\/strong>[\/vc_column_text][vc_empty_space height=&#8220;15px&#8220;][vc_column_text]<\/p>\n<div id=\"cmplz-manage-consent-container-nojavascript\">\n<p>Sie haben die Cookie-Richtlinie ohne Javascript-Unterst\u00fctzung geladen.<\/p>\n<p>Bei AMP k\u00f6nnen Sie die Schaltfl\u00e4che Zustimmung verwalten unten auf der Seite verwenden.<\/p>\n<\/div>\n<div id=\"cmplz-manage-consent-container\" class=\"cmplz-manage-consent-container\"><\/div>\n<p>[\/vc_column_text][vc_empty_space][vc_column_text]<\/p>\n<h4 style=\"text-align: left;\">8. Ihre Rechte in Bezug auf pers\u00f6nliche Daten<\/h4>\n<p style=\"text-align: left;\">[\/vc_column_text][vc_empty_space height=&#8220;15px&#8220;][vc_column_text]Sie haben in Bezug auf Ihre pers\u00f6nlichen Daten die folgenden Rechte:[\/vc_column_text][vc_empty_space height=&#8220;15px&#8220;][vc_column_text]<\/p>\n<ul style=\"text-align: left;\">\n<li>Sie haben das Recht zu wissen, warum Ihre pers\u00f6nlichen Daten gebraucht werden, was mit ihnen passiert und wie lange diese verwahrt werden.<\/li>\n<li>Zugriffsrecht: Sie haben das Recht Ihre uns bekannten pers\u00f6nlichen Daten einzusehen.<\/li>\n<li>Recht auf Berichtigung: Sie haben das Recht wann immer Sie w\u00fcnschen, Ihre pers\u00f6nlichen Daten zu erg\u00e4nzen, zu korrigieren sowie sie gel\u00f6scht oder blockiert zu bekommen.<\/li>\n<li>Wenn Sie uns Ihr Einverst\u00e4ndnis zur Verarbeitung Ihrer Daten gegeben haben, haben Sie das Recht dieses Einverst\u00e4ndnis zu widerrufen und Ihre pers\u00f6nlichen Daten l\u00f6schen zu lassen.<\/li>\n<li>Recht auf Datentransfer Ihrer Daten: Sie haben das Recht, alle Ihre pers\u00f6nlichen Daten von einem Kontrolleur anzufordern und in ihrer Gesamtheit zu einem anderen Kontrolleur zu transferieren.<\/li>\n<li>Widerspruchsrecht: Sie k\u00f6nnen der Verarbeitung Ihrer Daten widersprechen. Wir entsprechen dem, es sei denn es gibt berechtigte Gr\u00fcnde f\u00fcr die Verarbeitung.<\/li>\n<\/ul>\n<p style=\"text-align: left;\">[\/vc_column_text][vc_empty_space height=&#8220;15px&#8220;][vc_column_text]Um diese Rechte auszu\u00fcben, kontaktieren Sie uns bitte. Bitte beziehen Sie sich auf die Kontaktdaten am Ende dieser Cookie-Vereinbarung. Wenn Sie eine Beschwerde dar\u00fcber haben, wie wir mit Ihren Daten umgehen, w\u00fcrden wir gern dar\u00fcber informiert werden. Sie haben jedoch auch das Recht, diese an die Datenschutzbeh\u00f6rde zu richten.[\/vc_column_text][vc_empty_space][vc_column_text]<\/p>\n<h4 style=\"text-align: left;\">9. Aktivierung\/Deaktivierung und L\u00f6schen von Cookies<\/h4>\n<p style=\"text-align: left;\">[\/vc_column_text][vc_empty_space height=&#8220;15px&#8220;][vc_column_text]Sie k\u00f6nnen Ihren Internetbrowser verwenden um automatisch oder manuell Cookies zu l\u00f6schen. Sie k\u00f6nnen au\u00dferdem spezifizieren, ob spezielle Cookies nicht platziert werden sollen. Eine andere M\u00f6glichkeit ist es, Ihren Internetbrowser so einzurichten, dass Sie jedes Mal benachrichtigt werden, wenn Cookies platziert werden. F\u00fcr weitere Information \u00fcber diese M\u00f6glichkeiten beachten Sie die Anweisungen in der Hilfesektion Ihres Browsers.[\/vc_column_text][vc_empty_space height=&#8220;15px&#8220;][vc_column_text]Bitte nehmen Sie zur Kenntnis, dass unsere Website m\u00f6glicherweise nicht richtig funktioniert, wenn alle Cookies deaktiviert sind. Wenn Sie die Cookies in Ihrem Browser l\u00f6schen, werden diese neu plaziert, wenn Sie unsere Website erneut besuchen.[\/vc_column_text][vc_empty_space][vc_column_text]<\/p>\n<h4 style=\"text-align: left;\">10. Kontaktdaten<\/h4>\n<p style=\"text-align: left;\">[\/vc_column_text][vc_empty_space height=&#8220;15px&#8220;][vc_column_text]F\u00fcr Fragen und\/oder Kommentare zu unserer Cookie-Richtlinie und dieser Erkl\u00e4rung kontaktieren Sie uns bitte \u00fcber die folgenden Kontaktdaten:[\/vc_column_text][vc_empty_space height=&#8220;15px&#8220;][vc_column_text]Universit\u00e4t Leipzig<br \/>\nMedizinische Fakult\u00e4t<br \/>\nSMITH-Gesch\u00e4ftsstelle<br \/>\nPhilipp-Rosenthal-Stra\u00dfe 27<br \/>\n04103 Leipzig[\/vc_column_text][vc_empty_space height=&#8220;15px&#8220;][vc_column_text]Website: <a href=\"https:\/\/www.smith-ifabrik.de\/de\/\">\u00a0https:\/\/www.smith.care\/de\/ <\/a><u><br \/>\n<\/u>E-Mail: <a href=\"mailto:info@smith.care\">info@smith.care<\/a><br \/>\nTelefonnummer: +49 341 97 16720[\/vc_column_text][\/qode_elements_holder_item][\/qode_elements_holder][\/vc_column][\/vc_row]<\/p>\n<\/div>","protected":false},"excerpt":{"rendered":"<p>[vc_row css_animation=&#8220;&#8220; row_type=&#8220;row&#8220; use_row_as_full_screen_section=&#8220;no&#8220; type=&#8220;full_width&#8220; angled_section=&#8220;no&#8220; text_align=&#8220;left&#8220; background_image_as_pattern=&#8220;without_pattern&#8220;][vc_column][qode_elements_holder number_of_columns=&#8220;one_column&#8220;][qode_elements_holder_item advanced_animations=&#8220;no&#8220; item_padding=&#8220;5%&#8220;][vc_column_text]Diese Cookie-Erkl\u00e4rung wurde zuletzt am 23. Februar 2021 aktualisiert und gilt f\u00fcr die B\u00fcrger des Europ\u00e4ischen Wirtschaftsraums.[\/vc_column_text][vc_empty_space][vc_column_text] 1. Einf\u00fchrung [\/vc_column_text][vc_empty_space height=&#8220;15px&#8220;][vc_column_text]Unsere Website \u00a0https:\/\/www.smith.care\/de\/ verwendet Cookies und \u00e4hnliche Technologien. Der Einfachheit halber werden all diese unter&#8230;<\/p>\n","protected":false},"author":15,"featured_media":0,"parent":16207,"menu_order":0,"comment_status":"closed","ping_status":"closed","template":"","meta":{"footnotes":""},"class_list":["post-19012","page","type-page","status-publish","hentry"],"_links":{"self":[{"href":"https:\/\/www.smith.care\/de\/wp-json\/wp\/v2\/pages\/19012","targetHints":{"allow":["GET"]}}],"collection":[{"href":"https:\/\/www.smith.care\/de\/wp-json\/wp\/v2\/pages"}],"about":[{"href":"https:\/\/www.smith.care\/de\/wp-json\/wp\/v2\/types\/page"}],"author":[{"embeddable":true,"href":"https:\/\/www.smith.care\/de\/wp-json\/wp\/v2\/users\/15"}],"replies":[{"embeddable":true,"href":"https:\/\/www.smith.care\/de\/wp-json\/wp\/v2\/comments?post=19012"}],"version-history":[{"count":28,"href":"https:\/\/www.smith.care\/de\/wp-json\/wp\/v2\/pages\/19012\/revisions"}],"predecessor-version":[{"id":20153,"href":"https:\/\/www.smith.care\/de\/wp-json\/wp\/v2\/pages\/19012\/revisions\/20153"}],"up":[{"embeddable":true,"href":"https:\/\/www.smith.care\/de\/wp-json\/wp\/v2\/pages\/16207"}],"wp:attachment":[{"href":"https:\/\/www.smith.care\/de\/wp-json\/wp\/v2\/media?parent=19012"}],"curies":[{"name":"wp","href":"https:\/\/api.w.org\/{rel}","templated":true}]}}