{"id":19205,"date":"2023-08-24T10:34:51","date_gmt":"2023-08-24T08:34:51","guid":{"rendered":"https:\/\/www.smith.care\/?page_id=19205"},"modified":"2026-01-08T15:12:10","modified_gmt":"2026-01-08T14:12:10","slug":"projektpartner-distance","status":"publish","type":"page","link":"https:\/\/www.smith.care\/de\/distance-pro\/projektpartner-distance\/","title":{"rendered":"Projektpartner DISTANCE (2021 \u2013 2025)"},"content":{"rendered":"<div class=\"wpb-content-wrapper\"><p>[vc_row css_animation=&#8220;&#8220; row_type=&#8220;row&#8220; use_row_as_full_screen_section=&#8220;no&#8220; type=&#8220;full_width&#8220; angled_section=&#8220;no&#8220; text_align=&#8220;left&#8220; background_image_as_pattern=&#8220;without_pattern&#8220; z_index=&#8220;&#8220; css=&#8220;.vc_custom_1612873745229{background-color: #ffffff !important;}&#8220;][vc_column][qode_elements_holder number_of_columns=&#8220;two_columns&#8220; switch_to_one_column=&#8220;768&#8243;][qode_elements_holder_item vertical_alignment=&#8220;top&#8220; advanced_animations=&#8220;no&#8220; item_padding_480_600=&#8220;5%&#8220; item_padding_480=&#8220;5%&#8220; background_color=&#8220;#ffffff&#8220; item_padding=&#8220;5%&#8220;][vc_single_image image=&#8220;24312&#8243; img_size=&#8220;full&#8220; alignment=&#8220;center&#8220; css=&#8220;&#8220; qode_css_animation=&#8220;&#8220;][\/qode_elements_holder_item][qode_elements_holder_item vertical_alignment=&#8220;top&#8220; advanced_animations=&#8220;no&#8220; item_padding=&#8220;5%&#8220; background_color=&#8220;#e0f4fc&#8220; item_padding_600_768=&#8220;8%&#8220; item_padding_480_600=&#8220;8%&#8220; item_padding_480=&#8220;8%&#8220;][vc_column_text]<\/p>\n<h2>Projektleitung<\/h2>\n<p>[\/vc_column_text][vc_empty_space height=&#8220;20px&#8220;][vc_column_text]<strong>Aachen |\u00a0<\/strong>Universit\u00e4tsklinikum RWTH Aachen[\/vc_column_text][vc_empty_space height=&#8220;15px&#8220;][vc_column_text]<strong>Leipzig | <\/strong>Universit\u00e4t Leipzig, SMITH-Gesch\u00e4ftsstelle[\/vc_column_text][vc_empty_space height=&#8220;40px&#8220;][vc_column_text]<\/p>\n<h2>Projektpartner<\/h2>\n<p>[\/vc_column_text][vc_empty_space height=&#8220;20px&#8220;][vc_column_text]<strong>Berlin<\/strong> | Deutsche Gesellschaft f\u00fcr Telemedizin e. V.[\/vc_column_text][vc_empty_space height=&#8220;15px&#8220;][vc_column_text]<strong>Dortmund<\/strong> | Fraunhofer-Institut f\u00fcr Software- und Systemtechnik ISST[\/vc_column_text][vc_empty_space height=&#8220;15px&#8220;][vc_column_text]<strong>Jena<\/strong> | Universit\u00e4tsklinikum Jena[\/vc_column_text][vc_empty_space height=&#8220;15px&#8220;][vc_column_text]<strong>Leipzig | <\/strong>Universit\u00e4tsklinikum Leipzig[\/vc_column_text][vc_empty_space height=&#8220;15px&#8220;][vc_column_text]<strong>M\u00fcnster<\/strong> | St. Franziskus-Stiftung M\u00fcnster[\/vc_column_text][vc_empty_space height=&#8220;15px&#8220;][vc_column_text]<strong>Witten\/Herdecke<\/strong> | Private Universit\u00e4t Witten\/Herdecke gGmbH[\/vc_column_text][vc_empty_space height=&#8220;40px&#8220;][vc_column_text]<\/p>\n<h2>Vernetzungspartner<\/h2>\n<p>[\/vc_column_text][vc_empty_space height=&#8220;15px&#8220;][vc_column_text]<strong>Bergisch Gladbach<\/strong> | Ev. Krankenhaus Bergisch Gladbach[\/vc_column_text][vc_empty_space height=&#8220;15px&#8220;][vc_column_text]<strong>B\u00fcnde <\/strong>| MuM &#8211; Medizin und Mehr eG[\/vc_column_text][vc_empty_space height=&#8220;15px&#8220;][vc_column_text]<strong>D\u00fcren <\/strong>| St. Marien Hospital D\u00fcren[\/vc_column_text][vc_empty_space height=&#8220;15px&#8220;][vc_column_text css=&#8220;&#8220;]<strong>D\u00fcsseldorf <\/strong>| Florence-Nightingale-Krankenhaus D\u00fcsseldorf[\/vc_column_text][vc_empty_space height=&#8220;15px&#8220;][vc_column_text]<strong>Essen <\/strong>| Alfried Krupp Krankenhaus Essen[\/vc_column_text][vc_empty_space height=&#8220;15px&#8220;][vc_column_text css=&#8220;&#8220;]<strong>Hamm <\/strong>| St. Barbara Klinik Hamm-Heessen[\/vc_column_text][vc_empty_space height=&#8220;15px&#8220;][vc_column_text]<strong>K\u00f6ln <\/strong>| Gesundheitsnetz K\u00f6ln S\u00fcd e. V.[\/vc_column_text][vc_empty_space height=&#8220;15px&#8220;][vc_column_text]<strong>Mettmann <\/strong>| Ev. Krankenhaus Mettmann[\/vc_column_text][vc_empty_space height=&#8220;15px&#8220;][vc_column_text]<strong>M\u00fcnster <\/strong>| St. Franziskus-Hospital M\u00fcnster[\/vc_column_text][vc_empty_space height=&#8220;15px&#8220;][vc_column_text]<strong>Saalfeld (Saale) <\/strong>| Th\u00fcringen-Kliniken Georgius Agricola[\/vc_column_text][vc_empty_space height=&#8220;15px&#8220;][vc_column_text]<strong>Zwickau<\/strong> | Heinrich-Braun-Klinikum Zwickau[\/vc_column_text][vc_empty_space height=&#8220;40px&#8220;][vc_column_text]<\/p>\n<h2>Koordinationsstelle<br \/>\nMedizininformatik-Initiative<\/h2>\n<p>[\/vc_column_text][vc_empty_space height=&#8220;20px&#8220;][vc_column_text]<strong>Berlin | <\/strong>Gesch\u00e4ftsstelle TMF e. V. [\/vc_column_text][vc_empty_space height=&#8220;20px&#8220;][vc_separator type=&#8220;small&#8220; position=&#8220;left&#8220; width_in_percentages=&#8220;yes&#8220; color=&#8220;#22c4e5&#8243; width=&#8220;30&#8243;][vc_empty_space height=&#8220;20px&#8220;][vc_column_text css=&#8220;&#8220;]Das Bundesministerium f\u00fcr Forschung, Technologie und Raumfahrt (BMFTR) hat die acht DISTANCE-Projektpartner bis zum 30. September 2025 mit 9,2 Millionen \u20ac gef\u00f6rdert. Die Projektpartner waren im DISTANCE-Projekt f\u00fcr die Forschung, Entwicklung und das Management zust\u00e4ndig.[\/vc_column_text][vc_empty_space height=&#8220;15px&#8220;][vc_column_text css=&#8220;&#8220;]Die Vernetzungspartner wurden durch die Projektpartner mit etwa 1,7 Millionen \u20ac finanziert. Diese wurden \u00fcber den \u201eDigital Hub\u201c mit den SMITH-Datenintegrationszentren verbunden, um einen intersektoralen Datenaustausch zu erm\u00f6glichen. Der Anschluss wurde an den Standorten der Vernetzungspartner durch die PICOS-Studie gepr\u00fcft.[\/vc_column_text][\/qode_elements_holder_item][\/qode_elements_holder][\/vc_column][\/vc_row][vc_row css_animation=&#8220;&#8220; row_type=&#8220;row&#8220; use_row_as_full_screen_section=&#8220;no&#8220; type=&#8220;grid&#8220; angled_section=&#8220;no&#8220; text_align=&#8220;left&#8220; background_image_as_pattern=&#8220;without_pattern&#8220; z_index=&#8220;&#8220; css=&#8220;.vc_custom_1620644416399{padding-top: 3% !important;padding-bottom: 5% !important;background-color: #f5f6f6 !important;}&#8220;][vc_column css=&#8220;.vc_custom_1675947584477{margin-top: 5% !important;margin-right: 5% !important;margin-bottom: 5% !important;margin-left: 5% !important;}&#8220;][qode_elements_holder number_of_columns=&#8220;one_column&#8220;][qode_elements_holder_item vertical_alignment=&#8220;middle&#8220; horizontal_alignment=&#8220;center&#8220; advanced_animations=&#8220;no&#8220; background_color=&#8220;#ffffff&#8220; item_padding=&#8220;2%&#8220; custom_class=&#8220;partner_desktop&#8220;][qode_clients columns=&#8220;five_columns&#8220; hover_effect=&#8220;switch_img&#8220; switch_effect=&#8220;switch_fade&#8220; disable_separators=&#8220;&#8220;][qode_client link_target=&#8220;_blank&#8220; hover_image=&#8220;19229&#8243; link=&#8220;https:\/\/www.ukaachen.de\/innovation\/digitalisierung-telemedizin\/izdm\/&#8220; image=&#8220;19227&#8243;][qode_client link_target=&#8220;_blank&#8220; hover_image=&#8220;4542&#8243; link=&#8220;https:\/\/www.uniklinikum-leipzig.de\/wissenschaft-forschung\/medizinische-fakult%C3%A4t\/organisation&#8220; image=&#8220;2011&#8243;][qode_client link_target=&#8220;_blank&#8220; hover_image=&#8220;19223&#8243; link=&#8220;https:\/\/dgtelemed.de\/&#8220; image=&#8220;19225&#8243;][qode_client link_target=&#8220;_blank&#8220; hover_image=&#8220;1866&#8243; link=&#8220;https:\/\/www.isst.fraunhofer.de\/&#8220; image=&#8220;4524&#8243;][qode_client link_target=&#8220;_blank&#8220; hover_image=&#8220;1953&#8243; link=&#8220;https:\/\/www.uniklinikum-jena.de\/&#8220; image=&#8220;2118&#8243;][qode_client link_target=&#8220;_blank&#8220; hover_image=&#8220;1965&#8243; link=&#8220;https:\/\/www.uniklinikum-leipzig.de\/&#8220; image=&#8220;4578&#8243;][qode_client link_target=&#8220;_blank&#8220; image=&#8220;21819&#8243; hover_image=&#8220;21817&#8243; link=&#8220;http:\/\/www.st-franziskus-stiftung.de\/&#8220;][qode_client link_target=&#8220;_blank&#8220; hover_image=&#8220;16511&#8243; link=&#8220;https:\/\/www.uni-wh.de\/gesundheit\/department-fuer-humanmedizin\/lehrstuehle-institute-und-zentren\/lehrstuhl-fuer-gesundheitsinformatik\/&#8220; image=&#8220;16513&#8243;][qode_client link_target=&#8220;_blank&#8220; image=&#8220;21582&#8243; hover_image=&#8220;21580&#8243; link=&#8220;https:\/\/www.evk.de\/&#8220;][qode_client link_target=&#8220;_blank&#8220; image=&#8220;21560&#8243; hover_image=&#8220;21562&#8243; link=&#8220;https:\/\/www.mum-buende.de\/&#8220;][qode_client link_target=&#8220;_blank&#8220; image=&#8220;21809&#8243; hover_image=&#8220;21811&#8243; link=&#8220;https:\/\/www.marien-hospital-dueren.de\/&#8220;][qode_client link_target=&#8220;_blank&#8220; image=&#8220;21793&#8243; hover_image=&#8220;21795&#8243; link=&#8220;https:\/\/www.florence-nightingale-krankenhaus.de\/&#8220;][qode_client link_target=&#8220;_blank&#8220; image=&#8220;21791&#8243; hover_image=&#8220;21789&#8243; link=&#8220;http:\/\/www.krupp-krankenhaus.de\/&#8220;][qode_client link_target=&#8220;_blank&#8220; image=&#8220;21801&#8243; hover_image=&#8220;21803&#8243; link=&#8220;https:\/\/www.barbaraklinik.de\/startseite.html&#8220;][qode_client link_target=&#8220;_blank&#8220; image=&#8220;21568&#8243; hover_image=&#8220;21570&#8243; link=&#8220;https:\/\/www.gks-gesundheitsnetz.de\/startseite&#8220;][qode_client link_target=&#8220;_blank&#8220; image=&#8220;21576&#8243; hover_image=&#8220;21578&#8243; link=&#8220;https:\/\/www.evk-mettmann.de\/de\/home.html&#8220;][qode_client link_target=&#8220;_blank&#8220; hover_image=&#8220;21805&#8243; link=&#8220;https:\/\/www.sfh-muenster.de\/startseite\/&#8220; image=&#8220;21807&#8243;][qode_client link_target=&#8220;_blank&#8220; image=&#8220;21815&#8243; hover_image=&#8220;21813&#8243; link=&#8220;https:\/\/www.thueringen-kliniken.de\/&#8220;][qode_client link_target=&#8220;_blank&#8220; image=&#8220;21799&#8243; hover_image=&#8220;21797&#8243; link=&#8220;https:\/\/www.heinrich-braun-klinikum.de\/&#8220;][qode_client link_target=&#8220;_blank&#8220; image=&#8220;17360&#8243; hover_image=&#8220;17360&#8243; link=&#8220;https:\/\/www.smith.care&#8220;][qode_client link_target=&#8220;_blank&#8220; image=&#8220;2073&#8243; hover_image=&#8220;2073&#8243; link=&#8220;https:\/\/www.tmf-ev.de\/&#8220;][\/qode_clients][\/qode_elements_holder_item][\/qode_elements_holder][\/vc_column][\/vc_row]<\/p>\n<\/div>","protected":false},"excerpt":{"rendered":"<p>[vc_row css_animation=&#8220;&#8220; row_type=&#8220;row&#8220; use_row_as_full_screen_section=&#8220;no&#8220; type=&#8220;full_width&#8220; angled_section=&#8220;no&#8220; text_align=&#8220;left&#8220; background_image_as_pattern=&#8220;without_pattern&#8220; z_index=&#8220;&#8220; css=&#8220;.vc_custom_1612873745229{background-color: #ffffff !important;}&#8220;][vc_column][qode_elements_holder number_of_columns=&#8220;two_columns&#8220; switch_to_one_column=&#8220;768&#8243;][qode_elements_holder_item vertical_alignment=&#8220;top&#8220; advanced_animations=&#8220;no&#8220; item_padding_480_600=&#8220;5%&#8220; item_padding_480=&#8220;5%&#8220; background_color=&#8220;#ffffff&#8220; item_padding=&#8220;5%&#8220;][vc_single_image image=&#8220;24312&#8243; img_size=&#8220;full&#8220; alignment=&#8220;center&#8220; css=&#8220;&#8220; qode_css_animation=&#8220;&#8220;][\/qode_elements_holder_item][qode_elements_holder_item vertical_alignment=&#8220;top&#8220; advanced_animations=&#8220;no&#8220; item_padding=&#8220;5%&#8220; background_color=&#8220;#e0f4fc&#8220; item_padding_600_768=&#8220;8%&#8220; item_padding_480_600=&#8220;8%&#8220; item_padding_480=&#8220;8%&#8220;][vc_column_text] Projektleitung [\/vc_column_text][vc_empty_space height=&#8220;20px&#8220;][vc_column_text]Aachen |\u00a0Universit\u00e4tsklinikum RWTH Aachen[\/vc_column_text][vc_empty_space height=&#8220;15px&#8220;][vc_column_text]Leipzig | Universit\u00e4t Leipzig, SMITH-Gesch\u00e4ftsstelle[\/vc_column_text][vc_empty_space height=&#8220;40px&#8220;][vc_column_text] Projektpartner&#8230;<\/p>\n","protected":false},"author":13,"featured_media":0,"parent":20499,"menu_order":2,"comment_status":"closed","ping_status":"closed","template":"full_width.php","meta":{"footnotes":""},"class_list":["post-19205","page","type-page","status-publish","hentry"],"_links":{"self":[{"href":"https:\/\/www.smith.care\/de\/wp-json\/wp\/v2\/pages\/19205","targetHints":{"allow":["GET"]}}],"collection":[{"href":"https:\/\/www.smith.care\/de\/wp-json\/wp\/v2\/pages"}],"about":[{"href":"https:\/\/www.smith.care\/de\/wp-json\/wp\/v2\/types\/page"}],"author":[{"embeddable":true,"href":"https:\/\/www.smith.care\/de\/wp-json\/wp\/v2\/users\/13"}],"replies":[{"embeddable":true,"href":"https:\/\/www.smith.care\/de\/wp-json\/wp\/v2\/comments?post=19205"}],"version-history":[{"count":41,"href":"https:\/\/www.smith.care\/de\/wp-json\/wp\/v2\/pages\/19205\/revisions"}],"predecessor-version":[{"id":25915,"href":"https:\/\/www.smith.care\/de\/wp-json\/wp\/v2\/pages\/19205\/revisions\/25915"}],"up":[{"embeddable":true,"href":"https:\/\/www.smith.care\/de\/wp-json\/wp\/v2\/pages\/20499"}],"wp:attachment":[{"href":"https:\/\/www.smith.care\/de\/wp-json\/wp\/v2\/media?parent=19205"}],"curies":[{"name":"wp","href":"https:\/\/api.w.org\/{rel}","templated":true}]}}