{"id":19207,"date":"2023-08-24T10:34:58","date_gmt":"2023-08-24T08:34:58","guid":{"rendered":"https:\/\/www.smith.care\/?page_id=19207"},"modified":"2026-03-18T10:54:29","modified_gmt":"2026-03-18T09:54:29","slug":"kontakt-distance-pro","status":"publish","type":"page","link":"https:\/\/www.smith.care\/de\/distance-pro\/kontakt-distance-pro\/","title":{"rendered":"Kontakt DISTANCE:PRO"},"content":{"rendered":"<div class=\"wpb-content-wrapper\"><p>[vc_row css_animation=&#8220;&#8220; row_type=&#8220;row&#8220; use_row_as_full_screen_section=&#8220;no&#8220; type=&#8220;grid&#8220; angled_section=&#8220;no&#8220; text_align=&#8220;left&#8220; background_image_as_pattern=&#8220;without_pattern&#8220; z_index=&#8220;&#8220; css=&#8220;.vc_custom_1626180704558{margin-top: 50px !important;background-color: #f5f6f6 !important;}&#8220;][vc_column css=&#8220;.vc_custom_1675858763195{padding-top: 3% !important;padding-right: 3% !important;padding-bottom: 3% !important;padding-left: 3% !important;background-color: #ffffff !important;}&#8220;][qode_elements_holder number_of_columns=&#8220;one_column&#8220;][qode_elements_holder_item vertical_alignment=&#8220;middle&#8220; advanced_animations=&#8220;no&#8220; item_padding=&#8220;3%&#8220;][vc_column_text css=&#8220;&#8220;]<\/p>\n<h3>Projektkoordination DISTANCE:PRO<\/h3>\n<p>[\/vc_column_text][vc_empty_space height=&#8220;25px&#8220;][vc_column_text]c\/o Universit\u00e4t Leipzig | Medizinische Fakult\u00e4t<br \/>\nLIFE Management Cluster, SMITH-Gesch\u00e4ftsstelle<br \/>\nPhilipp-Rosenthal-Stra\u00dfe 27<br \/>\n04103 Leipzig[\/vc_column_text][vc_empty_space height=&#8220;25px&#8220;][vc_column_text]Telefon: +49 341 97-16720<br \/>\nE-Mail: <a href=\"mailto:info@smith.care\">info@smith.care<\/a>[\/vc_column_text][\/qode_elements_holder_item][qode_elements_holder_item vertical_alignment=&#8220;top&#8220; advanced_animations=&#8220;no&#8220; item_padding=&#8220;3%&#8220;][vc_column_text]<\/p>\n<h3>Sie sind Pressevertreter:in und ben\u00f6tigen detaillierte Informationen? Wir unterst\u00fctzen Sie gern!<\/h3>\n<p>[\/vc_column_text][vc_empty_space height=&#8220;25px&#8220;][vc_column_text css=&#8220;&#8220;]Cornelia Dolling[\/vc_column_text][vc_empty_space height=&#8220;5px&#8220;][vc_column_text css=&#8220;&#8220;]<\/p>\n<p style=\"text-align: left; font-size: small; line-height: 150%;\">Referentin f\u00fcr \u00d6ffentlichkeitsarbeit und Projektkoordination<\/p>\n<p>[\/vc_column_text][vc_empty_space height=&#8220;25px&#8220;][vc_column_text]Julia Jesser[\/vc_column_text][vc_empty_space height=&#8220;5px&#8220;][vc_column_text css=&#8220;&#8220;]<\/p>\n<p style=\"text-align: left; font-size: small; line-height: 150%;\">Mitarbeiterin \u00d6ffentlichkeitsarbeit<\/p>\n<p>[\/vc_column_text][vc_empty_space height=&#8220;25px&#8220;][vc_column_text]Telefon: +49 341 97-16723<br \/>\nE-Mail: <a href=\"mailto:info@smith.care\" target=\"_blank\" rel=\"noopener\">info@smith.care<\/a>[\/vc_column_text][vc_empty_space height=&#8220;25px&#8220;][\/qode_elements_holder_item][\/qode_elements_holder][\/vc_column][\/vc_row][vc_row css_animation=&#8220;&#8220; row_type=&#8220;row&#8220; use_row_as_full_screen_section=&#8220;no&#8220; type=&#8220;grid&#8220; angled_section=&#8220;no&#8220; text_align=&#8220;left&#8220; background_image_as_pattern=&#8220;without_pattern&#8220; z_index=&#8220;&#8220; css=&#8220;.vc_custom_1692866536169{margin-top: 3% !important;padding-top: 1% !important;padding-right: 3% !important;padding-bottom: 2% !important;padding-left: 3% !important;background-color: #e0f4fc !important;}&#8220;][vc_column width=&#8220;1\/3&#8243; css=&#8220;.vc_custom_1675938524833{padding-top: 3% !important;padding-bottom: 3% !important;}&#8220;][qode_elements_holder number_of_columns=&#8220;one_column&#8220;][qode_elements_holder_item vertical_alignment=&#8220;top&#8220; advanced_animations=&#8220;no&#8220; item_padding=&#8220;5%&#8220;][vc_single_image image=&#8220;13868&#8243; img_size=&#8220;200&#215;200&#8243; style=&#8220;vc_box_circle_2&#8243; css=&#8220;.vc_custom_1721824603737{padding-right: 5% !important;padding-left: 5% !important;}&#8220; qode_css_animation=&#8220;&#8220;][vc_empty_space height=&#8220;20px&#8220;][vc_column_text]<\/p>\n<h4 style=\"text-align: left;\">Prof. Dr. Gernot Marx<\/h4>\n<p>[\/vc_column_text][vc_empty_space height=&#8220;5px&#8220;][vc_column_text css=&#8220;&#8220;]Verbundleiter Digitaler FortschrittsHub DISTANCE:PRO[\/vc_column_text][vc_empty_space height=&#8220;15px&#8220;][vc_column_text]<\/p>\n<p style=\"text-align: left; font-size: small; line-height: 150%;\">Sprecher des Vorstandes des Innovationszentrums Digitale Medizin (IZDM),<br \/>\nDirektor der Klinik f\u00fcr Operative Intensivmedizin und Intermediate Care | Universit\u00e4tsklinikum RWTH Aachen<\/p>\n<p>[\/vc_column_text][vc_empty_space height=&#8220;5px&#8220;][vc_column_text]<\/p>\n<p style=\"text-align: left; font-size: small; line-height: 150%;\">Vorstandsvorsitzender der Deutschen Gesellschaft f\u00fcr Telemedizin e. V.<\/p>\n<p>[\/vc_column_text][\/qode_elements_holder_item][\/qode_elements_holder][\/vc_column][\/vc_row][vc_row css_animation=&#8220;&#8220; row_type=&#8220;row&#8220; use_row_as_full_screen_section=&#8220;no&#8220; type=&#8220;grid&#8220; angled_section=&#8220;no&#8220; text_align=&#8220;left&#8220; background_image_as_pattern=&#8220;without_pattern&#8220; z_index=&#8220;&#8220; css=&#8220;.vc_custom_1711616014453{padding-top: 2% !important;padding-right: 3% !important;padding-bottom: 2% !important;padding-left: 3% !important;background-color: #f5f6f6 !important;}&#8220;][vc_column width=&#8220;1\/3&#8243; css=&#8220;.vc_custom_1676378421992{padding-bottom: 2% !important;}&#8220;][qode_elements_holder number_of_columns=&#8220;one_column&#8220;][qode_elements_holder_item vertical_alignment=&#8220;top&#8220; advanced_animations=&#8220;no&#8220; item_padding=&#8220;5%&#8220;][vc_single_image image=&#8220;22275&#8243; img_size=&#8220;200&#215;200&#8243; style=&#8220;vc_box_circle_2&#8243; css=&#8220;.vc_custom_1721825056540{padding-right: 5% !important;padding-left: 5% !important;}&#8220; qode_css_animation=&#8220;&#8220;][vc_empty_space height=&#8220;20px&#8220;][vc_column_text css=&#8220;.vc_custom_1711615891491{padding-left: 5% !important;}&#8220;]<\/p>\n<h4 style=\"text-align: left;\">Andreas Bleilevens<\/h4>\n<p>[\/vc_column_text][vc_empty_space height=&#8220;5px&#8220;][vc_column_text css=&#8220;.vc_custom_1685099497406{padding-left: 5% !important;}&#8220;]Administratives Projektmanagement [\/vc_column_text][vc_empty_space height=&#8220;15px&#8220;][vc_column_text css=&#8220;.vc_custom_1692958107989{padding-left: 5% !important;}&#8220;]<\/p>\n<p style=\"font-size: small; line-height: 150%; text-align: left;\">Innovationszentrum Digitale Medizin und Klinik f\u00fcr Operative Intensivmedizin und Intermediate Care<\/p>\n<p>[\/vc_column_text][vc_empty_space height=&#8220;5px&#8220;][vc_column_text css=&#8220;.vc_custom_1692866674852{padding-left: 5% !important;}&#8220;]<\/p>\n<p style=\"font-size: small; line-height: 150%; text-align: left;\">Universit\u00e4tsklinikum RWTH Aachen<\/p>\n<p>[\/vc_column_text][\/qode_elements_holder_item][\/qode_elements_holder][\/vc_column][vc_column width=&#8220;1\/3&#8243;][qode_elements_holder number_of_columns=&#8220;one_column&#8220;][qode_elements_holder_item vertical_alignment=&#8220;top&#8220; advanced_animations=&#8220;no&#8220; item_padding=&#8220;5%&#8220;][vc_single_image image=&#8220;17855&#8243; img_size=&#8220;&#8220; style=&#8220;vc_box_circle_2&#8243; css=&#8220;&#8220; qode_css_animation=&#8220;&#8220;][vc_empty_space height=&#8220;20px&#8220;][vc_column_text css=&#8220;.vc_custom_1676382371704{padding-left: 5% !important;}&#8220;]<\/p>\n<h4 style=\"text-align: left;\">Janina Kind<\/h4>\n<p>[\/vc_column_text][vc_empty_space height=&#8220;5px&#8220;][vc_column_text css=&#8220;.vc_custom_1685099497406{padding-left: 5% !important;}&#8220;]Administratives Projektmanagement [\/vc_column_text][vc_empty_space height=&#8220;15px&#8220;][vc_column_text css=&#8220;.vc_custom_1676974790446{padding-left: 5% !important;}&#8220;]<\/p>\n<p style=\"text-align: left; font-size: small; line-height: 150%;\">SMITH-Gesch\u00e4ftsstelle<\/p>\n<p>[\/vc_column_text][vc_empty_space height=&#8220;5px&#8220;][vc_column_text css=&#8220;.vc_custom_1676974800326{padding-left: 5% !important;}&#8220;]<\/p>\n<p style=\"text-align: left; font-size: small; line-height: 150%;\">Universit\u00e4t Leipzig<\/p>\n<p>[\/vc_column_text][\/qode_elements_holder_item][\/qode_elements_holder][\/vc_column][\/vc_row]<\/p>\n<\/div>","protected":false},"excerpt":{"rendered":"<p>[vc_row css_animation=&#8220;&#8220; row_type=&#8220;row&#8220; use_row_as_full_screen_section=&#8220;no&#8220; type=&#8220;grid&#8220; angled_section=&#8220;no&#8220; text_align=&#8220;left&#8220; background_image_as_pattern=&#8220;without_pattern&#8220; z_index=&#8220;&#8220; css=&#8220;.vc_custom_1626180704558{margin-top: 50px !important;background-color: #f5f6f6 !important;}&#8220;][vc_column css=&#8220;.vc_custom_1675858763195{padding-top: 3% !important;padding-right: 3% !important;padding-bottom: 3% !important;padding-left: 3% !important;background-color: #ffffff !important;}&#8220;][qode_elements_holder number_of_columns=&#8220;one_column&#8220;][qode_elements_holder_item vertical_alignment=&#8220;middle&#8220; advanced_animations=&#8220;no&#8220; item_padding=&#8220;3%&#8220;][vc_column_text css=&#8220;&#8220;] Projektkoordination DISTANCE:PRO [\/vc_column_text][vc_empty_space height=&#8220;25px&#8220;][vc_column_text]c\/o Universit\u00e4t Leipzig | Medizinische Fakult\u00e4t LIFE Management Cluster, SMITH-Gesch\u00e4ftsstelle Philipp-Rosenthal-Stra\u00dfe 27&#8230;<\/p>\n","protected":false},"author":13,"featured_media":0,"parent":20499,"menu_order":3,"comment_status":"closed","ping_status":"closed","template":"full_width.php","meta":{"footnotes":""},"class_list":["post-19207","page","type-page","status-publish","hentry"],"_links":{"self":[{"href":"https:\/\/www.smith.care\/de\/wp-json\/wp\/v2\/pages\/19207","targetHints":{"allow":["GET"]}}],"collection":[{"href":"https:\/\/www.smith.care\/de\/wp-json\/wp\/v2\/pages"}],"about":[{"href":"https:\/\/www.smith.care\/de\/wp-json\/wp\/v2\/types\/page"}],"author":[{"embeddable":true,"href":"https:\/\/www.smith.care\/de\/wp-json\/wp\/v2\/users\/13"}],"replies":[{"embeddable":true,"href":"https:\/\/www.smith.care\/de\/wp-json\/wp\/v2\/comments?post=19207"}],"version-history":[{"count":38,"href":"https:\/\/www.smith.care\/de\/wp-json\/wp\/v2\/pages\/19207\/revisions"}],"predecessor-version":[{"id":26042,"href":"https:\/\/www.smith.care\/de\/wp-json\/wp\/v2\/pages\/19207\/revisions\/26042"}],"up":[{"embeddable":true,"href":"https:\/\/www.smith.care\/de\/wp-json\/wp\/v2\/pages\/20499"}],"wp:attachment":[{"href":"https:\/\/www.smith.care\/de\/wp-json\/wp\/v2\/media?parent=19207"}],"curies":[{"name":"wp","href":"https:\/\/api.w.org\/{rel}","templated":true}]}}