{"id":19302,"date":"2023-08-31T13:07:59","date_gmt":"2023-08-31T11:07:59","guid":{"rendered":"https:\/\/www.smith.care\/?page_id=19302"},"modified":"2025-04-25T15:14:31","modified_gmt":"2025-04-25T13:14:31","slug":"mii-academy","status":"publish","type":"page","link":"https:\/\/www.smith.care\/de\/lehre\/mii-academy\/","title":{"rendered":"MII-Academy"},"content":{"rendered":"<div class=\"wpb-content-wrapper\"><p>[vc_row css_animation=&#8220;&#8220; row_type=&#8220;row&#8220; use_row_as_full_screen_section=&#8220;no&#8220; type=&#8220;grid&#8220; angled_section=&#8220;no&#8220; text_align=&#8220;left&#8220; background_image_as_pattern=&#8220;without_pattern&#8220; z_index=&#8220;&#8220; css=&#8220;.vc_custom_1693903195561{background-color: #f5f6f6 !important;}&#8220;][vc_column][qode_elements_holder number_of_columns=&#8220;one_column&#8220;][qode_elements_holder_item advanced_animations=&#8220;no&#8220; item_padding=&#8220;5% 0 3% 0&#8243; item_padding_480_600=&#8220;20px 0px 20px 0px&#8220; item_padding_480=&#8220;20px 0px 20px 0px&#8220;][vc_column_text]<\/p>\n<h2>MII-Academy | Online-Lernplattform f\u00fcr klinisch Forschende<\/h2>\n<p>[\/vc_column_text][vc_empty_space height=&#8220;15px&#8220;][vc_column_text]<\/p>\n<h3>Hier erfahren Sie, wie Sie medizinische Routinedaten f\u00fcr Ihr Forschungsprojekt nutzen k\u00f6nnen!<\/h3>\n<p>[\/vc_column_text][\/qode_elements_holder_item][\/qode_elements_holder][\/vc_column][\/vc_row][vc_row css_animation=&#8220;&#8220; row_type=&#8220;row&#8220; use_row_as_full_screen_section=&#8220;no&#8220; type=&#8220;grid&#8220; angled_section=&#8220;no&#8220; text_align=&#8220;left&#8220; background_image_as_pattern=&#8220;without_pattern&#8220; z_index=&#8220;&#8220; css=&#8220;.vc_custom_1649935429082{padding-top: 0px !important;padding-right: 0px !important;padding-bottom: 0px !important;padding-left: 0px !important;background-color: #f5f6f6 !important;}&#8220;][vc_column css=&#8220;.vc_custom_1694689216859{margin-top: 3% !important;background-color: #ffffff !important;}&#8220;][qode_elements_holder number_of_columns=&#8220;two_columns&#8220;][qode_elements_holder_item vertical_alignment=&#8220;middle&#8220; horizontal_alignment=&#8220;left&#8220; advanced_animations=&#8220;no&#8220; item_padding=&#8220;5%&#8220;][vc_column_text]Durch die <a href=\"https:\/\/www.medizininformatik-initiative.de\/de\/start\" target=\"_blank\" rel=\"noopener\">Medizininformatik-Initiative<\/a> und den damit verbundenen Aufbau von <a href=\"https:\/\/www.medizininformatik-initiative.de\/de\/konsortien\/datenintegrationszentren\" target=\"_blank\" rel=\"noopener\">Datenintegrationszentren (DIZ)<\/a> an den (Universit\u00e4ts-)Kliniken entstehen v\u00f6llig neue M\u00f6glichkeiten, Daten aus der Versorgung fach- und standort\u00fcbergreifend f\u00fcr die Forschung zu nutzen.[\/vc_column_text][vc_empty_space height=&#8220;15px&#8220;][vc_column_text]In der MII-Academy lernen Forscherinnen und Forscher, wie sie die zur Verf\u00fcgung stehenden Versorgungsdaten f\u00fcr ihre Forschungsfragen beantragen, erhalten und auswerten k\u00f6nnen. Dabei werden auf der Online-Lernplattform sowohl organisatorische als auch methodische Aspekte behandelt.[\/vc_column_text][vc_empty_space height=&#8220;15px&#8220;][vc_column_text css=&#8220;&#8220;]Die Videopr\u00e4sentationen der MII-Academy richten sich an \u00c4rztinnen und \u00c4rzte sowie klinisch Forschende, die ein eigenes Datennutzungsprojekt planen oder bereits begonnen haben.[\/vc_column_text][vc_empty_space height=&#8220;15px&#8220;][vc_column_text]Die MII-Academy wurde w\u00e4hrend der ersten F\u00f6rderperiode (2018 &#8211; 2022) im SMITH-Konsortium entwickelt. Basierend auf diesen Erfahrungen ist die Lernplattform modular aufgebaut, wobei die Reihenfolge und Wiederholung der Bearbeitung beliebig festgelegt werden kann.[\/vc_column_text][vc_empty_space height=&#8220;15px&#8220;][\/qode_elements_holder_item][qode_elements_holder_item vertical_alignment=&#8220;middle&#8220; horizontal_alignment=&#8220;center&#8220; advanced_animations=&#8220;no&#8220;]<div class=\"qode-int-icon-showcase qode-autoplay\"data-interval=\"6000\"><div class=\"qode-int-icon-showcase-inner\"><div class=\"qode-showcase-item-holder\">\n\t<div class=\"qode-showcase-icon\">\n\t\t<span class=\"qode-icon-holder qode-icon-circle\" style=\"background-color: #66C4D8\">\n\t\t\t<i class=\"qode_icon_font_awesome fa fa-folder-open qode-icon-element\" ><\/i>\t\t<\/span>\n\t<\/div>\n\t<div class=\"qode-showcase-content\">\n\t\t<div class=\"qode-showcase-content-table\">\n\t\t\t<div class=\"qode-showcase-content-cell\">\n\t\t\t\t\t\t\t\t\t<h3>Die Datenintegrationszentren der Medizininformatik-Initiative bieten lokale Services f\u00fcr Ihre Forschung!<\/h3>\n\t\t\t\t\t\t\t\t\t\t\t<\/div>\n\t\t<\/div>\n\t<\/div>\n<\/div><div class=\"qode-showcase-item-holder\">\n\t<div class=\"qode-showcase-icon\">\n\t\t<span class=\"qode-icon-holder qode-icon-circle\" style=\"background-color: #66C4D8\">\n\t\t\t<i class=\"qode_icon_font_awesome fa fa-lightbulb-o qode-icon-element\" ><\/i>\t\t<\/span>\n\t<\/div>\n\t<div class=\"qode-showcase-content\">\n\t\t<div class=\"qode-showcase-content-table\">\n\t\t\t<div class=\"qode-showcase-content-cell\">\n\t\t\t\t\t\t\t\t\t<h3>Erfahren Sie, wie Sie die verf\u00fcgbaren Versorgungsdaten optimal f\u00fcr Ihre Forschungsprojekte nutzen k\u00f6nnen.<\/h3>\n\t\t\t\t\t\t\t\t\t\t\t<\/div>\n\t\t<\/div>\n\t<\/div>\n<\/div><div class=\"qode-showcase-item-holder\">\n\t<div class=\"qode-showcase-icon\">\n\t\t<span class=\"qode-icon-holder qode-icon-circle\" style=\"background-color: #66C4D8\">\n\t\t\t<i class=\"qode_icon_font_awesome fa fa-user qode-icon-element\" ><\/i>\t\t<\/span>\n\t<\/div>\n\t<div class=\"qode-showcase-content\">\n\t\t<div class=\"qode-showcase-content-table\">\n\t\t\t<div class=\"qode-showcase-content-cell\">\n\t\t\t\t\t\t\t\t\t<h3>Die Videopr\u00e4sentationen der MII-Academy richten sich an klinisch Forschende mit einem eigenen Datennutzungsprojekt.<\/h3>\n\t\t\t\t\t\t\t\t\t\t\t<\/div>\n\t\t<\/div>\n\t<\/div>\n<\/div><div class=\"qode-showcase-item-holder\">\n\t<div class=\"qode-showcase-icon\">\n\t\t<span class=\"qode-icon-holder qode-icon-circle\" style=\"background-color: #66C4D8\">\n\t\t\t<i class=\"qode_icon_font_awesome fa fa-cloud-download qode-icon-element\" ><\/i>\t\t<\/span>\n\t<\/div>\n\t<div class=\"qode-showcase-content\">\n\t\t<div class=\"qode-showcase-content-table\">\n\t\t\t<div class=\"qode-showcase-content-cell\">\n\t\t\t\t\t\t\t\t\t<h3>Die Lehr- und Lerneinheiten sind in themenspezifische Module gegliedert.<\/h3>\n\t\t\t\t\t\t\t\t\t\t\t<\/div>\n\t\t<\/div>\n\t<\/div>\n<\/div><div class=\"qode-showcase-item-holder\">\n\t<div class=\"qode-showcase-icon\">\n\t\t<span class=\"qode-icon-holder qode-icon-circle\" style=\"background-color: #66C4D8\">\n\t\t\t<i class=\"qode_icon_font_awesome fa fa-sliders qode-icon-element\" ><\/i>\t\t<\/span>\n\t<\/div>\n\t<div class=\"qode-showcase-content\">\n\t\t<div class=\"qode-showcase-content-table\">\n\t\t\t<div class=\"qode-showcase-content-cell\">\n\t\t\t\t\t\t\t\t\t<h3>Die Lernplattform kann orts- und zeitunabh\u00e4ngig genutzt werden.<\/h3>\n\t\t\t\t\t\t\t\t\t\t\t<\/div>\n\t\t<\/div>\n\t<\/div>\n<\/div><div class=\"qode-showcase-item-holder\">\n\t<div class=\"qode-showcase-icon\">\n\t\t<span class=\"qode-icon-holder qode-icon-circle\" style=\"background-color: #66C4D8\">\n\t\t\t<i class=\"qode_icon_font_awesome fa fa-laptop qode-icon-element\" ><\/i>\t\t<\/span>\n\t<\/div>\n\t<div class=\"qode-showcase-content\">\n\t\t<div class=\"qode-showcase-content-table\">\n\t\t\t<div class=\"qode-showcase-content-cell\">\n\t\t\t\t\t\t\t\t\t<h3>Sie haben Fragen? Kontaktieren Sie uns: info@mii-academy.de<\/h3>\n\t\t\t\t\t\t\t\t\t\t\t<\/div>\n\t\t<\/div>\n\t<\/div>\n<\/div><\/div><div class=\"qode-int-icon-circle\"style=\"border-color: #66C4D8\"><\/div><\/div>[\/qode_elements_holder_item][\/qode_elements_holder][vc_column_text css=&#8220;&#8220;]<\/p>\n<div class=\"post_image_caption\" style=\"text-align: right;\">MII-Academy Grafik \u00a9 SMITH-Gesch\u00e4ftsstelle<\/div>\n<p>[\/vc_column_text][\/vc_column][\/vc_row][vc_row css_animation=&#8220;&#8220; row_type=&#8220;row&#8220; use_row_as_full_screen_section=&#8220;no&#8220; type=&#8220;grid&#8220; angled_section=&#8220;no&#8220; text_align=&#8220;left&#8220; background_image_as_pattern=&#8220;without_pattern&#8220; z_index=&#8220;&#8220; css=&#8220;.vc_custom_1729162579520{margin-top: 5% !important;margin-bottom: 5% !important;padding-right: 15% !important;padding-left: 15% !important;}&#8220;][vc_column width=&#8220;1\/3&#8243; css=&#8220;.vc_custom_1698310853005{padding-bottom: 5% !important;}&#8220;][qode_elements_holder number_of_columns=&#8220;one_column&#8220;][qode_elements_holder_item vertical_alignment=&#8220;middle&#8220; horizontal_alignment=&#8220;center&#8220; advanced_animations=&#8220;no&#8220; item_padding=&#8220;0 0 0 0&#8243;][vc_single_image image=&#8220;14523&#8243; img_size=&#8220;full&#8220; alignment=&#8220;center&#8220; onclick=&#8220;custom_link&#8220; css=&#8220;&#8220; qode_css_animation=&#8220;&#8220; link=&#8220;https:\/\/www.smith.care\/de\/?page_id=19379&#8243;][\/qode_elements_holder_item][\/qode_elements_holder][qode_elements_holder background_color=&#8220;#66C190&#8243; number_of_columns=&#8220;one_column&#8220;][qode_elements_holder_item vertical_alignment=&#8220;middle&#8220; horizontal_alignment=&#8220;center&#8220; advanced_animations=&#8220;no&#8220;]<a  itemprop=\"url\" href=\"https:\/\/www.smith.care\/de\/?page_id=19379\" target=\"_self\" data-hover-background-color='#66C190' data-hover-border-color='#66C190' data-hover-color='#FFFFFF' class=\"qbutton  medium center default\" style=\"color: #FFFFFF; border-color: #66C190; margin: 0 0 0 0; background-color: #66C190;\">Anmeldung<\/a>[\/qode_elements_holder_item][\/qode_elements_holder][\/vc_column][vc_column width=&#8220;1\/3&#8243; css=&#8220;.vc_custom_1698310858745{padding-bottom: 5% !important;}&#8220;][qode_elements_holder number_of_columns=&#8220;one_column&#8220;][qode_elements_holder_item vertical_alignment=&#8220;middle&#8220; horizontal_alignment=&#8220;center&#8220; advanced_animations=&#8220;no&#8220; item_padding=&#8220;0 0 0 0&#8243;][vc_single_image image=&#8220;7163&#8243; img_size=&#8220;full&#8220; alignment=&#8220;center&#8220; onclick=&#8220;custom_link&#8220; css=&#8220;&#8220; qode_css_animation=&#8220;&#8220; link=&#8220;https:\/\/www.smith.care\/de\/?page_id=19382&#8243;][\/qode_elements_holder_item][\/qode_elements_holder][qode_elements_holder background_color=&#8220;#66C190&#8243; number_of_columns=&#8220;one_column&#8220;][qode_elements_holder_item vertical_alignment=&#8220;middle&#8220; horizontal_alignment=&#8220;center&#8220; advanced_animations=&#8220;no&#8220;]<a  itemprop=\"url\" href=\"https:\/\/www.smith.care\/de\/?page_id=19382\" target=\"_self\" data-hover-background-color='#66C190' data-hover-border-color='#66C190' data-hover-color='#ffffff' class=\"qbutton  medium center default\" style=\"color: #ffffff; border-color: #66C190; margin: 0 0 0 0; background-color: #66C190;\">Aufbau und Inhalte<\/a>[\/qode_elements_holder_item][\/qode_elements_holder][\/vc_column][vc_column width=&#8220;1\/3&#8243;][qode_elements_holder number_of_columns=&#8220;one_column&#8220;][qode_elements_holder_item vertical_alignment=&#8220;middle&#8220; horizontal_alignment=&#8220;center&#8220; advanced_animations=&#8220;no&#8220; item_padding=&#8220;0 0 0 0&#8243;][vc_single_image image=&#8220;7231&#8243; img_size=&#8220;full&#8220; alignment=&#8220;center&#8220; onclick=&#8220;custom_link&#8220; css=&#8220;&#8220; qode_css_animation=&#8220;&#8220; link=&#8220;https:\/\/www.smith.care\/de\/?page_id=19385&#8243;][\/qode_elements_holder_item][\/qode_elements_holder][qode_elements_holder background_color=&#8220;#66C190&#8243; number_of_columns=&#8220;one_column&#8220;][qode_elements_holder_item vertical_alignment=&#8220;middle&#8220; horizontal_alignment=&#8220;center&#8220; advanced_animations=&#8220;no&#8220;]<a  itemprop=\"url\" href=\"https:\/\/www.smith.care\/de\/?page_id=19385\" target=\"_self\" data-hover-background-color='#66C190' data-hover-border-color='#66C190' data-hover-color='#ffffff' class=\"qbutton  medium center default\" style=\"color: #ffffff; border-color: #66C190; margin: 0 0 0 0; background-color: #66C190;\">Infos f\u00fcr Referierende<\/a>[\/qode_elements_holder_item][\/qode_elements_holder][\/vc_column][\/vc_row][vc_row css_animation=&#8220;&#8220; row_type=&#8220;row&#8220; use_row_as_full_screen_section=&#8220;no&#8220; type=&#8220;grid&#8220; angled_section=&#8220;no&#8220; text_align=&#8220;left&#8220; background_image_as_pattern=&#8220;without_pattern&#8220; z_index=&#8220;&#8220; css=&#8220;.vc_custom_1674469702467{padding-bottom: 2% !important;background-color: #f5f6f6 !important;}&#8220;][vc_column css=&#8220;.vc_custom_1644578899976{background-color: #ffffff !important;}&#8220;][qode_elements_holder number_of_columns=&#8220;three_columns&#8220;][qode_elements_holder_item vertical_alignment=&#8220;top&#8220; advanced_animations=&#8220;no&#8220; item_padding=&#8220;5%&#8220; item_padding_768_1024=&#8220;0&#8243;][vc_column_text css=&#8220;&#8220;]<\/p>\n<h4>Flyer MII-Academy<\/h4>\n<p>[\/vc_column_text][vc_empty_space height=&#8220;15px&#8220;][vc_column_text css=&#8220;&#8220;]Stand: 11\/2024[\/vc_column_text][\/qode_elements_holder_item][qode_elements_holder_item advanced_animations=&#8220;no&#8220; item_padding=&#8220;5%&#8220; item_padding_768_1024=&#8220;0&#8243;][vc_single_image image=&#8220;24460&#8243; img_size=&#8220;&#8220; alignment=&#8220;center&#8220; onclick=&#8220;custom_link&#8220; img_link_target=&#8220;_blank&#8220; css=&#8220;&#8220; qode_css_animation=&#8220;&#8220; link=&#8220;https:\/\/www.smith.care\/wp-content\/uploads\/2025\/03\/MII_Academy_148x148_25112024.pdf&#8220;][vc_empty_space height=&#8220;15px&#8220;][vc_column_text css=&#8220;&#8220;]<\/p>\n<p style=\"text-align: center;\"><a href=\"https:\/\/www.smith.care\/wp-content\/uploads\/2025\/03\/MII_Academy_148x148_25112024.pdf\" target=\"_blank\" rel=\"noopener\">Flyer MII-Academy (Deutsch)<\/a><\/p>\n<p>[\/vc_column_text][\/qode_elements_holder_item][qode_elements_holder_item advanced_animations=&#8220;no&#8220; item_padding=&#8220;5%&#8220; item_padding_768_1024=&#8220;0&#8243;][\/qode_elements_holder_item][\/qode_elements_holder][\/vc_column][\/vc_row][vc_row css_animation=&#8220;&#8220; row_type=&#8220;row&#8220; use_row_as_full_screen_section=&#8220;no&#8220; type=&#8220;grid&#8220; angled_section=&#8220;no&#8220; text_align=&#8220;left&#8220; background_image_as_pattern=&#8220;without_pattern&#8220; z_index=&#8220;&#8220; css=&#8220;.vc_custom_1694695772848{margin-bottom: 3% !important;background-color: #f5f6f6 !important;}&#8220;][vc_column css=&#8220;.vc_custom_1725367779278{padding-top: 5% !important;padding-right: 5% !important;padding-bottom: 5% !important;padding-left: 5% !important;background-color: #ffffff !important;}&#8220;][qode_elements_holder number_of_columns=&#8220;one_column&#8220;][qode_elements_holder_item advanced_animations=&#8220;no&#8220; item_padding=&#8220;0 0 5% 0&#8243;][vc_column_text]<\/p>\n<h3 style=\"text-align: left;\">Kontakt<\/h3>\n<p>[\/vc_column_text][\/qode_elements_holder_item][\/qode_elements_holder][qode_elements_holder number_of_columns=&#8220;two_columns&#8220;][qode_elements_holder_item advanced_animations=&#8220;no&#8220;]<div class='q_icon_with_title small normal_icon '><div class=\"icon_holder \" style=\" \"><span data-icon-type=\"normal\"  data-icon-hover-color=\"#66C4D8\" style=\"\" class=\"qode_iwt_icon_holder q_font_awsome_icon fa-2x  \"><i class=\"qode_icon_font_awesome fa fa-address-book qode_iwt_icon_element\" style=\"color: #66C4D8;\" ><\/i><\/span><\/div><div class=\"icon_text_holder\" style=\"\"><div class=\"icon_text_inner\" style=\"\"><h5 class=\"icon_title\" style=\"\"><\/h5><p style='color: #000000'>Universit\u00e4t Leipzig | Medizinische Fakult\u00e4t<\/p><\/div><\/div><\/div>[vc_column_text css=&#8220;.vc_custom_1712055949418{padding-top: -2% !important;padding-left: 8% !important;}&#8220;]LIFE Management Cluster<br \/>\nSMITH-Gesch\u00e4ftsstelle<strong><br \/>\n<\/strong>Philipp-Rosenthal-Stra\u00dfe 27<br \/>\n04103 Leipzig[\/vc_column_text][\/qode_elements_holder_item][qode_elements_holder_item advanced_animations=&#8220;no&#8220;]<div class='q_icon_with_title small normal_icon '><div class=\"icon_holder \" style=\" \"><span data-icon-type=\"normal\"  data-icon-hover-color=\"#66C4D8\" style=\"\" class=\"qode_iwt_icon_holder q_font_awsome_icon fa-2x  \"><i class=\"qode_icon_font_awesome fa fa-phone qode_iwt_icon_element\" style=\"color: #66C4D8;\" ><\/i><\/span><\/div><div class=\"icon_text_holder\" style=\"\"><div class=\"icon_text_inner\" style=\"\"><h5 class=\"icon_title\" style=\"\"><\/h5><p style='color: #000000'>Telefon: +49 341 97-16720<\/p><\/div><\/div><\/div><div class='q_icon_with_title small normal_icon '><div class=\"icon_holder \" style=\" \"><span data-icon-type=\"normal\"  data-icon-hover-color=\"#66C4D8\" style=\"\" class=\"qode_iwt_icon_holder q_font_awsome_icon fa-2x  \"><i class=\"qode_icon_font_awesome fa fa-envelope-open qode_iwt_icon_element\" style=\"color: #66C4D8;\" ><\/i><\/span><\/div><div class=\"icon_text_holder\" style=\"\"><div class=\"icon_text_inner\" style=\"\"><h5 class=\"icon_title\" style=\"\"><\/h5><p style=''><\/p><a itemprop='url' class='icon_with_title_link' href='mailto:info@mii-academy.de' target='_blank' style=''>E-Mail: info@mii-academy.de<\/a><\/div><\/div><\/div>[\/qode_elements_holder_item][\/qode_elements_holder][\/vc_column][\/vc_row]<\/p>\n<\/div>","protected":false},"excerpt":{"rendered":"<p>[vc_row css_animation=&#8220;&#8220; row_type=&#8220;row&#8220; use_row_as_full_screen_section=&#8220;no&#8220; type=&#8220;grid&#8220; angled_section=&#8220;no&#8220; text_align=&#8220;left&#8220; background_image_as_pattern=&#8220;without_pattern&#8220; z_index=&#8220;&#8220; css=&#8220;.vc_custom_1693903195561{background-color: #f5f6f6 !important;}&#8220;][vc_column][qode_elements_holder number_of_columns=&#8220;one_column&#8220;][qode_elements_holder_item advanced_animations=&#8220;no&#8220; item_padding=&#8220;5% 0 3% 0&#8243; item_padding_480_600=&#8220;20px 0px 20px 0px&#8220; item_padding_480=&#8220;20px 0px 20px 0px&#8220;][vc_column_text] MII-Academy | Online-Lernplattform f\u00fcr klinisch Forschende [\/vc_column_text][vc_empty_space height=&#8220;15px&#8220;][vc_column_text] Hier erfahren Sie, wie Sie medizinische Routinedaten f\u00fcr Ihr Forschungsprojekt nutzen&#8230;<\/p>\n","protected":false},"author":13,"featured_media":0,"parent":6084,"menu_order":4,"comment_status":"closed","ping_status":"closed","template":"full_width.php","meta":{"footnotes":""},"class_list":["post-19302","page","type-page","status-publish","hentry"],"_links":{"self":[{"href":"https:\/\/www.smith.care\/de\/wp-json\/wp\/v2\/pages\/19302","targetHints":{"allow":["GET"]}}],"collection":[{"href":"https:\/\/www.smith.care\/de\/wp-json\/wp\/v2\/pages"}],"about":[{"href":"https:\/\/www.smith.care\/de\/wp-json\/wp\/v2\/types\/page"}],"author":[{"embeddable":true,"href":"https:\/\/www.smith.care\/de\/wp-json\/wp\/v2\/users\/13"}],"replies":[{"embeddable":true,"href":"https:\/\/www.smith.care\/de\/wp-json\/wp\/v2\/comments?post=19302"}],"version-history":[{"count":258,"href":"https:\/\/www.smith.care\/de\/wp-json\/wp\/v2\/pages\/19302\/revisions"}],"predecessor-version":[{"id":24560,"href":"https:\/\/www.smith.care\/de\/wp-json\/wp\/v2\/pages\/19302\/revisions\/24560"}],"up":[{"embeddable":true,"href":"https:\/\/www.smith.care\/de\/wp-json\/wp\/v2\/pages\/6084"}],"wp:attachment":[{"href":"https:\/\/www.smith.care\/de\/wp-json\/wp\/v2\/media?parent=19302"}],"curies":[{"name":"wp","href":"https:\/\/api.w.org\/{rel}","templated":true}]}}