{"id":19379,"date":"2023-09-05T10:19:04","date_gmt":"2023-09-05T08:19:04","guid":{"rendered":"https:\/\/www.smith.care\/?page_id=19379"},"modified":"2024-08-29T15:11:37","modified_gmt":"2024-08-29T13:11:37","slug":"mii-academy-anmeldung","status":"publish","type":"page","link":"https:\/\/www.smith.care\/de\/lehre\/mii-academy\/mii-academy-anmeldung\/","title":{"rendered":"Anmeldung zur MII-Academy"},"content":{"rendered":"<div class=\"wpb-content-wrapper\"><p>[vc_row css_animation=&#8220;&#8220; row_type=&#8220;row&#8220; use_row_as_full_screen_section=&#8220;no&#8220; type=&#8220;grid&#8220; angled_section=&#8220;no&#8220; text_align=&#8220;left&#8220; background_image_as_pattern=&#8220;without_pattern&#8220; z_index=&#8220;&#8220; css=&#8220;.vc_custom_1693903195561{background-color: #f5f6f6 !important;}&#8220;][vc_column][qode_elements_holder number_of_columns=&#8220;one_column&#8220;][qode_elements_holder_item advanced_animations=&#8220;no&#8220; item_padding=&#8220;5% 0 3% 0&#8243; item_padding_480_600=&#8220;20px 0px 20px 0px&#8220; item_padding_480=&#8220;20px 0px 20px 0px&#8220;][vc_column_text]<\/p>\n<h2>MII-Academy | Online-Lernplattform f\u00fcr klinisch Forschende<\/h2>\n<p>[\/vc_column_text][vc_empty_space height=&#8220;15px&#8220;][vc_column_text css=&#8220;.vc_custom_1712061815871{padding-bottom: 5% !important;}&#8220;]<\/p>\n<h3>Login und Anmeldung<\/h3>\n<p>[\/vc_column_text][\/qode_elements_holder_item][\/qode_elements_holder][\/vc_column][\/vc_row][vc_row css_animation=&#8220;&#8220; row_type=&#8220;row&#8220; use_row_as_full_screen_section=&#8220;no&#8220; type=&#8220;grid&#8220; angled_section=&#8220;no&#8220; text_align=&#8220;center&#8220; background_image_as_pattern=&#8220;without_pattern&#8220; z_index=&#8220;&#8220;][vc_column css=&#8220;.vc_custom_1694686518448{margin-bottom: 3% !important;border-top-width: 0px !important;border-right-width: 0px !important;border-bottom-width: 0px !important;border-left-width: 0px !important;padding-top: 0px !important;padding-right: 0px !important;padding-bottom: 0px !important;padding-left: 0px !important;background-color: #66c190 !important;}&#8220;][qode_elements_holder background_color=&#8220;#66c190&#8243; number_of_columns=&#8220;one_column&#8220;][qode_elements_holder_item vertical_alignment=&#8220;middle&#8220; horizontal_alignment=&#8220;center&#8220; advanced_animations=&#8220;no&#8220; background_color=&#8220;#66c190&#8243;]<div class=\"container_inner\"><div class=\"call_to_action with_icon\" style=\"background-color: #66c190;padding-top: 3%px;padding-bottom: 3%px;\"><div class=\"two_columns_75_25 clearfix\"><div class=\"text_wrapper column1\"><div class=\"call_to_action_icon_holder\"><div class=\"call_to_action_icon\"><div class=\"call_to_action_icon_inner\"><i class='fa fa-desktop pull-left . fa-3x'><\/i><\/div><\/div><\/div><div class=\"call_to_action_text  font_size_inherit font_weight_inherit letter_spacing_inherit\" style=\"font-size:18px;font-weight: 600;letter-spacing: -0,2px;\">\n<p style=\"text-align: center;\"><span style=\"color: #ffffff;\">Hier geht&#8217;s zur MII-Academy! <\/span><\/p>\n<p style=\"text-align: center;\"><span style=\"color: #ffffff;\">Voraussetzung ist ein Login auf der E-Learning-Plattform &#8222;WBMoodle&#8220;. <\/span><\/p>\n<p style=\"text-align: center;\"><span style=\"color: #ffffff;\">Benutzen Sie dazu unsere untenstehende Anleitung.<\/span><\/p>\n<\/div><\/div><div class=\"button_wrapper column2\"><a itemprop=\"url\" href=\"https:\/\/wbmoodle.uni-leipzig.de\/course\/index.php?categoryid=317\" class=\"qbutton white big_large\" target=\"_blank\" style=\"color: #66c190;border-color: #66c190;background-color: #ffffff;\" data-hover-background-color=#ffffff data-hover-border-color=#6a7484 data-hover-color=#6a7484>Anmeldung<\/a><\/div><\/div><\/div><\/div>[\/qode_elements_holder_item][\/qode_elements_holder][\/vc_column][\/vc_row][vc_row css_animation=&#8220;&#8220; row_type=&#8220;row&#8220; use_row_as_full_screen_section=&#8220;no&#8220; type=&#8220;grid&#8220; angled_section=&#8220;no&#8220; text_align=&#8220;left&#8220; background_image_as_pattern=&#8220;without_pattern&#8220; z_index=&#8220;&#8220; css=&#8220;.vc_custom_1649935429082{padding-top: 0px !important;padding-right: 0px !important;padding-bottom: 0px !important;padding-left: 0px !important;background-color: #f5f6f6 !important;}&#8220;][vc_column css=&#8220;.vc_custom_1709198746826{padding-top: 5% !important;padding-right: 5% !important;padding-bottom: 2% !important;padding-left: 5% !important;background-color: #ffffff !important;}&#8220;][qode_elements_holder number_of_columns=&#8220;one_column&#8220;][qode_elements_holder_item advanced_animations=&#8220;no&#8220;][vc_column_text]<\/p>\n<div class=\"wpb_text_column wpb_content_element \">\n<div class=\"wpb_wrapper\">\n<h3>Login und Anlegen eines Accounts<\/h3>\n<\/div>\n<\/div>\n<p>[\/vc_column_text][vc_empty_space height=&#8220;25px&#8220;][vc_column_text]Die Anmeldung zur E-Learning Plattform &#8222;WBMoodle&#8220; ist sowohl mit dem Login der Universit\u00e4t Leipzig als auch \u00fcber andere Hochschulen m\u00f6glich. Au\u00dferdem k\u00f6nnen Sie unabh\u00e4ngig von Ihrer institutionellen Zugeh\u00f6rigkeit einen neuen Account anlegen. In den folgenden Schritten erfahren Sie, wie die Anmeldung funktioniert:<\/p>\n<p><em>(Hinweis: Klicken Sie bitte auf die Bilder, um sie zu vergr\u00f6\u00dfern.)<\/em>[\/vc_column_text][vc_empty_space height=&#8220;20px&#8220;][\/qode_elements_holder_item][\/qode_elements_holder][qode_content_slider auto_rotate=&#8220;0&#8243; enable_drag=&#8220;no&#8220; direction_nav=&#8220;yes&#8220; control_nav=&#8220;yes&#8220; control_nav_justify=&#8220;no&#8220; pause_on_hover=&#8220;no&#8220;][qode_content_slider_item][qode_elements_holder number_of_columns=&#8220;one_column&#8220;][qode_elements_holder_item vertical_alignment=&#8220;middle&#8220; horizontal_alignment=&#8220;left&#8220; advanced_animations=&#8220;no&#8220; item_padding=&#8220;5% 5% 5% 15%&#8220;][vc_empty_space height=&#8220;25px&#8220;][vc_column_text]<\/p>\n<h4>Account | Login<\/h4>\n<p>[\/vc_column_text][vc_empty_space height=&#8220;25px&#8220;][vc_column_text]Um auf die Angebote der MII-Academy zugreifen zu k\u00f6nnen, m\u00fcssen Sie sich auf der E-Learning Plattform \u201eWBMoodle\u201c der Universit\u00e4t Leipzig anmelden.[\/vc_column_text][vc_empty_space height=&#8220;20px&#8220;][vc_column_text]Zu WBMoodle gelangen Sie \u00fcber folgenden Link:<\/p>\n<p><a href=\"https:\/\/wbmoodle.uni-leipzig.de\/\" target=\"_blank\" rel=\"noopener\">https:\/\/wbmoodle.uni-leipzig.de\/<\/a>[\/vc_column_text][vc_empty_space height=&#8220;20px&#8220;][vc_column_text]Um sich anzumelden, klicken Sie bitte oben rechts auf \u201eLogin\u201c.[\/vc_column_text][vc_empty_space height=&#8220;25px&#8220;][\/qode_elements_holder_item][qode_elements_holder_item vertical_alignment=&#8220;middle&#8220; horizontal_alignment=&#8220;right&#8220; advanced_animations=&#8220;no&#8220; item_padding=&#8220;5% 15% 5% 0&#8243;][vc_single_image image=&#8220;22219&#8243; img_size=&#8220;large&#8220; onclick=&#8220;link_image&#8220; qode_css_animation=&#8220;&#8220;][vc_empty_space height=&#8220;25px&#8220;][\/qode_elements_holder_item][\/qode_elements_holder][\/qode_content_slider_item][qode_content_slider_item][qode_elements_holder number_of_columns=&#8220;one_column&#8220;][qode_elements_holder_item vertical_alignment=&#8220;middle&#8220; horizontal_alignment=&#8220;left&#8220; advanced_animations=&#8220;no&#8220; item_padding=&#8220;5% 5% 5% 15%&#8220;][vc_empty_space height=&#8220;25px&#8220;][vc_column_text]<\/p>\n<h4>F\u00fcr die Anmeldung stehen mehrere M\u00f6glichkeiten zur Auswahl:<\/h4>\n<p>[\/vc_column_text][vc_empty_space height=&#8220;25px&#8220;][vc_column_text]1. Als Nutzer:in mit einem Login einer Hochschule im Rahmen des DFN-AAI-Verbundes[\/vc_column_text][vc_empty_space height=&#8220;20px&#8220;][vc_column_text]2. Als Nutzer:in mit einem Login der Universit\u00e4t Leipzig[\/vc_column_text][vc_empty_space height=&#8220;20px&#8220;][vc_column_text]3. Anmeldung f\u00fcr Nutzer:innen ohne Uni-Leipzig oder DFN-Login[\/vc_column_text][vc_empty_space height=&#8220;25px&#8220;][\/qode_elements_holder_item][qode_elements_holder_item vertical_alignment=&#8220;middle&#8220; horizontal_alignment=&#8220;right&#8220; advanced_animations=&#8220;no&#8220; item_padding=&#8220;5% 15% 5% 0&#8243;][vc_single_image image=&#8220;22221&#8243; img_size=&#8220;large&#8220; onclick=&#8220;link_image&#8220; qode_css_animation=&#8220;&#8220;][vc_empty_space height=&#8220;25px&#8220;][\/qode_elements_holder_item][\/qode_elements_holder][\/qode_content_slider_item][qode_content_slider_item][qode_elements_holder number_of_columns=&#8220;one_column&#8220;][qode_elements_holder_item vertical_alignment=&#8220;middle&#8220; horizontal_alignment=&#8220;left&#8220; advanced_animations=&#8220;no&#8220; item_padding=&#8220;5% 5% 5% 15%&#8220;][vc_empty_space height=&#8220;25px&#8220;][vc_column_text]<\/p>\n<h4>1. Als Nutzer:in mit einem Login einer Hochschule im Rahmen des DFN-AAI-Verbundes<\/h4>\n<p>[\/vc_column_text][vc_empty_space height=&#8220;25px&#8220;][vc_column_text]Als Nutzer:in mit einem Login einer Hochschule im Rahmen des DFN-AAI-Verbundes k\u00f6nnen Sie sich mit Ihren Daten anmelden, indem Sie auf &#8222;DFN-AAI-Login&#8220; klicken.[\/vc_column_text][vc_empty_space height=&#8220;25px&#8220;][\/qode_elements_holder_item][qode_elements_holder_item vertical_alignment=&#8220;middle&#8220; horizontal_alignment=&#8220;right&#8220; advanced_animations=&#8220;no&#8220; item_padding=&#8220;5% 15% 5% 0&#8243;][vc_single_image image=&#8220;22223&#8243; img_size=&#8220;large&#8220; onclick=&#8220;link_image&#8220; qode_css_animation=&#8220;&#8220;][vc_empty_space height=&#8220;25px&#8220;][\/qode_elements_holder_item][\/qode_elements_holder][\/qode_content_slider_item][qode_content_slider_item][qode_elements_holder number_of_columns=&#8220;one_column&#8220;][qode_elements_holder_item vertical_alignment=&#8220;middle&#8220; horizontal_alignment=&#8220;left&#8220; advanced_animations=&#8220;no&#8220; item_padding=&#8220;5% 5% 5% 15%&#8220;][vc_empty_space height=&#8220;25px&#8220;][vc_column_text]<\/p>\n<h4>2. Als Nutzer:in mit einem Login der Universit\u00e4t Leipzig<\/h4>\n<p>[\/vc_column_text][vc_empty_space height=&#8220;25px&#8220;][vc_column_text]Als Nutzer:in mit einem Login der Universit\u00e4t Leipzig (@uni-leipzig.de oder @studserv.uni-leipzig.de) klicken Sie bitte den &#8222;Uni-Login&#8220;-Button an und folgen den Anweisungen.[\/vc_column_text][vc_empty_space height=&#8220;20px&#8220;][vc_column_text]<\/p>\n<p style=\"text-align: left; font-size: small; line-height: 150%;\">Hinweis: Als Nutzer:in mit einer E-Mail-Adresse der Unimedizin Leipzig (@medizin.uni-leipzig.de) folgen Sie bitte den Anweisungen zu &#8222;3. Anmeldung f\u00fcr Nutzer:innen ohne Uni-Leipzig oder DFN-Login&#8220;.<\/p>\n<p>[\/vc_column_text][vc_empty_space height=&#8220;25px&#8220;][\/qode_elements_holder_item][qode_elements_holder_item vertical_alignment=&#8220;middle&#8220; horizontal_alignment=&#8220;right&#8220; advanced_animations=&#8220;no&#8220; item_padding=&#8220;5% 15% 5% 0&#8243;][vc_single_image image=&#8220;22245&#8243; img_size=&#8220;large&#8220; onclick=&#8220;link_image&#8220; qode_css_animation=&#8220;&#8220;][vc_empty_space height=&#8220;25px&#8220;][\/qode_elements_holder_item][\/qode_elements_holder][\/qode_content_slider_item][qode_content_slider_item][qode_elements_holder number_of_columns=&#8220;one_column&#8220;][qode_elements_holder_item vertical_alignment=&#8220;middle&#8220; horizontal_alignment=&#8220;left&#8220; advanced_animations=&#8220;no&#8220; item_padding=&#8220;5% 5% 5% 15%&#8220;][vc_empty_space height=&#8220;25px&#8220;][vc_column_text]<\/p>\n<h4>3. Anmeldung f\u00fcr Nutzer:innen ohne Uni-Leipzig oder DFN-Login<\/h4>\n<p>[\/vc_column_text][vc_empty_space height=&#8220;25px&#8220;][vc_column_text]Falls Sie keine der oben genannten Login-M\u00f6glichkeiten nutzen k\u00f6nnen, legen Sie bitte ein neues Konto auf der &#8222;WBMoodle&#8220;-Plattform an. Klicken Sie dazu auf den Button \u201eNeues Konto anlegen\u201c und folgen Sie den Anweisungen.[\/vc_column_text][vc_empty_space height=&#8220;25px&#8220;][\/qode_elements_holder_item][qode_elements_holder_item vertical_alignment=&#8220;middle&#8220; horizontal_alignment=&#8220;right&#8220; advanced_animations=&#8220;no&#8220; item_padding=&#8220;5% 15% 5% 0&#8243;][vc_single_image image=&#8220;22252&#8243; img_size=&#8220;large&#8220; onclick=&#8220;link_image&#8220; qode_css_animation=&#8220;&#8220;][vc_empty_space height=&#8220;25px&#8220;][\/qode_elements_holder_item][\/qode_elements_holder][\/qode_content_slider_item][qode_content_slider_item][qode_elements_holder number_of_columns=&#8220;one_column&#8220;][qode_elements_holder_item vertical_alignment=&#8220;middle&#8220; horizontal_alignment=&#8220;left&#8220; advanced_animations=&#8220;no&#8220; item_padding=&#8220;5% 5% 5% 15%&#8220;][vc_empty_space height=&#8220;25px&#8220;][vc_column_text]<\/p>\n<h4>3. Anmeldung f\u00fcr Nutzer:innen ohne Uni-Leipzig oder DFN-Login<\/h4>\n<p>[\/vc_column_text][vc_empty_space height=&#8220;25px&#8220;][vc_column_text]F\u00fcllen Sie das Formular &#8222;Neuer Zugang&#8220; mit Ihren Angaben aus. Sie erhalten im Anschluss eine Benachrichtigung an die von Ihnen angegebene E-Mail-Adresse. Lesen Sie diese E-Mail genau und klicken Sie den darin enthaltenen Link an.[\/vc_column_text][vc_empty_space height=&#8220;25px&#8220;][\/qode_elements_holder_item][qode_elements_holder_item vertical_alignment=&#8220;middle&#8220; horizontal_alignment=&#8220;right&#8220; advanced_animations=&#8220;no&#8220; item_padding=&#8220;5% 15% 5% 0&#8243;][vc_single_image image=&#8220;22229&#8243; img_size=&#8220;large&#8220; onclick=&#8220;link_image&#8220; qode_css_animation=&#8220;&#8220;][vc_empty_space height=&#8220;25px&#8220;][\/qode_elements_holder_item][\/qode_elements_holder][\/qode_content_slider_item][qode_content_slider_item][qode_elements_holder number_of_columns=&#8220;one_column&#8220;][qode_elements_holder_item vertical_alignment=&#8220;middle&#8220; horizontal_alignment=&#8220;left&#8220; advanced_animations=&#8220;no&#8220; item_padding=&#8220;5% 5% 5% 15%&#8220;][vc_empty_space height=&#8220;25px&#8220;][vc_column_text]<\/p>\n<h4>3. Anmeldung f\u00fcr Nutzer:innen ohne Uni-Leipzig oder DFN-Login<\/h4>\n<p>[\/vc_column_text][vc_empty_space height=&#8220;25px&#8220;][vc_column_text]Ihr Zugang wird auf diese Weise best\u00e4tigt und Sie werden automatisch mit Ihren zuvor angegebenen Zugangsdaten auf der Startseite eingeloggt.[\/vc_column_text][vc_empty_space height=&#8220;20px&#8220;][vc_column_text]Bei Ihrer n\u00e4chsten Anmeldung nutzen Sie die auf der Startseite angezeigten Felder f\u00fcr Anmeldenamen und Kennwort.[\/vc_column_text][vc_empty_space height=&#8220;25px&#8220;][\/qode_elements_holder_item][qode_elements_holder_item vertical_alignment=&#8220;middle&#8220; horizontal_alignment=&#8220;right&#8220; advanced_animations=&#8220;no&#8220; item_padding=&#8220;5% 15% 5% 0&#8243;][vc_single_image image=&#8220;22249&#8243; img_size=&#8220;large&#8220; onclick=&#8220;link_image&#8220; qode_css_animation=&#8220;&#8220;][vc_empty_space height=&#8220;25px&#8220;][\/qode_elements_holder_item][\/qode_elements_holder][\/qode_content_slider_item][\/qode_content_slider][\/vc_column][\/vc_row][vc_row css_animation=&#8220;&#8220; row_type=&#8220;row&#8220; use_row_as_full_screen_section=&#8220;no&#8220; type=&#8220;grid&#8220; angled_section=&#8220;no&#8220; text_align=&#8220;left&#8220; background_image_as_pattern=&#8220;without_pattern&#8220; z_index=&#8220;&#8220; css=&#8220;.vc_custom_1649935429082{padding-top: 0px !important;padding-right: 0px !important;padding-bottom: 0px !important;padding-left: 0px !important;background-color: #f5f6f6 !important;}&#8220;][vc_column css=&#8220;.vc_custom_1709198754645{margin-top: 3% !important;padding-top: 5% !important;padding-right: 5% !important;padding-bottom: 2% !important;padding-left: 5% !important;background-color: #ffffff !important;}&#8220;][qode_elements_holder number_of_columns=&#8220;one_column&#8220;][qode_elements_holder_item advanced_animations=&#8220;no&#8220;][vc_column_text]<\/p>\n<div class=\"wpb_text_column wpb_content_element \">\n<div class=\"wpb_wrapper\">\n<h3>Anmeldung zum Kurs &#8222;MII-Academy&#8220;<\/h3>\n<\/div>\n<\/div>\n<p>[\/vc_column_text][vc_empty_space height=&#8220;25px&#8220;][vc_column_text]Sobald Sie sich bei WBMoodle angemeldet haben, k\u00f6nnen Sie sich in den Kurs &#8222;MII-Academy&#8220; einschreiben. Wie das funktioniert, zeigen wir Ihnen in den folgenden Schritten:[\/vc_column_text][vc_empty_space height=&#8220;20px&#8220;][\/qode_elements_holder_item][\/qode_elements_holder][qode_content_slider auto_rotate=&#8220;0&#8243; enable_drag=&#8220;no&#8220; direction_nav=&#8220;yes&#8220; control_nav=&#8220;yes&#8220; control_nav_justify=&#8220;no&#8220; pause_on_hover=&#8220;no&#8220;][qode_content_slider_item][qode_elements_holder number_of_columns=&#8220;one_column&#8220;][qode_elements_holder_item vertical_alignment=&#8220;middle&#8220; horizontal_alignment=&#8220;left&#8220; advanced_animations=&#8220;no&#8220; item_padding=&#8220;5% 5% 5% 15%&#8220;][vc_column_text]Den Kurs &#8222;MII-Academy&#8220; finden Sie auf der Startseite von &#8222;WBMoodle&#8220; in der Rubrik \u201eKursbereiche\u201c.<\/p>\n<p>Klicken Sie dazu auf \u201e09-Medizinische Fakult\u00e4t\/Universit\u00e4tsklinikum\u201c.[\/vc_column_text][\/qode_elements_holder_item][qode_elements_holder_item vertical_alignment=&#8220;middle&#8220; horizontal_alignment=&#8220;right&#8220; advanced_animations=&#8220;no&#8220; item_padding=&#8220;5% 15% 5% 0&#8243;][vc_single_image image=&#8220;22231&#8243; img_size=&#8220;large&#8220; onclick=&#8220;link_image&#8220; qode_css_animation=&#8220;&#8220;][vc_empty_space height=&#8220;25px&#8220;][\/qode_elements_holder_item][\/qode_elements_holder][\/qode_content_slider_item][qode_content_slider_item][qode_elements_holder number_of_columns=&#8220;one_column&#8220;][qode_elements_holder_item vertical_alignment=&#8220;middle&#8220; horizontal_alignment=&#8220;left&#8220; advanced_animations=&#8220;no&#8220; item_padding=&#8220;5% 5% 5% 15%&#8220;][vc_column_text]An vierter Stelle finden Sie den Kurs &#8222;MII-Academy&#8220;. Klicken Sie auf &#8222;MII-Academy&#8220;, um zum Kurs zu gelangen. Alternativ erreichen Sie den Kurs unter <a href=\"https:\/\/wbmoodle.uni-leipzig.de\/course\/index.php?categoryid=317\" target=\"_blank\" rel=\"noopener\">folgendem Link<\/a>.[\/vc_column_text][\/qode_elements_holder_item][qode_elements_holder_item vertical_alignment=&#8220;middle&#8220; horizontal_alignment=&#8220;right&#8220; advanced_animations=&#8220;no&#8220; item_padding=&#8220;5% 15% 5% 0&#8243;][vc_single_image image=&#8220;22233&#8243; img_size=&#8220;large&#8220; onclick=&#8220;link_image&#8220; qode_css_animation=&#8220;&#8220;][vc_empty_space height=&#8220;25px&#8220;][\/qode_elements_holder_item][\/qode_elements_holder][\/qode_content_slider_item][qode_content_slider_item][qode_elements_holder number_of_columns=&#8220;one_column&#8220;][qode_elements_holder_item vertical_alignment=&#8220;middle&#8220; horizontal_alignment=&#8220;left&#8220; advanced_animations=&#8220;no&#8220; item_padding=&#8220;5% 5% 5% 15%&#8220;][vc_column_text]Sie befinden sich nun auf der Startseite der MII-Academy. Hier sehen Sie die vier Boxen zu den unterschiedlichen Levels.[\/vc_column_text][vc_empty_space height=&#8220;20px&#8220;][vc_column_text]Klicken Sie auf eine Box, um zum jeweiligen Level zu gelangen.[\/vc_column_text][\/qode_elements_holder_item][qode_elements_holder_item vertical_alignment=&#8220;middle&#8220; horizontal_alignment=&#8220;right&#8220; advanced_animations=&#8220;no&#8220; item_padding=&#8220;5% 15% 5% 0&#8243;][vc_single_image image=&#8220;22235&#8243; img_size=&#8220;large&#8220; onclick=&#8220;link_image&#8220; qode_css_animation=&#8220;&#8220;][vc_empty_space height=&#8220;25px&#8220;][\/qode_elements_holder_item][\/qode_elements_holder][\/qode_content_slider_item][qode_content_slider_item][qode_elements_holder number_of_columns=&#8220;one_column&#8220;][qode_elements_holder_item vertical_alignment=&#8220;middle&#8220; horizontal_alignment=&#8220;left&#8220; advanced_animations=&#8220;no&#8220; item_padding=&#8220;5% 5% 5% 15%&#8220;][vc_column_text]Nun haben Sie die M\u00f6glichkeit, sich per Mausklick in das gew\u00e4hlte Level einzuschreiben.[\/vc_column_text][\/qode_elements_holder_item][qode_elements_holder_item vertical_alignment=&#8220;middle&#8220; horizontal_alignment=&#8220;right&#8220; advanced_animations=&#8220;no&#8220; item_padding=&#8220;5% 15% 5% 0&#8243;][vc_single_image image=&#8220;22237&#8243; img_size=&#8220;large&#8220; onclick=&#8220;link_image&#8220; qode_css_animation=&#8220;&#8220;][vc_empty_space height=&#8220;25px&#8220;][\/qode_elements_holder_item][\/qode_elements_holder][\/qode_content_slider_item][qode_content_slider_item][qode_elements_holder number_of_columns=&#8220;one_column&#8220;][qode_elements_holder_item vertical_alignment=&#8220;middle&#8220; horizontal_alignment=&#8220;left&#8220; advanced_animations=&#8220;no&#8220; item_padding=&#8220;5% 5% 5% 15%&#8220;][vc_column_text]Sobald Sie sich ins Level eingeschrieben haben, erscheint dieses unter \u201eMeine Kurse\u201c, sodass Sie das Level nach erfolgtem Login direkt ausw\u00e4hlen k\u00f6nnen.[\/vc_column_text][\/qode_elements_holder_item][qode_elements_holder_item vertical_alignment=&#8220;middle&#8220; horizontal_alignment=&#8220;right&#8220; advanced_animations=&#8220;no&#8220; item_padding=&#8220;5% 15% 5% 0&#8243;][vc_single_image image=&#8220;22239&#8243; img_size=&#8220;large&#8220; onclick=&#8220;link_image&#8220; qode_css_animation=&#8220;&#8220;][vc_empty_space height=&#8220;25px&#8220;][\/qode_elements_holder_item][\/qode_elements_holder][\/qode_content_slider_item][\/qode_content_slider][\/vc_column][\/vc_row][vc_row css_animation=&#8220;&#8220; row_type=&#8220;row&#8220; use_row_as_full_screen_section=&#8220;no&#8220; type=&#8220;grid&#8220; angled_section=&#8220;no&#8220; text_align=&#8220;left&#8220; background_image_as_pattern=&#8220;without_pattern&#8220; z_index=&#8220;&#8220; css=&#8220;.vc_custom_1694695772848{margin-bottom: 3% !important;background-color: #f5f6f6 !important;}&#8220;][vc_column css=&#8220;.vc_custom_1694696102948{margin-top: 3% !important;padding-top: 5% !important;padding-right: 5% !important;padding-bottom: 5% !important;padding-left: 5% !important;background-color: #ffffff !important;}&#8220;][qode_elements_holder number_of_columns=&#8220;one_column&#8220;][qode_elements_holder_item advanced_animations=&#8220;no&#8220; item_padding=&#8220;0 0 5% 0&#8243;][vc_column_text]<\/p>\n<h3 style=\"text-align: left;\">Kontakt<\/h3>\n<p>[\/vc_column_text][\/qode_elements_holder_item][\/qode_elements_holder][qode_elements_holder number_of_columns=&#8220;two_columns&#8220;][qode_elements_holder_item advanced_animations=&#8220;no&#8220;]<div class='q_icon_with_title small normal_icon '><div class=\"icon_holder \" style=\" \"><span data-icon-type=\"normal\"  data-icon-hover-color=\"#66C4D8\" style=\"\" class=\"qode_iwt_icon_holder q_font_awsome_icon fa-2x  \"><i class=\"qode_icon_font_awesome fa fa-address-book qode_iwt_icon_element\" style=\"color: #66C4D8;\" ><\/i><\/span><\/div><div class=\"icon_text_holder\" style=\"\"><div class=\"icon_text_inner\" style=\"\"><h5 class=\"icon_title\" style=\"\"><\/h5><p style='color: #000000'>Universit\u00e4t Leipzig | Medizinische Fakult\u00e4t<\/p><\/div><\/div><\/div>[vc_column_text css=&#8220;.vc_custom_1712055949418{padding-top: -2% !important;padding-left: 8% !important;}&#8220;]LIFE Management Cluster<br \/>\nSMITH-Gesch\u00e4ftsstelle<strong><br \/>\n<\/strong>Philipp-Rosenthal-Stra\u00dfe 27<br \/>\n04103 Leipzig[\/vc_column_text][\/qode_elements_holder_item][qode_elements_holder_item advanced_animations=&#8220;no&#8220;]<div class='q_icon_with_title small normal_icon '><div class=\"icon_holder \" style=\" \"><span data-icon-type=\"normal\"  data-icon-hover-color=\"#66C4D8\" style=\"\" class=\"qode_iwt_icon_holder q_font_awsome_icon fa-2x  \"><i class=\"qode_icon_font_awesome fa fa-phone qode_iwt_icon_element\" style=\"color: #66C4D8;\" ><\/i><\/span><\/div><div class=\"icon_text_holder\" style=\"\"><div class=\"icon_text_inner\" style=\"\"><h5 class=\"icon_title\" style=\"\"><\/h5><p style='color: #000000'>Telefon: +49 341 97-16720<\/p><\/div><\/div><\/div><div class='q_icon_with_title small normal_icon '><div class=\"icon_holder \" style=\" \"><span data-icon-type=\"normal\"  data-icon-hover-color=\"#66C4D8\" style=\"\" class=\"qode_iwt_icon_holder q_font_awsome_icon fa-2x  \"><i class=\"qode_icon_font_awesome fa fa-envelope-open qode_iwt_icon_element\" style=\"color: #66C4D8;\" ><\/i><\/span><\/div><div class=\"icon_text_holder\" style=\"\"><div class=\"icon_text_inner\" style=\"\"><h5 class=\"icon_title\" style=\"\"><\/h5><p style=''><\/p><a itemprop='url' class='icon_with_title_link' href='mailto:info@mii-academy.de' target='_blank' style=''>E-Mail: info@mii-academy.de<\/a><\/div><\/div><\/div>[\/qode_elements_holder_item][\/qode_elements_holder][\/vc_column][\/vc_row]<\/p>\n<\/div>","protected":false},"excerpt":{"rendered":"<p>[vc_row css_animation=&#8220;&#8220; row_type=&#8220;row&#8220; use_row_as_full_screen_section=&#8220;no&#8220; type=&#8220;grid&#8220; angled_section=&#8220;no&#8220; text_align=&#8220;left&#8220; background_image_as_pattern=&#8220;without_pattern&#8220; z_index=&#8220;&#8220; css=&#8220;.vc_custom_1693903195561{background-color: #f5f6f6 !important;}&#8220;][vc_column][qode_elements_holder number_of_columns=&#8220;one_column&#8220;][qode_elements_holder_item advanced_animations=&#8220;no&#8220; item_padding=&#8220;5% 0 3% 0&#8243; item_padding_480_600=&#8220;20px 0px 20px 0px&#8220; item_padding_480=&#8220;20px 0px 20px 0px&#8220;][vc_column_text] MII-Academy | Online-Lernplattform f\u00fcr klinisch Forschende [\/vc_column_text][vc_empty_space height=&#8220;15px&#8220;][vc_column_text css=&#8220;.vc_custom_1712061815871{padding-bottom: 5% !important;}&#8220;] Login und Anmeldung [\/vc_column_text][\/qode_elements_holder_item][\/qode_elements_holder][\/vc_column][\/vc_row][vc_row css_animation=&#8220;&#8220; row_type=&#8220;row&#8220; use_row_as_full_screen_section=&#8220;no&#8220; type=&#8220;grid&#8220;&#8230;<\/p>\n","protected":false},"author":13,"featured_media":0,"parent":19302,"menu_order":0,"comment_status":"closed","ping_status":"closed","template":"full_width.php","meta":{"footnotes":""},"class_list":["post-19379","page","type-page","status-publish","hentry"],"_links":{"self":[{"href":"https:\/\/www.smith.care\/de\/wp-json\/wp\/v2\/pages\/19379","targetHints":{"allow":["GET"]}}],"collection":[{"href":"https:\/\/www.smith.care\/de\/wp-json\/wp\/v2\/pages"}],"about":[{"href":"https:\/\/www.smith.care\/de\/wp-json\/wp\/v2\/types\/page"}],"author":[{"embeddable":true,"href":"https:\/\/www.smith.care\/de\/wp-json\/wp\/v2\/users\/13"}],"replies":[{"embeddable":true,"href":"https:\/\/www.smith.care\/de\/wp-json\/wp\/v2\/comments?post=19379"}],"version-history":[{"count":183,"href":"https:\/\/www.smith.care\/de\/wp-json\/wp\/v2\/pages\/19379\/revisions"}],"predecessor-version":[{"id":23676,"href":"https:\/\/www.smith.care\/de\/wp-json\/wp\/v2\/pages\/19379\/revisions\/23676"}],"up":[{"embeddable":true,"href":"https:\/\/www.smith.care\/de\/wp-json\/wp\/v2\/pages\/19302"}],"wp:attachment":[{"href":"https:\/\/www.smith.care\/de\/wp-json\/wp\/v2\/media?parent=19379"}],"curies":[{"name":"wp","href":"https:\/\/api.w.org\/{rel}","templated":true}]}}