{"id":19382,"date":"2023-09-05T10:19:20","date_gmt":"2023-09-05T08:19:20","guid":{"rendered":"https:\/\/www.smith.care\/?page_id=19382"},"modified":"2025-03-21T15:57:38","modified_gmt":"2025-03-21T14:57:38","slug":"mii-academy-aufbau-und-inhalte","status":"publish","type":"page","link":"https:\/\/www.smith.care\/de\/lehre\/mii-academy\/mii-academy-aufbau-und-inhalte\/","title":{"rendered":"Aufbau und Inhalte"},"content":{"rendered":"<div class=\"wpb-content-wrapper\"><p>[vc_row css_animation=&#8220;&#8220; row_type=&#8220;row&#8220; use_row_as_full_screen_section=&#8220;no&#8220; type=&#8220;grid&#8220; angled_section=&#8220;no&#8220; text_align=&#8220;left&#8220; background_image_as_pattern=&#8220;without_pattern&#8220; z_index=&#8220;&#8220; css=&#8220;.vc_custom_1693903195561{background-color: #f5f6f6 !important;}&#8220;][vc_column][qode_elements_holder number_of_columns=&#8220;one_column&#8220;][qode_elements_holder_item advanced_animations=&#8220;no&#8220; item_padding=&#8220;5% 0 3% 0&#8243; item_padding_480_600=&#8220;20px 0px 20px 0px&#8220; item_padding_480=&#8220;20px 0px 20px 0px&#8220;][vc_column_text]<\/p>\n<h2>MII-Academy | Online-Lernplattform f\u00fcr klinisch Forschende<\/h2>\n<p>[\/vc_column_text][vc_empty_space height=&#8220;15px&#8220;][vc_column_text]<\/p>\n<h3>Aufbau der MII-Academy<\/h3>\n<p>[\/vc_column_text][\/qode_elements_holder_item][\/qode_elements_holder][\/vc_column][\/vc_row][vc_row css_animation=&#8220;&#8220; row_type=&#8220;row&#8220; use_row_as_full_screen_section=&#8220;no&#8220; type=&#8220;grid&#8220; angled_section=&#8220;no&#8220; text_align=&#8220;left&#8220; background_image_as_pattern=&#8220;without_pattern&#8220; z_index=&#8220;&#8220; css=&#8220;.vc_custom_1694687718441{background-color: #f5f6f6 !important;}&#8220;][vc_column css=&#8220;.vc_custom_1694688217864{margin-top: 3% !important;border-top-width: 0px !important;padding-top: 0px !important;background-color: #ffffff !important;}&#8220;][qode_elements_holder number_of_columns=&#8220;one_column&#8220;][qode_elements_holder_item advanced_animations=&#8220;no&#8220; item_padding=&#8220;5%&#8220; item_padding_480_600=&#8220;20px 0px 20px 0px&#8220; item_padding_480=&#8220;20px 0px 20px 0px&#8220;][vc_column_text css=&#8220;&#8220;]Die MII-Academy unterst\u00fctzt Sie in der Nutzung der durch die <a href=\"https:\/\/www.medizininformatik-initiative.de\/de\/start\" target=\"_blank\" rel=\"noopener\">Medizininformatik-Initiative<\/a> geschaffenen Services und Prozesse. In Videopr\u00e4sentationen erhalten Sie Informationen und praxisnahe Anleitungen, wie Sie Zugang zu medizinischen Routinedaten f\u00fcr Ihre Forschungsprojekte erhalten, diese effektiv nutzen und optimal analysieren k\u00f6nnen. Die Lehr- und Lerneinheiten der MII-Academy sind in Module gegliedert, die themenspezifisch gruppiert sind. Aktuell werden f\u00fcnf Themenfelder abgedeckt.[\/vc_column_text][vc_empty_space height=&#8220;15px&#8220;][vc_column_text css=&#8220;&#8220;]<\/p>\n<div><\/div>\n<div>Die Themenfelder sind aufeinander abgestimmt und steigern sich schrittweise in ihrer Komplexit\u00e4t. Sie haben die Freiheit, auf dem Niveau zu beginnen, das am besten zu Ihren Vorkenntnissen passt. Die Reihenfolge, in der Sie die Themenfelder und Module bearbeiten, ist nicht festgelegt. Sie k\u00f6nnen die Themen nach Ihren individuellen Interessen frei w\u00e4hlen.<\/div>\n<p>[\/vc_column_text][vc_empty_space height=&#8220;15px&#8220;][vc_column_text css=&#8220;&#8220;]Es gibt ferner keine Einschr\u00e4nkungen, wie oft ein Modul genutzt werden kann. Sie k\u00f6nnen die Pr\u00e4sentationen so oft anh\u00f6ren, wie Sie m\u00f6chten. Dies soll Ihnen die M\u00f6glichkeit geben, die Module kurzfristig zur Auffrischung zu nutzen.[\/vc_column_text][\/qode_elements_holder_item][qode_elements_holder_item advanced_animations=&#8220;no&#8220; item_padding=&#8220;5%&#8220; item_padding_480_600=&#8220;20px 0px 20px 0px&#8220; item_padding_480=&#8220;20px 0px 20px 0px&#8220;][vc_single_image image=&#8220;7163&#8243; img_size=&#8220;full&#8220; alignment=&#8220;center&#8220; qode_css_animation=&#8220;&#8220;][\/qode_elements_holder_item][\/qode_elements_holder][\/vc_column][\/vc_row][vc_row css_animation=&#8220;&#8220; row_type=&#8220;row&#8220; use_row_as_full_screen_section=&#8220;no&#8220; type=&#8220;grid&#8220; angled_section=&#8220;no&#8220; text_align=&#8220;left&#8220; background_image_as_pattern=&#8220;without_pattern&#8220; z_index=&#8220;&#8220; css=&#8220;.vc_custom_1694697228961{background-color: #f5f6f6 !important;}&#8220;][vc_column][qode_elements_holder number_of_columns=&#8220;one_column&#8220;][qode_elements_holder_item vertical_alignment=&#8220;middle&#8220; horizontal_alignment=&#8220;center&#8220; advanced_animations=&#8220;no&#8220; item_padding=&#8220;3%&#8220;][vc_empty_space height=&#8220;15px&#8220;][vc_single_image image=&#8220;23697&#8243; img_size=&#8220;large&#8220; alignment=&#8220;center&#8220; css=&#8220;&#8220; qode_css_animation=&#8220;&#8220;][\/qode_elements_holder_item][\/qode_elements_holder][\/vc_column][\/vc_row][vc_row css_animation=&#8220;&#8220; row_type=&#8220;row&#8220; use_row_as_full_screen_section=&#8220;no&#8220; type=&#8220;grid&#8220; angled_section=&#8220;no&#8220; text_align=&#8220;left&#8220; background_image_as_pattern=&#8220;without_pattern&#8220; z_index=&#8220;&#8220; css=&#8220;.vc_custom_1693475762892{padding-top: 0px !important;padding-right: 0px !important;padding-bottom: 0px !important;padding-left: 0px !important;background-color: #f5f6f6 !important;}&#8220;][vc_column css=&#8220;.vc_custom_1694688224111{padding-top: 0px !important;padding-right: 0px !important;padding-bottom: 0px !important;padding-left: 0px !important;background-color: #ffffff !important;}&#8220;][qode_elements_holder number_of_columns=&#8220;one_column&#8220;][qode_elements_holder_item vertical_alignment=&#8220;middle&#8220; advanced_animations=&#8220;no&#8220; item_padding=&#8220;5%&#8220;][vc_column_text css=&#8220;&#8220;]<\/p>\n<h3>Im Folgenden finden Sie Informationen zu den f\u00fcnf Themenfeldern:<\/h3>\n<p>[\/vc_column_text][vc_empty_space]<div class=\"qode-accordion-holder clearfix qode-toggle qode-initial \">\n\t<h4 class=\"clearfix qode-title-holder\">\n<span class=\"qode-tab-title\">\n\t    <span class=\"qode-tab-title-inner\">\n        Level 1: Einf\u00fchrung    <\/span>\n<\/span>\n<span class=\"qode-accordion-mark\">\n    <span class=\"qode-accordion-mark-icon\">\n        <span class=\"icon_plus\"><\/span>\n        <span class=\"icon_minus-06\"><\/span>\n    <\/span>\n<\/span>\n<\/h4>\n<div  class=\"qode-accordion-content \" >\n    <div class=\"qode-accordion-content-inner\">\n        [vc_column_text css=&#8220;&#8220;]<strong>\u00dcberblick \u00fcber die Medizininformatik-Initiative (MII) und begleitende Projektverb\u00fcnde<\/strong><\/p>\n<p>In diesem Themenblock bekommen Sie einen \u00dcberblick \u00fcber die MII und begleitende Projektverb\u00fcnde. Zu diesen weiteren Verb\u00fcnden z\u00e4hlen beispielsweise das Netzwerk Universit\u00e4tsmedizin (NUM) und die Nationale Forschungsdateninfrastruktur (NFDI), insbesondere das Konsortium NFDI4Health. Alle diese Initiativen zielen darauf ab, die Versorgungs- und Studiendaten in Deutschland aufzubereiten und in einem einheitlichen Format nach den FAIR Prinzipien (findable, accessible, interoperable, reusable) zug\u00e4nglich zu machen. Neben dem Modul zum \u00dcberblick finden Sie hier weiterf\u00fchrende Links und Informationen zum Konzept der MII-Academy.[\/vc_column_text][vc_empty_space height=&#8220;20px&#8220;][vc_column_text]Themen sind unter anderem:[\/vc_column_text][vc_empty_space height=&#8220;20px&#8220;]<div class=\"q_icon_list\"><i class=\"qode_icon_font_awesome fa fa-cloud-upload qode-ili-icon-holder circle\" style=\"color: #ffffff;background-color: #66C4D8;\" ><\/i><p style=\"color:#000000;\">Die Medizininformatik-Initiative (MII) im \u00dcberblick<\/p><\/div><div class=\"q_icon_list\"><i class=\"qode_icon_font_awesome fa fa-cloud-upload qode-ili-icon-holder circle\" style=\"color: #ffffff;background-color: #66C4D8;\" ><\/i><p style=\"color:#000000;\">Das Netzwerk Universit\u00e4tsmedizin (NUM) im \u00dcberblick<\/p><\/div><div class=\"q_icon_list\"><i class=\"qode_icon_font_awesome fa fa-cloud-upload qode-ili-icon-holder circle\" style=\"color: #ffffff;background-color: #66C4D8;\" ><\/i><p style=\"color:#000000;\">Einf\u00fchrung in das Biobanking<\/p><\/div>    <\/div>\n<\/div><h4 class=\"clearfix qode-title-holder\">\n<span class=\"qode-tab-title\">\n\t    <span class=\"qode-tab-title-inner\">\n        Level 2: Basiswissen    <\/span>\n<\/span>\n<span class=\"qode-accordion-mark\">\n    <span class=\"qode-accordion-mark-icon\">\n        <span class=\"icon_plus\"><\/span>\n        <span class=\"icon_minus-06\"><\/span>\n    <\/span>\n<\/span>\n<\/h4>\n<div  class=\"qode-accordion-content \" >\n    <div class=\"qode-accordion-content-inner\">\n        [vc_column_text css=&#8220;&#8220;]<strong>Grundlegende Methoden und Konzepte zur Durchf\u00fchrung von datenbasierten medizinischen Forschungsprojekten<\/strong><\/p>\n<p>In diesem Themenfeld bekommen Sie die Werkzeuge an die Hand, mit denen Sie im Sinne der Eigenforschung Ihre Forschungsfragen und -arbeiten vorantreiben k\u00f6nnen. Medizinisches Personal darf entsprechend der Landesgesetzgebung die am eigenen Klinikum aus der Patientenversorgung erhobenen Daten f\u00fcr Forschungsprojekte verwerten. Dieser Kurs soll Sie dazu ermutigen, daf\u00fcr die von der Medizininformatik-Initiative (MII) aufgebauten organisatorischen und technischen Infrastrukturen ihrer lokalen Datenintegrationszentren (DIZ) bestm\u00f6glich zu nutzen. Die Inhalte im Basis-Level betreffen vor allem den Beantragungsprozess zu den ben\u00f6tigten Forschungsdaten, ethische und rechtliche Fragen, relevante Unterlagen sowie potenzielle Unterst\u00fctzungsangebote an Medizinischen Fakult\u00e4ten, die bei der Durchf\u00fchrung Ihres Datenauswertungsprojekts helfen k\u00f6nnen.[\/vc_column_text][vc_empty_space height=&#8220;20px&#8220;][vc_column_text]Themen sind unter anderem:[\/vc_column_text][vc_empty_space height=&#8220;20px&#8220;]<div class=\"q_icon_list\"><i class=\"qode_icon_font_awesome fa fa-cloud-upload qode-ili-icon-holder circle\" style=\"color: #ffffff;background-color: #66C4D8;\" ><\/i><p style=\"color:#000000;\">Vom Datenwunsch zur Datenbereitstellung - Services der Datenintegrationszentren<\/p><\/div><div class=\"q_icon_list\"><i class=\"qode_icon_font_awesome fa fa-cloud-upload qode-ili-icon-holder circle\" style=\"color: #ffffff;background-color: #66C4D8;\" ><\/i><p style=\"color:#000000;\">Rechtliche und ethische Anforderungen der Datennutzung<\/p><\/div><div class=\"q_icon_list\"><i class=\"qode_icon_font_awesome fa fa-cloud-upload qode-ili-icon-holder circle\" style=\"color: #ffffff;background-color: #66C4D8;\" ><\/i><p style=\"color:#000000;\">Biometrische Unterst\u00fctzungsangebote<\/p><\/div><div class=\"q_icon_list\"><i class=\"qode_icon_font_awesome fa fa-cloud-upload qode-ili-icon-holder circle\" style=\"color: #ffffff;background-color: #66C4D8;\" ><\/i><p style=\"color:#000000;\">Biobanking im Forschungskontext<\/p><\/div>    <\/div>\n<\/div><h4 class=\"clearfix qode-title-holder\">\n<span class=\"qode-tab-title\">\n\t    <span class=\"qode-tab-title-inner\">\n        Level 3: Fortgeschrittene Analyseverfahren    <\/span>\n<\/span>\n<span class=\"qode-accordion-mark\">\n    <span class=\"qode-accordion-mark-icon\">\n        <span class=\"icon_plus\"><\/span>\n        <span class=\"icon_minus-06\"><\/span>\n    <\/span>\n<\/span>\n<\/h4>\n<div  class=\"qode-accordion-content \" >\n    <div class=\"qode-accordion-content-inner\">\n        [vc_column_text css=&#8220;&#8220;]<strong>Erweiterte Methoden der Datenauswertun<\/strong>g<\/p>\n<p>Nach der Forschung an und mit den Daten des eigenen Klinikums steht meistens eine Ausweitung der Datenbasis auf weitere Kliniken an. Um die Vielfalt und Variabilit\u00e4t sowie die statistische Aussagekraft der Ergebnisse zu untermauern, sollte die einzuschlie\u00dfende Patientenkohorte vergr\u00f6\u00dfert werden. Das Deutsche Forschungsdatenportal f\u00fcr Gesundheit (FDPG) liefert die M\u00f6glichkeit, eine virtuelle Kohorte an Patientendaten aus verschiedenen Kliniken aufzubauen und f\u00fcr unterschiedliche Auswertungen zu verwenden. Im dritten Level der MII-Academy erhalten Sie den daf\u00fcr notwendigen \u00dcberblick \u00fcber medizinische Terminologien. Sie erfahren, wie die Terminologien in der klinischen Routine verwendet werden und wie Sie diese f\u00fcr Auswertungen nutzen k\u00f6nnen. Dar\u00fcber hinaus lernen Sie, wie Sie zus\u00e4tzlich weitere Daten, beispielsweise Bild- oder analoge Textbefunde, zu den Patientinnen und Patienten erfassen k\u00f6nnen.[\/vc_column_text][vc_empty_space height=&#8220;20px&#8220;][vc_column_text]Themen sind unter anderem:[\/vc_column_text][vc_empty_space height=&#8220;20px&#8220;]<div class=\"q_icon_list\"><i class=\"qode_icon_font_awesome fa fa-cloud-upload qode-ili-icon-holder circle\" style=\"color: #ffffff;background-color: #66C4D8;\" ><\/i><p style=\"color:#000000;\">Machbarkeitsanfragen mit dem Deutschen Forschungsdatenportal f\u00fcr Gesundheit (FDPG)<\/p><\/div><div class=\"q_icon_list\"><i class=\"qode_icon_font_awesome fa fa-cloud-upload qode-ili-icon-holder circle\" style=\"color: #ffffff;background-color: #66C4D8;\" ><\/i><p style=\"color:#000000;\">Standardterminologien in der Medizininformatik<\/p><\/div><div class=\"q_icon_list\"><i class=\"qode_icon_font_awesome fa fa-cloud-upload qode-ili-icon-holder circle\" style=\"color: #ffffff;background-color: #66C4D8;\" ><\/i><p style=\"color:#000000;\">Abbildung von Laborparametern in LOINC: Grundlagen und Best Practices<\/p><\/div><div class=\"q_icon_list\"><i class=\"qode_icon_font_awesome fa fa-cloud-upload qode-ili-icon-holder circle\" style=\"color: #ffffff;background-color: #66C4D8;\" ><\/i><p style=\"color:#000000;\">Aufnahme strukturierter Daten mit REDCap<\/p><\/div>    <\/div>\n<\/div><h4 class=\"clearfix qode-title-holder\">\n<span class=\"qode-tab-title\">\n\t    <span class=\"qode-tab-title-inner\">\n        Level 4: Spezialisierungen der Datenanalyse    <\/span>\n<\/span>\n<span class=\"qode-accordion-mark\">\n    <span class=\"qode-accordion-mark-icon\">\n        <span class=\"icon_plus\"><\/span>\n        <span class=\"icon_minus-06\"><\/span>\n    <\/span>\n<\/span>\n<\/h4>\n<div  class=\"qode-accordion-content \" >\n    <div class=\"qode-accordion-content-inner\">\n        [vc_column_text css=&#8220;&#8220;]<strong>Vertiefende Themen der Datenaufbereitung und -auswertung<\/strong><\/p>\n<p>Aufbauend auf dem bereits vermittelten Wissensrepertoire der vorherigen Themenfelder finden Sie im Spezialisierungs-Level Themen, die f\u00fcr fortgeschrittene Analysen und Forschungsprojekte sinnvolle Alternativen darstellen. Dazu geh\u00f6ren die verteilte Datenanalyse, Methoden des Natural Language Processing zur Informationsextraktion aus (Befund-)Texten oder Methoden der Analyse von MRT- und CT-Daten.[\/vc_column_text][vc_empty_space height=&#8220;20px&#8220;][vc_column_text]Themen sind unter anderem:[\/vc_column_text][vc_empty_space height=&#8220;20px&#8220;]<div class=\"q_icon_list\"><i class=\"qode_icon_font_awesome fa fa-cloud-upload qode-ili-icon-holder circle\" style=\"color: #ffffff;background-color: #66C4D8;\" ><\/i><p style=\"color:#000000;\">Sprachverarbeitung in der Medizin - Einf\u00fchrung in die Textannotation<\/p><\/div><div class=\"q_icon_list\"><i class=\"qode_icon_font_awesome fa fa-cloud-upload qode-ili-icon-holder circle\" style=\"color: #ffffff;background-color: #66C4D8;\" ><\/i><p style=\"color:#000000;\">fhircrackr - Handling HL7 FHIR resources in R<\/p><\/div><div class=\"q_icon_list\"><i class=\"qode_icon_font_awesome fa fa-cloud-upload qode-ili-icon-holder circle\" style=\"color: #ffffff;background-color: #66C4D8;\" ><\/i><p style=\"color:#000000;\">Personal Health Train - Analysen dezentral ausf\u00fchren<\/p><\/div><div class=\"q_icon_list\"><i class=\"qode_icon_font_awesome fa fa-cloud-upload qode-ili-icon-holder circle\" style=\"color: #ffffff;background-color: #66C4D8;\" ><\/i><p style=\"color:#000000;\">Primer on privacy preserving - record linkage<\/p><\/div>    <\/div>\n<\/div><h4 class=\"clearfix qode-title-holder\">\n<span class=\"qode-tab-title\">\n\t    <span class=\"qode-tab-title-inner\">\n        Level 5: Unterst\u00fctzungsangebote und Best Practices    <\/span>\n<\/span>\n<span class=\"qode-accordion-mark\">\n    <span class=\"qode-accordion-mark-icon\">\n        <span class=\"icon_plus\"><\/span>\n        <span class=\"icon_minus-06\"><\/span>\n    <\/span>\n<\/span>\n<\/h4>\n<div  class=\"qode-accordion-content \" >\n    <div class=\"qode-accordion-content-inner\">\n        [vc_column_text css=&#8220;&#8220;]<strong>Projekte und Initiativen zur Datennutzung<\/strong><\/p>\n<p>Neben den technischen Infrastrukturen und den etablierten organisatorischen Prozessen, die im Rahmen der Medizininformatik-Initiative (MII) entwickelt wurden und nun im Netzwerk Universit\u00e4tsmedizin (NUM) genutzt werden, gibt es weitere Projekte und Initiativen. Diese erreichen zwar nicht die Gr\u00f6\u00dfe von MII und NUM, verfolgen aber Ziele, die die bereits etablierten Services erg\u00e4nzen und bereichern. Die Vorstellung solcher weiterf\u00fchrenden Projekte ist Ziel und Inhalt dieses Themenbereichs.[\/vc_column_text][vc_empty_space height=&#8220;20px&#8220;][vc_column_text]Themen sind unter anderem:[\/vc_column_text][vc_empty_space height=&#8220;20px&#8220;]<div class=\"q_icon_list\"><i class=\"qode_icon_font_awesome fa fa-cloud-upload qode-ili-icon-holder circle\" style=\"color: #ffffff;background-color: #66C4D8;\" ><\/i><p style=\"color:#000000;\">Projekt EVA4MII \u2013 Eine Einf\u00fchrung in die Evaluationsforschung<\/p><\/div><div class=\"q_icon_list\"><i class=\"qode_icon_font_awesome fa fa-cloud-upload qode-ili-icon-holder circle\" style=\"color: #ffffff;background-color: #66C4D8;\" ><\/i><p style=\"color:#000000;\">Digitaler FortschrittsHub DISTANCE \u2013 Intensivmedizinische Nachbetreuung mittels der PICOS-App<\/p><\/div><div class=\"q_icon_list\"><i class=\"qode_icon_font_awesome fa fa-cloud-upload qode-ili-icon-holder circle\" style=\"color: #ffffff;background-color: #66C4D8;\" ><\/i><p style=\"color:#000000;\">Datenintegrationszentren an nicht-universit\u00e4ren Kliniken<\/p><\/div><div class=\"q_icon_list\"><i class=\"qode_icon_font_awesome fa fa-cloud-upload qode-ili-icon-holder circle\" style=\"color: #ffffff;background-color: #66C4D8;\" ><\/i><p style=\"color:#000000;\">Medical Device Regulation<\/p><\/div>    <\/div>\n<\/div><\/div>[\/qode_elements_holder_item][\/qode_elements_holder][\/vc_column][\/vc_row][vc_row css_animation=&#8220;&#8220; row_type=&#8220;row&#8220; use_row_as_full_screen_section=&#8220;no&#8220; type=&#8220;full_width&#8220; angled_section=&#8220;no&#8220; text_align=&#8220;left&#8220; background_image_as_pattern=&#8220;without_pattern&#8220;][vc_column][vc_column_text]<\/p>\n<p>[\/vc_column_text][\/vc_column][\/vc_row][vc_row css_animation=&#8220;&#8220; row_type=&#8220;row&#8220; use_row_as_full_screen_section=&#8220;no&#8220; type=&#8220;grid&#8220; angled_section=&#8220;no&#8220; text_align=&#8220;left&#8220; background_image_as_pattern=&#8220;without_pattern&#8220; z_index=&#8220;&#8220; css=&#8220;.vc_custom_1694695772848{margin-bottom: 3% !important;background-color: #f5f6f6 !important;}&#8220;][vc_column css=&#8220;.vc_custom_1694696102948{margin-top: 3% !important;padding-top: 5% !important;padding-right: 5% !important;padding-bottom: 5% !important;padding-left: 5% !important;background-color: #ffffff !important;}&#8220;][qode_elements_holder number_of_columns=&#8220;one_column&#8220;][qode_elements_holder_item advanced_animations=&#8220;no&#8220; item_padding=&#8220;0 0 5% 0&#8243;][vc_column_text]<\/p>\n<h3 style=\"text-align: left;\">Kontakt<\/h3>\n<p>[\/vc_column_text][\/qode_elements_holder_item][\/qode_elements_holder][qode_elements_holder number_of_columns=&#8220;two_columns&#8220;][qode_elements_holder_item advanced_animations=&#8220;no&#8220;]<div class='q_icon_with_title small normal_icon '><div class=\"icon_holder \" style=\" \"><span data-icon-type=\"normal\"  data-icon-hover-color=\"#66C4D8\" style=\"\" class=\"qode_iwt_icon_holder q_font_awsome_icon fa-2x  \"><i class=\"qode_icon_font_awesome fa fa-address-book qode_iwt_icon_element\" style=\"color: #66C4D8;\" ><\/i><\/span><\/div><div class=\"icon_text_holder\" style=\"\"><div class=\"icon_text_inner\" style=\"\"><h5 class=\"icon_title\" style=\"\"><\/h5><p style='color: #000000'>Universit\u00e4t Leipzig | Medizinische Fakult\u00e4t<\/p><\/div><\/div><\/div>[vc_column_text css=&#8220;.vc_custom_1712055949418{padding-top: -2% !important;padding-left: 8% !important;}&#8220;]LIFE Management Cluster<br \/>\nSMITH-Gesch\u00e4ftsstelle<strong><br \/>\n<\/strong>Philipp-Rosenthal-Stra\u00dfe 27<br \/>\n04103 Leipzig[\/vc_column_text][\/qode_elements_holder_item][qode_elements_holder_item advanced_animations=&#8220;no&#8220;]<div class='q_icon_with_title small normal_icon '><div class=\"icon_holder \" style=\" \"><span data-icon-type=\"normal\"  data-icon-hover-color=\"#66C4D8\" style=\"\" class=\"qode_iwt_icon_holder q_font_awsome_icon fa-2x  \"><i class=\"qode_icon_font_awesome fa fa-phone qode_iwt_icon_element\" style=\"color: #66C4D8;\" ><\/i><\/span><\/div><div class=\"icon_text_holder\" style=\"\"><div class=\"icon_text_inner\" style=\"\"><h5 class=\"icon_title\" style=\"\"><\/h5><p style='color: #000000'>Telefon: +49 341 97-16720<\/p><\/div><\/div><\/div><div class='q_icon_with_title small normal_icon '><div class=\"icon_holder \" style=\" \"><span data-icon-type=\"normal\"  data-icon-hover-color=\"#66C4D8\" style=\"\" class=\"qode_iwt_icon_holder q_font_awsome_icon fa-2x  \"><i class=\"qode_icon_font_awesome fa fa-envelope-open qode_iwt_icon_element\" style=\"color: #66C4D8;\" ><\/i><\/span><\/div><div class=\"icon_text_holder\" style=\"\"><div class=\"icon_text_inner\" style=\"\"><h5 class=\"icon_title\" style=\"\"><\/h5><p style=''><\/p><a itemprop='url' class='icon_with_title_link' href='mailto:info@mii-academy.de' target='_blank' style=''>E-Mail: info@mii-academy.de<\/a><\/div><\/div><\/div>[\/qode_elements_holder_item][\/qode_elements_holder][\/vc_column][\/vc_row]<\/p>\n<\/div>","protected":false},"excerpt":{"rendered":"<p>[vc_row css_animation=&#8220;&#8220; row_type=&#8220;row&#8220; use_row_as_full_screen_section=&#8220;no&#8220; type=&#8220;grid&#8220; angled_section=&#8220;no&#8220; text_align=&#8220;left&#8220; background_image_as_pattern=&#8220;without_pattern&#8220; z_index=&#8220;&#8220; css=&#8220;.vc_custom_1693903195561{background-color: #f5f6f6 !important;}&#8220;][vc_column][qode_elements_holder number_of_columns=&#8220;one_column&#8220;][qode_elements_holder_item advanced_animations=&#8220;no&#8220; item_padding=&#8220;5% 0 3% 0&#8243; item_padding_480_600=&#8220;20px 0px 20px 0px&#8220; item_padding_480=&#8220;20px 0px 20px 0px&#8220;][vc_column_text] MII-Academy | Online-Lernplattform f\u00fcr klinisch Forschende [\/vc_column_text][vc_empty_space height=&#8220;15px&#8220;][vc_column_text] Aufbau der MII-Academy [\/vc_column_text][\/qode_elements_holder_item][\/qode_elements_holder][\/vc_column][\/vc_row][vc_row css_animation=&#8220;&#8220; row_type=&#8220;row&#8220; use_row_as_full_screen_section=&#8220;no&#8220; type=&#8220;grid&#8220; angled_section=&#8220;no&#8220; text_align=&#8220;left&#8220; background_image_as_pattern=&#8220;without_pattern&#8220;&#8230;<\/p>\n","protected":false},"author":13,"featured_media":0,"parent":19302,"menu_order":0,"comment_status":"closed","ping_status":"closed","template":"full_width.php","meta":{"footnotes":""},"class_list":["post-19382","page","type-page","status-publish","hentry"],"_links":{"self":[{"href":"https:\/\/www.smith.care\/de\/wp-json\/wp\/v2\/pages\/19382","targetHints":{"allow":["GET"]}}],"collection":[{"href":"https:\/\/www.smith.care\/de\/wp-json\/wp\/v2\/pages"}],"about":[{"href":"https:\/\/www.smith.care\/de\/wp-json\/wp\/v2\/types\/page"}],"author":[{"embeddable":true,"href":"https:\/\/www.smith.care\/de\/wp-json\/wp\/v2\/users\/13"}],"replies":[{"embeddable":true,"href":"https:\/\/www.smith.care\/de\/wp-json\/wp\/v2\/comments?post=19382"}],"version-history":[{"count":106,"href":"https:\/\/www.smith.care\/de\/wp-json\/wp\/v2\/pages\/19382\/revisions"}],"predecessor-version":[{"id":24442,"href":"https:\/\/www.smith.care\/de\/wp-json\/wp\/v2\/pages\/19382\/revisions\/24442"}],"up":[{"embeddable":true,"href":"https:\/\/www.smith.care\/de\/wp-json\/wp\/v2\/pages\/19302"}],"wp:attachment":[{"href":"https:\/\/www.smith.care\/de\/wp-json\/wp\/v2\/media?parent=19382"}],"curies":[{"name":"wp","href":"https:\/\/api.w.org\/{rel}","templated":true}]}}