{"id":19385,"date":"2023-09-05T10:19:42","date_gmt":"2023-09-05T08:19:42","guid":{"rendered":"https:\/\/www.smith.care\/?page_id=19385"},"modified":"2025-07-04T10:29:18","modified_gmt":"2025-07-04T08:29:18","slug":"mii-academy-informationen-fuer-referierende","status":"publish","type":"page","link":"https:\/\/www.smith.care\/de\/lehre\/mii-academy\/mii-academy-informationen-fuer-referierende\/","title":{"rendered":"Informationen f\u00fcr Referierende"},"content":{"rendered":"<div class=\"wpb-content-wrapper\"><p>[vc_row css_animation=&#8220;&#8220; row_type=&#8220;row&#8220; use_row_as_full_screen_section=&#8220;no&#8220; type=&#8220;grid&#8220; angled_section=&#8220;no&#8220; text_align=&#8220;left&#8220; background_image_as_pattern=&#8220;without_pattern&#8220; z_index=&#8220;&#8220; css=&#8220;.vc_custom_1693903195561{background-color: #f5f6f6 !important;}&#8220;][vc_column][qode_elements_holder number_of_columns=&#8220;one_column&#8220;][qode_elements_holder_item advanced_animations=&#8220;no&#8220; item_padding=&#8220;5% 0 3% 0&#8243; item_padding_480_600=&#8220;20px 0px 20px 0px&#8220; item_padding_480=&#8220;20px 0px 20px 0px&#8220;][vc_column_text]<\/p>\n<h2>MII-Academy | Online-Lernplattform f\u00fcr klinisch Forschende<\/h2>\n<p>[\/vc_column_text][vc_empty_space height=&#8220;15px&#8220;][vc_column_text]<\/p>\n<h3>Informationen f\u00fcr Referierende<\/h3>\n<p>[\/vc_column_text][\/qode_elements_holder_item][\/qode_elements_holder][\/vc_column][\/vc_row][vc_row css_animation=&#8220;&#8220; row_type=&#8220;row&#8220; use_row_as_full_screen_section=&#8220;no&#8220; type=&#8220;grid&#8220; angled_section=&#8220;no&#8220; text_align=&#8220;left&#8220; background_image_as_pattern=&#8220;without_pattern&#8220; z_index=&#8220;&#8220; css=&#8220;.vc_custom_1707485329200{background-color: #f5f6f6 !important;}&#8220;][vc_column css=&#8220;.vc_custom_1694688077752{margin-top: 3% !important;background-color: #ffffff !important;}&#8220;][qode_elements_holder number_of_columns=&#8220;one_column&#8220;][qode_elements_holder_item advanced_animations=&#8220;no&#8220; item_padding=&#8220;0 5% 5% 5%&#8220;][vc_empty_space height=&#8220;20px&#8220;][vc_column_text]Das Ziel der MII-Academy ist es, Wissen zu teilen. Durch relevante Informationen bekommen Kolleginnen und Kollegen einen breiten \u00dcberblick \u00fcber <strong>die standort\u00fcbergreifende Nutzung und Auswertung von Daten aus der Routineversorgung zur Bef\u00f6rderung der medizinischen Forschung<\/strong>.[\/vc_column_text][vc_empty_space height=&#8220;20px&#8220;][vc_column_text]Die MII-Academy lebt von der Community. Daher freuen wir uns, dass Sie dar\u00fcber nachdenken, sich mit einem Thema einzubringen.[\/vc_column_text][vc_empty_space height=&#8220;20px&#8220;][vc_column_text]Vorab erhalten Sie einige Informationen von uns, sodass die Themenwahl sehr fokussiert erfolgt und der Aufwand f\u00fcr Sie so gering wie m\u00f6glich bleibt. Beachten Sie daher bitte die folgenden Aspekte:[\/vc_column_text][vc_empty_space height=&#8220;20px&#8220;][\/qode_elements_holder_item][qode_elements_holder_item vertical_alignment=&#8220;top&#8220; advanced_animations=&#8220;no&#8220; item_padding=&#8220;5%&#8220;][vc_single_image image=&#8220;9196&#8243; img_size=&#8220;large&#8220; css=&#8220;{&#8222;margin-bottom&#8222;:&#8222;35px&#8222;}&#8220; qode_css_animation=&#8220;&#8220;][\/qode_elements_holder_item][\/qode_elements_holder][qode_content_slider auto_rotate=&#8220;0&#8243; enable_drag=&#8220;no&#8220; direction_nav=&#8220;yes&#8220; control_nav=&#8220;yes&#8220; pause_on_hover=&#8220;no&#8220;][qode_content_slider_item][qode_elements_holder number_of_columns=&#8220;one_column&#8220;][qode_elements_holder_item advanced_animations=&#8220;no&#8220; item_padding=&#8220;0 10% 5% 10%&#8220;][vc_empty_space]<div class='q_icon_with_title medium circle '><div class=\"icon_holder \" style=\" \"><span data-icon-type=\"circle\" data-icon-hover-color=\"#66C4D8\" data-icon-hover-bg-color=\"#ffffff\" class=\"qode_iwt_icon_holder fa-stack fa-3x  \" style=\"border-color: #6a7484;background-color: #ffffff;\"><i class=\"qode_icon_font_awesome fa fa-hand-pointer-o qode_iwt_icon_element\" style=\"color: #66C4D8;\" ><\/i><\/span><\/div><div class=\"icon_text_holder\" style=\"\"><div class=\"icon_text_inner\" style=\"\"><h4 class=\"icon_title\" style=\"\">1. Thema<\/h4><div class=\"separator small left\" style=\"height: 2px;background-color: #66C4D8;width: 100px;margin-bottom: 15px;\"><\/div><p style=''>Eruieren Sie ein Thema, das aktuell noch nicht oder nicht vollst\u00e4ndig von der MII-Academy abgedeckt ist. Treten Sie mit uns in Kontakt und stellen Sie das Thema inhaltlich vor. Wir entscheiden anschlie\u00dfend, wie wir Ihren Beitrag in der MII-Academy unterbringen k\u00f6nnen.<\/p><\/div><\/div><\/div>[\/qode_elements_holder_item][\/qode_elements_holder][\/qode_content_slider_item][qode_content_slider_item][qode_elements_holder number_of_columns=&#8220;one_column&#8220;][qode_elements_holder_item advanced_animations=&#8220;no&#8220; item_padding=&#8220;0 10% 5% 10%&#8220;][vc_empty_space]<div class='q_icon_with_title medium circle '><div class=\"icon_holder \" style=\" \"><span data-icon-type=\"circle\" data-icon-hover-color=\"#66C4D8\" data-icon-hover-bg-color=\"#ffffff\" class=\"qode_iwt_icon_holder fa-stack fa-3x  \" style=\"border-color: #6a7484;background-color: #ffffff;\"><i class=\"qode_icon_font_awesome fa fa-hand-pointer-o qode_iwt_icon_element\" style=\"color: #66C4D8;\" ><\/i><\/span><\/div><div class=\"icon_text_holder\" style=\"\"><div class=\"icon_text_inner\" style=\"\"><h4 class=\"icon_title\" style=\"\">2. Vorwissen<\/h4><div class=\"separator small left\" style=\"height: 2px;background-color: #66C4D8;width: 100px;margin-bottom: 15px;\"><\/div><p style=''>Vermeiden Sie in den Vortr\u00e4gen Redundanzen und bauen Sie auf bereits verf\u00fcgbarem Material auf. Teilen Sie uns bitte das von den Teilnehmenden ben\u00f6tigte Vorwissen mit, damit wir diese Information in die Modulbeschreibung aufnehmen k\u00f6nnen.<\/p><\/div><\/div><\/div>[\/qode_elements_holder_item][\/qode_elements_holder][\/qode_content_slider_item][qode_content_slider_item][qode_elements_holder number_of_columns=&#8220;one_column&#8220;][qode_elements_holder_item advanced_animations=&#8220;no&#8220; item_padding=&#8220;0 10% 5% 10%&#8220;][vc_empty_space]<div class='q_icon_with_title medium circle '><div class=\"icon_holder \" style=\" \"><span data-icon-type=\"circle\" data-icon-hover-color=\"#66C4D8\" data-icon-hover-bg-color=\"#ffffff\" class=\"qode_iwt_icon_holder fa-stack fa-3x  \" style=\"border-color: #6a7484;background-color: #ffffff;\"><i class=\"qode_icon_font_awesome fa fa-hand-pointer-o qode_iwt_icon_element\" style=\"color: #66C4D8;\" ><\/i><\/span><\/div><div class=\"icon_text_holder\" style=\"\"><div class=\"icon_text_inner\" style=\"\"><h4 class=\"icon_title\" style=\"\">3. Layout<\/h4><div class=\"separator small left\" style=\"height: 2px;background-color: #66C4D8;width: 100px;margin-bottom: 15px;\"><\/div><p style=''>Bitte benutzen Sie die Vorlagen der MII-Academy f\u00fcr Ihre Pr\u00e4sentation, um ein einheitliches Layout aller Pr\u00e4sentationen sicherzustellen.<\/p><a itemprop='url' class='icon_with_title_link' href='https:\/\/www.smith.care\/wp-content\/uploads\/2024\/04\/MII-Academy_PPT-Vorlage-fuer-Referiernede_102023.pptx' target='_blank' style=''>Pr\u00e4sentationsvorlage der MII-Academy<\/a><\/div><\/div><\/div>[\/qode_elements_holder_item][\/qode_elements_holder][\/qode_content_slider_item][qode_content_slider_item][qode_elements_holder number_of_columns=&#8220;one_column&#8220;][qode_elements_holder_item advanced_animations=&#8220;no&#8220; item_padding=&#8220;0 10% 5% 10%&#8220;][vc_empty_space]<div class='q_icon_with_title medium circle '><div class=\"icon_holder \" style=\" \"><span data-icon-type=\"circle\" data-icon-hover-color=\"#66C4D8\" data-icon-hover-bg-color=\"#ffffff\" class=\"qode_iwt_icon_holder fa-stack fa-3x  \" style=\"border-color: #6a7484;background-color: #ffffff;\"><i class=\"qode_icon_font_awesome fa fa-hand-pointer-o qode_iwt_icon_element\" style=\"color: #66C4D8;\" ><\/i><\/span><\/div><div class=\"icon_text_holder\" style=\"\"><div class=\"icon_text_inner\" style=\"\"><h4 class=\"icon_title\" style=\"\">4. Struktur<\/h4><div class=\"separator small left\" style=\"height: 2px;background-color: #66C4D8;width: 100px;margin-bottom: 15px;\"><\/div><p style=''>Ihre Pr\u00e4sentation sollte mit einer Titelfolie beginnen, die den Titel und Ihren Namen zeigt. W\u00e4hlen Sie einen pr\u00e4gnant formulierten Titel, der sich am Inhalt Ihrer Pr\u00e4sentation orientiert. Au\u00dferdem sollte Ihre Pr\u00e4sentation mit einer Zusammenfassung enden, die f\u00fcr den \u00dcberblick zentrale Aspekte noch einmal aufgreift.<\/p><\/div><\/div><\/div>[\/qode_elements_holder_item][\/qode_elements_holder][\/qode_content_slider_item][qode_content_slider_item][qode_elements_holder number_of_columns=&#8220;one_column&#8220;][qode_elements_holder_item advanced_animations=&#8220;no&#8220; item_padding=&#8220;0 10% 5% 10%&#8220;][vc_empty_space]<div class='q_icon_with_title medium circle '><div class=\"icon_holder \" style=\" \"><span data-icon-type=\"circle\" data-icon-hover-color=\"#66C4D8\" data-icon-hover-bg-color=\"#ffffff\" class=\"qode_iwt_icon_holder fa-stack fa-3x  \" style=\"border-color: #6a7484;background-color: #ffffff;\"><i class=\"qode_icon_font_awesome fa fa-hand-pointer-o qode_iwt_icon_element\" style=\"color: #66C4D8;\" ><\/i><\/span><\/div><div class=\"icon_text_holder\" style=\"\"><div class=\"icon_text_inner\" style=\"\"><h4 class=\"icon_title\" style=\"\">5. Lernziele<\/h4><div class=\"separator small left\" style=\"height: 2px;background-color: #66C4D8;width: 100px;margin-bottom: 15px;\"><\/div><p style=''>Definieren Sie einige wenige Lernziele zu Beginn Ihrer Pr\u00e4sentation, sodass den Zuh\u00f6rerinnen und Zuh\u00f6rern die inhaltlichen Erwartungen klar werden.<\/p><\/div><\/div><\/div>[\/qode_elements_holder_item][\/qode_elements_holder][\/qode_content_slider_item][qode_content_slider_item][qode_elements_holder number_of_columns=&#8220;one_column&#8220;][qode_elements_holder_item advanced_animations=&#8220;no&#8220; item_padding=&#8220;0 10% 5% 10%&#8220;][vc_empty_space]<div class='q_icon_with_title medium circle '><div class=\"icon_holder \" style=\" \"><span data-icon-type=\"circle\" data-icon-hover-color=\"#66C4D8\" data-icon-hover-bg-color=\"#ffffff\" class=\"qode_iwt_icon_holder fa-stack fa-3x  \" style=\"border-color: #6a7484;background-color: #ffffff;\"><i class=\"qode_icon_font_awesome fa fa-hand-pointer-o qode_iwt_icon_element\" style=\"color: #66C4D8;\" ><\/i><\/span><\/div><div class=\"icon_text_holder\" style=\"\"><div class=\"icon_text_inner\" style=\"\"><h4 class=\"icon_title\" style=\"\">6. Sprache<\/h4><div class=\"separator small left\" style=\"height: 2px;background-color: #66C4D8;width: 100px;margin-bottom: 15px;\"><\/div><p style=''>Die Pr\u00e4sentation kann auf Deutsch oder Englisch gehalten werden. Die gesprochene Sprache der Pr\u00e4sentation und die verwendete Sprache auf den Folien sollte nach M\u00f6glichkeit identisch sein.<\/p><\/div><\/div><\/div>[\/qode_elements_holder_item][\/qode_elements_holder][\/qode_content_slider_item][qode_content_slider_item][qode_elements_holder number_of_columns=&#8220;one_column&#8220;][qode_elements_holder_item advanced_animations=&#8220;no&#8220; item_padding=&#8220;0 10% 5% 10%&#8220;][vc_empty_space]<div class='q_icon_with_title medium circle '><div class=\"icon_holder \" style=\" \"><span data-icon-type=\"circle\" data-icon-hover-color=\"#66C4D8\" data-icon-hover-bg-color=\"#ffffff\" class=\"qode_iwt_icon_holder fa-stack fa-3x  \" style=\"border-color: #6a7484;background-color: #ffffff;\"><i class=\"qode_icon_font_awesome fa fa-hand-pointer-o qode_iwt_icon_element\" style=\"color: #66C4D8;\" ><\/i><\/span><\/div><div class=\"icon_text_holder\" style=\"\"><div class=\"icon_text_inner\" style=\"\"><h4 class=\"icon_title\" style=\"\">7. Zeitliche L\u00e4nge<\/h4><div class=\"separator small left\" style=\"height: 2px;background-color: #66C4D8;width: 100px;margin-bottom: 15px;\"><\/div><p style=''>Der Vortrag sollte weder zu lang noch zu kurz sein. Die Zuh\u00f6rerschaft soll alle wichtigen Informationen mitnehmen k\u00f6nnen, ohne zu erm\u00fcden. Wir empfehlen, die Videos nicht l\u00e4nger als 15-20 Minuten zu gestalten. Sollten weitl\u00e4ufigere Ausf\u00fchrungen notwendig sein, dann eignet sich eine Unterteilung des Themas in mehrere kurze Abschnitte.<\/p><\/div><\/div><\/div>[\/qode_elements_holder_item][\/qode_elements_holder][\/qode_content_slider_item][qode_content_slider_item][qode_elements_holder number_of_columns=&#8220;one_column&#8220;][qode_elements_holder_item advanced_animations=&#8220;no&#8220; item_padding=&#8220;0 10% 5% 10%&#8220;][vc_empty_space]<div class='q_icon_with_title medium circle '><div class=\"icon_holder \" style=\" \"><span data-icon-type=\"circle\" data-icon-hover-color=\"#66C4D8\" data-icon-hover-bg-color=\"#ffffff\" class=\"qode_iwt_icon_holder fa-stack fa-3x  \" style=\"border-color: #6a7484;background-color: #ffffff;\"><i class=\"qode_icon_font_awesome fa fa-hand-pointer-o qode_iwt_icon_element\" style=\"color: #66C4D8;\" ><\/i><\/span><\/div><div class=\"icon_text_holder\" style=\"\"><div class=\"icon_text_inner\" style=\"\"><h4 class=\"icon_title\" style=\"\">8. Verwendbares Material<\/h4><div class=\"separator small left\" style=\"height: 2px;background-color: #66C4D8;width: 100px;margin-bottom: 15px;\"><\/div><p style=''>Bitte verwenden Sie nur Material in Ihren Pr\u00e4sentationen, das zur freien Nutzung zur Verf\u00fcgung steht. Das gilt insbesondere f\u00fcr Abbildungen aus dem Internet und Fotos mit Personen. Letzteres bedingt die Einwilligung derselben.<\/p><\/div><\/div><\/div>[\/qode_elements_holder_item][\/qode_elements_holder][\/qode_content_slider_item][qode_content_slider_item][qode_elements_holder number_of_columns=&#8220;one_column&#8220;][qode_elements_holder_item advanced_animations=&#8220;no&#8220; item_padding=&#8220;0 10% 5% 10%&#8220;][vc_empty_space]<div class='q_icon_with_title medium circle '><div class=\"icon_holder \" style=\" \"><span data-icon-type=\"circle\" data-icon-hover-color=\"#66C4D8\" data-icon-hover-bg-color=\"#ffffff\" class=\"qode_iwt_icon_holder fa-stack fa-3x  \" style=\"border-color: #6a7484;background-color: #ffffff;\"><i class=\"qode_icon_font_awesome fa fa-hand-pointer-o qode_iwt_icon_element\" style=\"color: #66C4D8;\" ><\/i><\/span><\/div><div class=\"icon_text_holder\" style=\"\"><div class=\"icon_text_inner\" style=\"\"><h4 class=\"icon_title\" style=\"\">9. Abbildungen<\/h4><div class=\"separator small left\" style=\"height: 2px;background-color: #66C4D8;width: 100px;margin-bottom: 15px;\"><\/div><p style=''>Achten Sie bei Abbildungen bitte auf Leserlichkeit. Dies gilt sowohl f\u00fcr Screenshots als auch f\u00fcr selbst erstellte Abbildungen. Ihre Zuh\u00f6rerinnen und Zuh\u00f6rer sollten auf der Folie die zu vermittelnden Inhalte lesbar vorfinden. Sie k\u00f6nnen beispielsweise die Abbildungen skalieren und Ausschnitte gr\u00f6\u00dfer aufbereitet zeigen. So bleibt der Inhalt f\u00fcr die Zuh\u00f6rerschaft lesbar und die Verortung des vergr\u00f6\u00dfert dargestellten Inhalts transparent.<\/p><\/div><\/div><\/div>[\/qode_elements_holder_item][\/qode_elements_holder][\/qode_content_slider_item][qode_content_slider_item][qode_elements_holder number_of_columns=&#8220;one_column&#8220;][qode_elements_holder_item advanced_animations=&#8220;no&#8220; item_padding=&#8220;0 10% 5% 10%&#8220;][vc_empty_space]<div class='q_icon_with_title medium circle '><div class=\"icon_holder \" style=\" \"><span data-icon-type=\"circle\" data-icon-hover-color=\"#66C4D8\" data-icon-hover-bg-color=\"#ffffff\" class=\"qode_iwt_icon_holder fa-stack fa-3x  \" style=\"border-color: #6a7484;background-color: #ffffff;\"><i class=\"qode_icon_font_awesome fa fa-hand-pointer-o qode_iwt_icon_element\" style=\"color: #66C4D8;\" ><\/i><\/span><\/div><div class=\"icon_text_holder\" style=\"\"><div class=\"icon_text_inner\" style=\"\"><h4 class=\"icon_title\" style=\"\">10. Aufnahme der Video- und Tonspur<\/h4><div class=\"separator small left\" style=\"height: 2px;background-color: #66C4D8;width: 100px;margin-bottom: 15px;\"><\/div><p style=''>Die Pr\u00e4sentationen sollten audiovisuell gestaltet werden. Hierf\u00fcr ist jede Pr\u00e4sentation mit einer Tonspur zu unterlegen. Wir empfehlen zudem, zus\u00e4tzlich Ihre Webcam einzuschalten, um den Vortrag f\u00fcr die Zuh\u00f6rerinnen und Zuh\u00f6rer noch ansprechender zu gestalten. Die Software PowerPoint bietet in ihrer neusten Version die M\u00f6glichkeit, zu jeder Folie eine Audio- sowie Videoaufnahme beizusteuern. Das Tutorial zeigt, wie dies in der Version PowerPoint 2019 funktioniert.<\/p><a itemprop='url' class='icon_with_title_link' href='https:\/\/www.youtube.com\/watch?v=_I-2IEQcj30' target='_blank' style=''>Tutorial zum Einf\u00fcgen einer Video- und Tonspur in PowerPoint 2019<\/a><\/div><\/div><\/div>[\/qode_elements_holder_item][\/qode_elements_holder][\/qode_content_slider_item][qode_content_slider_item][qode_elements_holder number_of_columns=&#8220;one_column&#8220;][qode_elements_holder_item advanced_animations=&#8220;no&#8220; item_padding=&#8220;0 10% 5% 10%&#8220;][vc_empty_space]<div class='q_icon_with_title medium circle '><div class=\"icon_holder \" style=\" \"><span data-icon-type=\"circle\" data-icon-hover-color=\"#66C4D8\" data-icon-hover-bg-color=\"#ffffff\" class=\"qode_iwt_icon_holder fa-stack fa-3x  \" style=\"border-color: #6a7484;background-color: #ffffff;\"><i class=\"qode_icon_font_awesome fa fa-hand-pointer-o qode_iwt_icon_element\" style=\"color: #66C4D8;\" ><\/i><\/span><\/div><div class=\"icon_text_holder\" style=\"\"><div class=\"icon_text_inner\" style=\"\"><h4 class=\"icon_title\" style=\"\">11. \u00dcbermittlung der Pr\u00e4sentation<\/h4><div class=\"separator small left\" style=\"height: 2px;background-color: #66C4D8;width: 100px;margin-bottom: 15px;\"><\/div><p style=''>Bitte senden Sie uns die mit der Tonspur versehene PowerPoint-Datei, damit wir das entsprechende Video exportieren k\u00f6nnen. Oftmals werden die PowerPoint-Dateien sehr gro\u00df, verwenden Sie daher zur \u00dcbermittlung der Datei am besten einen kostenfreien Datentransferdienst. F\u00fcr Angeh\u00f6rige einer Hochschule oder Universit\u00e4t eignet sich z. B. die Plattform GigaMove dazu.<\/p><a itemprop='url' class='icon_with_title_link' href='https:\/\/gigamove.rwth-aachen.de\/de' target='_blank' style=''>Zum Datentransfer mit GigaMove<\/a><\/div><\/div><\/div>[\/qode_elements_holder_item][\/qode_elements_holder][\/qode_content_slider_item][\/qode_content_slider][vc_empty_space][\/vc_column][\/vc_row][vc_row css_animation=&#8220;&#8220; row_type=&#8220;row&#8220; use_row_as_full_screen_section=&#8220;no&#8220; type=&#8220;grid&#8220; angled_section=&#8220;no&#8220; text_align=&#8220;left&#8220; background_image_as_pattern=&#8220;without_pattern&#8220; z_index=&#8220;&#8220; css=&#8220;.vc_custom_1694695772848{margin-bottom: 3% !important;background-color: #f5f6f6 !important;}&#8220;][vc_column css=&#8220;.vc_custom_1694696102948{margin-top: 3% !important;padding-top: 5% !important;padding-right: 5% !important;padding-bottom: 5% !important;padding-left: 5% !important;background-color: #ffffff !important;}&#8220;][qode_elements_holder number_of_columns=&#8220;one_column&#8220;][qode_elements_holder_item advanced_animations=&#8220;no&#8220; item_padding=&#8220;0 0 5% 0&#8243;][vc_column_text]<\/p>\n<h3 style=\"text-align: left;\">Kontakt<\/h3>\n<p>[\/vc_column_text][\/qode_elements_holder_item][\/qode_elements_holder][qode_elements_holder number_of_columns=&#8220;two_columns&#8220;][qode_elements_holder_item advanced_animations=&#8220;no&#8220;]<div class='q_icon_with_title small normal_icon '><div class=\"icon_holder \" style=\" \"><span data-icon-type=\"normal\"  data-icon-hover-color=\"#66C4D8\" style=\"\" class=\"qode_iwt_icon_holder q_font_awsome_icon fa-2x  \"><i class=\"qode_icon_font_awesome fa fa-address-book qode_iwt_icon_element\" style=\"color: #66C4D8;\" ><\/i><\/span><\/div><div class=\"icon_text_holder\" style=\"\"><div class=\"icon_text_inner\" style=\"\"><h5 class=\"icon_title\" style=\"\"><\/h5><p style='color: #000000'>Universit\u00e4t Leipzig | Medizinische Fakult\u00e4t<\/p><\/div><\/div><\/div>[vc_column_text css=&#8220;.vc_custom_1712055949418{padding-top: -2% !important;padding-left: 8% !important;}&#8220;]LIFE Management Cluster<br \/>\nSMITH-Gesch\u00e4ftsstelle<strong><br \/>\n<\/strong>Philipp-Rosenthal-Stra\u00dfe 27<br \/>\n04103 Leipzig[\/vc_column_text][\/qode_elements_holder_item][qode_elements_holder_item advanced_animations=&#8220;no&#8220;]<div class='q_icon_with_title small normal_icon '><div class=\"icon_holder \" style=\" \"><span data-icon-type=\"normal\"  data-icon-hover-color=\"#66C4D8\" style=\"\" class=\"qode_iwt_icon_holder q_font_awsome_icon fa-2x  \"><i class=\"qode_icon_font_awesome fa fa-phone qode_iwt_icon_element\" style=\"color: #66C4D8;\" ><\/i><\/span><\/div><div class=\"icon_text_holder\" style=\"\"><div class=\"icon_text_inner\" style=\"\"><h5 class=\"icon_title\" style=\"\"><\/h5><p style='color: #000000'>Telefon: +49 341 97-16720<\/p><\/div><\/div><\/div><div class='q_icon_with_title small normal_icon '><div class=\"icon_holder \" style=\" \"><span data-icon-type=\"normal\"  data-icon-hover-color=\"#66C4D8\" style=\"\" class=\"qode_iwt_icon_holder q_font_awsome_icon fa-2x  \"><i class=\"qode_icon_font_awesome fa fa-envelope-open qode_iwt_icon_element\" style=\"color: #66C4D8;\" ><\/i><\/span><\/div><div class=\"icon_text_holder\" style=\"\"><div class=\"icon_text_inner\" style=\"\"><h5 class=\"icon_title\" style=\"\"><\/h5><p style=''><\/p><a itemprop='url' class='icon_with_title_link' href='mailto:info@mii-academy.de' target='_blank' style=''>E-Mail: info@mii-academy.de<\/a><\/div><\/div><\/div>[\/qode_elements_holder_item][\/qode_elements_holder][\/vc_column][\/vc_row]<\/p>\n<\/div>","protected":false},"excerpt":{"rendered":"<p>[vc_row css_animation=&#8220;&#8220; row_type=&#8220;row&#8220; use_row_as_full_screen_section=&#8220;no&#8220; type=&#8220;grid&#8220; angled_section=&#8220;no&#8220; text_align=&#8220;left&#8220; background_image_as_pattern=&#8220;without_pattern&#8220; z_index=&#8220;&#8220; css=&#8220;.vc_custom_1693903195561{background-color: #f5f6f6 !important;}&#8220;][vc_column][qode_elements_holder number_of_columns=&#8220;one_column&#8220;][qode_elements_holder_item advanced_animations=&#8220;no&#8220; item_padding=&#8220;5% 0 3% 0&#8243; item_padding_480_600=&#8220;20px 0px 20px 0px&#8220; item_padding_480=&#8220;20px 0px 20px 0px&#8220;][vc_column_text] MII-Academy | Online-Lernplattform f\u00fcr klinisch Forschende [\/vc_column_text][vc_empty_space height=&#8220;15px&#8220;][vc_column_text] Informationen f\u00fcr Referierende [\/vc_column_text][\/qode_elements_holder_item][\/qode_elements_holder][\/vc_column][\/vc_row][vc_row css_animation=&#8220;&#8220; row_type=&#8220;row&#8220; use_row_as_full_screen_section=&#8220;no&#8220; type=&#8220;grid&#8220; angled_section=&#8220;no&#8220; text_align=&#8220;left&#8220; background_image_as_pattern=&#8220;without_pattern&#8220;&#8230;<\/p>\n","protected":false},"author":13,"featured_media":0,"parent":19302,"menu_order":0,"comment_status":"closed","ping_status":"closed","template":"full_width.php","meta":{"footnotes":""},"class_list":["post-19385","page","type-page","status-publish","hentry"],"_links":{"self":[{"href":"https:\/\/www.smith.care\/de\/wp-json\/wp\/v2\/pages\/19385","targetHints":{"allow":["GET"]}}],"collection":[{"href":"https:\/\/www.smith.care\/de\/wp-json\/wp\/v2\/pages"}],"about":[{"href":"https:\/\/www.smith.care\/de\/wp-json\/wp\/v2\/types\/page"}],"author":[{"embeddable":true,"href":"https:\/\/www.smith.care\/de\/wp-json\/wp\/v2\/users\/13"}],"replies":[{"embeddable":true,"href":"https:\/\/www.smith.care\/de\/wp-json\/wp\/v2\/comments?post=19385"}],"version-history":[{"count":120,"href":"https:\/\/www.smith.care\/de\/wp-json\/wp\/v2\/pages\/19385\/revisions"}],"predecessor-version":[{"id":24753,"href":"https:\/\/www.smith.care\/de\/wp-json\/wp\/v2\/pages\/19385\/revisions\/24753"}],"up":[{"embeddable":true,"href":"https:\/\/www.smith.care\/de\/wp-json\/wp\/v2\/pages\/19302"}],"wp:attachment":[{"href":"https:\/\/www.smith.care\/de\/wp-json\/wp\/v2\/media?parent=19385"}],"curies":[{"name":"wp","href":"https:\/\/api.w.org\/{rel}","templated":true}]}}