{"id":19900,"date":"2023-09-18T12:38:41","date_gmt":"2023-09-18T10:38:41","guid":{"rendered":"https:\/\/www.smith.care\/?page_id=19900"},"modified":"2025-10-06T11:54:34","modified_gmt":"2025-10-06T09:54:34","slug":"gemtex_mii-annotation","status":"publish","type":"page","link":"https:\/\/www.smith.care\/de\/gemtex_mii\/gemtex_mii-annotation\/","title":{"rendered":"GeMTeX: Studierende gesucht!"},"content":{"rendered":"<div class=\"wpb-content-wrapper\"><p>[vc_row css_animation=&#8220;&#8220; row_type=&#8220;row&#8220; use_row_as_full_screen_section=&#8220;no&#8220; type=&#8220;grid&#8220; angled_section=&#8220;no&#8220; text_align=&#8220;left&#8220; background_image_as_pattern=&#8220;without_pattern&#8220; z_index=&#8220;&#8220; css=&#8220;.vc_custom_1620639780558{background-color: #f5f6f6 !important;}&#8220;][vc_column][qode_elements_holder number_of_columns=&#8220;one_column&#8220;][qode_elements_holder_item advanced_animations=&#8220;no&#8220; item_padding=&#8220;5% 0 3% 0&#8243; item_padding_480_600=&#8220;20px 0px 20px 0px&#8220; item_padding_480=&#8220;20px 0px 20px 0px&#8220;][vc_column_text]<\/p>\n<h2>Annotationsarbeiten im GeMTeX-Projekt<\/h2>\n<p>[\/vc_column_text][vc_empty_space height=&#8220;15px&#8220;][vc_column_text]<\/p>\n<h3>Studentische \/ Wissenschaftliche Hilfskr\u00e4fte (m\/w\/d) zur Aufbereitung klinischer Dokumente gesucht!<\/h3>\n<p>[\/vc_column_text][\/qode_elements_holder_item][\/qode_elements_holder][\/vc_column][\/vc_row][vc_row css_animation=&#8220;&#8220; row_type=&#8220;row&#8220; use_row_as_full_screen_section=&#8220;no&#8220; type=&#8220;grid&#8220; angled_section=&#8220;no&#8220; text_align=&#8220;left&#8220; background_image_as_pattern=&#8220;without_pattern&#8220; z_index=&#8220;&#8220; css=&#8220;.vc_custom_1693475856628{background-color: #f5f6f6 !important;}&#8220;][vc_column css=&#8220;.vc_custom_1695200175317{background-color: #ffffff !important;}&#8220;][qode_elements_holder number_of_columns=&#8220;two_columns&#8220;][qode_elements_holder_item vertical_alignment=&#8220;middle&#8220; horizontal_alignment=&#8220;left&#8220; advanced_animations=&#8220;no&#8220; item_padding=&#8220;5%&#8220;][vc_column_text]Im Rahmen des <a href=\"https:\/\/www.smith.care\/de\/gemtex_mii\/ueber-gemtex\/\">GeMTeX<\/a>-Projekts der <a href=\"https:\/\/www.medizininformatik-initiative.de\/de\/start\" target=\"_blank\" rel=\"noopener\">Medizininformatik-Initiative (MII)<\/a> soll das gr\u00f6\u00dfte Textkorpus medizinischer Texte in deutscher Sprache entstehen. Dazu werden mit dem Einverst\u00e4ndnis der Patientinnen und Patienten Texte aus der klinischen Routineversorgung (z. B. Arzt- und Entlassbriefe) gesammelt. Diese Texte enthalten wertvolle Informationen, welche die medizinische Forschung und Versorgung unterst\u00fctzen k\u00f6nnen. Sind diese Informationen von Programmen automatischer Sprachverarbeitung lesbar, k\u00f6nnen die Texte zudem als Grundlage f\u00fcr Machine Learning Modelle und K\u00fcnstliche Intelligenz (KI) dienen. Um das volle Potenzial der enthaltenen medizinischen Daten auszusch\u00f6pfen, m\u00fcssen diese klinischen Texte allerdings zun\u00e4chst maschinenlesbar aufbereitet werden.[\/vc_column_text][vc_empty_space height=&#8220;15px&#8220;][vc_column_text css=&#8220;&#8220;]Hierf\u00fcr sucht die Medizinische Fakult\u00e4t der Universit\u00e4t Leipzig zum <strong>01. Dezember 2025<\/strong> Studierende der Human- oder Zahnmedizin.[\/vc_column_text][\/qode_elements_holder_item][qode_elements_holder_item vertical_alignment=&#8220;middle&#8220; advanced_animations=&#8220;no&#8220; item_padding=&#8220;3% 5% 5% 5%&#8220;][vc_single_image image=&#8220;13644&#8243; img_size=&#8220;large&#8220; qode_css_animation=&#8220;&#8220;][\/qode_elements_holder_item][\/qode_elements_holder][qode_elements_holder number_of_columns=&#8220;one_column&#8220;][qode_elements_holder_item advanced_animations=&#8220;no&#8220; item_padding=&#8220;3% 2% 0 2%&#8220;]<div class=\"qode-accordion-holder clearfix qode-accordion qode-initial \">\n\t<h4 class=\"clearfix qode-title-holder\">\n<span class=\"qode-tab-title\">\n\t\t\t<span class=\"qode-tab-title-icon\">\n\t\t\t<i class=\"qode_icon_font_awesome fa fa-bullhorn \" ><\/i>\t\t<\/span>\n\t    <span class=\"qode-tab-title-inner\">\n        Ihre Aufgaben    <\/span>\n<\/span>\n<span class=\"qode-accordion-mark\">\n    <span class=\"qode-accordion-mark-icon\">\n        <span class=\"icon_plus\"><\/span>\n        <span class=\"icon_minus-06\"><\/span>\n    <\/span>\n<\/span>\n<\/h4>\n<div  class=\"qode-accordion-content qode-acc-title-with-icon\" >\n    <div class=\"qode-accordion-content-inner\">\n        [vc_empty_space height=&#8220;15px&#8220;][vc_column_text]<\/p>\n<ul>\n<li>klinische Texte, z. B. Entlassbriefe lesen<\/li>\n<li>vorgegebene relevante Informationen (z. B. Diagnosen, Krankheiten, Medikamente, Prozeduren etc.) mit Hilfe eines Programms digital markieren<\/li>\n<\/ul>\n<p>[\/vc_column_text][vc_empty_space height=&#8220;15px&#8220;]    <\/div>\n<\/div><h4 class=\"clearfix qode-title-holder\">\n<span class=\"qode-tab-title\">\n\t\t\t<span class=\"qode-tab-title-icon\">\n\t\t\t<i class=\"qode_icon_font_awesome fa fa-check-circle \" ><\/i>\t\t<\/span>\n\t    <span class=\"qode-tab-title-inner\">\n        Ihr Profil    <\/span>\n<\/span>\n<span class=\"qode-accordion-mark\">\n    <span class=\"qode-accordion-mark-icon\">\n        <span class=\"icon_plus\"><\/span>\n        <span class=\"icon_minus-06\"><\/span>\n    <\/span>\n<\/span>\n<\/h4>\n<div  class=\"qode-accordion-content qode-acc-title-with-icon\" >\n    <div class=\"qode-accordion-content-inner\">\n        [vc_empty_space height=&#8220;15px&#8220;][vc_column_text css=&#8220;&#8220;]<\/p>\n<ul>\n<li>mindestens 5. Fachsemester oder 1. Staatsexamen (\u201ePhysikum\u201c) des Studiums der Human- oder Zahnmedizin<\/li>\n<li>Deutsch als Muttersprache, deutscher Schulabschluss oder C1-Sprachnachweis<\/li>\n<li>planbare Verf\u00fcgbarkeit bis zum 31.05.2026 dringend erforderlich<\/li>\n<\/ul>\n<p>[\/vc_column_text][vc_empty_space height=&#8220;15px&#8220;]    <\/div>\n<\/div><h4 class=\"clearfix qode-title-holder\">\n<span class=\"qode-tab-title\">\n\t\t\t<span class=\"qode-tab-title-icon\">\n\t\t\t<i class=\"qode_icon_font_awesome fa fa-tasks \" ><\/i>\t\t<\/span>\n\t    <span class=\"qode-tab-title-inner\">\n        Die Rahmenbedingungen    <\/span>\n<\/span>\n<span class=\"qode-accordion-mark\">\n    <span class=\"qode-accordion-mark-icon\">\n        <span class=\"icon_plus\"><\/span>\n        <span class=\"icon_minus-06\"><\/span>\n    <\/span>\n<\/span>\n<\/h4>\n<div  class=\"qode-accordion-content qode-acc-title-with-icon\" >\n    <div class=\"qode-accordion-content-inner\">\n        [vc_empty_space height=&#8220;15px&#8220;][vc_column_text css=&#8220;&#8220;]<\/p>\n<ul>\n<li>Bezahlung nach g\u00fcltigem Tarif<\/li>\n<li>monatliche Arbeitszeit: bis zu 40 h<\/li>\n<li>flexible Arbeitszeiten<\/li>\n<li>Pr\u00fcfungen, Examina, Famulaturen werden in der Zeitplanung nach Absprache ber\u00fccksichtigt<\/li>\n<\/ul>\n<p>[\/vc_column_text][vc_empty_space height=&#8220;15px&#8220;]    <\/div>\n<\/div><h4 class=\"clearfix qode-title-holder\">\n<span class=\"qode-tab-title\">\n\t\t\t<span class=\"qode-tab-title-icon\">\n\t\t\t<i class=\"qode_icon_font_awesome fa fa-graduation-cap \" ><\/i>\t\t<\/span>\n\t    <span class=\"qode-tab-title-inner\">\n        Ihre Chancen    <\/span>\n<\/span>\n<span class=\"qode-accordion-mark\">\n    <span class=\"qode-accordion-mark-icon\">\n        <span class=\"icon_plus\"><\/span>\n        <span class=\"icon_minus-06\"><\/span>\n    <\/span>\n<\/span>\n<\/h4>\n<div  class=\"qode-accordion-content qode-acc-title-with-icon\" >\n    <div class=\"qode-accordion-content-inner\">\n        [vc_empty_space height=&#8220;15px&#8220;][vc_column_text]Sie\u2026<\/p>\n<ul>\n<li>bekommen Arztbriefe zu lesen, die Sie im Studium sonst nicht zu lesen bekommen.<\/li>\n<li>erlangen ein Verst\u00e4ndnis f\u00fcr medizinische Terminologien.<\/li>\n<li>k\u00f6nnen Ihre wissenschaftliche Arbeit in die T\u00e4tigkeit einbeziehen.<\/li>\n<li>arbeiten in einem Team mit anderen Studierenden zusammen. Gerne k\u00f6nnen Sie sich als kleine Gruppe gemeinsam bewerben.<\/li>\n<li>tragen zum Aufbau eines Referenz-Korpus f\u00fcr deutsche medizinische Texte bei.<\/li>\n<li>erhalten f\u00fcr Ihre Mitarbeit ein Nachweisdokument, welches Sie f\u00fcr Bewerbungen oder f\u00fcr Antr\u00e4ge von Stipendien o. \u00c4. nutzen k\u00f6nnen.<\/li>\n<\/ul>\n<p>[\/vc_column_text][vc_empty_space height=&#8220;15px&#8220;]    <\/div>\n<\/div><\/div>[vc_separator type=&#8220;normal&#8220;][\/qode_elements_holder_item][\/qode_elements_holder][\/vc_column][\/vc_row][vc_row css_animation=&#8220;&#8220; row_type=&#8220;row&#8220; use_row_as_full_screen_section=&#8220;no&#8220; type=&#8220;grid&#8220; angled_section=&#8220;no&#8220; text_align=&#8220;left&#8220; background_image_as_pattern=&#8220;without_pattern&#8220; z_index=&#8220;&#8220; css=&#8220;.vc_custom_1697624959266{margin-bottom: 3% !important;background-color: #f5f6f6 !important;}&#8220;][vc_column css=&#8220;.vc_custom_1697624968729{background-color: #ffffff !important;}&#8220;][qode_elements_holder number_of_columns=&#8220;one_column&#8220;][qode_elements_holder_item advanced_animations=&#8220;no&#8220; item_padding=&#8220;2% 5% 5% 5%&#8220; item_padding_480_600=&#8220;3% 0 10% 0&#8243; item_padding_480=&#8220;3% 0 10% 0&#8243;][vc_column_text]<\/p>\n<h3>Kontakt:<\/h3>\n<p>[\/vc_column_text][vc_empty_space height=&#8220;25px&#8220;][vc_column_text]Sie haben Interesse an der Mitarbeit?[\/vc_column_text][vc_empty_space height=&#8220;15px&#8220;][vc_column_text css=&#8220;&#8220;]Schicken Sie uns bitte bis zum <strong>24. Oktober 2025<\/strong> eine E-Mail mit dem Betreff \u201eGeMTeX Annotation\u201c an <a href=\"mailto:info@smith.care\" target=\"_blank\" rel=\"noopener\"><strong>info@smith.care<\/strong><\/a>.[\/vc_column_text][vc_empty_space height=&#8220;15px&#8220;][\/qode_elements_holder_item][\/qode_elements_holder][\/vc_column][\/vc_row][vc_row css_animation=&#8220;&#8220; row_type=&#8220;row&#8220; use_row_as_full_screen_section=&#8220;no&#8220; type=&#8220;grid&#8220; angled_section=&#8220;no&#8220; text_align=&#8220;left&#8220; background_image_as_pattern=&#8220;without_pattern&#8220; z_index=&#8220;&#8220; css=&#8220;.vc_custom_1695199663985{background-color: #e0f4fc !important;}&#8220;][vc_column][qode_elements_holder number_of_columns=&#8220;one_column&#8220;][qode_elements_holder_item advanced_animations=&#8220;no&#8220; item_padding=&#8220;5%&#8220;][vc_column_text]<\/p>\n<h3>Hintergrund:<\/h3>\n<p>[\/vc_column_text][vc_empty_space height=&#8220;25px&#8220;][vc_column_text]GeMTeX ist ein Projekt der Medizininformatik-Initiative und wird bis 2026 durch das Bundesministerium f\u00fcr Bildung und Forschung gef\u00f6rdert. Das Ziel der Medizininformatik-Initiative ist es, Routinedaten aus der Patientenversorgung bundesweit digital zu vernetzen und f\u00fcr die medizinische Forschung verf\u00fcgbar zu machen. Damit sollen Krankheiten zuk\u00fcnftig schneller und effektiver behandelt werden k\u00f6nnen. Hierf\u00fcr arbeiten alle Einrichtungen der Universit\u00e4tsmedizin Deutschlands gemeinsam mit weiteren Forschungseinrichtungen, Unternehmen, Krankenkassen und Patientenvertretern in den vier Konsortien <a href=\"https:\/\/difuture.de\/\" target=\"_blank\" rel=\"noopener\">DIFUTURE<\/a>, <a href=\"https:\/\/www.highmed.org\/de\/home\" target=\"_blank\" rel=\"noopener\">HiGHmed<\/a>, <a href=\"https:\/\/www.miracum.org\/\" target=\"_blank\" rel=\"noopener\">MIRACUM<\/a> und <a href=\"https:\/\/www.smith.care\/\" target=\"_blank\" rel=\"noopener\">SMITH<\/a> an einer standort\u00fcbergreifenden Infrastruktur f\u00fcr Gesundheitsdaten. Mit unterschiedlichen Projekten wird diese Infrastruktur ausgebaut und ihre Funktionsf\u00e4higkeit anhand von Anwendungsf\u00e4llen \u00fcberpr\u00fcft.[\/vc_column_text][\/qode_elements_holder_item][\/qode_elements_holder][\/vc_column][\/vc_row]<\/p>\n<\/div>","protected":false},"excerpt":{"rendered":"<p>[vc_row css_animation=&#8220;&#8220; row_type=&#8220;row&#8220; use_row_as_full_screen_section=&#8220;no&#8220; type=&#8220;grid&#8220; angled_section=&#8220;no&#8220; text_align=&#8220;left&#8220; background_image_as_pattern=&#8220;without_pattern&#8220; z_index=&#8220;&#8220; css=&#8220;.vc_custom_1620639780558{background-color: #f5f6f6 !important;}&#8220;][vc_column][qode_elements_holder number_of_columns=&#8220;one_column&#8220;][qode_elements_holder_item advanced_animations=&#8220;no&#8220; item_padding=&#8220;5% 0 3% 0&#8243; item_padding_480_600=&#8220;20px 0px 20px 0px&#8220; item_padding_480=&#8220;20px 0px 20px 0px&#8220;][vc_column_text] Annotationsarbeiten im GeMTeX-Projekt [\/vc_column_text][vc_empty_space height=&#8220;15px&#8220;][vc_column_text] Studentische \/ Wissenschaftliche Hilfskr\u00e4fte (m\/w\/d) zur Aufbereitung klinischer Dokumente gesucht! [\/vc_column_text][\/qode_elements_holder_item][\/qode_elements_holder][\/vc_column][\/vc_row][vc_row css_animation=&#8220;&#8220; row_type=&#8220;row&#8220; use_row_as_full_screen_section=&#8220;no&#8220;&#8230;<\/p>\n","protected":false},"author":13,"featured_media":0,"parent":20497,"menu_order":3,"comment_status":"closed","ping_status":"closed","template":"full_width.php","meta":{"footnotes":""},"class_list":["post-19900","page","type-page","status-publish","hentry"],"_links":{"self":[{"href":"https:\/\/www.smith.care\/de\/wp-json\/wp\/v2\/pages\/19900","targetHints":{"allow":["GET"]}}],"collection":[{"href":"https:\/\/www.smith.care\/de\/wp-json\/wp\/v2\/pages"}],"about":[{"href":"https:\/\/www.smith.care\/de\/wp-json\/wp\/v2\/types\/page"}],"author":[{"embeddable":true,"href":"https:\/\/www.smith.care\/de\/wp-json\/wp\/v2\/users\/13"}],"replies":[{"embeddable":true,"href":"https:\/\/www.smith.care\/de\/wp-json\/wp\/v2\/comments?post=19900"}],"version-history":[{"count":115,"href":"https:\/\/www.smith.care\/de\/wp-json\/wp\/v2\/pages\/19900\/revisions"}],"predecessor-version":[{"id":25394,"href":"https:\/\/www.smith.care\/de\/wp-json\/wp\/v2\/pages\/19900\/revisions\/25394"}],"up":[{"embeddable":true,"href":"https:\/\/www.smith.care\/de\/wp-json\/wp\/v2\/pages\/20497"}],"wp:attachment":[{"href":"https:\/\/www.smith.care\/de\/wp-json\/wp\/v2\/media?parent=19900"}],"curies":[{"name":"wp","href":"https:\/\/api.w.org\/{rel}","templated":true}]}}