{"id":21184,"date":"2024-02-08T11:12:25","date_gmt":"2024-02-08T10:12:25","guid":{"rendered":"https:\/\/www.smith.care\/?page_id=21184"},"modified":"2025-10-14T15:18:13","modified_gmt":"2025-10-14T13:18:13","slug":"ergebnisse-distance","status":"publish","type":"page","link":"https:\/\/www.smith.care\/de\/distance-pro\/ergebnisse-distance\/","title":{"rendered":"Projektergebnisse DISTANCE"},"content":{"rendered":"<div class=\"wpb-content-wrapper\"><p>[vc_row css_animation=&#8220;&#8220; row_type=&#8220;row&#8220; use_row_as_full_screen_section=&#8220;no&#8220; type=&#8220;grid&#8220; angled_section=&#8220;no&#8220; text_align=&#8220;left&#8220; background_image_as_pattern=&#8220;without_pattern&#8220; z_index=&#8220;&#8220;][vc_column][qode_elements_holder number_of_columns=&#8220;one_column&#8220;][qode_elements_holder_item advanced_animations=&#8220;no&#8220; item_padding=&#8220;5% 0&#8243; item_padding_480_600=&#8220;20px 0px 20px 0px&#8220; item_padding_480=&#8220;20px 0px 20px 0px&#8220;][vc_column_text css=&#8220;&#8220;]<\/p>\n<h2>Ergebnisse aus dem Digitalen FortschrittsHub DISTANCE (2021 \u2013 2025)<\/h2>\n<p>[\/vc_column_text][vc_empty_space height=&#8220;15px&#8220;][vc_column_text]<\/p>\n<h3>Mit digitalen L\u00f6sungen die regionale Patientenversorgung verbessern<\/h3>\n<p>[\/vc_column_text][\/qode_elements_holder_item][\/qode_elements_holder][\/vc_column][\/vc_row][vc_row css_animation=&#8220;&#8220; row_type=&#8220;row&#8220; use_row_as_full_screen_section=&#8220;no&#8220; type=&#8220;grid&#8220; angled_section=&#8220;no&#8220; text_align=&#8220;left&#8220; background_image_as_pattern=&#8220;without_pattern&#8220; z_index=&#8220;&#8220; css=&#8220;.vc_custom_1625223998886{background-color: #f5f6f6 !important;}&#8220;][vc_column css_animation=&#8220;none&#8220; css=&#8220;.vc_custom_1707387460150{padding-top: 0px !important;padding-right: 0px !important;padding-bottom: 0px !important;padding-left: 0px !important;background-color: #ffffff !important;}&#8220;][qode_elements_holder number_of_columns=&#8220;two_columns&#8220;][qode_elements_holder_item vertical_alignment=&#8220;middle&#8220; horizontal_alignment=&#8220;center&#8220; advanced_animations=&#8220;no&#8220; item_padding=&#8220;5%&#8220;][vc_single_image image=&#8220;25374&#8243; img_size=&#8220;554&#215;360&#8243; css=&#8220;&#8220; qode_css_animation=&#8220;&#8220;][\/qode_elements_holder_item][qode_elements_holder_item vertical_alignment=&#8220;middle&#8220; horizontal_alignment=&#8220;left&#8220; advanced_animations=&#8220;no&#8220; item_padding=&#8220;5%&#8220;][vc_column_text css=&#8220;&#8220;]<\/p>\n<h3>Langzeitdaten von ehemaligen Intensivpatientinnen und -patienten erstmalig erfasst<\/h3>\n<p>[\/vc_column_text][vc_empty_space height=&#8220;25px&#8220;][vc_column_text css=&#8220;&#8220;]In DISTANCE wurden erstmalig strukturierte, longitudinale Daten von Patientinnen und Patienten digital erfasst und sektoren\u00fcbergreifend f\u00fcr regionale Gesundheitsdienstleister bereitgestellt. Hierf\u00fcr wurden Daten aus der intensivstation\u00e4ren Versorgung und der anschlie\u00dfenden Rehabilitation erfasst. \u00dcber 200 Patientinnen und Patienten haben bis zu einem Jahr nach Entlassung ihre gesundheitsbezogenen Daten eigenst\u00e4ndig in die <a href=\"https:\/\/www.smith.care\/de\/distance-pro\/picos-app\/\">PICOS-App<\/a> eingegeben. Derzeit werden diese Daten mit Hilfe k\u00fcnstlicher Intelligenz ausgewertet, um Risiken und Verschlechterungstendenzen fr\u00fchzeitig zu erkennen und Krankheitsverl\u00e4ufe nach intensivmedizinischer Behandlung pr\u00e4ziser vorhersagen zu k\u00f6nnen.[\/vc_column_text][\/qode_elements_holder_item][\/qode_elements_holder][\/vc_column][\/vc_row][vc_row css_animation=&#8220;&#8220; row_type=&#8220;row&#8220; use_row_as_full_screen_section=&#8220;no&#8220; type=&#8220;grid&#8220; angled_section=&#8220;no&#8220; text_align=&#8220;left&#8220; background_image_as_pattern=&#8220;without_pattern&#8220; z_index=&#8220;&#8220; css=&#8220;.vc_custom_1620640814669{background-color: #f5f6f6 !important;}&#8220;][vc_column css_animation=&#8220;none&#8220; css=&#8220;.vc_custom_1620808961849{padding-top: 0px !important;padding-right: 0px !important;padding-bottom: 0px !important;padding-left: 0px !important;background-color: #ffffff !important;}&#8220;][qode_elements_holder number_of_columns=&#8220;two_columns&#8220; custom_class=&#8220;mobile_reverse&#8220;][qode_elements_holder_item vertical_alignment=&#8220;middle&#8220; horizontal_alignment=&#8220;left&#8220; advanced_animations=&#8220;no&#8220; item_padding=&#8220;5%&#8220;][vc_column_text css=&#8220;&#8220;]<\/p>\n<h3>Daten aus der Routineversorgung wurden einrichtungs- und sektoren\u00fcbergreifend genutzt<\/h3>\n<p>[\/vc_column_text][vc_empty_space height=&#8220;25px&#8220;][vc_column_text css=&#8220;&#8220;]Der Digitale FortschrittsHub DISTANCE hat neun regionale Gesundheitsdienstleister wie Arztpraxen oder Krankenh\u00e4user mit der bestehenden MII-Infrastruktur verbunden. Ziel war es, Routinedaten aus der regionalen Versorgung sektoren\u00fcbergreifend nutzbar zu machen und in anonymisierter Form f\u00fcr die Forschung bereitzustellen. Hierf\u00fcr wurde mit dem sogenannten <a href=\"https:\/\/www.smith.care\/de\/distance-pro\/digital-hub\/\">Digital Hub<\/a> eine skalierbare, sektoren\u00fcbergreifende und interoperable Infrastruktur geschaffen, die regionale Leistungserbringer und universit\u00e4re Einrichtungen verbindet. Dabei wurde nicht nur die Machbarkeit, sondern auch der konkrete Mehrwert f\u00fcr die medizinische Forschung und Versorgung demonstriert.[\/vc_column_text][\/qode_elements_holder_item][qode_elements_holder_item vertical_alignment=&#8220;middle&#8220; horizontal_alignment=&#8220;center&#8220; advanced_animations=&#8220;no&#8220; item_padding=&#8220;5%&#8220;][vc_single_image image=&#8220;25026&#8243; img_size=&#8220;554&#215;360&#8243; alignment=&#8220;right&#8220; css=&#8220;&#8220; qode_css_animation=&#8220;&#8220;][\/qode_elements_holder_item][\/qode_elements_holder][\/vc_column][\/vc_row][vc_row css_animation=&#8220;&#8220; row_type=&#8220;row&#8220; use_row_as_full_screen_section=&#8220;no&#8220; type=&#8220;grid&#8220; angled_section=&#8220;no&#8220; text_align=&#8220;left&#8220; background_image_as_pattern=&#8220;without_pattern&#8220; z_index=&#8220;&#8220; css=&#8220;.vc_custom_1620640987292{background-color: #f5f6f6 !important;}&#8220;][vc_column css_animation=&#8220;none&#8220; css=&#8220;.vc_custom_1620808970800{padding-top: 0px !important;padding-right: 0px !important;padding-bottom: 0px !important;padding-left: 0px !important;background-color: #ffffff !important;}&#8220;][qode_elements_holder number_of_columns=&#8220;two_columns&#8220;][qode_elements_holder_item vertical_alignment=&#8220;middle&#8220; advanced_animations=&#8220;no&#8220; item_padding=&#8220;5%&#8220;][vc_single_image image=&#8220;21954&#8243; img_size=&#8220;554&#215;360&#8243; css=&#8220;&#8220; qode_css_animation=&#8220;&#8220;][\/qode_elements_holder_item][qode_elements_holder_item vertical_alignment=&#8220;middle&#8220; advanced_animations=&#8220;no&#8220; item_padding=&#8220;5%&#8220;][vc_column_text css=&#8220;&#8220;]<\/p>\n<h3>Die PICOS-App unterst\u00fctzte die medizinische Selbstf\u00fcrsorge von Patientinnen und Patienten<\/h3>\n<p>[\/vc_column_text][vc_empty_space height=&#8220;25px&#8220;][vc_column_text css=&#8220;&#8220;]Nach l\u00e4ngeren Intensivaufenthalten f\u00fchrt das Post Intensive Care Syndrome (PICS) h\u00e4ufig zu physischen, psychischen und emotionalen Einschr\u00e4nkungen der Lebensqualit\u00e4t. Die PICOS-App hat rund 200 ehemalige Intensivpatientinnen und -patienten nach der Entlassung bei der gesundheitsbezogenen Selbstf\u00fcrsorge unterst\u00fctzt. Mit Hilfe der App konnten sie ihr Wohlbefinden regelm\u00e4\u00dfig dokumentieren. Diese kontinuierlichen Daten verschafften den Betroffenen und ihren behandelnden \u00c4rztinnen und \u00c4rzten einen \u00dcberblick \u00fcber den aktuellen Gesundheitszustand. Die gewonnenen L\u00e4ngsschnittdaten sind f\u00fcr klinische Forschung und die Verbesserung von Behandlungsprozessen nachhaltig bedeutsam.[\/vc_column_text][\/qode_elements_holder_item][\/qode_elements_holder][\/vc_column][\/vc_row][vc_row css_animation=&#8220;&#8220; row_type=&#8220;row&#8220; use_row_as_full_screen_section=&#8220;no&#8220; type=&#8220;grid&#8220; angled_section=&#8220;no&#8220; text_align=&#8220;left&#8220; background_image_as_pattern=&#8220;without_pattern&#8220; z_index=&#8220;&#8220; css=&#8220;.vc_custom_1760356750005{background-color: #f5f6f6 !important;}&#8220;][vc_column css_animation=&#8220;none&#8220; css=&#8220;.vc_custom_1620808979645{padding-top: 0px !important;padding-right: 0px !important;padding-bottom: 0px !important;padding-left: 0px !important;background-color: #ffffff !important;}&#8220;][qode_elements_holder number_of_columns=&#8220;two_columns&#8220; custom_class=&#8220;mobile_reverse&#8220;][qode_elements_holder_item vertical_alignment=&#8220;middle&#8220; horizontal_alignment=&#8220;left&#8220; advanced_animations=&#8220;no&#8220; item_padding=&#8220;5%&#8220;][vc_column_text]<\/p>\n<h3>Nachhaltigkeit durch Nutzung vorhandener Strukturen<\/h3>\n<p>[\/vc_column_text][vc_empty_space height=&#8220;25px&#8220;][vc_column_text css=&#8220;&#8220;]DISTANCE optimierte sowohl die regionale Patientenversorgung als auch die Integration medizinischer Daten in den <a href=\"https:\/\/www.medizininformatik-initiative.de\/de\/der-kerndatensatz-der-medizininformatik-initiative\" target=\"_blank\" rel=\"noopener\">Kerndatensatz<\/a> der Medizininformatik-Initiative (MII). In der MII wurden die technischen Grundlagen f\u00fcr eine digitale Infrastruktur geschaffen, um bisher ungenutzte Patientendaten aus der Routineversorgung bundesweit zu vernetzen und f\u00fcr die medizinische Forschung nutzbar zu machen. Auf diese Weise k\u00f6nnen Krankheiten zuk\u00fcnftig schneller und effektiver behandelt werden. Im Rahmen des DISTANCE-Projekts wurde der Roll-Out des technischen MII-Konzeptes auf regionale Krankenh\u00e4user und ambulante Arztnetze erfolgreich erprobt.[\/vc_column_text][\/qode_elements_holder_item][qode_elements_holder_item vertical_alignment=&#8220;middle&#8220; horizontal_alignment=&#8220;center&#8220; advanced_animations=&#8220;no&#8220; item_padding=&#8220;5%&#8220;][vc_single_image image=&#8220;21952&#8243; img_size=&#8220;554&#215;360&#8243; alignment=&#8220;right&#8220; css=&#8220;&#8220; qode_css_animation=&#8220;&#8220;][\/qode_elements_holder_item][\/qode_elements_holder][\/vc_column][\/vc_row][vc_row css_animation=&#8220;&#8220; row_type=&#8220;row&#8220; use_row_as_full_screen_section=&#8220;no&#8220; type=&#8220;grid&#8220; angled_section=&#8220;no&#8220; text_align=&#8220;left&#8220; background_image_as_pattern=&#8220;without_pattern&#8220; z_index=&#8220;&#8220; css=&#8220;.vc_custom_1760357441427{padding-bottom: 3% !important;background-color: #f5f6f6 !important;}&#8220;][vc_column css=&#8220;.vc_custom_1760446843424{padding-top: 0px !important;padding-right: 0px !important;padding-bottom: 0px !important;padding-left: 0px !important;background-color: #ffffff !important;}&#8220;][qode_elements_holder number_of_columns=&#8220;one_column&#8220;][qode_elements_holder_item vertical_alignment=&#8220;middle&#8220; horizontal_alignment=&#8220;left&#8220; advanced_animations=&#8220;no&#8220;][vc_column_text css=&#8220;.vc_custom_1760447891631{padding-right: 2.5% !important;padding-bottom: 3% !important;padding-left: 2.5% !important;}&#8220;]Der Digitale FortschrittsHub DISTANCE wurde vom 01. Juni 2021 bis 30. Juni 2025 durch das Bundesministerium f\u00fcr Forschung, Technologie und Raumfahrt (BMFTR) mit 10,9 Millionen Euro gef\u00f6rdert. Das Projekt wurde bis zum 30. September 2025 kostenneutral verl\u00e4ngert und ab dem 01. Oktober 2025 als <a href=\"https:\/\/www.smith.care\/de\/distance-pro\/distance-pro\/\">DISTANCE:PRO<\/a> fortgef\u00fchrt. Eine \u00dcbersicht der Projektpartner aus DISTANCE finden Sie <a href=\"https:\/\/www.smith.care\/de\/distance-pro\/projektpartner-distance\/\">hier<\/a>.[\/vc_column_text][\/qode_elements_holder_item][\/qode_elements_holder][\/vc_column][\/vc_row]<\/p>\n<\/div>","protected":false},"excerpt":{"rendered":"<p>[vc_row css_animation=&#8220;&#8220; row_type=&#8220;row&#8220; use_row_as_full_screen_section=&#8220;no&#8220; type=&#8220;grid&#8220; angled_section=&#8220;no&#8220; text_align=&#8220;left&#8220; background_image_as_pattern=&#8220;without_pattern&#8220; z_index=&#8220;&#8220;][vc_column][qode_elements_holder number_of_columns=&#8220;one_column&#8220;][qode_elements_holder_item advanced_animations=&#8220;no&#8220; item_padding=&#8220;5% 0&#8243; item_padding_480_600=&#8220;20px 0px 20px 0px&#8220; item_padding_480=&#8220;20px 0px 20px 0px&#8220;][vc_column_text css=&#8220;&#8220;] Ergebnisse aus dem Digitalen FortschrittsHub DISTANCE (2021 \u2013 2025) [\/vc_column_text][vc_empty_space height=&#8220;15px&#8220;][vc_column_text] Mit digitalen L\u00f6sungen die regionale Patientenversorgung verbessern [\/vc_column_text][\/qode_elements_holder_item][\/qode_elements_holder][\/vc_column][\/vc_row][vc_row css_animation=&#8220;&#8220; row_type=&#8220;row&#8220; use_row_as_full_screen_section=&#8220;no&#8220; type=&#8220;grid&#8220;&#8230;<\/p>\n","protected":false},"author":13,"featured_media":0,"parent":20499,"menu_order":1,"comment_status":"closed","ping_status":"closed","template":"full_width.php","meta":{"footnotes":""},"class_list":["post-21184","page","type-page","status-publish","hentry"],"_links":{"self":[{"href":"https:\/\/www.smith.care\/de\/wp-json\/wp\/v2\/pages\/21184","targetHints":{"allow":["GET"]}}],"collection":[{"href":"https:\/\/www.smith.care\/de\/wp-json\/wp\/v2\/pages"}],"about":[{"href":"https:\/\/www.smith.care\/de\/wp-json\/wp\/v2\/types\/page"}],"author":[{"embeddable":true,"href":"https:\/\/www.smith.care\/de\/wp-json\/wp\/v2\/users\/13"}],"replies":[{"embeddable":true,"href":"https:\/\/www.smith.care\/de\/wp-json\/wp\/v2\/comments?post=21184"}],"version-history":[{"count":93,"href":"https:\/\/www.smith.care\/de\/wp-json\/wp\/v2\/pages\/21184\/revisions"}],"predecessor-version":[{"id":25593,"href":"https:\/\/www.smith.care\/de\/wp-json\/wp\/v2\/pages\/21184\/revisions\/25593"}],"up":[{"embeddable":true,"href":"https:\/\/www.smith.care\/de\/wp-json\/wp\/v2\/pages\/20499"}],"wp:attachment":[{"href":"https:\/\/www.smith.care\/de\/wp-json\/wp\/v2\/media?parent=21184"}],"curies":[{"name":"wp","href":"https:\/\/api.w.org\/{rel}","templated":true}]}}