{"id":21355,"date":"2024-02-14T09:00:39","date_gmt":"2024-02-14T08:00:39","guid":{"rendered":"https:\/\/www.smith.care\/?page_id=21355"},"modified":"2025-10-10T15:29:57","modified_gmt":"2025-10-10T13:29:57","slug":"digital-hub","status":"publish","type":"page","link":"https:\/\/www.smith.care\/de\/distance-pro\/digital-hub\/","title":{"rendered":"Digital Hub"},"content":{"rendered":"<div class=\"wpb-content-wrapper\"><p>[vc_row css_animation=&#8220;&#8220; row_type=&#8220;row&#8220; use_row_as_full_screen_section=&#8220;no&#8220; type=&#8220;grid&#8220; angled_section=&#8220;no&#8220; text_align=&#8220;left&#8220; background_image_as_pattern=&#8220;without_pattern&#8220; z_index=&#8220;&#8220; css=&#8220;.vc_custom_1620300438259{background-color: #f5f6f6 !important;}&#8220;][vc_column][qode_elements_holder number_of_columns=&#8220;one_column&#8220;][qode_elements_holder_item advanced_animations=&#8220;no&#8220; item_padding=&#8220;5% 0&#8243; item_padding_480_600=&#8220;20px 0px 20px 0px&#8220; item_padding_480=&#8220;20px 0px 20px 0px&#8220;][vc_column_text css=&#8220;&#8220;]<\/p>\n<h2>Der Digital Hub in DISTANCE \u2013 Eine Datenspeicherplattform f\u00fcr die regionale Versorgung<\/h2>\n<p>[\/vc_column_text][vc_empty_space height=&#8220;15px&#8220;][vc_column_text css=&#8220;.vc_custom_1760102225923{padding-bottom: 5% !important;}&#8220;]<\/p>\n<h3>Sektoren\u00fcbergreifenden Datenaustausch zwischen regionalen Versorgungseinrichtungen erm\u00f6glichen<\/h3>\n<p>[\/vc_column_text][vc_column_text]In Kliniken und Arztpraxen fallen t\u00e4glich Millionen von Patientendaten an, die ein enormes Potenzial f\u00fcr die Gesundheitsversorgung von morgen liefern. Allerdings liegen die meisten Patientendaten aus den medizinischen Einrichtungen noch ungenutzt in heterogener Form vor. Die <a href=\"https:\/\/www.medizininformatik-initiative.de\/de\/start\" target=\"_blank\" rel=\"noopener\">Medizininformatik-Initiative (MII)<\/a> hat bereits die Grundlagen f\u00fcr eine digitale Infrastruktur geschaffen, um Patientendaten aus der Routineversorgung f\u00fcr die Gesundheitsforschung nutzbar zu machen, insbesondere im Bereich der Universit\u00e4tsmedizin. Hierbei werden die routinem\u00e4\u00dfig in der Patientenversorgung anfallenden Daten bundesweit \u00fcber <a href=\"https:\/\/www.medizininformatik-initiative.de\/de\/konsortien\/datenintegrationszentren\" target=\"_blank\" rel=\"noopener\">Datenintegrationszentren (DIZ)<\/a> digital vernetzt und f\u00fcr medizinische Forschungszwecke bereitgestellt. Die DIZ liefern die technischen und organisatorischen Voraussetzungen f\u00fcr einen sicheren sowie datenschutzkonformen Zugang zu qualitativ hochwertigen Routinedaten aus der Gesundheitsversorgung. Innerhalb eines Standortes werden die medizinischen Daten zusammengef\u00fchrt, in ein einheitliches Format gebracht und f\u00fcr Forschungs- und Analyseprojekte zur Verf\u00fcgung gestellt. Dar\u00fcber hinaus sind die DIZ bundesweit vernetzt, sodass auch standort\u00fcbergreifende Projekte m\u00f6glich sind. Die Ergebnisse k\u00f6nnen direkt in die Versorgung zur\u00fcckgef\u00fchrt werden, sodass zuk\u00fcnftig schnellere und effektivere Behandlungs- und Therapiem\u00f6glichkeiten entwickelt werden k\u00f6nnen.[\/vc_column_text][\/qode_elements_holder_item][\/qode_elements_holder][\/vc_column][\/vc_row][vc_row css_animation=&#8220;&#8220; row_type=&#8220;row&#8220; use_row_as_full_screen_section=&#8220;no&#8220; type=&#8220;grid&#8220; angled_section=&#8220;no&#8220; text_align=&#8220;left&#8220; background_image_as_pattern=&#8220;without_pattern&#8220; z_index=&#8220;&#8220; css=&#8220;.vc_custom_1620639409581{background-color: #f5f6f6 !important;}&#8220;][vc_column css=&#8220;.vc_custom_1620729400531{padding-top: 0px !important;padding-right: 0px !important;padding-bottom: 0px !important;padding-left: 0px !important;background-color: #ffffff !important;}&#8220;][qode_elements_holder number_of_columns=&#8220;two_columns&#8220;][qode_elements_holder_item advanced_animations=&#8220;no&#8220; item_padding=&#8220;5%&#8220;][vc_single_image image=&#8220;21226&#8243; img_size=&#8220;full&#8220; alignment=&#8220;center&#8220; css=&#8220;&#8220; qode_css_animation=&#8220;&#8220;][vc_empty_space height=&#8220;25px&#8220;][vc_column_text css=&#8220;&#8220;]<\/p>\n<p style=\"text-align: right;\"><em>DISTANCE Architektur zur Vernetzung zwischen au\u00dferuniversit\u00e4ren <\/em><em>und universit\u00e4ren<br \/>\nStrukturen mit dem Digital Hub und den bestehenden Strukturen des SMITH-Konsortiums. (Quelle: UK RWTH Aachen)<\/em><em>\u00a0<\/em><\/p>\n<p>[\/vc_column_text][\/qode_elements_holder_item][\/qode_elements_holder][\/vc_column][\/vc_row][vc_row css_animation=&#8220;&#8220; row_type=&#8220;row&#8220; use_row_as_full_screen_section=&#8220;no&#8220; type=&#8220;grid&#8220; angled_section=&#8220;no&#8220; text_align=&#8220;left&#8220; background_image_as_pattern=&#8220;without_pattern&#8220; z_index=&#8220;&#8220; css=&#8220;.vc_custom_1620300459787{background-color: #f5f6f6 !important;}&#8220;][vc_column][qode_elements_holder number_of_columns=&#8220;one_column&#8220;][qode_elements_holder_item advanced_animations=&#8220;no&#8220; item_padding=&#8220;5% 0 0 0&#8243;][vc_column_text css=&#8220;&#8220;]<\/p>\n<h4>Verbesserung von Forschung und Versorgung durch Vernetzung regionaler Versorgungsdaten<\/h4>\n<p>[\/vc_column_text][vc_empty_space height=&#8220;25px&#8220;][vc_column_text css=&#8220;&#8220;]DISTANCE hat das technische Konzept der MII auf regionale Krankenh\u00e4user und ambulante Arztnetze \u00fcbertragen. Dabei baute das Projekt auf die Vorarbeiten der im <a href=\"https:\/\/www.smith.care\/de\/\">SMITH-Konsortium<\/a> geschaffenen IT-L\u00f6sungen auf. Projektziel war es, die medizinische Versorgung durch den sektoren\u00fcbergreifenden Austausch und die Integration medizinischer Daten in den <a href=\"https:\/\/www.medizininformatik-initiative.de\/de\/der-kerndatensatz-der-medizininformatik-initiative\" target=\"_blank\" rel=\"noopener\">Kerndatensatz<\/a> der MII zu optimieren. Mit dem Kerndatensatz sind f\u00fcr alle MII-Standorte die Datens\u00e4tze sowie IT- und Terminologie-Standards festgelegt, nach denen die station\u00e4ren Patientendaten in den Datenintegrationszentren vorliegen m\u00fcssen. Langfristig sollen mehr reale Versorgungsdaten zur Verf\u00fcgung stehen, der Zugang zu den Daten vereinfacht und der Transfer von Forschungsergebnissen in die intersektorale Versorgung beschleunigt werden.[\/vc_column_text][vc_empty_space height=&#8220;15px&#8220;][vc_column_text css=&#8220;&#8220;]Erstmals wurden mittels der <a href=\"https:\/\/www.smith.care\/de\/distance-pro\/picos-app\/\">PICOS-App<\/a> L\u00e4ngsschnittdaten von ehemaligen Intensivpatientinnen und -patienten erhoben. F\u00fcr die Forschung hochrelevante medizinische Daten wurden durch die App \u00fcber einen l\u00e4ngeren Zeitraum wiederholt bei denselben Personen erfasst. Zudem wurde K\u00fcnstliche Intelligenz (KI) eingesetzt, um Krankheitsverl\u00e4ufe nach intensivmedizinischer Behandlung besser vorhersagen zu k\u00f6nnen.[\/vc_column_text][\/qode_elements_holder_item][\/qode_elements_holder][\/vc_column][\/vc_row][vc_row css_animation=&#8220;&#8220; row_type=&#8220;row&#8220; use_row_as_full_screen_section=&#8220;no&#8220; type=&#8220;grid&#8220; angled_section=&#8220;no&#8220; text_align=&#8220;left&#8220; background_image_as_pattern=&#8220;without_pattern&#8220; z_index=&#8220;&#8220; css=&#8220;.vc_custom_1620300468619{background-color: #f5f6f6 !important;}&#8220;][vc_column][qode_elements_holder number_of_columns=&#8220;one_column&#8220;][qode_elements_holder_item advanced_animations=&#8220;no&#8220; item_padding=&#8220;5% 0 5% 0&#8243; item_padding_480_600=&#8220;5% 0 10% 0&#8243; item_padding_480=&#8220;5% 0 10% 0&#8243;][vc_column_text]<\/p>\n<h4>Herzst\u00fcck in DISTANCE: Der Digital Hub<\/h4>\n<p>[\/vc_column_text][vc_empty_space height=&#8220;25px&#8220;][vc_column_text css=&#8220;&#8220;]Der \u201eDigital Hub\u201c diente als Grundlage f\u00fcr den sektoren\u00fcbergreifenden, interoperablen Datenaustausch zwischen universit\u00e4ren Einrichtungen, den teilnehmenden H\u00e4usern der Grund- und Regelversorgung sowie den niedergelassenen \u00c4rztinnen und \u00c4rzten. Dabei \u00fcbernahm der Hub die gleichen Funktionen wie ein universit\u00e4res DIZ, diente hier aber explizit zur Vernetzung und dem Datenaustausch von au\u00dferuniversit\u00e4ren Versorgern. Die Daten wurden hierf\u00fcr aus der Regelversorgung zentral gesammelt, anonymisiert und bundesweit nutzbar gemacht. Alle beteiligten regionalen Gesundheitsdienstleister wurden \u00fcber die sogenannten Hub Connect Boxen, die lokal an den Standorten betrieben werden, verbunden. Seit 2025 wird der Digital Hub mit Hilfe eines Nachhaltigkeitsplans weitergef\u00fchrt, um \u00fcber die F\u00f6rderperiode hinaus regionale Gesundheitsversorger an das Netzwerk der MII anzuschlie\u00dfen.[\/vc_column_text][\/qode_elements_holder_item][\/qode_elements_holder][\/vc_column][\/vc_row][vc_row css_animation=&#8220;&#8220; row_type=&#8220;row&#8220; use_row_as_full_screen_section=&#8220;no&#8220; type=&#8220;grid&#8220; angled_section=&#8220;no&#8220; text_align=&#8220;left&#8220; background_image_as_pattern=&#8220;without_pattern&#8220; z_index=&#8220;&#8220;][vc_column][qode_elements_holder number_of_columns=&#8220;one_column&#8220;][qode_elements_holder_item horizontal_alignment=&#8220;left&#8220; advanced_animations=&#8220;no&#8220; item_padding_480_600=&#8220;40px 0px&#8220; item_padding_480=&#8220;40px 0px&#8220; item_padding=&#8220;0 0 5% 0&#8243;][vc_column_text css=&#8220;.vc_custom_1707389076741{padding-bottom: 25px !important;}&#8220;]<\/p>\n<h4>Der Mehrwert des DISTANCE Hub-Ansatzes wird \u00fcberpr\u00fcft<\/h4>\n<p>[\/vc_column_text][vc_column_text css=&#8220;&#8220;]Der Aufbau und Betrieb der Infrastruktur gehen mit einem immensen Aufwand einher. Daher wurde im Rahmen des DISTANCE-Projekts nicht nur die Machbarkeit, sondern auch der Mehrwert des DISTANCE Hub-Ansatzes f\u00fcr die intensivmedizinische Versorgung, medizinische Abl\u00e4ufe und die Forschung bestimmt. Um die MII-Strukturen k\u00fcnftig intersektoral zu etablieren, wurden die Aufw\u00e4nde bei den Roll-Out-Partnern abgesch\u00e4tzt. Ein langfristiger, nationaler Roll-Out wird nur m\u00f6glich sein, wenn der zus\u00e4tzliche Aufwand f\u00fcr diesen Prozess sowie s\u00e4mtliche Betriebskosten angemessen verg\u00fctet werden k\u00f6nnen.[\/vc_column_text][vc_empty_space height=&#8220;15px&#8220;][vc_column_text css=&#8220;&#8220;]Die <a href=\"https:\/\/ztg-nrw.de\/\" target=\"_blank\" rel=\"noopener\">ZTG Zentrum f\u00fcr Telematik und Telemedizin GmbH<\/a> hat als Projektpartner von DISTANCE eine gesundheits\u00f6konomische Bewertung durchgef\u00fchrt. Diese Bewertung ermittelte zum einen die H\u00f6he der Kosten von DISTANCE, um auf dieser Grundlage die Kosten eines nationalen Roll-Outs der entwickelten Infrastruktur zu modellieren. Zum anderen wurden die Kosten dem perspektivisch zu erwartenden Nutzen gegen\u00fcbergestellt.[\/vc_column_text][vc_empty_space height=&#8220;15px&#8220;][vc_column_text css=&#8220;&#8220;]Der Digitale FortschrittsHub DISTANCE wurde vom 01. Juni 2021 bis 30. September 2025 durch das Bundesministerium f\u00fcr Forschung, Technologie und Raumfahrt (BMFTR) mit 10,9 Millionen Euro gef\u00f6rdert. Ab dem 01. Oktober 2025 wurde das Projekt als <a href=\"https:\/\/www.smith.care\/de\/distance-pro\/distance-pro\/\">DISTANCE:PRO<\/a> fortgef\u00fchrt.[\/vc_column_text][\/qode_elements_holder_item][\/qode_elements_holder][\/vc_column][\/vc_row][vc_row css_animation=&#8220;&#8220; row_type=&#8220;row&#8220; use_row_as_full_screen_section=&#8220;no&#8220; type=&#8220;grid&#8220; angled_section=&#8220;no&#8220; text_align=&#8220;left&#8220; background_image_as_pattern=&#8220;without_pattern&#8220; z_index=&#8220;&#8220; css=&#8220;.vc_custom_1707389000496{background-color: #e0f4fc !important;}&#8220;][vc_column css=&#8220;.vc_custom_1707389022438{margin-top: 0px !important;margin-right: 0px !important;margin-bottom: 0px !important;margin-left: 0px !important;border-top-width: 0px !important;border-right-width: 0px !important;border-bottom-width: 0px !important;border-left-width: 0px !important;padding-top: 0px !important;padding-right: 0px !important;padding-bottom: 0px !important;padding-left: 0px !important;}&#8220;][qode_elements_holder number_of_columns=&#8220;one_column&#8220;][qode_elements_holder_item advanced_animations=&#8220;no&#8220; item_padding=&#8220;5% 0 0 0&#8243; item_padding_480_600=&#8220;5% 0 10% 0&#8243; item_padding_480=&#8220;5% 0 10% 0&#8243;][vc_column_text css=&#8220;.vc_custom_1707389177319{margin-top: 0px !important;margin-right: 0px !important;margin-bottom: 0px !important;margin-left: 0px !important;border-top-width: 0px !important;border-right-width: 0px !important;border-bottom-width: 0px !important;border-left-width: 0px !important;padding-top: 0px !important;padding-right: 0px !important;padding-bottom: 0px !important;padding-left: 0px !important;}&#8220;]<\/p>\n<h3>Unsere Vernetzungspartner<\/h3>\n<p>[\/vc_column_text][\/qode_elements_holder_item][\/qode_elements_holder][qode_elements_holder number_of_columns=&#8220;one_column&#8220;][qode_elements_holder_item vertical_alignment=&#8220;top&#8220; advanced_animations=&#8220;no&#8220; item_padding=&#8220;5% 0 5% 0&#8243; item_padding_480_600=&#8220;5% 0 10% 0&#8243; item_padding_480=&#8220;5% 0 10% 0&#8243;]<div class='q_list circle'><\/p>\n<ul>\n<li><a href=\"https:\/\/www.evk.de\/\" target=\"_blank\" rel=\"noopener\">Ev. Krankenhaus Bergisch Gladbach<\/a><\/li>\n<li><a href=\"https:\/\/www.mum-buende.de\/\" target=\"_blank\" rel=\"noopener\">MuM &#8211; Medizin und Mehr eG, B\u00fcnde <\/a><\/li>\n<li><a href=\"https:\/\/www.marien-hospital-dueren.de\/\" target=\"_blank\" rel=\"noopener\">St. Marien Hospital D\u00fcren<\/a><\/li>\n<li><a href=\"https:\/\/www.florence-nightingale-krankenhaus.de\/\" target=\"_blank\" rel=\"noopener\">Florence Nightingale Krankenhaus D\u00fcsseldorf<\/a><\/li>\n<\/ul>\n<p><\/div>[\/qode_elements_holder_item][qode_elements_holder_item vertical_alignment=&#8220;top&#8220; advanced_animations=&#8220;no&#8220; item_padding=&#8220;5% 0 5% 0&#8243; item_padding_480_600=&#8220;5% 0 10% 0&#8243; item_padding_480=&#8220;5% 0 10% 0&#8243;]<div class='q_list circle'><\/p>\n<ul>\n<li><a href=\"http:\/\/www.krupp-krankenhaus.de\/\" target=\"_blank\" rel=\"noopener\">Alfried Krupp Krankenhaus Essen<\/a><\/li>\n<li><a href=\"https:\/\/www.barbaraklinik.de\/startseite.html\" target=\"_blank\" rel=\"noopener\">St. Barbara Klinik Hamm<\/a><\/li>\n<li><a href=\"https:\/\/www.gks-gesundheitsnetz.de\/startseite\" target=\"_blank\" rel=\"noopener\">Gesundheitsnetz K\u00f6ln S\u00fcd e. V.<\/a><\/li>\n<li><a href=\"https:\/\/www.evk-mettmann.de\/de\/home.html\" target=\"_blank\" rel=\"noopener\">Ev. Krankenhaus Mettmann<\/a><\/li>\n<\/ul>\n<p><\/div>[\/qode_elements_holder_item][qode_elements_holder_item vertical_alignment=&#8220;top&#8220; advanced_animations=&#8220;no&#8220; item_padding=&#8220;5% 0 5% 0&#8243; item_padding_480_600=&#8220;5% 0 10% 0&#8243; item_padding_480=&#8220;5% 0 10% 0&#8243;]<div class='q_list circle'><\/p>\n<ul>\n<li><a href=\"https:\/\/www.sfh-muenster.de\/startseite\/\" target=\"_blank\" rel=\"noopener\">St. Franziskus-Hospital M\u00fcnster<\/a><\/li>\n<li><a href=\"https:\/\/www.thueringen-kliniken.de\/\" target=\"_blank\" rel=\"noopener\">Th\u00fcringen-Kliniken Georgius Agricola, Saalfeld<\/a><\/li>\n<li><a href=\"https:\/\/www.heinrich-braun-klinikum.de\/\" target=\"_blank\" rel=\"noopener\">Heinrich-Braun-Klinikum Zwickau<\/a><\/li>\n<\/ul>\n<p><\/div>[\/qode_elements_holder_item][\/qode_elements_holder][\/vc_column][\/vc_row]<\/p>\n<\/div>","protected":false},"excerpt":{"rendered":"<p>[vc_row css_animation=&#8220;&#8220; row_type=&#8220;row&#8220; use_row_as_full_screen_section=&#8220;no&#8220; type=&#8220;grid&#8220; angled_section=&#8220;no&#8220; text_align=&#8220;left&#8220; background_image_as_pattern=&#8220;without_pattern&#8220; z_index=&#8220;&#8220; css=&#8220;.vc_custom_1620300438259{background-color: #f5f6f6 !important;}&#8220;][vc_column][qode_elements_holder number_of_columns=&#8220;one_column&#8220;][qode_elements_holder_item advanced_animations=&#8220;no&#8220; item_padding=&#8220;5% 0&#8243; item_padding_480_600=&#8220;20px 0px 20px 0px&#8220; item_padding_480=&#8220;20px 0px 20px 0px&#8220;][vc_column_text css=&#8220;&#8220;] Der Digital Hub in DISTANCE \u2013 Eine Datenspeicherplattform f\u00fcr die regionale Versorgung [\/vc_column_text][vc_empty_space height=&#8220;15px&#8220;][vc_column_text css=&#8220;.vc_custom_1760102225923{padding-bottom: 5% !important;}&#8220;] Sektoren\u00fcbergreifenden Datenaustausch zwischen&#8230;<\/p>\n","protected":false},"author":13,"featured_media":0,"parent":20499,"menu_order":4,"comment_status":"closed","ping_status":"closed","template":"full_width.php","meta":{"footnotes":""},"class_list":["post-21355","page","type-page","status-publish","hentry"],"_links":{"self":[{"href":"https:\/\/www.smith.care\/de\/wp-json\/wp\/v2\/pages\/21355","targetHints":{"allow":["GET"]}}],"collection":[{"href":"https:\/\/www.smith.care\/de\/wp-json\/wp\/v2\/pages"}],"about":[{"href":"https:\/\/www.smith.care\/de\/wp-json\/wp\/v2\/types\/page"}],"author":[{"embeddable":true,"href":"https:\/\/www.smith.care\/de\/wp-json\/wp\/v2\/users\/13"}],"replies":[{"embeddable":true,"href":"https:\/\/www.smith.care\/de\/wp-json\/wp\/v2\/comments?post=21355"}],"version-history":[{"count":12,"href":"https:\/\/www.smith.care\/de\/wp-json\/wp\/v2\/pages\/21355\/revisions"}],"predecessor-version":[{"id":25481,"href":"https:\/\/www.smith.care\/de\/wp-json\/wp\/v2\/pages\/21355\/revisions\/25481"}],"up":[{"embeddable":true,"href":"https:\/\/www.smith.care\/de\/wp-json\/wp\/v2\/pages\/20499"}],"wp:attachment":[{"href":"https:\/\/www.smith.care\/de\/wp-json\/wp\/v2\/media?parent=21355"}],"curies":[{"name":"wp","href":"https:\/\/api.w.org\/{rel}","templated":true}]}}