{"id":22520,"date":"2024-05-29T10:31:58","date_gmt":"2024-05-29T08:31:58","guid":{"rendered":"https:\/\/www.smith.care\/?page_id=22520"},"modified":"2025-07-02T15:44:10","modified_gmt":"2025-07-02T13:44:10","slug":"ueber-die-medizininformatik-initiative-mii","status":"publish","type":"page","link":"https:\/\/www.smith.care\/de\/smith-konsortium\/ueber-die-medizininformatik-initiative-mii\/","title":{"rendered":"\u00dcber die Medizininformatik-Initiative"},"content":{"rendered":"<div class=\"wpb-content-wrapper\"><p>[vc_row css_animation=&#8220;&#8220; row_type=&#8220;row&#8220; use_row_as_full_screen_section=&#8220;no&#8220; type=&#8220;grid&#8220; angled_section=&#8220;no&#8220; text_align=&#8220;left&#8220; background_image_as_pattern=&#8220;without_pattern&#8220; z_index=&#8220;&#8220; css=&#8220;.vc_custom_1625049033783{background-color: #f5f6f6 !important;}&#8220;][vc_column][qode_elements_holder number_of_columns=&#8220;one_column&#8220;][qode_elements_holder_item advanced_animations=&#8220;no&#8220; item_padding=&#8220;5% 0 3% 0&#8243; item_padding_480_600=&#8220;20px 0px 20px 0px&#8220; item_padding_480=&#8220;20px 0px 20px 0px&#8220;][vc_column_text css=&#8220;&#8220;]<\/p>\n<h2>Die Medizininformatik-Initiative: Vernetzen. Forschen. Heilen.<\/h2>\n<p>[\/vc_column_text][vc_empty_space height=&#8220;15px&#8220;][vc_column_text css=&#8220;.vc_custom_1718090936672{padding-bottom: 5% !important;}&#8220;]<\/p>\n<h3>St\u00e4rkung medizinischer Forschung zur Verbesserung der Patientenversorgung<\/h3>\n<p>[\/vc_column_text][vc_column_text css=&#8220;&#8220;][\/vc_column_text][vc_column_text css=&#8220;&#8220;]Das SMITH-Konsortium ist eines von vier Konsortien der <a href=\"https:\/\/www.medizininformatik-initiative.de\/de\/start\" target=\"_blank\" rel=\"noopener\">Medizininformatik-Initiative (MII)<\/a>. Ziel der Medizininformatik-Initiative ist es, medizinische Forschung und Gesundheitsversorgung st\u00e4rker miteinander zu verkn\u00fcpfen. Hierf\u00fcr arbeiten alle Universit\u00e4tskliniken Deutschlands gemeinsam mit Forschungseinrichtungen, Unternehmen, Krankenkassen sowie Patientenvertretungen an einer deutschlandweiten Forschungsdateninfrastruktur. In den zu diesem Zweck aufgebauten <a href=\"https:\/\/www.medizininformatik-initiative.de\/de\/konsortien\/datenintegrationszentren\" target=\"_blank\" rel=\"noopener\">Datenintegrationszentren (DIZ)<\/a> werden Daten aus der Routineversorgung harmonisiert und der Forschung zur Verf\u00fcgung gestellt, um zuk\u00fcnftig neue Diagnose- und Therapiem\u00f6glichkeiten zu entwickeln.[\/vc_column_text][\/qode_elements_holder_item][\/qode_elements_holder][\/vc_column][\/vc_row][vc_row css_animation=&#8220;&#8220; row_type=&#8220;row&#8220; use_row_as_full_screen_section=&#8220;no&#8220; type=&#8220;grid&#8220; angled_section=&#8220;no&#8220; text_align=&#8220;left&#8220; background_image_as_pattern=&#8220;without_pattern&#8220; z_index=&#8220;&#8220; css=&#8220;.vc_custom_1620732233138{padding-top: 0px !important;padding-right: 0px !important;padding-bottom: 0px !important;padding-left: 0px !important;background-color: #f5f6f6 !important;}&#8220;][vc_column css=&#8220;.vc_custom_1676371329076{padding-top: 0px !important;padding-right: 0px !important;padding-bottom: 0px !important;padding-left: 0px !important;background-color: #ffffff !important;}&#8220;][qode_elements_holder number_of_columns=&#8220;two_columns&#8220;][qode_elements_holder_item vertical_alignment=&#8220;middle&#8220; advanced_animations=&#8220;no&#8220; item_padding=&#8220;5%&#8220;][vc_single_image image=&#8220;22603&#8243; img_size=&#8220;full&#8220; css=&#8220;&#8220; qode_css_animation=&#8220;&#8220;][\/qode_elements_holder_item][qode_elements_holder_item vertical_alignment=&#8220;middle&#8220; horizontal_alignment=&#8220;left&#8220; advanced_animations=&#8220;no&#8220; item_padding=&#8220;5% 5% 5% 0&#8243; item_padding_480_600=&#8220;0px 15px 0px 15px&#8220; item_padding_480=&#8220;0px 15px 0px 15px&#8220; item_padding_600_768=&#8220;0px 15px 0px 15px&#8220;][vc_column_text css=&#8220;.vc_custom_1717508645917{padding-bottom: 7% !important;}&#8220;]<\/p>\n<h3 style=\"text-align: left;\">Die Medizininformatik-Initiative: Zahlen und Fakten<\/h3>\n<p>[\/vc_column_text]<div class='q_icon_with_title tiny circle left_from_title '><div class=\"icon_text_holder\" style=\"\"><div class=\"icon_text_inner\" style=\"\"><div class=\"icon_title_holder\"><div class=\"icon_holder \" style=\" \"><span data-icon-type=\"circle\"   class=\"qode_iwt_icon_holder fa-stack fa-lg  \" style=\"border-color: #66c4d8;background-color: #66c4d8;\"><i class=\"qodef-icon-dripicons dripicon dripicons-graph-bar qode_iwt_icon_element\" style=\"color: #ffffff;\" ><\/i><\/span><\/div><h5 class=\"icon_title\" style=\"\">Seit 2016 wird die MII durch das Bundesministerium f\u00fcr Forschung, Technologie und Raumfahrt (BMFTR) in mehreren Projektphasen gef\u00f6rdert. In der aktuellen Ausbau- und Erweiterungsphase von 2023 bis 2026 stellt das BMFTR der MII rund 200 Millionen Euro zur Verf\u00fcgung.<\/h5><\/div><p style=''><\/p><\/div><\/div><\/div>[vc_empty_space height=&#8220;15px&#8220;]<div class='q_icon_with_title tiny circle left_from_title '><div class=\"icon_text_holder\" style=\"\"><div class=\"icon_text_inner\" style=\"\"><div class=\"icon_title_holder\"><div class=\"icon_holder \" style=\" \"><span data-icon-type=\"circle\"   class=\"qode_iwt_icon_holder fa-stack fa-lg  \" style=\"border-color: #66c4d8;background-color: #66c4d8;\"><i class=\"qodef-icon-dripicons dripicon dripicons-user-group qode_iwt_icon_element\" style=\"color: #ffffff;\" ><\/i><\/span><\/div><h5 class=\"icon_title\" style=\"\">\u00dcber 30 Datenintegrationszentren in vier Konsortien vernetzen und vereinheitlichen Versorgungsdaten aus (Universit\u00e4ts-)Kliniken f\u00fcr die medizinische Forschung und Patientenversorgung. Eine Erweiterung auf weitere Kliniken und Forschungseinrichtungen ist in der aktuellen F\u00f6rderphase geplant.<\/h5><\/div><p style=''><\/p><\/div><\/div><\/div>[vc_empty_space height=&#8220;15px&#8220;]<div class='q_icon_with_title tiny circle left_from_title '><div class=\"icon_text_holder\" style=\"\"><div class=\"icon_text_inner\" style=\"\"><div class=\"icon_title_holder\"><div class=\"icon_holder \" style=\" \"><span data-icon-type=\"circle\"   class=\"qode_iwt_icon_holder fa-stack fa-lg  \" style=\"border-color: #66c4d8;background-color: #66c4d8;\"><i class=\"qodef-icon-dripicons dripicon dripicons-home qode_iwt_icon_element\" style=\"color: #ffffff;\" ><\/i><\/span><\/div><h5 class=\"icon_title\" style=\"\">Sechs Digitale FortschrittsHubs Gesundheit \u00fcbertragen die Pionierarbeiten der Medizininformatik-Initiative auf die regionale Versorgung.<\/h5><\/div><p style=''><\/p><\/div><\/div><\/div>[vc_empty_space height=&#8220;15px&#8220;]<div class='q_icon_with_title tiny circle left_from_title '><div class=\"icon_text_holder\" style=\"\"><div class=\"icon_text_inner\" style=\"\"><div class=\"icon_title_holder\"><div class=\"icon_holder \" style=\" \"><span data-icon-type=\"circle\"   class=\"qode_iwt_icon_holder fa-stack fa-lg  \" style=\"border-color: #66c4d8;background-color: #66c4d8;\"><i class=\"qodef-icon-dripicons dripicon dripicons-anchor qode_iwt_icon_element\" style=\"color: #ffffff;\" ><\/i><\/span><\/div><h5 class=\"icon_title\" style=\"\">21 Nachwuchsforschungsgruppen st\u00e4rken als Unterbau von Professuren die medizininformatische Forschung.<\/h5><\/div><p style=''><\/p><\/div><\/div><\/div>[vc_empty_space height=&#8220;15px&#8220;]<div class='q_icon_with_title tiny circle left_from_title '><div class=\"icon_text_holder\" style=\"\"><div class=\"icon_text_inner\" style=\"\"><div class=\"icon_title_holder\"><div class=\"icon_holder \" style=\" \"><span data-icon-type=\"circle\"   class=\"qode_iwt_icon_holder fa-stack fa-lg  \" style=\"border-color: #66c4d8;background-color: #66c4d8;\"><i class=\"qodef-icon-dripicons dripicon dripicons-network-3 qode_iwt_icon_element\" style=\"color: #ffffff;\" ><\/i><\/span><\/div><h5 class=\"icon_title\" style=\"\">Ein gemeinsamer Kerndatensatz basierend auf internationalen IT- und Terminologie-Standards erm\u00f6glicht den standort\u00fcbergreifenden Datenaustausch.<\/h5><\/div><p style='color: #000000'><\/p><\/div><\/div><\/div>[\/qode_elements_holder_item][\/qode_elements_holder][\/vc_column][\/vc_row][vc_row css_animation=&#8220;&#8220; row_type=&#8220;row&#8220; use_row_as_full_screen_section=&#8220;no&#8220; type=&#8220;grid&#8220; angled_section=&#8220;no&#8220; text_align=&#8220;left&#8220; background_image_as_pattern=&#8220;without_pattern&#8220; z_index=&#8220;&#8220; css=&#8220;.vc_custom_1620640361711{background-color: #f5f6f6 !important;}&#8220;][vc_column][qode_elements_holder number_of_columns=&#8220;one_column&#8220;][qode_elements_holder_item advanced_animations=&#8220;no&#8220; item_padding=&#8220;5% 0 0 0&#8243;][vc_column_text css=&#8220;&#8220;]<\/p>\n<h4>Bessere Forschung durch standort\u00fcbergreifenden Austausch medizinischer Routinedaten<\/h4>\n<p>[\/vc_column_text][vc_empty_space height=&#8220;25px&#8220;][vc_column_text css=&#8220;&#8220;]Die vier MII-Konsortien <a href=\"https:\/\/difuture.de\/\" target=\"_blank\" rel=\"noopener\">DIFUTURE<\/a>, <a href=\"https:\/\/www.highmed.org\/de\/home\" target=\"_blank\" rel=\"noopener\">HiGHmed<\/a>, <a href=\"https:\/\/www.miracum.org\/\" target=\"_blank\" rel=\"noopener\">MIRACUM<\/a> und <a href=\"https:\/\/www.smith.care\/de\/smith-konsortium\/ueber-smith-2\/\" rel=\"noopener\">SMITH<\/a> b\u00fcndeln jeweils einen Teil der Partnerstandorte und verfolgen unter dem Dach der Medizininformatik-Initiative ein gemeinsames Ziel: Strategien zu entwickeln, um Daten aus der Patientenversorgung besser f\u00fcr Forschung nutzbar zu machen. Hierf\u00fcr wurden zun\u00e4chst an den universit\u00e4tsmedizinischen Standorten zentrale technologische Schnittstellen, so genannte <a href=\"https:\/\/www.medizininformatik-initiative.de\/de\/konsortien\/datenintegrationszentren\" target=\"_blank\" rel=\"noopener\">Datenintegrationszentren (DIZ)<\/a>, aufgebaut. Die DIZ schaffen die Rahmenbedingungen f\u00fcr einen sicheren und datenschutzkonformen Zugang zu qualitativ hochwertigen Daten aus der Routineversorgung. Voraussetzung aller Arbeiten ist stets die Einwilligungserkl\u00e4rung der Patientinnen und Patienten, die mit der Bereitstellung ihrer Daten einen wesentlichen Beitrag zur Verbesserung der medizinischen Versorgung leisten. Die Grundlage f\u00fcr den Datenaustausch bildet ein gemeinsamer <a href=\"https:\/\/www.medizininformatik-initiative.de\/de\/der-kerndatensatz-der-medizininformatik-initiative\" target=\"_blank\" rel=\"noopener\">Kerndatensatz<\/a>, der Form und Art der in den Zentren vorgehaltenen Datens\u00e4tze festlegt. In klinischen und methodischen Anwendungsf\u00e4llen (Use Cases) wird die Funktionsf\u00e4higkeit der DIZ erprobt sowie optimiert. Gleichzeitig entwickeln spezifische Arbeitsgruppen \u00fcbergreifende Strategien zu Themen wie <a href=\"https:\/\/www.medizininformatik-initiative.de\/de\/zusammenarbeit\/arbeitsgruppe-data-sharing\" target=\"_blank\" rel=\"noopener\">Data Sharing<\/a>, <a href=\"https:\/\/www.medizininformatik-initiative.de\/de\/zusammenarbeit\/arbeitsgruppe-interoperabilitaet\" target=\"_blank\" rel=\"noopener\">Interoperabilit\u00e4t<\/a>, <a href=\"https:\/\/www.medizininformatik-initiative.de\/de\/mustertext-zur-patienteneinwilligung\" target=\"_blank\" rel=\"noopener\">Patienteneinwilligung<\/a> (Broad Consent) und <a href=\"https:\/\/www.medizininformatik-initiative.de\/de\/zusammenarbeit\/arbeitsgruppe-kommunikation\" target=\"_blank\" rel=\"noopener\">Kommunikation<\/a>, um einheitliche Standards zwischen den Konsortien sicherzustellen.[\/vc_column_text][\/qode_elements_holder_item][\/qode_elements_holder][\/vc_column][\/vc_row][vc_row css_animation=&#8220;&#8220; row_type=&#8220;row&#8220; use_row_as_full_screen_section=&#8220;no&#8220; type=&#8220;grid&#8220; angled_section=&#8220;no&#8220; text_align=&#8220;left&#8220; background_image_as_pattern=&#8220;without_pattern&#8220; z_index=&#8220;&#8220; css=&#8220;.vc_custom_1620640376975{background-color: #f5f6f6 !important;}&#8220;][vc_column][qode_elements_holder number_of_columns=&#8220;one_column&#8220;][qode_elements_holder_item advanced_animations=&#8220;no&#8220; item_padding=&#8220;3% 0 0 0&#8243; item_padding_480_600=&#8220;3% 0 10% 0&#8243; item_padding_480=&#8220;3% 0 10% 0&#8243;][vc_column_text css=&#8220;&#8220;]<\/p>\n<h4>In mehreren Etappen zu einer bundesweiten Infrastruktur f\u00fcr klinische Forschungsdaten<\/h4>\n<p>[\/vc_column_text][vc_empty_space height=&#8220;25px&#8220;][vc_column_text css=&#8220;&#8220;]Der Aufbau der Datasharing-Infrastruktur der Medizininformatik-Initiative erfolgt in drei Phasen zwischen 2016 und 2026. In einer neunmonatigen <em>Konzeptphase<\/em> von 2016 bis 2017 haben sieben Verb\u00fcnde aus Universit\u00e4tskliniken und Partnereinrichtungen erste Konzepte f\u00fcr die Datennutzung und den geplanten Datenaustausch erarbeitet. Dazu geh\u00f6rten konkrete Anwendungsszenarien sowie technische Strategien f\u00fcr den Aufbau der Datenintegrationszentren. In der anschlie\u00dfenden <em>Aufbau- und Vernetzungsphase<\/em> von 2018 bis 2022 wurden vier der Verb\u00fcnde endg\u00fcltig gef\u00f6rdert. Die Konsortien DIFUTURE, HiGHmed, MIRACUM und SMITH erhielten die M\u00f6glichkeit, die entwickelten Konzepte umzusetzen. In den Konsortien haben sich bundesweit alle Universit\u00e4tskliniken sowie weitere Partner aus Forschung und Versorgung zusammengeschlossen, um die organisatorischen und technischen Voraussetzungen f\u00fcr die anonymisierte Erfassung von Patientendaten und den standort\u00fcbergreifenden Datenaustausch zu schaffen. Mehr als 30 (universit\u00e4ts-)medizinische Standorte haben in dieser Zeit ein Datenintegrationszentrum aufgebaut. Zur F\u00f6rderung des wissenschaftlichen Nachwuchses in der Medizinischen Informatik wurden dar\u00fcber hinaus <a href=\"https:\/\/www.medizininformatik-initiative.de\/de\/konsortien\/nachwuchsgruppen-fuer-die-medizininformatik\" target=\"_blank\" rel=\"noopener\">Nachwuchsforschungsgruppen<\/a> eingerichtet und <a href=\"https:\/\/www.medizininformatik-initiative.de\/de\/konsortien\/medizininformatik-lehre-und-fortbildung\" target=\"_blank\" rel=\"noopener\">Professuren<\/a> etabliert. Mit dem <a href=\"https:\/\/forschen-fuer-gesundheit.de\/\" target=\"_blank\" rel=\"noopener\">Forschungsdatenportal f\u00fcr Gesundheit (FDPG)<\/a> ist in der Aufbau- und Vernetzungsphase eine Plattform entstanden, \u00fcber die Forschende Daten und Bioproben f\u00fcr medizinische Forschungsprojekte dezentral anfragen und beantragen k\u00f6nnen.[\/vc_column_text][\/qode_elements_holder_item][\/qode_elements_holder][\/vc_column][\/vc_row][vc_row css_animation=&#8220;&#8220; row_type=&#8220;row&#8220; use_row_as_full_screen_section=&#8220;no&#8220; type=&#8220;grid&#8220; angled_section=&#8220;no&#8220; text_align=&#8220;left&#8220; background_image_as_pattern=&#8220;without_pattern&#8220; z_index=&#8220;&#8220; css=&#8220;.vc_custom_1620640376975{background-color: #f5f6f6 !important;}&#8220;][vc_column][qode_elements_holder number_of_columns=&#8220;one_column&#8220;][qode_elements_holder_item advanced_animations=&#8220;no&#8220; item_padding=&#8220;3% 0 5% 0&#8243; item_padding_480_600=&#8220;3% 0 10% 0&#8243; item_padding_480=&#8220;3% 0 10% 0&#8243;][vc_column_text css=&#8220;&#8220;]<\/p>\n<h4>Standort\u00fcbergreifende Zusammenarbeit f\u00fcr bundesweit einheitliche Standards<\/h4>\n<p>[\/vc_column_text][vc_empty_space height=&#8220;25px&#8220;][vc_column_text css=&#8220;&#8220;]In der aktuellen <em>Ausbau- und Erweiterungsphase<\/em> von 2023 bis 2026 steht die Einbindung weiterer Partner und Initiativen wie das <a href=\"https:\/\/www.netzwerk-universitaetsmedizin.de\/\" target=\"_blank\" rel=\"noopener\">Netzwerk Universit\u00e4tsmedizin (NUM)<\/a>,<br \/>\ndie <a href=\"https:\/\/www.nfdi.de\/\" target=\"_blank\" rel=\"noopener\">Nationale Forschungsdateninfrastruktur (NFDI)<\/a> und der <a href=\"https:\/\/www.akek.de\/\" target=\"_blank\" rel=\"noopener\">Arbeitskreis Medizinisches Ethik-Kommissionen (AKEK)<\/a> im Vordergrund. Die bestehenden Dateninfrastrukturen und IT-L\u00f6sungen werden auf weitere Universit\u00e4tskliniken sowie regionale Versorger und Forschungseinrichtungen ausgeweitet. Vorreiter sind dabei die seit 2021 vom BMFTR gef\u00f6rderten Digitalen FortschrittsHubs Gesundheit. Die Pilotprojekte entwickeln Konzepte f\u00fcr den standort\u00fcbergreifenden Austausch medizinischer Forschungsdaten au\u00dferhalb der Universit\u00e4tsmedizin. Ein Hub, der sich der Verbesserung der intensivmedizinischen Nachsorge widmet, ist das Projekt DISTANCE. Die Gesch\u00e4ftsstelle des SMITH-Konsortiums unterst\u00fctzt den <a href=\"https:\/\/www.smith.care\/de\/digihub-distance\/distance\/\" rel=\"noopener\">Digitalen FortschrittsHubs DISTANCE<\/a> in administrativen Belangen.<br \/>\nMit der Ausweitung der MII-Strukturen auf unterschiedliche Bereiche des Gesundheitssystems wird ein immer gr\u00f6\u00dferer Patientenkreis angesprochen, weshalb in der aktuellen F\u00f6rderphase dar\u00fcber hinaus die Interaktion mit Patientinnen und Patienten st\u00e4rker in den Fokus r\u00fcckt.[\/vc_column_text][vc_empty_space height=&#8220;15px&#8220;][vc_column_text css=&#8220;&#8220;]Die Arbeiten in der Medizininformatik-Initiative werden durch ein <a href=\"http:\/\/www.medizininformatik-initiative.de\/de\/zusammenarbeit\/nationales-steuerungsgremium\" target=\"_blank\" rel=\"noopener\">Nationales Steuerungsgremium<\/a> (NSG) koordiniert. F\u00fcr die Abstimmung und Zusammenarbeit der Konsortien ist die <a href=\"http:\/\/www.tmf-ev.de\/\" target=\"_blank\" rel=\"noopener\">TMF \u2013 Technologie- und Methodenplattform f\u00fcr die vernetzte medizinische Forschung<\/a> (TMF) zust\u00e4ndig.[\/vc_column_text][\/qode_elements_holder_item][\/qode_elements_holder][\/vc_column][\/vc_row][vc_row css_animation=&#8220;&#8220; row_type=&#8220;row&#8220; use_row_as_full_screen_section=&#8220;no&#8220; type=&#8220;grid&#8220; angled_section=&#8220;no&#8220; text_align=&#8220;left&#8220; background_image_as_pattern=&#8220;without_pattern&#8220; z_index=&#8220;&#8220; css=&#8220;.vc_custom_1626175927412{background-color: #e0f4fc !important;}&#8220;][vc_column][qode_elements_holder number_of_columns=&#8220;one_column&#8220;][qode_elements_holder_item horizontal_alignment=&#8220;left&#8220; advanced_animations=&#8220;no&#8220; item_padding=&#8220;50px 0px&#8220; item_padding_480_600=&#8220;40px 0px&#8220; item_padding_480=&#8220;40px 0px&#8220;][vc_column_text css=&#8220;.vc_custom_1717508291041{padding-bottom: 25px !important;}&#8220;]<\/p>\n<h3 style=\"text-align: left;\">Digitale FortschrittsHubs \u00fcbertragen die MII-Infrastruktur in die regionale Versorgung<\/h3>\n<p>[\/vc_column_text][vc_column_text css=&#8220;&#8220;]<em>Von 2021 bis 2025 stellt das Bundesministerium f\u00fcr Forschung, Technologie und Raumfahrt (BMFTR)<\/em> <em>rund 50 Millionen Euro f\u00fcr sechs Digitale FortschrittsHubs Gesundheit bereit. Aufgabe der FortschrittsHubs ist es, die Pionierarbeiten der Medizininformatik-Initiative (MII) zur Digitalisierung in der Medizin aus den Universit\u00e4tskliniken in alle Bereiche des Gesundheitssystems einflie\u00dfen zu lassen. Ausgangspunkt eines Hubs ist das Datenintegrationszentrum (DIZ) eines Universit\u00e4tsklinikums. Diese Zentren wurden als IT-Infrastrukturen an fast allen Universit\u00e4tskliniken im Rahmen der Medizininformatik-Initiative aufgebaut. Ein DIZ vernetzt sich mit regionalen Partnern \u2013 darunter Krankenh\u00e4user, Arztpraxen, Rehabilitations- und Pflegeeinrichtungen sowie Rettungsdienste. Auch Forschungseinrichtungen und Krankenkassen sind Partner der Hubs.<\/em>[\/vc_column_text][vc_empty_space height=&#8220;20px&#8220;][vc_column_text css=&#8220;&#8220;]<\/p>\n<p style=\"text-align: left; line-height: 130%;\"><a href=\"https:\/\/www.gesundheitsforschung-bmbf.de\/de\/Digitale-FortschrittsHubs-Gesundheit.php\" target=\"_blank\" rel=\"noopener\">Mehr \u00fcber die Digitalen FortschrittsHubs Gesundheit<\/a><\/p>\n<p>[\/vc_column_text][vc_empty_space height=&#8220;15px&#8220;][vc_column_text css=&#8220;&#8220;]<\/p>\n<p style=\"text-align: left; line-height: 130%;\"><a href=\"https:\/\/www.smith.care\/de\/digihub-distance\/distance\/\" rel=\"noopener\">Mehr zum Digitalen FortschrittsHub DISTANCE<\/a><\/p>\n<p>[\/vc_column_text][\/qode_elements_holder_item][\/qode_elements_holder][\/vc_column][\/vc_row]<\/p>\n<\/div>","protected":false},"excerpt":{"rendered":"<p>[vc_row css_animation=&#8220;&#8220; row_type=&#8220;row&#8220; use_row_as_full_screen_section=&#8220;no&#8220; type=&#8220;grid&#8220; angled_section=&#8220;no&#8220; text_align=&#8220;left&#8220; background_image_as_pattern=&#8220;without_pattern&#8220; z_index=&#8220;&#8220; css=&#8220;.vc_custom_1625049033783{background-color: #f5f6f6 !important;}&#8220;][vc_column][qode_elements_holder number_of_columns=&#8220;one_column&#8220;][qode_elements_holder_item advanced_animations=&#8220;no&#8220; item_padding=&#8220;5% 0 3% 0&#8243; item_padding_480_600=&#8220;20px 0px 20px 0px&#8220; item_padding_480=&#8220;20px 0px 20px 0px&#8220;][vc_column_text css=&#8220;&#8220;] Die Medizininformatik-Initiative: Vernetzen. Forschen. Heilen. [\/vc_column_text][vc_empty_space height=&#8220;15px&#8220;][vc_column_text css=&#8220;.vc_custom_1718090936672{padding-bottom: 5% !important;}&#8220;] St\u00e4rkung medizinischer Forschung zur Verbesserung der Patientenversorgung [\/vc_column_text][vc_column_text&#8230;<\/p>\n","protected":false},"author":13,"featured_media":0,"parent":20490,"menu_order":1,"comment_status":"closed","ping_status":"closed","template":"full_width.php","meta":{"footnotes":""},"class_list":["post-22520","page","type-page","status-publish","hentry"],"_links":{"self":[{"href":"https:\/\/www.smith.care\/de\/wp-json\/wp\/v2\/pages\/22520","targetHints":{"allow":["GET"]}}],"collection":[{"href":"https:\/\/www.smith.care\/de\/wp-json\/wp\/v2\/pages"}],"about":[{"href":"https:\/\/www.smith.care\/de\/wp-json\/wp\/v2\/types\/page"}],"author":[{"embeddable":true,"href":"https:\/\/www.smith.care\/de\/wp-json\/wp\/v2\/users\/13"}],"replies":[{"embeddable":true,"href":"https:\/\/www.smith.care\/de\/wp-json\/wp\/v2\/comments?post=22520"}],"version-history":[{"count":29,"href":"https:\/\/www.smith.care\/de\/wp-json\/wp\/v2\/pages\/22520\/revisions"}],"predecessor-version":[{"id":24735,"href":"https:\/\/www.smith.care\/de\/wp-json\/wp\/v2\/pages\/22520\/revisions\/24735"}],"up":[{"embeddable":true,"href":"https:\/\/www.smith.care\/de\/wp-json\/wp\/v2\/pages\/20490"}],"wp:attachment":[{"href":"https:\/\/www.smith.care\/de\/wp-json\/wp\/v2\/media?parent=22520"}],"curies":[{"name":"wp","href":"https:\/\/api.w.org\/{rel}","templated":true}]}}