{"id":22621,"date":"2024-06-11T11:46:31","date_gmt":"2024-06-11T09:46:31","guid":{"rendered":"https:\/\/www.smith.care\/?page_id=22621"},"modified":"2025-07-18T14:55:45","modified_gmt":"2025-07-18T12:55:45","slug":"ueber-smith","status":"publish","type":"page","link":"https:\/\/www.smith.care\/de\/smith-konsortium\/ueber-smith\/","title":{"rendered":"\u00dcber SMITH"},"content":{"rendered":"<div class=\"wpb-content-wrapper\"><p>[vc_row css_animation=&#8220;&#8220; row_type=&#8220;row&#8220; use_row_as_full_screen_section=&#8220;no&#8220; type=&#8220;grid&#8220; angled_section=&#8220;no&#8220; text_align=&#8220;left&#8220; background_image_as_pattern=&#8220;without_pattern&#8220; z_index=&#8220;&#8220; css=&#8220;.vc_custom_1625049033783{background-color: #f5f6f6 !important;}&#8220;][vc_column][qode_elements_holder number_of_columns=&#8220;one_column&#8220;][qode_elements_holder_item advanced_animations=&#8220;no&#8220; item_padding=&#8220;5% 0 3% 0&#8243; item_padding_480_600=&#8220;20px 0px 20px 0px&#8220; item_padding_480=&#8220;20px 0px 20px 0px&#8220;][vc_column_text]<\/p>\n<h2>SMITH \u2013 Smart Medical Technology for Healthcare<\/h2>\n<p>[\/vc_column_text][vc_empty_space height=&#8220;15px&#8220;][vc_column_text css=&#8220;.vc_custom_1647272647588{padding-bottom: 5% !important;}&#8220;]<\/p>\n<h3>Klinische Forschung und Patientenversorgung nachhaltig verbessern<\/h3>\n<p>[\/vc_column_text][vc_column_text css=&#8220;&#8220;]Die gro\u00dfen Datenmengen in den klinischen Informationssystemen haben ein enormes Potenzial f\u00fcr die Gesundheitsversorgung von morgen. Die Wiederverwendung, Zusammenf\u00fchrung und Analyse medizinischer Daten aus der Routineversorgung f\u00f6rdert die Entwicklung neuer, verbesserter Behandlungsmethoden, Pharmazeutika und Technologien. Das Konsortium Smart Medical Technology for Healthcare, kurz SMITH, setzt hier an. Im Rahmen der Medizininformatik-Initiative (MII) hat SMITH eine gemeinsame Infrastruktur geschaffen, die unterschiedliche Datenquellen aus der Patientenversorgung zusammenf\u00fchrt. Versorgungsdaten werden standort\u00fcbergreifend verkn\u00fcpft und f\u00fcr die medizinische Forschung verf\u00fcgbar gemacht. SMITH orientiert sich in seinen Arbeiten an den aktuellen Herausforderungen der Digitalisierung und an der Einf\u00fchrung von E-Health-Ma\u00dfnahmen im Gesundheitswesen. Diagnosen, Medikation und Behandlungsarten k\u00f6nnen so k\u00fcnftig noch besser auf Patientinnen und Patienten zugeschnitten werden. Datenschutz und Datensicherheit haben dabei h\u00f6chste Priorit\u00e4t.[\/vc_column_text][\/qode_elements_holder_item][\/qode_elements_holder][\/vc_column][\/vc_row][vc_row css_animation=&#8220;&#8220; row_type=&#8220;row&#8220; use_row_as_full_screen_section=&#8220;no&#8220; type=&#8220;grid&#8220; angled_section=&#8220;no&#8220; text_align=&#8220;left&#8220; background_image_as_pattern=&#8220;without_pattern&#8220; z_index=&#8220;&#8220; css=&#8220;.vc_custom_1620732233138{padding-top: 0px !important;padding-right: 0px !important;padding-bottom: 0px !important;padding-left: 0px !important;background-color: #f5f6f6 !important;}&#8220;][vc_column css=&#8220;.vc_custom_1676371329076{padding-top: 0px !important;padding-right: 0px !important;padding-bottom: 0px !important;padding-left: 0px !important;background-color: #ffffff !important;}&#8220;][qode_elements_holder number_of_columns=&#8220;two_columns&#8220;][qode_elements_holder_item vertical_alignment=&#8220;middle&#8220; advanced_animations=&#8220;no&#8220; item_padding=&#8220;5%&#8220;][vc_single_image image=&#8220;22630&#8243; img_size=&#8220;full&#8220; css=&#8220;&#8220; qode_css_animation=&#8220;&#8220;][\/qode_elements_holder_item][qode_elements_holder_item vertical_alignment=&#8220;top&#8220; horizontal_alignment=&#8220;left&#8220; advanced_animations=&#8220;no&#8220; item_padding=&#8220;5% 5% 5% 0&#8243; item_padding_480_600=&#8220;0px 15px 0px 15px&#8220; item_padding_480=&#8220;0px 15px 0px 15px&#8220; item_padding_600_768=&#8220;0px 15px 0px 15px&#8220;][vc_column_text css=&#8220;.vc_custom_1718624709659{padding-bottom: 7% !important;}&#8220;]<\/p>\n<h3 style=\"text-align: left;\">Interdisziplin\u00e4re Kooperation und Zusammenarbeit<\/h3>\n<p>[\/vc_column_text]<div class='q_icon_with_title tiny circle left_from_title '><div class=\"icon_text_holder\" style=\"\"><div class=\"icon_text_inner\" style=\"\"><div class=\"icon_title_holder\"><div class=\"icon_holder \" style=\" \"><span data-icon-type=\"circle\"   class=\"qode_iwt_icon_holder fa-stack fa-lg  \" style=\"border-color: #66c4d8;background-color: #66c4d8;\"><i class=\"qodef-icon-dripicons dripicon dripicons-user-group qode_iwt_icon_element\" style=\"color: #ffffff;\" ><\/i><\/span><\/div><h5 class=\"icon_title\" style=\"\">Mitarbeitende aus Klinik, Epidemiologie, Medizin und IT arbeiten im SMITH-Konsortium interdisziplin\u00e4r zusammen.<\/h5><\/div><p style=''><\/p><\/div><\/div><\/div>[vc_empty_space height=&#8220;15px&#8220;]<div class='q_icon_with_title tiny circle left_from_title '><div class=\"icon_text_holder\" style=\"\"><div class=\"icon_text_inner\" style=\"\"><div class=\"icon_title_holder\"><div class=\"icon_holder \" style=\" \"><span data-icon-type=\"circle\"   class=\"qode_iwt_icon_holder fa-stack fa-lg  \" style=\"border-color: #66c4d8;background-color: #66c4d8;\"><i class=\"qodef-icon-dripicons dripicon dripicons-home qode_iwt_icon_element\" style=\"color: #ffffff;\" ><\/i><\/span><\/div><h5 class=\"icon_title\" style=\"\">Der Verbund umfasst elf universit\u00e4tsmedizinische Partner und zehn Datenintegrationszentren.<\/h5><\/div><p style=''><\/p><\/div><\/div><\/div>[vc_empty_space height=&#8220;15px&#8220;]<div class='q_icon_with_title tiny circle left_from_title '><div class=\"icon_text_holder\" style=\"\"><div class=\"icon_text_inner\" style=\"\"><div class=\"icon_title_holder\"><div class=\"icon_holder \" style=\" \"><span data-icon-type=\"circle\"   class=\"qode_iwt_icon_holder fa-stack fa-lg  \" style=\"border-color: #66c4d8;background-color: #66c4d8;\"><i class=\"qodef-icon-dripicons dripicon dripicons-network-3 qode_iwt_icon_element\" style=\"color: #ffffff;\" ><\/i><\/span><\/div><h5 class=\"icon_title\" style=\"\">Ziel ist es, Patientendaten, die w\u00e4hrend eines Klinikaufenthaltes entstehen, standort\u00fcbergreifend digital zu vernetzen, um klinische Forschung und eine passgenaue Patientenversorgung zu st\u00e4rken.<\/h5><\/div><p style='color: #000000'><\/p><\/div><\/div><\/div>[\/qode_elements_holder_item][\/qode_elements_holder][\/vc_column][\/vc_row][vc_row css_animation=&#8220;&#8220; row_type=&#8220;row&#8220; use_row_as_full_screen_section=&#8220;no&#8220; type=&#8220;grid&#8220; angled_section=&#8220;no&#8220; text_align=&#8220;left&#8220; background_image_as_pattern=&#8220;without_pattern&#8220; z_index=&#8220;&#8220; css=&#8220;.vc_custom_1620640361711{background-color: #f5f6f6 !important;}&#8220;][vc_column][qode_elements_holder number_of_columns=&#8220;one_column&#8220;][qode_elements_holder_item advanced_animations=&#8220;no&#8220; item_padding=&#8220;5% 0 0 0&#8243;][vc_column_text css=&#8220;&#8220;]<\/p>\n<h4>Forschungs- und Versorgungsdaten standort\u00fcbergreifend verkn\u00fcpfen<\/h4>\n<p>[\/vc_column_text][vc_empty_space height=&#8220;25px&#8220;][vc_column_text css=&#8220;&#8220;]Um die Daten aus Versorgung und Forschung miteinander zu verbinden, haben die am Konsortium beteiligten Universit\u00e4tskliniken in Aachen, Bonn, Essen, Halle, Hamburg, Jena und Leipzig zentrale technologische Schnittstellen, so genannte Datenintegrationszentren (DIZ), aufgebaut. An den Partnerstandorten D\u00fcsseldorf, Rostock und Bochum werden derzeit die technischen Grundvoraussetzungen hierf\u00fcr geschaffen. Die DIZ bereiten die im klinischen Alltag anfallenden Versorgungsdaten auf der Basis international standardisierter Kommunikations- und Sicherheitsverfahren auf und stellen sie der medizinischen Forschung in harmonisierter Form zur Verf\u00fcgung. Damit schaffen die DIZ die Voraussetzungen f\u00fcr einen sicheren und datenschutzkonformen Zugang zu qualitativ hochwertigen Daten aus der Routineversorgung. Umgekehrt erm\u00f6glichen die Zentren die R\u00fcckkopplung gewonnener Forschungserkenntnisse in die Versorgung. Voraussetzung f\u00fcr den gesamten Prozess der Datennutzung ist stets <a href=\"https:\/\/www.medizininformatik-initiative.de\/de\/mustertext-zur-patienteneinwilligung\" target=\"_blank\" rel=\"noopener\">die informierte Einwilligung<\/a> der Patientinnen und Patienten in die Nutzung ihrer Daten zu Forschungszwecken.[\/vc_column_text][\/qode_elements_holder_item][\/qode_elements_holder][\/vc_column][\/vc_row][vc_row css_animation=&#8220;&#8220; row_type=&#8220;row&#8220; use_row_as_full_screen_section=&#8220;no&#8220; type=&#8220;grid&#8220; angled_section=&#8220;no&#8220; text_align=&#8220;left&#8220; background_image_as_pattern=&#8220;without_pattern&#8220; z_index=&#8220;&#8220; css=&#8220;.vc_custom_1620640376975{background-color: #f5f6f6 !important;}&#8220;][vc_column][qode_elements_holder number_of_columns=&#8220;one_column&#8220;][qode_elements_holder_item advanced_animations=&#8220;no&#8220; item_padding=&#8220;3% 0 0% 0&#8243; item_padding_480_600=&#8220;3% 0 10% 0&#8243; item_padding_480=&#8220;3% 0 10% 0&#8243;][vc_column_text css=&#8220;&#8220;]<\/p>\n<h4>Konkrete Anwendungsm\u00f6glichkeiten schaffen Mehrwert f\u00fcr die klinische Versorgung<\/h4>\n<p>[\/vc_column_text][vc_empty_space height=&#8220;25px&#8220;][vc_column_text css=&#8220;&#8220;]Die Funktionalit\u00e4t und Effizienz der eingerichteten Datenintegrationszentren (DIZ) wurde in der Aufbau- und Vernetzungsphase der Medizininformatik-Initiative (2018 \u2013 2022) anhand von zwei klinischen und einem methodischen Anwendungsfall, den Use Cases, erprobt. Der methodische Use Case <a href=\"https:\/\/www.smith.care\/de\/forschung\/use-case-phep\/\" rel=\"noopener\">PheP<\/a> lieferte Werkzeuge zur datenschutzgerechten Strukturierung und Auswertung medizinischer Daten. Im klinischen Anwendungsfall <a href=\"https:\/\/www.smith.care\/de\/forschung\/use-case-asic\/\">ASIC<\/a> wurde eine App entwickelt, die im Bereich der Intensivmedizin unterst\u00fctzt, der Use Case <a href=\"https:\/\/www.smith.care\/de\/forschung\/use-case-help\/\" rel=\"noopener\">HELP<\/a> widmete sich der Verbesserung der Infektionsmedizin mit Hilfe einer IT-L\u00f6sung.[\/vc_column_text][vc_empty_space height=&#8220;15px&#8220;][vc_column_text css=&#8220;&#8220;]Ein zentrales Ziel der aktuellen Ausbau- und Erweiterungsphase von 2023 bis 2026 ist es, die in der Medizininformatik-Initiative erfolgreich demonstrierten L\u00f6sungen auf weitere Kliniken oder Forschungseinrichtungen zu \u00fcbertragen. In verbund\u00fcbergreifenden Anwendungsf\u00e4llen wird die in den Jahren zuvor aufgebaute Dateninfrastruktur weiter getestet und ausgebaut. An diesen anwendungsorientierten Projekten sind neben dem SMITH-Konsortium die MII-Konsortien <a href=\"https:\/\/difuture.de\/\" target=\"_blank\" rel=\"noopener\">DIFUTURE<\/a>, <a href=\"https:\/\/www.highmed.org\/de\/home\" target=\"_blank\" rel=\"noopener\">HiGHmed<\/a> und <a href=\"https:\/\/www.miracum.org\/\" target=\"_blank\" rel=\"noopener\">MIRACUM<\/a> beteiligt. Die SMITH-Gesch\u00e4ftsstelle hat dabei die unterst\u00fctzende Koordination der konsortien\u00fcbergreifenden Projekte <a href=\"https:\/\/www.smith.care\/de\/gemtex_mii\/ueber-gemtex\/\" rel=\"noopener\">GeMTeX<\/a> und <a href=\"https:\/\/www.smith.care\/de\/interpolar_mii\/interpolar\/\" rel=\"noopener\">INTERPOLAR<\/a> \u00fcbernommen. GeMTeX zielt darauf ab, medizinische Texte aus der Patientenversorgung f\u00fcr die Forschung verf\u00fcgbar zu machen. In INTERPOLAR werden IT-L\u00f6sungen zur Verbesserung der Arzneimitteltherapiesicherheit entwickelt.[\/vc_column_text][vc_empty_space height=&#8220;15px&#8220;][vc_column_text css=&#8220;&#8220;]Um Forschenden einen zentralen und sicheren Zugang zu den in den Datenintegrationszentren der MII bereitgestellten Daten zu erm\u00f6glichen, sind alle DIZ an das <a href=\"https:\/\/forschen-fuer-gesundheit.de\/\" target=\"_blank\" rel=\"noopener\">Deutsche Forschungsdatenportal f\u00fcr Gesundheit (FDPG)<\/a> angebunden. Das FDPG dient als Anlaufstelle f\u00fcr Forschende, die ein Projekt mit Routinedaten aus der deutschen (Universit\u00e4ts-)Medizin planen. Hier haben sie unter anderem die M\u00f6glichkeit, die Machbarkeit spezifischer Forschungsfragen zu pr\u00fcfen sowie Daten und Bioproben zu beantragen. Dar\u00fcber hinaus \u00fcbernimmt das FDPG die Koordination der Datenbereitstellung durch die DIZ und unterst\u00fctzt bei der vertraglichen Absicherung der Datennutzung.[\/vc_column_text][\/qode_elements_holder_item][\/qode_elements_holder][\/vc_column][\/vc_row][vc_row css_animation=&#8220;&#8220; row_type=&#8220;row&#8220; use_row_as_full_screen_section=&#8220;no&#8220; type=&#8220;grid&#8220; angled_section=&#8220;no&#8220; text_align=&#8220;left&#8220; background_image_as_pattern=&#8220;without_pattern&#8220; z_index=&#8220;&#8220; css=&#8220;.vc_custom_1620640376975{background-color: #f5f6f6 !important;}&#8220;][vc_column][qode_elements_holder number_of_columns=&#8220;one_column&#8220;][qode_elements_holder_item advanced_animations=&#8220;no&#8220; item_padding=&#8220;3% 0 5% 0&#8243; item_padding_480_600=&#8220;3% 0 10% 0&#8243; item_padding_480=&#8220;3% 0 10% 0&#8243;][vc_column_text css=&#8220;&#8220;]<\/p>\n<h4>Weiterbildungen bef\u00e4higen zur Nutzung der neuen, digitalen Infrastruktur<\/h4>\n<p>[\/vc_column_text][vc_empty_space height=&#8220;25px&#8220;][vc_column_text css=&#8220;&#8220;]Um die digitalen Kompetenzen im Gesundheitswesen zu st\u00e4rken, hat sich SMITH in der vergangenen F\u00f6rderphase f\u00fcr den Ausbau der medizininformatischen Forschung und Lehre eingesetzt. Im Rahmen von SMITH wurden an den Partnerstandorten insgesamt sechs <a href=\"https:\/\/www.smith.care\/de\/lehre\/professuren\/\" rel=\"noopener\">Professuren<\/a>, drei <a href=\"https:\/\/www.smith.care\/de\/lehre\/studiengaenge\/\" rel=\"noopener\">Studieng\u00e4nge<\/a> und vier <a href=\"https:\/\/www.smith.care\/de\/forschung\/nachwuchsforschungsgruppen\/\" rel=\"noopener\">Nachwuchsforschungsgruppen<\/a> mit medizininformatischer Ausrichtung etabliert. In der SMITH-Academy und weiteren Angeboten der <a href=\"https:\/\/www.smith.care\/de\/lehre\/lehre-in-smith\/\" rel=\"noopener\">SMITH Lehre<\/a> wurden Kurse und Lernmaterialien zur Weiterqualifizierung von Projektmitarbeitenden und Clinician Scientists angeboten.[\/vc_column_text][vc_empty_space height=&#8220;15px&#8220;][vc_column_text css=&#8220;&#8220;]Aufbauend auf den Erfahrungen der SMITH-Academy wurde im Fr\u00fchjahr 2024 das Lernportal <a href=\"https:\/\/www.smith.care\/de\/lehre\/mii-academy\/\" rel=\"noopener\">MII-Academy<\/a> er\u00f6ffnet. In der MII-Academy lernen Clinician Scientists, wie sie Daten aus der Routineversorgung standort\u00fcbergreifend f\u00fcr ihre Forschung nutzen k\u00f6nnen. Mit Hilfe von videobasierten Lerneinheiten werden die Forschenden bef\u00e4higt, die aufgebauten Strukturen der Medizininformatik-Initiative zu nutzen. Die MII-Academy wurde mit Unterst\u00fctzung der SMITH-Gesch\u00e4ftsstelle im Rahmen der Ausbau- und Erweiterungsphase der MII entwickelt.[\/vc_column_text][\/qode_elements_holder_item][\/qode_elements_holder][\/vc_column][\/vc_row][vc_row css_animation=&#8220;&#8220; row_type=&#8220;row&#8220; use_row_as_full_screen_section=&#8220;no&#8220; type=&#8220;full_width&#8220; angled_section=&#8220;no&#8220; text_align=&#8220;left&#8220; background_image_as_pattern=&#8220;without_pattern&#8220;][vc_column][vc_column_text]<\/p>\n<p>[\/vc_column_text][\/vc_column][\/vc_row][vc_row css_animation=&#8220;&#8220; row_type=&#8220;row&#8220; use_row_as_full_screen_section=&#8220;no&#8220; type=&#8220;grid&#8220; angled_section=&#8220;no&#8220; text_align=&#8220;left&#8220; background_image_as_pattern=&#8220;without_pattern&#8220; z_index=&#8220;&#8220; css=&#8220;.vc_custom_1674469702467{padding-bottom: 2% !important;background-color: #f5f6f6 !important;}&#8220;][vc_column css=&#8220;.vc_custom_1644578899976{background-color: #ffffff !important;}&#8220;][qode_elements_holder number_of_columns=&#8220;three_columns&#8220;][qode_elements_holder_item vertical_alignment=&#8220;top&#8220; advanced_animations=&#8220;no&#8220; item_padding=&#8220;5%&#8220; item_padding_768_1024=&#8220;0&#8243;][vc_column_text]<\/p>\n<h4>Flyer SMITH-Konsortium<\/h4>\n<p>[\/vc_column_text][vc_empty_space height=&#8220;15px&#8220;][vc_column_text]Stand: 11\/2023[\/vc_column_text][\/qode_elements_holder_item][qode_elements_holder_item horizontal_alignment=&#8220;center&#8220; advanced_animations=&#8220;no&#8220; item_padding=&#8220;5%&#8220; item_padding_768_1024=&#8220;0&#8243;][vc_single_image image=&#8220;18117&#8243; img_size=&#8220;200&#215;150&#8243; alignment=&#8220;center&#8220; onclick=&#8220;custom_link&#8220; img_link_target=&#8220;_blank&#8220; qode_css_animation=&#8220;&#8220; link=&#8220;https:\/\/www.smith.care\/wp-content\/uploads\/2024\/03\/SMITH-Flyer-DE-Interaktiv_27022024.pdf&#8220;][vc_empty_space height=&#8220;15px&#8220;][vc_column_text]<a href=\"https:\/\/www.smith.care\/wp-content\/uploads\/2024\/03\/SMITH-Flyer-DE-Interaktiv_27022024.pdf\" target=\"_blank\" rel=\"noopener\">Flyer SMITH-Konsortium (Deutsch)<\/a>[\/vc_column_text][\/qode_elements_holder_item][qode_elements_holder_item horizontal_alignment=&#8220;center&#8220; advanced_animations=&#8220;no&#8220; item_padding=&#8220;5%&#8220; item_padding_768_1024=&#8220;0&#8243;][vc_single_image image=&#8220;18117&#8243; img_size=&#8220;200&#215;150&#8243; alignment=&#8220;center&#8220; onclick=&#8220;custom_link&#8220; img_link_target=&#8220;_blank&#8220; qode_css_animation=&#8220;&#8220; link=&#8220;https:\/\/www.smith.care\/wp-content\/uploads\/2024\/03\/Flyer-EN-Interaktiv_27022024.pdf&#8220;][vc_empty_space height=&#8220;15px&#8220;][vc_column_text]<a href=\"https:\/\/www.smith.care\/wp-content\/uploads\/2024\/03\/Flyer-EN-Interaktiv_27022024.pdf\" target=\"_blank\" rel=\"noopener\">Flyer SMITH-Konsortium (Englisch)<\/a>[\/vc_column_text][\/qode_elements_holder_item][\/qode_elements_holder][\/vc_column][\/vc_row][vc_row css_animation=&#8220;&#8220; row_type=&#8220;row&#8220; use_row_as_full_screen_section=&#8220;no&#8220; type=&#8220;grid&#8220; angled_section=&#8220;no&#8220; text_align=&#8220;left&#8220; background_image_as_pattern=&#8220;without_pattern&#8220; z_index=&#8220;&#8220; css=&#8220;.vc_custom_1626175927412{background-color: #e0f4fc !important;}&#8220;][vc_column][qode_elements_holder number_of_columns=&#8220;one_column&#8220;][qode_elements_holder_item horizontal_alignment=&#8220;left&#8220; advanced_animations=&#8220;no&#8220; item_padding=&#8220;50px 0px&#8220; item_padding_480_600=&#8220;40px 0px&#8220; item_padding_480=&#8220;40px 0px&#8220;][vc_column_text css=&#8220;.vc_custom_1625049592226{padding-bottom: 25px !important;}&#8220;]<\/p>\n<h3 style=\"text-align: left;\">\u00dcber die Medizininformatik-Initiative<\/h3>\n<p>[\/vc_column_text][vc_column_text css=&#8220;&#8220;]<\/p>\n<p style=\"text-align: left; line-height: 175%;\"><em>SMITH ist eines von vier durch das Bundesministerium f\u00fcr Forschung, Technologie und Raumfahrt (BMFTR) gef\u00f6rderten Konsortien der Medizininformatik-Initiative (MII). Ziel der Medizininformatik-Initiative (MII) ist die Verbesserung von Forschungsm\u00f6glichkeiten und Patientenversorgung durch innovative IT-L\u00f6sungen. Diese sollen den Austausch und die Nutzung von Daten aus Krankenversorgung sowie der klinischen und biomedizinischen Forschung \u00fcber die Grenzen von Institutionen und Standorten hinweg erm\u00f6glichen. In der Aufbau- und Vernetzungsphase (2018-2022) f\u00f6rderte das BMFTR den Aufbau von Datenintegrationszentren an den Universit\u00e4tskliniken mit \u00fcber 200 Millionen Euro. Von 2023 bis 2026 stellt das Ministerium weitere 200 Millionen Euro zur Verf\u00fcgung, um die Zusammenarbeit zwischen den Universit\u00e4tskliniken auszubauen und auf neue Partner auszuweiten. Erg\u00e4nzend f\u00f6rdert das BMFTR im Rahmen der MII sechs Digitale FortschrittsHubs Gesundheit mit rund 50 Millionen Euro (2021-2025). Ihre Aufgabe ist es, die Pionierarbeit der Universit\u00e4tskliniken in weitere Bereiche des Gesundheitssystems einzubringen, von der ambulanten Versorgung bis zur Rehabilitation und Nachsorge.<\/em><\/p>\n<p>[\/vc_column_text][vc_empty_space height=&#8220;20px&#8220;][vc_column_text]<\/p>\n<p style=\"text-align: left; line-height: 130%;\"><a href=\"https:\/\/www.medizininformatik-initiative.de\/\" target=\"_blank\" rel=\"noopener\">Weitere Informationen zur Medizininformatik-Initiative<\/a><\/p>\n<p>[\/vc_column_text][vc_empty_space height=&#8220;15px&#8220;][vc_column_text]<\/p>\n<p style=\"text-align: left; line-height: 130%;\"><a href=\"https:\/\/www.medizininformatik-karte.de\/\" target=\"_blank\" rel=\"noopener\">Medizininformatik in Deutschland<\/a><\/p>\n<p>[\/vc_column_text][vc_empty_space height=&#8220;15px&#8220;][vc_column_text]<\/p>\n<p style=\"text-align: left; line-height: 130%;\"><a href=\"https:\/\/www.medizininformatik-initiative.de\/de\/ueber-die-initiative\/faq-haeufig-gestellte-fragen\" target=\"_blank\" rel=\"noopener\">Zu den FAQs der MII &#8211; H\u00e4ufig gestellte Fragen<\/a><\/p>\n<p>[\/vc_column_text][\/qode_elements_holder_item][\/qode_elements_holder][\/vc_column][\/vc_row]<\/p>\n<\/div>","protected":false},"excerpt":{"rendered":"<p>[vc_row css_animation=&#8220;&#8220; row_type=&#8220;row&#8220; use_row_as_full_screen_section=&#8220;no&#8220; type=&#8220;grid&#8220; angled_section=&#8220;no&#8220; text_align=&#8220;left&#8220; background_image_as_pattern=&#8220;without_pattern&#8220; z_index=&#8220;&#8220; css=&#8220;.vc_custom_1625049033783{background-color: #f5f6f6 !important;}&#8220;][vc_column][qode_elements_holder number_of_columns=&#8220;one_column&#8220;][qode_elements_holder_item advanced_animations=&#8220;no&#8220; item_padding=&#8220;5% 0 3% 0&#8243; item_padding_480_600=&#8220;20px 0px 20px 0px&#8220; item_padding_480=&#8220;20px 0px 20px 0px&#8220;][vc_column_text] SMITH \u2013 Smart Medical Technology for Healthcare [\/vc_column_text][vc_empty_space height=&#8220;15px&#8220;][vc_column_text css=&#8220;.vc_custom_1647272647588{padding-bottom: 5% !important;}&#8220;] Klinische Forschung und Patientenversorgung nachhaltig verbessern [\/vc_column_text][vc_column_text&#8230;<\/p>\n","protected":false},"author":19,"featured_media":0,"parent":20490,"menu_order":1,"comment_status":"closed","ping_status":"closed","template":"full_width.php","meta":{"footnotes":""},"class_list":["post-22621","page","type-page","status-publish","hentry"],"_links":{"self":[{"href":"https:\/\/www.smith.care\/de\/wp-json\/wp\/v2\/pages\/22621","targetHints":{"allow":["GET"]}}],"collection":[{"href":"https:\/\/www.smith.care\/de\/wp-json\/wp\/v2\/pages"}],"about":[{"href":"https:\/\/www.smith.care\/de\/wp-json\/wp\/v2\/types\/page"}],"author":[{"embeddable":true,"href":"https:\/\/www.smith.care\/de\/wp-json\/wp\/v2\/users\/19"}],"replies":[{"embeddable":true,"href":"https:\/\/www.smith.care\/de\/wp-json\/wp\/v2\/comments?post=22621"}],"version-history":[{"count":17,"href":"https:\/\/www.smith.care\/de\/wp-json\/wp\/v2\/pages\/22621\/revisions"}],"predecessor-version":[{"id":24773,"href":"https:\/\/www.smith.care\/de\/wp-json\/wp\/v2\/pages\/22621\/revisions\/24773"}],"up":[{"embeddable":true,"href":"https:\/\/www.smith.care\/de\/wp-json\/wp\/v2\/pages\/20490"}],"wp:attachment":[{"href":"https:\/\/www.smith.care\/de\/wp-json\/wp\/v2\/media?parent=22621"}],"curies":[{"name":"wp","href":"https:\/\/api.w.org\/{rel}","templated":true}]}}