{"id":22751,"date":"2024-06-27T12:50:07","date_gmt":"2024-06-27T10:50:07","guid":{"rendered":"https:\/\/www.smith.care\/?page_id=22751"},"modified":"2024-08-23T15:32:53","modified_gmt":"2024-08-23T13:32:53","slug":"use-cases-smith","status":"publish","type":"page","link":"https:\/\/www.smith.care\/de\/use-cases-smith\/","title":{"rendered":"Use Cases SMITH"},"content":{"rendered":"<div class=\"wpb-content-wrapper\"><p>[vc_row css_animation=&#8220;&#8220; row_type=&#8220;row&#8220; use_row_as_full_screen_section=&#8220;no&#8220; type=&#8220;grid&#8220; angled_section=&#8220;no&#8220; text_align=&#8220;left&#8220; background_image_as_pattern=&#8220;without_pattern&#8220; z_index=&#8220;&#8220; css=&#8220;.vc_custom_1620300438259{background-color: #f5f6f6 !important;}&#8220;][vc_column][qode_elements_holder number_of_columns=&#8220;one_column&#8220;][qode_elements_holder_item advanced_animations=&#8220;no&#8220; item_padding=&#8220;5% 0&#8243; item_padding_480_600=&#8220;20px 0px 20px 0px&#8220; item_padding_480=&#8220;20px 0px 20px 0px&#8220;][vc_column_text css=&#8220;&#8220;]<\/p>\n<h2>Von der Theorie in die Praxis<\/h2>\n<p>[\/vc_column_text][vc_empty_space height=&#8220;15px&#8220;][vc_column_text css=&#8220;.vc_custom_1718880420432{padding-bottom: 5% !important;}&#8220;]<\/p>\n<h3>Anwendungen demonstrieren den Mehrwert der Datenintegrationszentren<\/h3>\n<p>[\/vc_column_text][vc_column_text css=&#8220;&#8220;]In der Aufbau- und Vernetzungsphase der Medizininformatik-Initiative (MII) von 2018 bis 2022 haben innerhalb der vier Konsortien klinische und methodische Anwendungsf\u00e4lle, so genannte Use Cases, die Funktionsf\u00e4higkeit der Datenintegrationszentren belegt. Mit Hilfe von Projekten aus unterschiedlichen Anwendungsfeldern der Gesundheitsversorgung konnten die Use Cases die M\u00f6glichkeiten digitaler Dienstleistungen und Infrastrukturen im Gesundheitswesen aufzeigen. SMITH hat in der vergangenen F\u00f6rderphase die Methodenplattform <a href=\"https:\/\/www.smith.care\/de\/forschung\/use-case-phep\/\">PheP<\/a> zur Optimierung von Datenanalysen und die klinischen Anwendungsf\u00e4lle <a href=\"https:\/\/www.smith.care\/de\/forschung\/use-case-asic\/\">ASIC<\/a> und <a href=\"https:\/\/www.smith.care\/de\/forschung\/use-case-help\/\">HELP<\/a> aus der Intensiv- und Infektionsmedizin initiiert und umgesetzt.[\/vc_column_text][\/qode_elements_holder_item][\/qode_elements_holder][\/vc_column][\/vc_row][vc_row css_animation=&#8220;&#8220; row_type=&#8220;row&#8220; use_row_as_full_screen_section=&#8220;no&#8220; type=&#8220;grid&#8220; angled_section=&#8220;no&#8220; text_align=&#8220;left&#8220; background_image_as_pattern=&#8220;without_pattern&#8220; z_index=&#8220;&#8220; css=&#8220;.vc_custom_1625223998886{background-color: #f5f6f6 !important;}&#8220;][vc_column css_animation=&#8220;none&#8220; css=&#8220;.vc_custom_1620808924179{padding-top: 0px !important;padding-right: 0px !important;padding-bottom: 0px !important;padding-left: 0px !important;background-color: #ffffff !important;}&#8220;][qode_elements_holder number_of_columns=&#8220;two_columns&#8220;][qode_elements_holder_item vertical_alignment=&#8220;middle&#8220; horizontal_alignment=&#8220;center&#8220; advanced_animations=&#8220;no&#8220; item_padding=&#8220;5%&#8220;][vc_single_image image=&#8220;22760&#8243; img_size=&#8220;full&#8220; css=&#8220;&#8220; qode_css_animation=&#8220;&#8220;][\/qode_elements_holder_item][qode_elements_holder_item vertical_alignment=&#8220;top&#8220; horizontal_alignment=&#8220;left&#8220; advanced_animations=&#8220;no&#8220; item_padding=&#8220;5%&#8220;][vc_column_text css=&#8220;&#8220;]<\/p>\n<h3>Use Case ASIC \u2013 Algorithmische \u00dcberwachung in der Intensivversorgung<\/h3>\n<p>[\/vc_column_text][vc_empty_space height=&#8220;25px&#8220;][vc_column_text css=&#8220;&#8220;]Auf der Intensivstation fallen t\u00e4glich hohe Datenmengen an, die ein enormes Potenzial f\u00fcr Anwendungen k\u00fcnstlicher Intelligenz liefern. Der Anwendungsfall ASIC zeigt dies am Beispiel der Therapie von Patientinnen und Patienten mit akutem Lungenversagen (ARDS), einer Erkrankung an der heute noch etwa 40 Prozent aller Betroffenen versterben. Federf\u00fchrend durch das Universit\u00e4tsklinikum Aachen wurde in Zusammenarbeit mit sieben weiteren Universit\u00e4tskliniken eine Smartphone-App entwickelt, die \u00c4rztinnen und \u00c4rzten als Fr\u00fchwarnsystem f\u00fcr ein potenzielles ARDS dient. Die ASIC-App wertet Daten aus, die bei der Behandlung von Patientinnen und Patienten auf der Intensivstation anfallen. Bei Verdacht auf ein ARDS werden die Intensivmedizinerinnen und -mediziner durch ein mobiles Endger\u00e4t in der Kitteltasche \u00fcber das m\u00f6gliche Vorliegen eines ARDS alarmiert.[\/vc_column_text][vc_empty_space height=&#8220;15px&#8220;][vc_column_text css=&#8220;&#8220;]Projektlaufzeit: 01.01.2018 bis 31.12.2023[\/vc_column_text][vc_empty_space height=&#8220;15px&#8220;][vc_column_text css=&#8220;&#8220;]Weitere Informationen zu ASIC finden Sie <a href=\"https:\/\/www.smith.care\/de\/forschung\/use-case-asic\/\">hier<\/a>.[\/vc_column_text][\/qode_elements_holder_item][\/qode_elements_holder][\/vc_column][\/vc_row][vc_row css_animation=&#8220;&#8220; row_type=&#8220;row&#8220; use_row_as_full_screen_section=&#8220;no&#8220; type=&#8220;grid&#8220; angled_section=&#8220;no&#8220; text_align=&#8220;left&#8220; background_image_as_pattern=&#8220;without_pattern&#8220; z_index=&#8220;&#8220; css=&#8220;.vc_custom_1620640814669{background-color: #f5f6f6 !important;}&#8220;][vc_column css_animation=&#8220;none&#8220; css=&#8220;.vc_custom_1620808961849{padding-top: 0px !important;padding-right: 0px !important;padding-bottom: 0px !important;padding-left: 0px !important;background-color: #ffffff !important;}&#8220;][qode_elements_holder number_of_columns=&#8220;two_columns&#8220; custom_class=&#8220;mobile_reverse&#8220;][qode_elements_holder_item vertical_alignment=&#8220;top&#8220; horizontal_alignment=&#8220;left&#8220; advanced_animations=&#8220;no&#8220; item_padding=&#8220;5%&#8220;][vc_column_text css=&#8220;&#8220;]<\/p>\n<h3>Use Case HELP \u2013 Zielgerichtete Antibiotikatherapie in der Infektionsmedizin<\/h3>\n<p>[\/vc_column_text][vc_empty_space height=&#8220;25px&#8220;][vc_column_text css=&#8220;&#8220;]Der Anwendungsfall HELP des SMITH-Konsortiums thematisiert den leitliniengerechten und empfohlenen Einsatz von Antibiotika zur fr\u00fchzeitigen zielgerichteten Bek\u00e4mpfung bakterieller Infektionen. Das hierf\u00fcr entwickelte HELP-Manual f\u00fchrt \u00c4rztinnen und \u00c4rzte Schritt f\u00fcr Schritt durch die Diagnose und den verantwortungsvollen Einsatz von Antibiotika bei Staphylokokken-Blutstrominfektionen. Damit k\u00f6nnen die infektiologische Beratung optimiert und Antibiotikaresistenzen vermieden werden. Der Einsatz des HELP-Manuals wurde im Rahmen einer Studie von 2020 bis 2022 an den Universit\u00e4tskliniken Aachen, Essen, Halle und Leipzig unter Federf\u00fchrung des Universit\u00e4tsklinikums Jena getestet.[\/vc_column_text][vc_empty_space height=&#8220;15px&#8220;][vc_column_text css=&#8220;&#8220;]Projektlaufzeit: 01.01.2018 bis 30.06.2023[\/vc_column_text][vc_empty_space height=&#8220;15px&#8220;][vc_column_text css=&#8220;&#8220;]Weitere Informationen und Ergebnisse zu HELP finden Sie <a href=\"https:\/\/www.smith.care\/de\/forschung\/use-case-help\/\">hier<\/a>.[\/vc_column_text][\/qode_elements_holder_item][qode_elements_holder_item vertical_alignment=&#8220;middle&#8220; horizontal_alignment=&#8220;center&#8220; advanced_animations=&#8220;no&#8220; item_padding=&#8220;5%&#8220;][vc_single_image image=&#8220;22765&#8243; img_size=&#8220;800&#215;650&#8243; alignment=&#8220;right&#8220; css=&#8220;&#8220; qode_css_animation=&#8220;&#8220;][\/qode_elements_holder_item][\/qode_elements_holder][\/vc_column][\/vc_row][vc_row css_animation=&#8220;&#8220; row_type=&#8220;row&#8220; use_row_as_full_screen_section=&#8220;no&#8220; type=&#8220;grid&#8220; angled_section=&#8220;no&#8220; text_align=&#8220;left&#8220; background_image_as_pattern=&#8220;without_pattern&#8220; z_index=&#8220;&#8220; css=&#8220;.vc_custom_1643796228783{padding-bottom: 5% !important;background-color: #f5f6f6 !important;}&#8220;][vc_column css_animation=&#8220;none&#8220; css=&#8220;.vc_custom_1620808970800{padding-top: 0px !important;padding-right: 0px !important;padding-bottom: 0px !important;padding-left: 0px !important;background-color: #ffffff !important;}&#8220;][qode_elements_holder number_of_columns=&#8220;two_columns&#8220;][qode_elements_holder_item vertical_alignment=&#8220;middle&#8220; advanced_animations=&#8220;no&#8220; item_padding=&#8220;5%&#8220;][vc_single_image image=&#8220;22768&#8243; img_size=&#8220;full&#8220; css=&#8220;&#8220; qode_css_animation=&#8220;&#8220;][\/qode_elements_holder_item][qode_elements_holder_item vertical_alignment=&#8220;top&#8220; advanced_animations=&#8220;no&#8220; item_padding=&#8220;5%&#8220;][vc_column_text css=&#8220;&#8220;]<\/p>\n<h3>Use Case PheP \u2013 Ph\u00e4notypisierungspipeline zur Unterst\u00fctzung klinischer Auswertungsprojekte<\/h3>\n<p>[\/vc_column_text][vc_empty_space height=&#8220;25px&#8220;][vc_column_text css=&#8220;&#8220;]Im methodischen Anwendungsfall PheP wurden innovative datenanalytische Methoden entwickelt, um aus elektronischen Patientenakten automatisiert medizinische Informationen zu gewinnen. Das Projekt hat den Aufbau sowie die Anreicherung von Daten unterst\u00fctzt und gezeigt, wie klinische Projekte diese Daten nutzen k\u00f6nnen. Dabei wurden u. a. Verfahren der Ph\u00e4notypisierung verwendet. Mit Ph\u00e4notypisierung kann von bestimmten Merkmalen der Patientinnen und Patienten wie Gr\u00f6\u00dfe, Gewicht, Geschlecht oder Alter auf weitere Merkmale geschlossen werden. Zudem wurden in PheP Methoden der verteilten Analyse etabliert und Voraussetzungen f\u00fcr Methoden der nat\u00fcrlichen Sprachverarbeitung (Natural Language Processing, kurz: NLP) geschaffen. Als Folgeprojekt baut der konsortien\u00fcbergreifende Anwendungsfall <a href=\"https:\/\/www.smith.care\/de\/gemtex_mii\/ueber-gemtex\/\">GeMTeX<\/a> auf den Erfahrungen aus PheP auf.[\/vc_column_text][vc_empty_space height=&#8220;15px&#8220;][vc_column_text css=&#8220;&#8220;]Projektlaufzeit: 01.01.2018 bis 31.05.2023[\/vc_column_text][vc_empty_space height=&#8220;15px&#8220;][vc_column_text css=&#8220;&#8220;]Weitere Informationen und Ergebnisse zu PheP finden Sie <a href=\"https:\/\/www.smith.care\/de\/forschung\/use-case-phep\/\">hier<\/a>.[\/vc_column_text][\/qode_elements_holder_item][\/qode_elements_holder][\/vc_column][\/vc_row]<\/p>\n<\/div>","protected":false},"excerpt":{"rendered":"<p>[vc_row css_animation=&#8220;&#8220; row_type=&#8220;row&#8220; use_row_as_full_screen_section=&#8220;no&#8220; type=&#8220;grid&#8220; angled_section=&#8220;no&#8220; text_align=&#8220;left&#8220; background_image_as_pattern=&#8220;without_pattern&#8220; z_index=&#8220;&#8220; css=&#8220;.vc_custom_1620300438259{background-color: #f5f6f6 !important;}&#8220;][vc_column][qode_elements_holder number_of_columns=&#8220;one_column&#8220;][qode_elements_holder_item advanced_animations=&#8220;no&#8220; item_padding=&#8220;5% 0&#8243; item_padding_480_600=&#8220;20px 0px 20px 0px&#8220; item_padding_480=&#8220;20px 0px 20px 0px&#8220;][vc_column_text css=&#8220;&#8220;] Von der Theorie in die Praxis [\/vc_column_text][vc_empty_space height=&#8220;15px&#8220;][vc_column_text css=&#8220;.vc_custom_1718880420432{padding-bottom: 5% !important;}&#8220;] Anwendungen demonstrieren den Mehrwert der Datenintegrationszentren [\/vc_column_text][vc_column_text css=&#8220;&#8220;]In der&#8230;<\/p>\n","protected":false},"author":19,"featured_media":0,"parent":0,"menu_order":0,"comment_status":"closed","ping_status":"closed","template":"full_width.php","meta":{"footnotes":""},"class_list":["post-22751","page","type-page","status-publish","hentry"],"_links":{"self":[{"href":"https:\/\/www.smith.care\/de\/wp-json\/wp\/v2\/pages\/22751","targetHints":{"allow":["GET"]}}],"collection":[{"href":"https:\/\/www.smith.care\/de\/wp-json\/wp\/v2\/pages"}],"about":[{"href":"https:\/\/www.smith.care\/de\/wp-json\/wp\/v2\/types\/page"}],"author":[{"embeddable":true,"href":"https:\/\/www.smith.care\/de\/wp-json\/wp\/v2\/users\/19"}],"replies":[{"embeddable":true,"href":"https:\/\/www.smith.care\/de\/wp-json\/wp\/v2\/comments?post=22751"}],"version-history":[{"count":15,"href":"https:\/\/www.smith.care\/de\/wp-json\/wp\/v2\/pages\/22751\/revisions"}],"predecessor-version":[{"id":23232,"href":"https:\/\/www.smith.care\/de\/wp-json\/wp\/v2\/pages\/22751\/revisions\/23232"}],"wp:attachment":[{"href":"https:\/\/www.smith.care\/de\/wp-json\/wp\/v2\/media?parent=22751"}],"curies":[{"name":"wp","href":"https:\/\/api.w.org\/{rel}","templated":true}]}}