{"id":393,"date":"2019-11-21T15:41:48","date_gmt":"2019-11-21T14:41:48","guid":{"rendered":"https:\/\/www.smith.care\/?page_id=393"},"modified":"2026-04-07T12:46:00","modified_gmt":"2026-04-07T10:46:00","slug":"news","status":"publish","type":"page","link":"https:\/\/www.smith.care\/de\/aktuelles\/news\/","title":{"rendered":"News"},"content":{"rendered":"<div class=\"wpb-content-wrapper\"><p>[vc_row css_animation=&#8220;&#8220; row_type=&#8220;row&#8220; use_row_as_full_screen_section=&#8220;no&#8220; type=&#8220;grid&#8220; angled_section=&#8220;no&#8220; text_align=&#8220;left&#8220; background_image_as_pattern=&#8220;without_pattern&#8220; z_index=&#8220;&#8220; css=&#8220;.vc_custom_1620301290144{background-color: #f5f6f6 !important;}&#8220;][vc_column css=&#8220;.vc_custom_1620301590892{background-color: #f5f6f6 !important;}&#8220;][qode_elements_holder number_of_columns=&#8220;one_column&#8220;][qode_elements_holder_item advanced_animations=&#8220;no&#8220; item_padding=&#8220;3% 3% 0 3%&#8220;]\n<div class='latest_post_holder image_on_the_left_boxed  ' >\n    <ul>\n    <li class=\"clearfix \">\n    <div class=\"latest_post\">\n        <div class=\"latest_post_image clearfix\">\n            <a itemprop=\"url\" href=\"https:\/\/www.smith.care\/de\/2026\/04\/16\/ausblick-dmea-2026\/\">\n                                <img decoding=\"async\" itemprop=\"image\" src=\"https:\/\/www.smith.care\/wp-content\/uploads\/2026\/04\/Pressefoto_DMEA_SMITH-News_16042026-300x300.png\" alt=\"\" \/>\n            <\/a>\n        <\/div>\n        <div class=\"latest_post_text\">\n            <div class=\"latest_post_inner\">\n                <div class=\"latest_post_text_inner\">\n                                                                <span class=\"date_hour_holder\">\n                                <span itemprop=\"dateCreated\" class=\"date entry_date updated\">16.04.2026 <meta itemprop=\"interactionCount\" content=\"UserComments: 0\"\/><\/span>\n                            <\/span>\n                                        <h3 itemprop=\"name\" class=\"latest_post_title entry_title\"><a itemprop=\"url\" href=\"https:\/\/www.smith.care\/de\/2026\/04\/16\/ausblick-dmea-2026\/\">DMEA 2026: SMITH und DISTANCE:PRO sind dabei!<\/a><\/h3>\n                    <p class=\"excerpt\">Die DMEA ist eine der gr\u00f6\u00dften Digital Health Messen in Europa. Treffen Sie SMITH und DISTANCE:PRO dort und erfahren Sie mehr \u00fcber die Projektentwicklungen!...<\/p>\n                    <span class=\"post_infos\">\n\n                                                                                    <a itemprop=\"url\" href=\"https:\/\/www.smith.care\/de\/category\/neuigkeiten\/\">Neuigkeiten<\/a>\n                            \n                        \n                        \n\n                    <\/span>\n                <\/div>\n            <\/div>\n        <\/div>\n    <\/div>\n<\/li>\n        <li class=\"clearfix \">\n    <div class=\"latest_post\">\n        <div class=\"latest_post_image clearfix\">\n            <a itemprop=\"url\" href=\"https:\/\/www.smith.care\/de\/2026\/04\/08\/interpolar-tag-03-26\/\">\n                                <img decoding=\"async\" itemprop=\"image\" src=\"https:\/\/www.smith.care\/wp-content\/uploads\/2026\/04\/Header-INTERPOLAR-Tag_SMITH-News_08042026-300x300.png\" alt=\"\" \/>\n            <\/a>\n        <\/div>\n        <div class=\"latest_post_text\">\n            <div class=\"latest_post_inner\">\n                <div class=\"latest_post_text_inner\">\n                                                                <span class=\"date_hour_holder\">\n                                <span itemprop=\"dateCreated\" class=\"date entry_date updated\">08.04.2026 <meta itemprop=\"interactionCount\" content=\"UserComments: 0\"\/><\/span>\n                            <\/span>\n                                        <h3 itemprop=\"name\" class=\"latest_post_title entry_title\"><a itemprop=\"url\" href=\"https:\/\/www.smith.care\/de\/2026\/04\/08\/interpolar-tag-03-26\/\">INTERPOLAR: Umfangreiche Datens\u00e4tze zur Medikationssicherheit liegen vor \u2013 Datenanalysen starten<\/a><\/h3>\n                    <p class=\"excerpt\">12. INTERPOLAR-Tag am 26.\/27. M\u00e4rz 2026 in Leipzig Am 26. und 27. M\u00e4rz haben sich Projektmitarbeitende aus dem INTRPOLAR-Projekt getroffen, um sich zur n\u00e4chsten Phase der Studien zur Arzneimitteltherapiesicherheit auszutauschen. In INTERPOLAR wird untersucht, wie IT-gest\u00fctzte Medikationsanalysen Krankenhausapothekerinnen und -apotheker bei der Identifikation klinisch relevanter......<\/p>\n                    <span class=\"post_infos\">\n\n                                                                                    <a itemprop=\"url\" href=\"https:\/\/www.smith.care\/de\/category\/neuigkeiten\/\">Neuigkeiten<\/a>\n                            \n                        \n                        \n\n                    <\/span>\n                <\/div>\n            <\/div>\n        <\/div>\n    <\/div>\n<\/li>\n        <li class=\"clearfix \">\n    <div class=\"latest_post\">\n        <div class=\"latest_post_image clearfix\">\n            <a itemprop=\"url\" href=\"https:\/\/www.smith.care\/de\/2026\/04\/07\/nachbericht-mii-symposium-2026\/\">\n                                <img decoding=\"async\" itemprop=\"image\" src=\"https:\/\/www.smith.care\/wp-content\/uploads\/2026\/04\/Header_MII-Symposium-Nachbericht_c-SMITH-Geschaeftsstelle_08042026-300x300.png\" alt=\"\" \/>\n            <\/a>\n        <\/div>\n        <div class=\"latest_post_text\">\n            <div class=\"latest_post_inner\">\n                <div class=\"latest_post_text_inner\">\n                                                                <span class=\"date_hour_holder\">\n                                <span itemprop=\"dateCreated\" class=\"date entry_date updated\">07.04.2026 <meta itemprop=\"interactionCount\" content=\"UserComments: 0\"\/><\/span>\n                            <\/span>\n                                        <h3 itemprop=\"name\" class=\"latest_post_title entry_title\"><a itemprop=\"url\" href=\"https:\/\/www.smith.care\/de\/2026\/04\/07\/nachbericht-mii-symposium-2026\/\">Nachbericht zum Jubil\u00e4umssymposium der Medizininformatik-Initiative (MII)<\/a><\/h3>\n                    <p class=\"excerpt\">Auf dem Symposium der MII am 24. und 25. M\u00e4rz 2026 kamen Akteure der digitalen Gesundheitsforschung zusammen, um nach 10 Jahren Projektlaufzeit Bilanz zu ziehen und k\u00fcnftige Perspektiven zu diskutieren....<\/p>\n                    <span class=\"post_infos\">\n\n                                                                                    <a itemprop=\"url\" href=\"https:\/\/www.smith.care\/de\/category\/neuigkeiten\/\">Neuigkeiten<\/a>\n                            \n                        \n                        \n\n                    <\/span>\n                <\/div>\n            <\/div>\n        <\/div>\n    <\/div>\n<\/li>\n        <li class=\"clearfix \">\n    <div class=\"latest_post\">\n        <div class=\"latest_post_image clearfix\">\n            <a itemprop=\"url\" href=\"https:\/\/www.smith.care\/de\/2026\/03\/31\/ergebnisse-polar-teil-1\/\">\n                                <img decoding=\"async\" itemprop=\"image\" src=\"https:\/\/www.smith.care\/wp-content\/uploads\/2026\/03\/Interview-Louisa-Redeker_SMITH-News_30032026-up-1774876464.png\" alt=\"\" \/>\n            <\/a>\n        <\/div>\n        <div class=\"latest_post_text\">\n            <div class=\"latest_post_inner\">\n                <div class=\"latest_post_text_inner\">\n                                                                <span class=\"date_hour_holder\">\n                                <span itemprop=\"dateCreated\" class=\"date entry_date updated\">31.03.2026 <meta itemprop=\"interactionCount\" content=\"UserComments: 0\"\/><\/span>\n                            <\/span>\n                                        <h3 itemprop=\"name\" class=\"latest_post_title entry_title\"><a itemprop=\"url\" href=\"https:\/\/www.smith.care\/de\/2026\/03\/31\/ergebnisse-polar-teil-1\/\">Erh\u00f6htes Sturzrisiko durch potenziell inad\u00e4quate Medikation (PIM)? Was die Daten aus dem POLAR-Projekt zeigen \u2013 Teil 1<\/a><\/h3>\n                    <p class=\"excerpt\">Im Projekt POLAR wurde u.a. der Zusammenhang zwischen Polymedikation und gesundheitlichen Risiken untersucht. Louisa Redeker, wissenschaftliche Mitarbeiterin am Lehrstuhl f\u00fcr klinische Pharmakologie der Universit\u00e4t Witten\/Herdecke, spricht im Interview \u00fcber ihr Teilprojekt. Sie hat den Zusammenhang zwischen potenziell inad\u00e4quater Medikation (PIM) und dem Auftreten von St\u00fcrzen bei \u00e4lteren Patientinnen und Patienten untersucht. ...<\/p>\n                    <span class=\"post_infos\">\n\n                                                                                    <a itemprop=\"url\" href=\"https:\/\/www.smith.care\/de\/category\/neuigkeiten\/\">Neuigkeiten<\/a>\n                            \n                        \n                        \n\n                    <\/span>\n                <\/div>\n            <\/div>\n        <\/div>\n    <\/div>\n<\/li>\n        <li class=\"clearfix \">\n    <div class=\"latest_post\">\n        <div class=\"latest_post_image clearfix\">\n            <a itemprop=\"url\" href=\"https:\/\/www.smith.care\/de\/2026\/03\/06\/mii-kds-modul-mikrobiologie-diz-halle\/\">\n                                <img decoding=\"async\" itemprop=\"image\" src=\"https:\/\/www.smith.care\/wp-content\/uploads\/2026\/03\/Header_KDS-Modul-MiBi-DIZ-Halle_SMITH-News_05032026-300x300.png\" alt=\"\" \/>\n            <\/a>\n        <\/div>\n        <div class=\"latest_post_text\">\n            <div class=\"latest_post_inner\">\n                <div class=\"latest_post_text_inner\">\n                                                                <span class=\"date_hour_holder\">\n                                <span itemprop=\"dateCreated\" class=\"date entry_date updated\">06.03.2026 <meta itemprop=\"interactionCount\" content=\"UserComments: 0\"\/><\/span>\n                            <\/span>\n                                        <h3 itemprop=\"name\" class=\"latest_post_title entry_title\"><a itemprop=\"url\" href=\"https:\/\/www.smith.care\/de\/2026\/03\/06\/mii-kds-modul-mikrobiologie-diz-halle\/\">MII-Kerndatensatzmodul\u00a0\u201eMikrobiologie&#8220;\u00a0am Datenintegrationszentrum Halle (Saale) implementiert<\/a><\/h3>\n                    <p class=\"excerpt\">Am Datenintegrationszentrum (DIZ) der Universit\u00e4tsmedizin Halle wurde das Kerndatensatzmodul \u201eMikrobiologie\u201c der Medizininformatik-Initiative (MII) implementiert. Damit erreicht der Standort einen weiteren Meilenstein und erweitert seine interoperable Datenbasis um strukturierte mikrobiologische Befunde....<\/p>\n                    <span class=\"post_infos\">\n\n                                                                                    <a itemprop=\"url\" href=\"https:\/\/www.smith.care\/de\/category\/neuigkeiten\/\">Neuigkeiten<\/a>\n                            \n                        \n                        \n\n                    <\/span>\n                <\/div>\n            <\/div>\n        <\/div>\n    <\/div>\n<\/li>\n        \n    <\/ul>\n<\/div>[\/qode_elements_holder_item][\/qode_elements_holder][qode_elements_holder number_of_columns=&#8220;one_column&#8220;][qode_elements_holder_item horizontal_alignment=&#8220;center&#8220; advanced_animations=&#8220;no&#8220; item_padding=&#8220;3% 0 5% 0&#8243;]<a  itemprop=\"url\" href=\"https:\/\/www.smith.care\/aktuelles\/archiv\/\" target=\"_self\"  class=\"qbutton  large default\" style=\"\">Zum Newsarchiv<\/a>[\/qode_elements_holder_item][\/qode_elements_holder][\/vc_column][\/vc_row][vc_row css_animation=&#8220;&#8220; row_type=&#8220;row&#8220; use_row_as_full_screen_section=&#8220;no&#8220; type=&#8220;grid&#8220; angled_section=&#8220;no&#8220; text_align=&#8220;left&#8220; background_image_as_pattern=&#8220;without_pattern&#8220; z_index=&#8220;&#8220; css=&#8220;.vc_custom_1603369825677{padding-top: 20px !important;padding-bottom: 20px !important;background-color: #e0f4fc !important;}&#8220;][vc_column][qode_elements_holder number_of_columns=&#8220;one_column&#8220; alignment_one_column=&#8220;center&#8220;][qode_elements_holder_item horizontal_alignment=&#8220;center&#8220; advanced_animations=&#8220;no&#8220; item_padding_480_600=&#8220;5% 0&#8243; item_padding_480=&#8220;5% 0&#8243; item_padding=&#8220;2% 0&#8243;][vc_column_text]<\/p>\n<h2>Messe- und Veranstaltungstermine<\/h2>\n<p>[\/vc_column_text][\/qode_elements_holder_item][\/qode_elements_holder][\/vc_column][\/vc_row][vc_row css_animation=&#8220;&#8220; row_type=&#8220;row&#8220; use_row_as_full_screen_section=&#8220;no&#8220; type=&#8220;grid&#8220; angled_section=&#8220;no&#8220; text_align=&#8220;left&#8220; background_image_as_pattern=&#8220;without_pattern&#8220; z_index=&#8220;&#8220; css=&#8220;.vc_custom_1606135888377{padding-bottom: 2% !important;background-color: #e0f4fc !important;}&#8220;][vc_column width=&#8220;1\/3&#8243;][qode_elements_holder number_of_columns=&#8220;two_columns&#8220;][qode_elements_holder_item advanced_animations=&#8220;no&#8220; item_padding=&#8220;5%&#8220; background_color=&#8220;#ffffff&#8220; custom_class=&#8220;round-corner-boxes&#8220;][vc_column_text css=&#8220;&#8220;]21. \u2013 23.04.2026[\/vc_column_text][vc_empty_space height=&#8220;15px&#8220;][vc_column_text css=&#8220;&#8220;]<\/p>\n<h4>DMEA 2026<\/h4>\n<p>[\/vc_column_text][vc_empty_space height=&#8220;40px&#8220;][vc_column_text css=&#8220;&#8220;]<\/p>\n<div class=\"wpb_text_column wpb_content_element \">\n<div class=\"wpb_wrapper\">Ort: Berlin<\/div>\n<\/div>\n<p>[\/vc_column_text][vc_empty_space height=&#8220;15px&#8220;]<a  itemprop=\"url\" href=\"https:\/\/www.dmea.de\/de?utm_source=digital-health-events.de\" target=\"_blank\"  class=\"qbutton  large default\" style=\"\">Details<\/a>[\/qode_elements_holder_item][\/qode_elements_holder][\/vc_column][vc_column width=&#8220;1\/3&#8243;][qode_elements_holder number_of_columns=&#8220;two_columns&#8220;][qode_elements_holder_item advanced_animations=&#8220;no&#8220; item_padding=&#8220;5%&#8220; background_color=&#8220;#ffffff&#8220; custom_class=&#8220;round-corner-boxes&#8220;][vc_column_text css=&#8220;&#8220;]<\/p>\n<p style=\"text-align: left;\">29.04.2026<\/p>\n<p>[\/vc_column_text][vc_empty_space height=&#8220;15px&#8220;][vc_column_text css=&#8220;&#8220;]<\/p>\n<h4>2. NSG-Sitzung 2026<\/h4>\n<p>[\/vc_column_text][vc_empty_space height=&#8220;40px&#8220;][vc_column_text css=&#8220;&#8220;]<\/p>\n<div class=\"wpb_text_column wpb_content_element \">\n<div class=\"wpb_wrapper\">Projektinternes Meeting<\/div>\n<\/div>\n<p>[\/vc_column_text][vc_empty_space height=&#8220;20px&#8220;][vc_column_text css=&#8220;&#8220;]<\/p>\n<div class=\"wpb_text_column wpb_content_element \">\n<div class=\"wpb_wrapper\">Ort: TMF Berlin<\/div>\n<\/div>\n<p>[\/vc_column_text][vc_empty_space height=&#8220;18px&#8220;][\/qode_elements_holder_item][\/qode_elements_holder][\/vc_column][vc_column width=&#8220;1\/3&#8243;][qode_elements_holder number_of_columns=&#8220;two_columns&#8220;][qode_elements_holder_item advanced_animations=&#8220;no&#8220; item_padding=&#8220;5%&#8220; background_color=&#8220;#ffffff&#8220; custom_class=&#8220;round-corner-boxes&#8220;][vc_column_text css=&#8220;&#8220;]04. \u2013 05.05.2026[\/vc_column_text][vc_empty_space height=&#8220;15px&#8220;][vc_column_text css=&#8220;&#8220;]<\/p>\n<h4>16. Nationaler Fachkongress Telemedizin<\/h4>\n<p>[\/vc_column_text][vc_empty_space height=&#8220;15px&#8220;][vc_column_text css=&#8220;&#8220;]<\/p>\n<div class=\"wpb_text_column wpb_content_element \">\n<div class=\"wpb_wrapper\">Ort: Kaiserin-Friedrich-Stiftung Berlin<\/div>\n<\/div>\n<p>[\/vc_column_text][vc_empty_space height=&#8220;15px&#8220;]<a  itemprop=\"url\" href=\"https:\/\/telemedizinkongress.de\/\" target=\"_blank\"  class=\"qbutton  large default\" style=\"\">Details<\/a>[\/qode_elements_holder_item][\/qode_elements_holder][\/vc_column][\/vc_row][vc_row css_animation=&#8220;&#8220; row_type=&#8220;row&#8220; use_row_as_full_screen_section=&#8220;no&#8220; type=&#8220;grid&#8220; angled_section=&#8220;no&#8220; text_align=&#8220;left&#8220; background_image_as_pattern=&#8220;without_pattern&#8220; css=&#8220;.vc_custom_1620810719766{padding-top: 2% !important;padding-bottom: 2% !important;background-color: #ffffff !important;}&#8220; z_index=&#8220;&#8220;][vc_column][qode_elements_holder number_of_columns=&#8220;one_column&#8220;][qode_elements_holder_item horizontal_alignment=&#8220;center&#8220; advanced_animations=&#8220;no&#8220; item_padding=&#8220;2% 0&#8243;][vc_column_text]<\/p>\n<h2 style=\"text-align: center;\">Infomaterialien<\/h2>\n<p>[\/vc_column_text][\/qode_elements_holder_item][\/qode_elements_holder][qode_elements_holder number_of_columns=&#8220;three_columns&#8220;][qode_elements_holder_item advanced_animations=&#8220;no&#8220; item_padding=&#8220;5%&#8220; item_padding_768_1024=&#8220;0&#8243;]<div class=\"qode-info-card\">\n\t\t\t<div class=\"qode-info-card-image\" style=\"background-color:#ffffff\">\n\t\t\t<img decoding=\"async\" src=\"https:\/\/www.smith.care\/wp-content\/uploads\/2023\/04\/MockUp-SMITH-Flyer_Webseite-1000x747-1.png\" alt=\"\" \/>\n\t\t<\/div>\n\t\t<div class=\"qode-info-card-text-holder\" style=\"background-color:#ffffff\">\n\t\t\t\t\t<h5 class=\"qode-info-card-title\" >\n\t\t\t\tFlyer Information &amp; \u00dcberblick SMITH-Konsortium\t\t\t<\/h5>\n\t\t\t\t\t<\/div>\n\t\t\t<div class=\"qode-info-card-link-holder\">\n\t\t\t<a itemprop=\"url\" class=\"qode-qbutton-main-color qode-qbutton-full-width qode-qbutton-square\" href=\"https:\/\/www.smith.care\/wp-content\/uploads\/2024\/03\/SMITH-Flyer-DE-Interaktiv_27022024.pdf\" target=\"_blank\" ><span>Download<\/span><\/a>\n\t\t<\/div>\n\t<\/div>[\/qode_elements_holder_item][qode_elements_holder_item advanced_animations=&#8220;no&#8220; item_padding=&#8220;5%&#8220; item_padding_768_1024=&#8220;0&#8243;]<div class=\"qode-info-card\">\n\t\t\t<div class=\"qode-info-card-image\" style=\"background-color:#ffffff\">\n\t\t\t<img decoding=\"async\" src=\"https:\/\/www.smith.care\/wp-content\/uploads\/2020\/11\/factsheet-mockup-1.jpg\" alt=\"\" \/>\n\t\t<\/div>\n\t\t<div class=\"qode-info-card-text-holder\" style=\"background-color:#ffffff\">\n\t\t\t\t\t<h5 class=\"qode-info-card-title\" >\n\t\t\t\tFaktenblatt Medizininformatik-Initiative\t\t\t<\/h5>\n\t\t\t\t\t<\/div>\n\t\t\t<div class=\"qode-info-card-link-holder\">\n\t\t\t<a itemprop=\"url\" class=\"qode-qbutton-main-color qode-qbutton-full-width qode-qbutton-square\" href=\"https:\/\/www.smith.care\/wp-content\/uploads\/2024\/03\/online_Faktenblatt_MII_2024_DE.pdf\" target=\"_blank\" ><span>Download<\/span><\/a>\n\t\t<\/div>\n\t<\/div>[\/qode_elements_holder_item][qode_elements_holder_item advanced_animations=&#8220;no&#8220; item_padding=&#8220;5%&#8220; item_padding_768_1024=&#8220;0&#8243;]<div class=\"qode-info-card\">\n\t\t\t<div class=\"qode-info-card-image\" style=\"background-color:#ffffff\">\n\t\t\t<img decoding=\"async\" src=\"https:\/\/www.smith.care\/wp-content\/uploads\/2020\/11\/factsheet-mockup-1.jpg\" alt=\"\" \/>\n\t\t<\/div>\n\t\t<div class=\"qode-info-card-text-holder\" style=\"background-color:#ffffff\">\n\t\t\t\t\t<h5 class=\"qode-info-card-title\" >\n\t\t\t\tFlyer Deutsches Forschungs- datenportal f\u00fcr Gesundheit\t\t\t<\/h5>\n\t\t\t\t\t<\/div>\n\t\t\t<div class=\"qode-info-card-link-holder\">\n\t\t\t<a itemprop=\"url\" class=\"qode-qbutton-main-color qode-qbutton-full-width qode-qbutton-square\" href=\"https:\/\/www.medizininformatik-initiative.de\/sites\/default\/files\/2023-05\/20230509_TMF_Faltflyer_A4_digital.pdf\" target=\"_blank\" ><span>Download<\/span><\/a>\n\t\t<\/div>\n\t<\/div>[\/qode_elements_holder_item][\/qode_elements_holder][\/vc_column][\/vc_row][vc_row css_animation=&#8220;&#8220; row_type=&#8220;row&#8220; use_row_as_full_screen_section=&#8220;no&#8220; type=&#8220;full_width&#8220; angled_section=&#8220;no&#8220; text_align=&#8220;left&#8220; background_image_as_pattern=&#8220;without_pattern&#8220; z_index=&#8220;&#8220; css=&#8220;.vc_custom_1621421468026{padding-bottom: 5% !important;background-color: #f5f6f6 !important;}&#8220;][vc_column][qode_elements_holder number_of_columns=&#8220;one_column&#8220;][qode_elements_holder_item horizontal_alignment=&#8220;center&#8220; advanced_animations=&#8220;no&#8220; item_padding=&#8220;2% 0&#8243;][vc_column_text]<\/p>\n<h2 style=\"text-align: center;\">Weitere Informationen zur Medizininformatik-Initiative (MII)<\/h2>\n<p>[\/vc_column_text][\/qode_elements_holder_item][\/qode_elements_holder][qode_elements_holder number_of_columns=&#8220;three_columns&#8220;][qode_elements_holder_item advanced_animations=&#8220;no&#8220; item_padding=&#8220;5%&#8220; item_padding_480_600=&#8220;8%&#8220; item_padding_480=&#8220;8%&#8220;]<div class=\"qode-banner qode-banner-va-center\"><a class=\"qode-banner-link\" href=\"https:\/\/www.medizininformatik-initiative.de\/de\/start\" target=\"_blank\"><\/a><div class=\"qode-banner-image\"><img decoding=\"async\" itemprop=\"image\" src=\"https:\/\/www.smith.care\/wp-content\/uploads\/2020\/11\/mii-banner.jpg\" alt=\"\" \/><\/div><div class=\"qode-banner-content\"><div class=\"qode-banner-content-inner\"><div class=\"qode-banner-text-holder\">\n<h3><span style=\"color: #ffffff;\">Medizininformatik-Initiative<\/span><\/h3>\n<\/div><\/div><\/div><\/div>[vc_column_text css=&#8220;&#8220;]<\/p>\n<div class=\"post_image_caption\" style=\"text-align: right;\">\u00a9 MII<\/div>\n<p>[\/vc_column_text][\/qode_elements_holder_item][qode_elements_holder_item advanced_animations=&#8220;no&#8220; item_padding=&#8220;5%&#8220; item_padding_480_600=&#8220;8%&#8220; item_padding_480=&#8220;8%&#8220;]<div class=\"qode-banner qode-banner-va-center\"><a class=\"qode-banner-link\" href=\"https:\/\/www.vernetzen-forschen-heilen.de\/\" target=\"_blank\"><\/a><div class=\"qode-banner-image\"><img decoding=\"async\" itemprop=\"image\" src=\"https:\/\/www.smith.care\/wp-content\/uploads\/2023\/07\/MII-Patientenwebseite-Kachel.png\" alt=\"\" \/><\/div><div class=\"qode-banner-content\"><div class=\"qode-banner-content-inner\"><div class=\"qode-banner-text-holder\">\n<h3><span style=\"color: #ffffff;\">MII-Patientenwebseite:<br \/>\nMit Patientendaten die medizinische Forschung unterst\u00fctzen.<\/span><\/h3>\n<\/div><\/div><\/div><\/div>[vc_column_text css=&#8220;&#8220;]<\/p>\n<div class=\"post_image_caption\" style=\"text-align: right;\">\u00a0\u00a9 TMF e. V.<\/div>\n<p>[\/vc_column_text][\/qode_elements_holder_item][qode_elements_holder_item advanced_animations=&#8220;no&#8220; item_padding=&#8220;5%&#8220; item_padding_480_600=&#8220;8%&#8220; item_padding_480=&#8220;8%&#8220;]<div class=\"qode-banner qode-banner-va-center\"><a class=\"qode-banner-link\" href=\"https:\/\/www.youtube.com\/watch?v=t9H-YnWQe2k\" target=\"_blank\"><\/a><div class=\"qode-banner-image\"><img decoding=\"async\" itemprop=\"image\" src=\"https:\/\/www.smith.care\/wp-content\/uploads\/2021\/04\/screenshot-video-MII-lang.png\" alt=\"\" \/><\/div><div class=\"qode-banner-content\"><div class=\"qode-banner-content-inner\"><div class=\"qode-banner-text-holder\">\n<h3><span style=\"color: #ffffff;\">Erkl\u00e4rfilm: Die Patienteneinwilligung der Medizininformatik-Initiative des BMBF (Youtube)<\/span><\/h3>\n<\/div><\/div><\/div><\/div>[vc_column_text css=&#8220;&#8220;]<\/p>\n<div class=\"post_image_caption\" style=\"text-align: right;\">\u00a0\u00a9 TMF e. V.<\/div>\n<p>[\/vc_column_text][\/qode_elements_holder_item][\/qode_elements_holder][\/vc_column][\/vc_row]<\/p>\n<\/div>","protected":false},"excerpt":{"rendered":"<p>[vc_row css_animation=&#8220;&#8220; row_type=&#8220;row&#8220; use_row_as_full_screen_section=&#8220;no&#8220; type=&#8220;grid&#8220; angled_section=&#8220;no&#8220; text_align=&#8220;left&#8220; background_image_as_pattern=&#8220;without_pattern&#8220; z_index=&#8220;&#8220; css=&#8220;.vc_custom_1620301290144{background-color: #f5f6f6 !important;}&#8220;][vc_column css=&#8220;.vc_custom_1620301590892{background-color: #f5f6f6 !important;}&#8220;][qode_elements_holder number_of_columns=&#8220;one_column&#8220;][qode_elements_holder_item advanced_animations=&#8220;no&#8220; item_padding=&#8220;3% 3% 0 3%&#8220;][\/qode_elements_holder_item][\/qode_elements_holder][qode_elements_holder number_of_columns=&#8220;one_column&#8220;][qode_elements_holder_item horizontal_alignment=&#8220;center&#8220; advanced_animations=&#8220;no&#8220; item_padding=&#8220;3% 0 5% 0&#8243;][\/qode_elements_holder_item][\/qode_elements_holder][\/vc_column][\/vc_row][vc_row css_animation=&#8220;&#8220; row_type=&#8220;row&#8220; use_row_as_full_screen_section=&#8220;no&#8220; type=&#8220;grid&#8220; angled_section=&#8220;no&#8220; text_align=&#8220;left&#8220; background_image_as_pattern=&#8220;without_pattern&#8220; z_index=&#8220;&#8220; css=&#8220;.vc_custom_1603369825677{padding-top: 20px !important;padding-bottom: 20px !important;background-color: #e0f4fc !important;}&#8220;][vc_column][qode_elements_holder number_of_columns=&#8220;one_column&#8220; alignment_one_column=&#8220;center&#8220;][qode_elements_holder_item&#8230;<\/p>\n","protected":false},"author":5,"featured_media":0,"parent":11388,"menu_order":1,"comment_status":"closed","ping_status":"closed","template":"full_width.php","meta":{"footnotes":""},"class_list":["post-393","page","type-page","status-publish","hentry"],"_links":{"self":[{"href":"https:\/\/www.smith.care\/de\/wp-json\/wp\/v2\/pages\/393","targetHints":{"allow":["GET"]}}],"collection":[{"href":"https:\/\/www.smith.care\/de\/wp-json\/wp\/v2\/pages"}],"about":[{"href":"https:\/\/www.smith.care\/de\/wp-json\/wp\/v2\/types\/page"}],"author":[{"embeddable":true,"href":"https:\/\/www.smith.care\/de\/wp-json\/wp\/v2\/users\/5"}],"replies":[{"embeddable":true,"href":"https:\/\/www.smith.care\/de\/wp-json\/wp\/v2\/comments?post=393"}],"version-history":[{"count":563,"href":"https:\/\/www.smith.care\/de\/wp-json\/wp\/v2\/pages\/393\/revisions"}],"predecessor-version":[{"id":26089,"href":"https:\/\/www.smith.care\/de\/wp-json\/wp\/v2\/pages\/393\/revisions\/26089"}],"up":[{"embeddable":true,"href":"https:\/\/www.smith.care\/de\/wp-json\/wp\/v2\/pages\/11388"}],"wp:attachment":[{"href":"https:\/\/www.smith.care\/de\/wp-json\/wp\/v2\/media?parent=393"}],"curies":[{"name":"wp","href":"https:\/\/api.w.org\/{rel}","templated":true}]}}