{"id":400,"date":"2019-11-21T15:44:14","date_gmt":"2019-11-21T14:44:14","guid":{"rendered":"https:\/\/www.smith.care\/?page_id=400"},"modified":"2023-10-26T11:55:10","modified_gmt":"2023-10-26T09:55:10","slug":"projektziele_smith","status":"publish","type":"page","link":"https:\/\/www.smith.care\/de\/smith-konsortium\/projektziele_smith\/","title":{"rendered":"Projektziele SMITH"},"content":{"rendered":"<div class=\"wpb-content-wrapper\"><p>[vc_row css_animation=&#8220;&#8220; row_type=&#8220;row&#8220; use_row_as_full_screen_section=&#8220;no&#8220; type=&#8220;grid&#8220; angled_section=&#8220;no&#8220; text_align=&#8220;left&#8220; background_image_as_pattern=&#8220;without_pattern&#8220; z_index=&#8220;&#8220;][vc_column][qode_elements_holder number_of_columns=&#8220;one_column&#8220;][qode_elements_holder_item advanced_animations=&#8220;no&#8220; item_padding=&#8220;5% 0&#8243; item_padding_480_600=&#8220;20px 0px 20px 0px&#8220; item_padding_480=&#8220;20px 0px 20px 0px&#8220;][vc_column_text]<\/p>\n<h2>Zielsetzungen des SMITH-Konsortiums und der Medizininformatik-Initiative<\/h2>\n<p>[\/vc_column_text][vc_empty_space height=&#8220;15px&#8220;][vc_column_text]<\/p>\n<h3>Mit Medizininformatik die Potenziale der Digitalisierung nutzen<\/h3>\n<p>[\/vc_column_text][\/qode_elements_holder_item][\/qode_elements_holder][\/vc_column][\/vc_row][vc_row css_animation=&#8220;&#8220; row_type=&#8220;row&#8220; use_row_as_full_screen_section=&#8220;no&#8220; type=&#8220;grid&#8220; angled_section=&#8220;no&#8220; text_align=&#8220;left&#8220; background_image_as_pattern=&#8220;without_pattern&#8220; z_index=&#8220;&#8220; css=&#8220;.vc_custom_1625223998886{background-color: #f5f6f6 !important;}&#8220;][vc_column css_animation=&#8220;none&#8220; css=&#8220;.vc_custom_1620808924179{padding-top: 0px !important;padding-right: 0px !important;padding-bottom: 0px !important;padding-left: 0px !important;background-color: #ffffff !important;}&#8220;][qode_elements_holder number_of_columns=&#8220;two_columns&#8220;][qode_elements_holder_item vertical_alignment=&#8220;middle&#8220; horizontal_alignment=&#8220;center&#8220; advanced_animations=&#8220;no&#8220; item_padding=&#8220;5%&#8220;][vc_single_image image=&#8220;6822&#8243; img_size=&#8220;full&#8220; qode_css_animation=&#8220;&#8220;][\/qode_elements_holder_item][qode_elements_holder_item vertical_alignment=&#8220;top&#8220; horizontal_alignment=&#8220;left&#8220; advanced_animations=&#8220;no&#8220; item_padding=&#8220;5%&#8220;][vc_column_text]<\/p>\n<h3>Integration von Versorgung und klinischer Forschung<\/h3>\n<p>[\/vc_column_text][vc_empty_space height=&#8220;25px&#8220;][vc_column_text]R\u00f6ntgenbilder, Laborwerte oder Arztbriefe &#8211; Kliniken und Arztpraxen produzieren t\u00e4glich Millionen von Patientendaten. Die gro\u00dfen Datenmengen in den klinischen Informationssystemen haben ein enormes Potenzial in der Gesundheitsversorgung von morgen. Wichtig ist deshalb, die Daten nicht nur zu sammeln, sondern die Vorteile optimal zu nutzen. Noch liegen die meisten Patientendaten, die in den medizinischen Einrichtungen anfallen, ungenutzt in heterogener Form vor. Das SMITH-Konsortium verfolgt als eines von vier Konsortien der Medizininformatik-Initiative das Ziel, Patientendaten, die w\u00e4hrend eines Klinikaufenthaltes entstehen, standort\u00fcbergreifend digital zu vernetzen und somit der klinischen und biomedizinischen Forschung zug\u00e4nglich zu machen.[\/vc_column_text][\/qode_elements_holder_item][\/qode_elements_holder][\/vc_column][\/vc_row][vc_row css_animation=&#8220;&#8220; row_type=&#8220;row&#8220; use_row_as_full_screen_section=&#8220;no&#8220; type=&#8220;grid&#8220; angled_section=&#8220;no&#8220; text_align=&#8220;left&#8220; background_image_as_pattern=&#8220;without_pattern&#8220; z_index=&#8220;&#8220; css=&#8220;.vc_custom_1620640814669{background-color: #f5f6f6 !important;}&#8220;][vc_column css_animation=&#8220;none&#8220; css=&#8220;.vc_custom_1620808961849{padding-top: 0px !important;padding-right: 0px !important;padding-bottom: 0px !important;padding-left: 0px !important;background-color: #ffffff !important;}&#8220;][qode_elements_holder number_of_columns=&#8220;two_columns&#8220; custom_class=&#8220;mobile_reverse&#8220;][qode_elements_holder_item vertical_alignment=&#8220;top&#8220; horizontal_alignment=&#8220;left&#8220; advanced_animations=&#8220;no&#8220; item_padding=&#8220;5%&#8220;][vc_column_text]<\/p>\n<h3>Verbesserung der individuellen Patientenversorgung durch innovative IT-L\u00f6sungen<\/h3>\n<p>[\/vc_column_text][vc_empty_space height=&#8220;25px&#8220;][vc_column_text]Die vern\u00fcnftige und zielgerichtete Vernetzung von Forschung und Versorgung tr\u00e4gt dazu bei, dass Patientinnen und Patienten schneller von gesicherten Forschungsergebnissen profitieren, pr\u00e4zisere Diagnosen und bessere Therapien erhalten. Die Medizininformatik bildet die Basis daf\u00fcr, dass Behandlungsdaten mit Forschungsdaten in Zusammenhang gesetzt werden. Verl\u00e4ufe und die Komplexit\u00e4t von Krankheiten k\u00f6nnen von Forscherinnen und Forschern genauer analysiert und verstanden werden. Die Entwicklung neuer und individualisierter Behandlungsverfahren wird m\u00f6glich. Erkrankungen k\u00f6nnen fr\u00fcher erkannt werden. Das SMITH-Konsortium zeigt mit den Use Cases <a href=\"https:\/\/www.smith.care\/de\/ueber-smith\/use-case-asic\/\" rel=\"noopener\">ASIC <\/a>und <a href=\"https:\/\/www.smith.care\/de\/ueber-smith\/use-case-help\/\" rel=\"noopener\">HELP <\/a>erste erfolgreiche klinische Anwendungen. Der methodische Use Case <a href=\"https:\/\/www.smith.care\/de\/ueber-smith\/use-case-phep\/\" rel=\"noopener\">PheP <\/a>reichert den klinischen Datenschatz weiter an.[\/vc_column_text][\/qode_elements_holder_item][qode_elements_holder_item vertical_alignment=&#8220;middle&#8220; horizontal_alignment=&#8220;center&#8220; advanced_animations=&#8220;no&#8220; item_padding=&#8220;5%&#8220;][vc_single_image image=&#8220;6824&#8243; img_size=&#8220;full&#8220; alignment=&#8220;right&#8220; qode_css_animation=&#8220;&#8220;][\/qode_elements_holder_item][\/qode_elements_holder][\/vc_column][\/vc_row][vc_row css_animation=&#8220;&#8220; row_type=&#8220;row&#8220; use_row_as_full_screen_section=&#8220;no&#8220; type=&#8220;grid&#8220; angled_section=&#8220;no&#8220; text_align=&#8220;left&#8220; background_image_as_pattern=&#8220;without_pattern&#8220; z_index=&#8220;&#8220; css=&#8220;.vc_custom_1620640987292{background-color: #f5f6f6 !important;}&#8220;][vc_column css_animation=&#8220;none&#8220; css=&#8220;.vc_custom_1620808970800{padding-top: 0px !important;padding-right: 0px !important;padding-bottom: 0px !important;padding-left: 0px !important;background-color: #ffffff !important;}&#8220;][qode_elements_holder number_of_columns=&#8220;two_columns&#8220;][qode_elements_holder_item vertical_alignment=&#8220;middle&#8220; advanced_animations=&#8220;no&#8220; item_padding=&#8220;5%&#8220;][vc_single_image image=&#8220;6826&#8243; img_size=&#8220;full&#8220; qode_css_animation=&#8220;&#8220;][\/qode_elements_holder_item][qode_elements_holder_item vertical_alignment=&#8220;top&#8220; advanced_animations=&#8220;no&#8220; item_padding=&#8220;5%&#8220;][vc_column_text]<\/p>\n<h3>F\u00f6rderung einer neuen Kultur des \u201eData Sharing\u201c<\/h3>\n<p>[\/vc_column_text][vc_empty_space height=&#8220;25px&#8220;][vc_column_text]Das SMITH-Konsortium ist im Rahmen der Medizininformatik-Initiative (MII) wesentlich an der Schaffung eines bundesweit einheitlichen Datenzugangs und Datenaustausches von Patientendaten und Biomaterialien beteiligt. Hierf\u00fcr werden neben der technischen Harmonisierung vor allem organisatorisch einheitliche sowie rechtlich abgesicherte Rahmenbedingungen geschaffen. Wesentliche Abl\u00e4ufe, Strukturen und Bedingungen f\u00fcr einen zentralen Zugang und die einheitliche Nutzung von Patientendaten und Biomaterialien konnten bisher in einem <a href=\"https:\/\/www.medizininformatik-initiative.de\/de\/nutzungsvertrag\" target=\"_blank\" rel=\"noopener\">Vertragswerk<\/a> und einer <a href=\"https:\/\/www.medizininformatik-initiative.de\/de\/nutzungsordnung\" target=\"_blank\" rel=\"noopener\">\u00fcbergreifenden Nutzungsordnung <\/a>zwischen den universit\u00e4tsmedizinischen Standorten der MII abgestimmt werden. Zudem wurde beschlossen, eine <a href=\"https:\/\/www.medizininformatik-initiative.de\/de\/deutsches-forschungsdatenportal-fuer-gesundheit\" target=\"_blank\" rel=\"noopener\">zentrale Antrags- und Registerstelle <\/a>einzurichten, die Projektantr\u00e4ge von Forschenden verwaltet und Transparenz f\u00fcr Patientinnen und Patienten bietet.[\/vc_column_text][\/qode_elements_holder_item][\/qode_elements_holder][\/vc_column][\/vc_row][vc_row css_animation=&#8220;&#8220; row_type=&#8220;row&#8220; use_row_as_full_screen_section=&#8220;no&#8220; type=&#8220;grid&#8220; angled_section=&#8220;no&#8220; text_align=&#8220;left&#8220; background_image_as_pattern=&#8220;without_pattern&#8220; z_index=&#8220;&#8220; css=&#8220;.vc_custom_1620640814669{background-color: #f5f6f6 !important;}&#8220;][vc_column css_animation=&#8220;none&#8220; css=&#8220;.vc_custom_1620808979645{padding-top: 0px !important;padding-right: 0px !important;padding-bottom: 0px !important;padding-left: 0px !important;background-color: #ffffff !important;}&#8220;][qode_elements_holder number_of_columns=&#8220;two_columns&#8220; custom_class=&#8220;mobile_reverse&#8220;][qode_elements_holder_item vertical_alignment=&#8220;top&#8220; horizontal_alignment=&#8220;left&#8220; advanced_animations=&#8220;no&#8220; item_padding=&#8220;5%&#8220;][vc_column_text]<\/p>\n<h3>Bef\u00e4higung von Patientinnen und Patienten, sich aktiv an Versorgung und Forschung zu beteiligen<\/h3>\n<p>[\/vc_column_text][vc_empty_space height=&#8220;25px&#8220;][vc_column_text]Patientinnen und Patienten k\u00f6nnen \u00fcber die Unterzeichnung einer Einwilligungserkl\u00e4rung der Nutzung ihrer Daten f\u00fcr die Zwecke der medizinischen Forschung ausdr\u00fccklich zustimmen. Da viele medizinische Fragestellungen zum Zeitpunkt der Einwilligung noch nicht feststehen, ist die <a href=\"https:\/\/www.medizininformatik-initiative.de\/de\/mustertext-zur-patienteneinwilligung\" target=\"_blank\" rel=\"noopener\">Einwilligung in die Datennutzung<\/a> allgemein gefasst und kann jederzeit ohne Angabe von Gr\u00fcnden widerrufen werden. Die freiwillige Einwilligung ist derzeit im Rahmen einer Behandlung in den teilnehmenden Universit\u00e4tsklinika m\u00f6glich. Geschulte Mitarbeiterinnen und Mitarbeiter informieren die Patientinnen und Patienten vor Ort \u00fcber die M\u00f6glichkeit, an der Medizininformatik-Initiative teilzunehmen.<\/p>\n<p>Weitere Informationen hierzu finden Sie in unserem <a href=\"https:\/\/www.youtube.com\/watch?v=t9H-YnWQe2k\" target=\"_blank\" rel=\"noopener\">Erkl\u00e4rfilm<\/a>.[\/vc_column_text][\/qode_elements_holder_item][qode_elements_holder_item vertical_alignment=&#8220;middle&#8220; horizontal_alignment=&#8220;center&#8220; advanced_animations=&#8220;no&#8220; item_padding=&#8220;5%&#8220;][vc_single_image image=&#8220;6828&#8243; img_size=&#8220;full&#8220; alignment=&#8220;right&#8220; qode_css_animation=&#8220;&#8220;][\/qode_elements_holder_item][\/qode_elements_holder][\/vc_column][\/vc_row][vc_row css_animation=&#8220;&#8220; row_type=&#8220;row&#8220; use_row_as_full_screen_section=&#8220;no&#8220; type=&#8220;grid&#8220; angled_section=&#8220;no&#8220; text_align=&#8220;left&#8220; background_image_as_pattern=&#8220;without_pattern&#8220; z_index=&#8220;&#8220; css=&#8220;.vc_custom_1620806962114{padding-bottom: 5% !important;background-color: #f5f6f6 !important;}&#8220;][vc_column css_animation=&#8220;none&#8220; css=&#8220;.vc_custom_1620806956566{padding-top: 0px !important;padding-right: 0px !important;padding-bottom: 0px !important;padding-left: 0px !important;background-color: #ffffff !important;}&#8220;][qode_elements_holder number_of_columns=&#8220;two_columns&#8220;][qode_elements_holder_item vertical_alignment=&#8220;middle&#8220; advanced_animations=&#8220;no&#8220; item_padding=&#8220;5%&#8220;][vc_single_image image=&#8220;6830&#8243; img_size=&#8220;full&#8220; qode_css_animation=&#8220;&#8220;][\/qode_elements_holder_item][qode_elements_holder_item vertical_alignment=&#8220;top&#8220; advanced_animations=&#8220;no&#8220; item_padding=&#8220;5%&#8220;][vc_column_text]<\/p>\n<h3>St\u00e4rkung von Lehre und Forschung in der Medizininformatik<\/h3>\n<p>[\/vc_column_text][vc_empty_space height=&#8220;25px&#8220;][vc_column_text]Um gro\u00dfe Datenmengen aus Medizin und Gesundheitsversorgung f\u00fcr eine zugeschnittene Diagnostik und Therapie nutzbar zu machen, braucht es Spezialistinnen und Spezialisten, die Daten extrahieren, managen und analysieren. SMITH f\u00fchrt das Fachwissen und die gewonnenen Erfahrungen der Konsortialpartner aus Hochschule, Forschung und Industrie sowie der neu geschaffenen <a href=\"https:\/\/www.smith.care\/de\/ueber-smith\/datenintegrationszentren\/\">Datenintegrationszentren<\/a> in verschiedenen Bildungsformaten und \u2013programmen zusammen. An allen Standorten ist die Etablierung neuer <a href=\"https:\/\/www.smith.care\/de\/lehre\/professuren\/\">Professuren<\/a> und der umfangreiche, strukturierte Ausbau von <a href=\"https:\/\/www.smith.care\/de\/lehre\/nachwuchsfoerderung\/\">Lehrangeboten<\/a> in der Medizininformatik geplant.[\/vc_column_text][\/qode_elements_holder_item][\/qode_elements_holder][\/vc_column][\/vc_row]<\/p>\n<\/div>","protected":false},"excerpt":{"rendered":"<p>[vc_row css_animation=&#8220;&#8220; row_type=&#8220;row&#8220; use_row_as_full_screen_section=&#8220;no&#8220; type=&#8220;grid&#8220; angled_section=&#8220;no&#8220; text_align=&#8220;left&#8220; background_image_as_pattern=&#8220;without_pattern&#8220; z_index=&#8220;&#8220;][vc_column][qode_elements_holder number_of_columns=&#8220;one_column&#8220;][qode_elements_holder_item advanced_animations=&#8220;no&#8220; item_padding=&#8220;5% 0&#8243; item_padding_480_600=&#8220;20px 0px 20px 0px&#8220; item_padding_480=&#8220;20px 0px 20px 0px&#8220;][vc_column_text] Zielsetzungen des SMITH-Konsortiums und der Medizininformatik-Initiative [\/vc_column_text][vc_empty_space height=&#8220;15px&#8220;][vc_column_text] Mit Medizininformatik die Potenziale der Digitalisierung nutzen [\/vc_column_text][\/qode_elements_holder_item][\/qode_elements_holder][\/vc_column][\/vc_row][vc_row css_animation=&#8220;&#8220; row_type=&#8220;row&#8220; use_row_as_full_screen_section=&#8220;no&#8220; type=&#8220;grid&#8220; angled_section=&#8220;no&#8220; text_align=&#8220;left&#8220; background_image_as_pattern=&#8220;without_pattern&#8220; z_index=&#8220;&#8220;&#8230;<\/p>\n","protected":false},"author":5,"featured_media":0,"parent":20490,"menu_order":2,"comment_status":"closed","ping_status":"closed","template":"full_width.php","meta":{"footnotes":""},"class_list":["post-400","page","type-page","status-publish","hentry"],"_links":{"self":[{"href":"https:\/\/www.smith.care\/de\/wp-json\/wp\/v2\/pages\/400","targetHints":{"allow":["GET"]}}],"collection":[{"href":"https:\/\/www.smith.care\/de\/wp-json\/wp\/v2\/pages"}],"about":[{"href":"https:\/\/www.smith.care\/de\/wp-json\/wp\/v2\/types\/page"}],"author":[{"embeddable":true,"href":"https:\/\/www.smith.care\/de\/wp-json\/wp\/v2\/users\/5"}],"replies":[{"embeddable":true,"href":"https:\/\/www.smith.care\/de\/wp-json\/wp\/v2\/comments?post=400"}],"version-history":[{"count":217,"href":"https:\/\/www.smith.care\/de\/wp-json\/wp\/v2\/pages\/400\/revisions"}],"predecessor-version":[{"id":18870,"href":"https:\/\/www.smith.care\/de\/wp-json\/wp\/v2\/pages\/400\/revisions\/18870"}],"up":[{"embeddable":true,"href":"https:\/\/www.smith.care\/de\/wp-json\/wp\/v2\/pages\/20490"}],"wp:attachment":[{"href":"https:\/\/www.smith.care\/de\/wp-json\/wp\/v2\/media?parent=400"}],"curies":[{"name":"wp","href":"https:\/\/api.w.org\/{rel}","templated":true}]}}