{"id":404,"date":"2019-11-21T15:45:29","date_gmt":"2019-11-21T14:45:29","guid":{"rendered":"https:\/\/www.smith.care\/?page_id=404"},"modified":"2025-10-27T15:43:18","modified_gmt":"2025-10-27T14:43:18","slug":"use-case-asic","status":"publish","type":"page","link":"https:\/\/www.smith.care\/de\/forschung\/use-case-asic\/","title":{"rendered":"Use Case ASIC"},"content":{"rendered":"<div class=\"wpb-content-wrapper\"><p>[vc_row css_animation=&#8220;&#8220; row_type=&#8220;row&#8220; use_row_as_full_screen_section=&#8220;no&#8220; type=&#8220;grid&#8220; angled_section=&#8220;no&#8220; text_align=&#8220;left&#8220; background_image_as_pattern=&#8220;without_pattern&#8220; z_index=&#8220;&#8220; css=&#8220;.vc_custom_1620639780558{background-color: #f5f6f6 !important;}&#8220;][vc_column][qode_elements_holder number_of_columns=&#8220;one_column&#8220;][qode_elements_holder_item advanced_animations=&#8220;no&#8220; item_padding=&#8220;5% 0&#8243; item_padding_480_600=&#8220;20px 0px 20px 0px&#8220; item_padding_480=&#8220;20px 0px 20px 0px&#8220;][vc_column_text]<\/p>\n<h2>Klinischer Use Case ASIC<\/h2>\n<p>[\/vc_column_text][vc_empty_space height=&#8220;15px&#8220;][vc_column_text css=&#8220;.vc_custom_1623745335044{padding-bottom: 5% !important;}&#8220;]<\/p>\n<h3>Algorithmische \u00dcberwachung in der Intensivversorgung<\/h3>\n<p>[\/vc_column_text][vc_column_text]Patientinnen und Patienten auf Intensivstationen werden \u00fcber Monitoring-Systeme engmaschig \u00fcberwacht. In den daraus resultierenden riesigen Datenmengen steckt mit Hilfe von K\u00fcnstlicher Intelligenz ein enormes Potenzial, neue wissenschaftliche Erkenntnisse zu gewinnen und die individuelle Patientenversorgung in der Intensivmedizin zu optimieren.[\/vc_column_text][\/qode_elements_holder_item][\/qode_elements_holder][\/vc_column][\/vc_row][vc_row css_animation=&#8220;&#8220; row_type=&#8220;row&#8220; use_row_as_full_screen_section=&#8220;no&#8220; type=&#8220;grid&#8220; angled_section=&#8220;no&#8220; text_align=&#8220;left&#8220; background_image_as_pattern=&#8220;without_pattern&#8220; z_index=&#8220;&#8220; css=&#8220;.vc_custom_1620639790782{background-color: #f5f6f6 !important;background-position: center !important;background-repeat: no-repeat !important;background-size: cover !important;}&#8220;][vc_column css=&#8220;.vc_custom_1620729543205{padding-top: 0px !important;padding-right: 0px !important;padding-bottom: 0px !important;padding-left: 0px !important;background-color: #ffffff !important;}&#8220;][qode_elements_holder number_of_columns=&#8220;two_columns&#8220;][qode_elements_holder_item vertical_alignment=&#8220;middle&#8220; advanced_animations=&#8220;no&#8220; item_padding=&#8220;5%&#8220;][vc_single_image image=&#8220;23447&#8243; img_size=&#8220;full&#8220; css=&#8220;.vc_custom_1724235554628{background-color: #efefef !important;}&#8220; qode_css_animation=&#8220;&#8220;][\/qode_elements_holder_item][qode_elements_holder_item vertical_alignment=&#8220;middle&#8220; horizontal_alignment=&#8220;left&#8220; advanced_animations=&#8220;no&#8220; item_padding=&#8220;5%&#8220;][vc_column_text css=&#8220;.vc_custom_1623745345229{padding-bottom: 10% !important;}&#8220;]<\/p>\n<h3>Use Case ASIC<\/h3>\n<p>[\/vc_column_text]<div class='q_icon_with_title tiny circle left_from_title '><div class=\"icon_text_holder\" style=\"\"><div class=\"icon_text_inner\" style=\"\"><div class=\"icon_title_holder\"><div class=\"icon_holder \" style=\" \"><span data-icon-type=\"circle\"   class=\"qode_iwt_icon_holder fa-stack fa-lg  \" style=\"border-color: #66C4D8;background-color: #66C4D8;\"><i class=\"qodef-icon-dripicons dripicon dripicons-medical qode_iwt_icon_element\" style=\"color: #ffffff;\" ><\/i><\/span><\/div><h5 class=\"icon_title\" style=\"\">Effiziente Diagnostik und leitliniengerechte Therapie bei Akutem Lungenversagen (ARDS) mittels der ASIC-App<\/h5><\/div><p style=''><\/p><\/div><\/div><\/div>[vc_empty_space height=&#8220;20px&#8220;]<div class='q_icon_with_title tiny circle left_from_title '><div class=\"icon_text_holder\" style=\"\"><div class=\"icon_text_inner\" style=\"\"><div class=\"icon_title_holder\"><div class=\"icon_holder \" style=\" \"><span data-icon-type=\"circle\"   class=\"qode_iwt_icon_holder fa-stack fa-lg  \" style=\"border-color: #66C4D8;background-color: #66C4D8;\"><i class=\"qodef-icon-dripicons dripicon dripicons-arrow-up qode_iwt_icon_element\" style=\"color: #ffffff;\" ><\/i><\/span><\/div><h5 class=\"icon_title\" style=\"\">Optimierung der Versorgung von Patientinnen und Patienten mit ARDS sowie COVID-19<\/h5><\/div><p style=''><\/p><\/div><\/div><\/div>[vc_empty_space height=&#8220;20px&#8220;]<div class='q_icon_with_title tiny circle left_from_title '><div class=\"icon_text_holder\" style=\"\"><div class=\"icon_text_inner\" style=\"\"><div class=\"icon_title_holder\"><div class=\"icon_holder \" style=\" \"><span data-icon-type=\"circle\"   class=\"qode_iwt_icon_holder fa-stack fa-lg  \" style=\"border-color: #66C4D8;background-color: #66C4D8;\"><i class=\"qodef-icon-dripicons dripicon dripicons-search qode_iwt_icon_element\" style=\"color: #ffffff;\" ><\/i><\/span><\/div><h5 class=\"icon_title\" style=\"\">Kontinuierliche Auswertung erhobener Patientendaten auf Intensivstationen<\/h5><\/div><p style='color: #000000'><\/p><\/div><\/div><\/div>[vc_empty_space height=&#8220;20px&#8220;]<div class='q_icon_with_title tiny circle left_from_title '><div class=\"icon_text_holder\" style=\"\"><div class=\"icon_text_inner\" style=\"\"><div class=\"icon_title_holder\"><div class=\"icon_holder \" style=\" \"><span data-icon-type=\"circle\"   class=\"qode_iwt_icon_holder fa-stack fa-lg  \" style=\"border-color: #66C4D8;background-color: #66C4D8;\"><i class=\"qodef-icon-dripicons dripicon dripicons-home qode_iwt_icon_element\" style=\"color: #ffffff;\" ><\/i><\/span><\/div><h5 class=\"icon_title\" style=\"\">Beteiligung der Universit\u00e4tsklinika Bonn, D\u00fcsseldorf, Halle, Hamburg, Jena, Leipzig und Rostock unter Federf\u00fchrung des Universit\u00e4tsklinikums Aachen<\/h5><\/div><p style='color: #000000'><\/p><\/div><\/div><\/div>[\/qode_elements_holder_item][\/qode_elements_holder][\/vc_column][\/vc_row][vc_row css_animation=&#8220;&#8220; row_type=&#8220;row&#8220; use_row_as_full_screen_section=&#8220;no&#8220; type=&#8220;grid&#8220; angled_section=&#8220;no&#8220; text_align=&#8220;left&#8220; background_image_as_pattern=&#8220;without_pattern&#8220; z_index=&#8220;&#8220; css=&#8220;.vc_custom_1620639850406{background-color: #f5f6f6 !important;}&#8220;][vc_column][qode_elements_holder number_of_columns=&#8220;one_column&#8220;][qode_elements_holder_item advanced_animations=&#8220;no&#8220; item_padding=&#8220;4% 0 0 0&#8243;][vc_column_text]<\/p>\n<h4>ASIC-App warnt vor akutem Lungenversagen<\/h4>\n<p>[\/vc_column_text][vc_empty_space height=&#8220;25px&#8220;][vc_column_text]Trotz klarer Kriterien f\u00fcr die Diagnosestellung von Akutem Lungenversagen (ARDS), wird die lebensbedrohliche Erkrankung, bei der die Lunge den K\u00f6rper nicht mehr ausreichend mit Sauerstoff versorgen kann, zu selten erkannt. Dies betrifft insbesondere fr\u00fche Stadien von ARDS, die in der Menge der anfallenden klinischen Datenwerte h\u00e4ufig gar nicht oder versp\u00e4tet festgestellt werden. So versterben trotz Fortschritten in der Therapie noch immer 40 Prozent aller ARDS-Patientinnen und Patienten. Das SMITH-Konsortium will medizinisches Personal darin unterst\u00fctzen, die Diagnoserate der Erkrankung zu erh\u00f6hen, die Therapie zu verbessern und das Auftreten von lebensbedrohlichen Komplikationen zu reduzieren.[\/vc_column_text][vc_empty_space height=&#8220;15px&#8220;][vc_column_text]Federf\u00fchrend durch das Universit\u00e4tsklinikum Aachen wird in Zusammenarbeit mit sieben weiteren Universit\u00e4tsklinika eine speziell daf\u00fcr entwickelte Smartphone-App f\u00fcr iOS und Android-basierte Ger\u00e4te implementiert. Die ASIC-App gew\u00e4hrleistet eine kontinuierliche ARDS-\u00dcberwachung von Intensivpatientinnen und -patienten sowie die Darstellung von Behandlungsleitlinien. Die behandelnden \u00c4rztinnen und \u00c4rzte tragen hierf\u00fcr ein mobiles Endger\u00e4t in der Kitteltasche, welches sie im Fall von ver\u00e4nderten Kennwerten \u00fcber das m\u00f6gliche Vorliegen eines ARDS alarmiert.[\/vc_column_text][vc_empty_space height=&#8220;15px&#8220;][vc_column_text]Angesichts der COVID-19 Pandemie macht der Anwendungsfall ASIC deutlich, welche Rolle die Medizininformatik k\u00fcnftig f\u00fcr die Forschung und Verbesserung der Versorgung haben wird. Bereits fr\u00fch zeigte sich, dass besonders schwer an COVID-19 erkrankte Personen mehrheitlich ein ARDS entwickeln, was die Behandlungsergebnisse massiv beeinflusst. Der Einsatz der ASIC-App kann durch fr\u00fchzeitige ARDS-Diagnose und Therapie die Versorgung von COVID-19-Patientinnen und Patienten optimieren. Eine \u00dcbertragung der im Use Case ASIC angewendeten Verfahren auf Krankheitsbilder wie Sepsis oder Akutes Nierenversagen ist in der Zukunft denkbar.[\/vc_column_text][\/qode_elements_holder_item][\/qode_elements_holder][\/vc_column][\/vc_row][vc_row css_animation=&#8220;&#8220; row_type=&#8220;row&#8220; use_row_as_full_screen_section=&#8220;no&#8220; type=&#8220;grid&#8220; angled_section=&#8220;no&#8220; text_align=&#8220;left&#8220; background_image_as_pattern=&#8220;without_pattern&#8220; z_index=&#8220;&#8220; css=&#8220;.vc_custom_1620639861639{background-color: #f5f6f6 !important;}&#8220;][vc_column][qode_elements_holder number_of_columns=&#8220;one_column&#8220;][qode_elements_holder_item advanced_animations=&#8220;no&#8220; item_padding=&#8220;3% 0 5% 0&#8243; item_padding_480_600=&#8220;3% 0 10% 0&#8243; item_padding_480=&#8220;3% 0 10% 0&#8243;][vc_column_text]<\/p>\n<h4>Potentiale klinischer Routinedaten nutzen<\/h4>\n<p>[\/vc_column_text][vc_empty_space height=&#8220;25px&#8220;][vc_column_text]Dar\u00fcber hinaus werden die auf Intensivstationen kontinuierlich erfassten Routinedaten langfristig in anonymisierter Form gespeichert und f\u00fcr die Forschung zug\u00e4nglich gemacht. Unter Anwendung von Methoden der K\u00fcnstlichen Intelligenz ist die Entwicklung eines virtuellen Patientenmodells vorgesehen. Das Modell soll verschiedene Gesundheitszust\u00e4nde von Intensivpatienten simulieren und Komplikationen wie ARDS vorhersagen. Ziel ist ein selbstlernendes Computersystem f\u00fcr die klinische Forschung und Ausbildung. Parallel dazu wird ein diagnostisches Expertensystem entwickelt, welches basierend auf klinischen Versorgungsdaten das Risiko eines potentiellen ARDS f\u00fcr einzelne Patienten bewertet.[\/vc_column_text][vc_empty_space height=&#8220;15px&#8220;][vc_column_text]F\u00fcr die Entwicklung dieser Systeme wird die erste deutsche standort\u00fcbergreifende, anonyme Forschungsdatenbank in der Intensivmedizin aufgebaut und in den beteiligten <a href=\"https:\/\/www.smith.care\/de\/ueber-smith\/datenintegrationszentren\/\" rel=\"noopener\">Datenintegrationszentren (DIZ)<\/a> vorgehalten. Die DIZ extrahieren die Patientendaten aus den Prim\u00e4rsystemen der Krankenversorgung, anonymisieren sie und \u00fcberf\u00fchren diese in ein interoperables Format. Mittels dieser Daten k\u00f6nnen k\u00fcnftig neue wissenschaftliche Erkenntnisse generiert und die individuelle Versorgung von Patientinnen und Patienten verbessert werden.[\/vc_column_text][vc_empty_space height=&#8220;15px&#8220;][vc_column_text css=&#8220;&#8220;]Der Use Case ASIC wurde vom 01.01.2018 bis zum 31.12.2023 im Rahmen des SMITH-Konsortiums vom Bundesministerium f\u00fcr Bildung und Forschung (BMBF) gef\u00f6rdert.[\/vc_column_text][\/qode_elements_holder_item][\/qode_elements_holder][\/vc_column][\/vc_row][vc_row css_animation=&#8220;&#8220; row_type=&#8220;row&#8220; use_row_as_full_screen_section=&#8220;no&#8220; type=&#8220;grid&#8220; angled_section=&#8220;no&#8220; text_align=&#8220;left&#8220; background_image_as_pattern=&#8220;without_pattern&#8220; z_index=&#8220;&#8220; css=&#8220;.vc_custom_1761575508978{background-color: #f5f6f6 !important;}&#8220;][vc_column]<div class=\"qode-blog-carousel-titled\" >\n\t<div class=\"qode-bct-title-holder\" style=\"background-color:#ffffff;color:#323232\">\n\t\t<a class=\"qode-bct-caroufredsel-prev\" href=\"#\">\n\t\t\t<span class=\"qode-bct-caroufredsel-nav-inner\">\n\t\t\t\t<span class=\"qode-bct-caroufredsel-nav-icon-holder\">\n\t\t\t\t\t<span class=\"arrow_carrot-left\"><\/span>\n\t\t\t\t<\/span>\n\t\t\t<\/span>\n\t\t<\/a>\n\t\t\t\t\t\t\t\t<h3>\n\t\t\t\t\t\t5 Fragen an\t\t\t\t\t<\/h3>\n\t\t\t\t<a class=\"qode-bct-caroufredsel-next\" href=\"#\">\n\t\t<span class=\"qode-bct-caroufredsel-nav-inner\">\n\t\t\t<span class=\"qode-bct-caroufredsel-nav-icon-holder\">\n\t\t\t\t<span class=\"arrow_carrot-right\"><\/span>\n\t\t\t<\/span>\n\t\t<\/span>\n\t<\/a>\n\t<\/div>\n\t\t\t<div class=\"qode-bct-posts-holder\">\n\t\t<div class=\"qode-bct-posts\">\n\t\t\t\t\t\t\t\t\t\t\t\t<div class=\"qode-bct-post\">\n\t\t\t\t\t\t\t\t\t\t\t\t\t<div class=\"qode-bct-post-image\">\n\t\t\t\t\t\t\t\t<a href=\"https:\/\/www.smith.care\/de\/2023\/04\/05\/virtueller-patient\/\" itemprop=\"url\">\n\t\t\t\t\t\t\t\t\t<img loading=\"lazy\" decoding=\"async\" thumbnail=\"full\" width=\"1833\" height=\"916\" src=\"https:\/\/www.smith.care\/wp-content\/uploads\/2023\/04\/5-Fragen-an_Konstantin-Sharafutdinov_SMITH-Webseite_2.png\" class=\"attachment-full size-full wp-post-image\" alt=\"\" srcset=\"https:\/\/www.smith.care\/wp-content\/uploads\/2023\/04\/5-Fragen-an_Konstantin-Sharafutdinov_SMITH-Webseite_2.png 1833w, https:\/\/www.smith.care\/wp-content\/uploads\/2023\/04\/5-Fragen-an_Konstantin-Sharafutdinov_SMITH-Webseite_2-300x150.png 300w, https:\/\/www.smith.care\/wp-content\/uploads\/2023\/04\/5-Fragen-an_Konstantin-Sharafutdinov_SMITH-Webseite_2-1024x512.png 1024w, https:\/\/www.smith.care\/wp-content\/uploads\/2023\/04\/5-Fragen-an_Konstantin-Sharafutdinov_SMITH-Webseite_2-768x384.png 768w, https:\/\/www.smith.care\/wp-content\/uploads\/2023\/04\/5-Fragen-an_Konstantin-Sharafutdinov_SMITH-Webseite_2-1536x768.png 1536w, https:\/\/www.smith.care\/wp-content\/uploads\/2023\/04\/5-Fragen-an_Konstantin-Sharafutdinov_SMITH-Webseite_2-1000x500.png 1000w, https:\/\/www.smith.care\/wp-content\/uploads\/2023\/04\/5-Fragen-an_Konstantin-Sharafutdinov_SMITH-Webseite_2-700x350.png 700w\" sizes=\"auto, (max-width: 1833px) 100vw, 1833px\" \/>\t\t\t\t\t\t\t\t<\/a>\n\t\t\t\t\t\t\t<\/div>\n\t\t\t\t\t\t\t\t\t\t\t\t<div class=\"qode-bct-post-text\">\n\t\t\t\t\t\t\t<h4 class=\"qode-bct-post-title entry_title\" itemprop=\"name\">\n\t\t\t\t\t\t\t\t<a href=\"https:\/\/www.smith.care\/de\/2023\/04\/05\/virtueller-patient\/\" itemprop=\"url\">Von Virtuellen Patienten und K\u00fcnstlicher Intelligenz auf der Intensivstation<\/a>\n\t\t\t\t\t\t\t<\/h4>\n\t\t\t\t\t\t\t\t\t\t\t\t\t\t<p itemprop=\"description\" class = \"qode-bct-post-excerpt\"> KI und Maschinelles Lernen k\u00f6nnen die Intensivmedizin optimieren, z.\u202fB. Krankheitsverl\u00e4ufe vorhersagen. Der ehemalige SMITH-Doktorand Konstantin Sharafutdinov erkl\u00e4rt im Interview, wie virtuelle Patienten dabei helfen.<\/p>\n\t\t\t\t\t\t\t<div class=\"qode-bct-post-date entry_date updated\" itemprop=\"dateCreated\">\n\t\t\t\t\t\t\t\t5. April 2023\t\t\t\t\t\t\t\t<meta itemprop=\"interactionCount\" content=\"UserComments: 0\"\/>\n\t\t\t\t\t\t\t<\/div>\n\t\t\t\t\t\t<\/div>\n\t\t\t\t\t<\/div>\n\t\t\t\t\t<\/div>\n\t\t<\/div>\n\t<\/div>[\/vc_column][\/vc_row][vc_row css_animation=&#8220;&#8220; row_type=&#8220;row&#8220; use_row_as_full_screen_section=&#8220;no&#8220; type=&#8220;grid&#8220; angled_section=&#8220;no&#8220; text_align=&#8220;left&#8220; background_image_as_pattern=&#8220;without_pattern&#8220; z_index=&#8220;&#8220; css=&#8220;.vc_custom_1613644308211{background-color: #e0f4fc !important;}&#8220;][vc_column][qode_elements_holder number_of_columns=&#8220;two_columns&#8220; columns_proportion=&#8220;25_75&#8243;][qode_elements_holder_item advanced_animations=&#8220;no&#8220; item_padding=&#8220;50px 0px&#8220; item_padding_480_600=&#8220;40px 0px 20px 0px&#8220; item_padding_480=&#8220;40px 0px 20px 0px&#8220;][vc_single_image image=&#8220;13868&#8243; alignment=&#8220;center&#8220; style=&#8220;vc_box_circle_2&#8243; qode_css_animation=&#8220;&#8220;][\/qode_elements_holder_item][qode_elements_holder_item vertical_alignment=&#8220;middle&#8220; horizontal_alignment=&#8220;center&#8220; advanced_animations=&#8220;no&#8220; item_padding=&#8220;50px 0px&#8220; item_padding_480_600=&#8220;0px 0px 40px 0px&#8220; item_padding_480=&#8220;0px 0px 40px 0px&#8220;][vc_column_text]<\/p>\n<p style=\"font-size: 16px; text-align: left; line-height: 175%;\"><em>&#8222;Ich bin \u00fcberzeugt, dass die Daten im Use Case ASIC ein riesiges Potential haben, um mit den Mitteln der K\u00fcnstlichen Intelligenz noch besser helfen und mehr Patienten zur\u00fcck ins Leben holen zu k\u00f6nnen. Bei jedem Organversagen geht es letztlich darum Zeit zu gewinnen: Je fr\u00fcher wir die Diagnose stellen, umso fr\u00fcher k\u00f6nnen wir eine leitliniengerechte Therapie einleiten und desto mehr Patientenleben k\u00f6nnen wir retten.\u201c<\/em><\/p>\n<p>[\/vc_column_text][vc_empty_space][vc_column_text]<\/p>\n<p style=\"text-align: left; font-size: 14px; line-height: 230%;\">Prof. Dr. Gernot Marx, FRCA<\/p>\n<p style=\"text-align: left; font-size: 14px; line-height: 130%;\">Leiter Use Case ASIC<br \/>\nVerbundleiter Digitaler FortschrittsHub DISTANCE<br \/>\nSprecher des Vorstandes des Innovationszentrums Digitale Medizin (IZDM),<br \/>\nDirektor der Klinik f\u00fcr Operative Intensivmedizin und Intermediate Care |\u00a0Universit\u00e4tsklinikum RWTH Aachen<\/p>\n<p>[\/vc_column_text][\/qode_elements_holder_item][\/qode_elements_holder][\/vc_column][\/vc_row]<\/p>\n<\/div>","protected":false},"excerpt":{"rendered":"<p>[vc_row css_animation=&#8220;&#8220; row_type=&#8220;row&#8220; use_row_as_full_screen_section=&#8220;no&#8220; type=&#8220;grid&#8220; angled_section=&#8220;no&#8220; text_align=&#8220;left&#8220; background_image_as_pattern=&#8220;without_pattern&#8220; z_index=&#8220;&#8220; css=&#8220;.vc_custom_1620639780558{background-color: #f5f6f6 !important;}&#8220;][vc_column][qode_elements_holder number_of_columns=&#8220;one_column&#8220;][qode_elements_holder_item advanced_animations=&#8220;no&#8220; item_padding=&#8220;5% 0&#8243; item_padding_480_600=&#8220;20px 0px 20px 0px&#8220; item_padding_480=&#8220;20px 0px 20px 0px&#8220;][vc_column_text] Klinischer Use Case ASIC [\/vc_column_text][vc_empty_space height=&#8220;15px&#8220;][vc_column_text css=&#8220;.vc_custom_1623745335044{padding-bottom: 5% !important;}&#8220;] Algorithmische \u00dcberwachung in der Intensivversorgung [\/vc_column_text][vc_column_text]Patientinnen und Patienten auf Intensivstationen werden \u00fcber&#8230;<\/p>\n","protected":false},"author":5,"featured_media":0,"parent":16157,"menu_order":1,"comment_status":"closed","ping_status":"closed","template":"full_width.php","meta":{"footnotes":""},"class_list":["post-404","page","type-page","status-publish","hentry"],"_links":{"self":[{"href":"https:\/\/www.smith.care\/de\/wp-json\/wp\/v2\/pages\/404","targetHints":{"allow":["GET"]}}],"collection":[{"href":"https:\/\/www.smith.care\/de\/wp-json\/wp\/v2\/pages"}],"about":[{"href":"https:\/\/www.smith.care\/de\/wp-json\/wp\/v2\/types\/page"}],"author":[{"embeddable":true,"href":"https:\/\/www.smith.care\/de\/wp-json\/wp\/v2\/users\/5"}],"replies":[{"embeddable":true,"href":"https:\/\/www.smith.care\/de\/wp-json\/wp\/v2\/comments?post=404"}],"version-history":[{"count":123,"href":"https:\/\/www.smith.care\/de\/wp-json\/wp\/v2\/pages\/404\/revisions"}],"predecessor-version":[{"id":25716,"href":"https:\/\/www.smith.care\/de\/wp-json\/wp\/v2\/pages\/404\/revisions\/25716"}],"up":[{"embeddable":true,"href":"https:\/\/www.smith.care\/de\/wp-json\/wp\/v2\/pages\/16157"}],"wp:attachment":[{"href":"https:\/\/www.smith.care\/de\/wp-json\/wp\/v2\/media?parent=404"}],"curies":[{"name":"wp","href":"https:\/\/api.w.org\/{rel}","templated":true}]}}