{"id":6521,"date":"2021-04-20T11:08:42","date_gmt":"2021-04-20T09:08:42","guid":{"rendered":"https:\/\/www.smith.care\/?page_id=6521"},"modified":"2026-04-10T15:16:36","modified_gmt":"2026-04-10T13:16:36","slug":"distance-pro","status":"publish","type":"page","link":"https:\/\/www.smith.care\/de\/distance-pro\/distance-pro\/","title":{"rendered":"\u00dcber DISTANCE:PRO"},"content":{"rendered":"<div class=\"wpb-content-wrapper\"><p>[vc_row css_animation=&#8220;&#8220; row_type=&#8220;row&#8220; use_row_as_full_screen_section=&#8220;no&#8220; type=&#8220;grid&#8220; angled_section=&#8220;no&#8220; text_align=&#8220;left&#8220; background_image_as_pattern=&#8220;without_pattern&#8220; z_index=&#8220;&#8220; css=&#8220;.vc_custom_1620300438259{background-color: #f5f6f6 !important;}&#8220;][vc_column][qode_elements_holder number_of_columns=&#8220;one_column&#8220;][qode_elements_holder_item advanced_animations=&#8220;no&#8220; item_padding=&#8220;5% 0&#8243; item_padding_480_600=&#8220;20px 0px 20px 0px&#8220; item_padding_480=&#8220;20px 0px 20px 0px&#8220;][vc_column_text css=&#8220;&#8220;]<\/p>\n<h2>DISTANCE:PRO \u2013 Digital Smart Hub for Advanced Connected Care Professional<\/h2>\n<p>[\/vc_column_text][vc_empty_space height=&#8220;15px&#8220;][vc_column_text css=&#8220;.vc_custom_1773823990282{padding-bottom: 5% !important;}&#8220;]<\/p>\n<h3>Mit digitalen L\u00f6sungen Therapie und Lebensqualit\u00e4t verbessern<\/h3>\n<p>[\/vc_column_text][vc_column_text css=&#8220;&#8220;]Arztpraxen und regionale Krankenh\u00e4user sind zentrale Einrichtungen f\u00fcr die medizinische Versorgung. Auch in diesen nicht-universit\u00e4ren Bereichen fallen gro\u00dfe Mengen medizinischer Daten an. Im <a href=\"https:\/\/www.smith.care\/de\/distance-pro\/ergebnisse-distance\/\">Digitalen FortschrittsHub DISTANCE<\/a> wurden die Forschungsdatenstrukturen der Medizininformatik-Initiative auf medizinische Einrichtungen der regionalen Versorgung ausgedehnt, um die Behandlungsqualit\u00e4t langfristig zu verbessern. Das Folgeprojekt DISTANCE:PRO kn\u00fcpft an diesen Erfolgen an. Das Ziel ist es, ein bundesweites, sektoren\u00fcbergreifendes digitales \u00d6kosystem aufzubauen, das Forschung und Versorgung enger miteinander verzahnt.[\/vc_column_text][\/qode_elements_holder_item][\/qode_elements_holder][\/vc_column][\/vc_row][vc_row css_animation=&#8220;&#8220; row_type=&#8220;row&#8220; use_row_as_full_screen_section=&#8220;no&#8220; type=&#8220;grid&#8220; angled_section=&#8220;no&#8220; text_align=&#8220;left&#8220; background_image_as_pattern=&#8220;without_pattern&#8220; z_index=&#8220;&#8220; css=&#8220;.vc_custom_1620639409581{background-color: #f5f6f6 !important;}&#8220;][vc_column css=&#8220;.vc_custom_1758529394888{padding-top: 0px !important;padding-right: 0px !important;padding-bottom: 0px !important;padding-left: 0px !important;background-color: #ffffff !important;}&#8220;][qode_elements_holder number_of_columns=&#8220;two_columns&#8220;][qode_elements_holder_item vertical_alignment=&#8220;top&#8220; horizontal_alignment=&#8220;left&#8220; advanced_animations=&#8220;no&#8220; item_padding=&#8220;5%&#8220;][vc_single_image image=&#8220;9247&#8243; img_size=&#8220;full&#8220; css=&#8220;&#8220; qode_css_animation=&#8220;&#8220;][\/qode_elements_holder_item][qode_elements_holder_item vertical_alignment=&#8220;middle&#8220; horizontal_alignment=&#8220;left&#8220; advanced_animations=&#8220;no&#8220; item_padding=&#8220;5%&#8220;][vc_column_text css=&#8220;.vc_custom_1759838559214{padding-bottom: 10% !important;}&#8220;]<\/p>\n<h3>Digitaler FortschrittsHub DISTANCE:PRO<\/h3>\n<p>[\/vc_column_text]<div class='q_icon_with_title tiny circle left_from_title '><div class=\"icon_text_holder\" style=\"\"><div class=\"icon_text_inner\" style=\"\"><div class=\"icon_title_holder\"><div class=\"icon_holder \" style=\" \"><span data-icon-type=\"circle\"   class=\"qode_iwt_icon_holder fa-stack fa-lg  \" style=\"border-color: #66c4d8;background-color: #66c4d8;\"><i class=\"qodef-icon-dripicons dripicon dripicons-clockwise qode_iwt_icon_element\" style=\"color: #ffffff;\" ><\/i><\/span><\/div><h5 class=\"icon_title\" style=\"\">Aufbau von externen Datenintegrationszentren als skalierbare, standort\u00fcbergreifende und interoperable Infrastrukturen f\u00fcr den Datenaustausch zwischen regionalen Gesundheitseinrichtungen und der Forschung<\/h5><\/div><p style=''><\/p><\/div><\/div><\/div>[vc_empty_space height=&#8220;15px&#8220;]<div class='q_icon_with_title tiny circle left_from_title '><div class=\"icon_text_holder\" style=\"\"><div class=\"icon_text_inner\" style=\"\"><div class=\"icon_title_holder\"><div class=\"icon_holder \" style=\" \"><span data-icon-type=\"circle\"   class=\"qode_iwt_icon_holder fa-stack fa-lg  \" style=\"border-color: #66c4d8;background-color: #66c4d8;\"><i class=\"qodef-icon-dripicons dripicon dripicons-document-edit qode_iwt_icon_element\" style=\"color: #ffffff;\" ><\/i><\/span><\/div><h5 class=\"icon_title\" style=\"\">Entwicklung einer App zur Verbesserung der Lebensqualit\u00e4t onko-chirurgischer Patientinnen und Patienten, orientiert an den Bed\u00fcrfnissen der Patientinnen und Patienten sowie regionaler Versorgungseinrichtungen<\/h5><\/div><p style=''><\/p><\/div><\/div><\/div>[vc_empty_space height=&#8220;15px&#8220;]<div class='q_icon_with_title tiny circle left_from_title '><div class=\"icon_text_holder\" style=\"\"><div class=\"icon_text_inner\" style=\"\"><div class=\"icon_title_holder\"><div class=\"icon_holder \" style=\" \"><span data-icon-type=\"circle\"   class=\"qode_iwt_icon_holder fa-stack fa-lg  \" style=\"border-color: #66c4d8;background-color: #66c4d8;\"><i class=\"qodef-icon-dripicons dripicon dripicons-to-do qode_iwt_icon_element\" style=\"color: #ffffff;\" ><\/i><\/span><\/div><h5 class=\"icon_title\" style=\"\">Unterst\u00fctzung der Selbstf\u00fcrsorge von Patientinnen und Patienten, in dem sie mit einer App einen \u00dcberblick \u00fcber ihren psychischen und physischen Zustand erhalten<\/h5><\/div><p style=''><\/p><\/div><\/div><\/div>[vc_empty_space height=&#8220;15px&#8220;]<div class='q_icon_with_title tiny circle left_from_title '><div class=\"icon_text_holder\" style=\"\"><div class=\"icon_text_inner\" style=\"\"><div class=\"icon_title_holder\"><div class=\"icon_holder \" style=\" \"><span data-icon-type=\"circle\"  data-icon-hover-bg-color=\"#66c4d8\" class=\"qode_iwt_icon_holder fa-stack fa-lg  \" style=\"border-color: #66c4d8;background-color: #66c4d8;\"><i class=\"qodef-icon-dripicons dripicon dripicons-home qode_iwt_icon_element\" style=\"color: #ffffff;\" ><\/i><\/span><\/div><h5 class=\"icon_title\" style=\"\">Enge Kooperation mit acht regionalen Versorgungseinrichtungen sowie acht weiteren Partnern aus Wissenschaft und Forschung unter Federf\u00fchrung des Universit\u00e4tsklinikums Aachen<\/h5><\/div><p style=''><\/p><\/div><\/div><\/div>[\/qode_elements_holder_item][\/qode_elements_holder][\/vc_column][\/vc_row][vc_row css_animation=&#8220;&#8220; row_type=&#8220;row&#8220; use_row_as_full_screen_section=&#8220;no&#8220; type=&#8220;grid&#8220; angled_section=&#8220;no&#8220; text_align=&#8220;left&#8220; background_image_as_pattern=&#8220;without_pattern&#8220; z_index=&#8220;&#8220; css=&#8220;.vc_custom_1620300459787{background-color: #f5f6f6 !important;}&#8220;][vc_column][qode_elements_holder number_of_columns=&#8220;one_column&#8220;][qode_elements_holder_item advanced_animations=&#8220;no&#8220; item_padding=&#8220;5% 0 0 0&#8243;][vc_column_text css=&#8220;&#8220;]<\/p>\n<h4>Versorgungsqualit\u00e4t durch intersektoralen Datenaustausch verbessern<\/h4>\n<p>[\/vc_column_text][vc_empty_space height=&#8220;25px&#8220;][vc_column_text css=&#8220;&#8220;]Herzst\u00fcck des digitalen FortschrittsHubs DISTANCE war der <a href=\"https:\/\/www.smith.care\/de\/digihub-distance\/digital-hub\/\">Digital Hub<\/a>. Dieser diente als Grundlage f\u00fcr den sektoren\u00fcbergreifenden, interoperablen Datenaustausch zwischen universit\u00e4ren Einrichtungen, den teilnehmenden H\u00e4usern der Grund- und Regelversorgung sowie den niedergelassenen \u00c4rztinnen und \u00c4rzten. Daten aus der Regelversorgung wurden hier zentral gesammelt, anonymisiert und bundesweit nutzbar gemacht. Insgesamt acht am Projekt beteiligte regionale Gesundheitsdienstleister wurden \u00fcber die sogenannten Hub Connect Boxen, die lokal an den Standorten betrieben werden, mit dem Digital Hub verbunden.[\/vc_column_text][vc_empty_space height=&#8220;15px&#8220;][vc_column_text css=&#8220;&#8220;]In DISTANCE:PRO soll die Dateninfrastruktur des Digital Hub erweitert und als externes Datenintegrationszentrum (XTDIZ) etabliert werden, wie es bislang nur in universit\u00e4ren Settings vorhanden ist. Mit dem XTDIZ k\u00f6nnen Daten aus der regionalen Gesundheitsversorgung datenschutzgerecht geb\u00fcndelt, harmonisiert und f\u00fcr digitale Anwendungen, KI-gest\u00fctzte Vorhersagemodelle sowie Forschung genutzt werden. DISTANCE:PRO setzt dar\u00fcber hinaus auf Telemedizin und die Integration von Wearables, um die kontinuierliche Patientenbetreuung zu verbessern.[\/vc_column_text][\/qode_elements_holder_item][\/qode_elements_holder][\/vc_column][\/vc_row][vc_row css_animation=&#8220;&#8220; row_type=&#8220;row&#8220; use_row_as_full_screen_section=&#8220;no&#8220; type=&#8220;grid&#8220; angled_section=&#8220;no&#8220; text_align=&#8220;left&#8220; background_image_as_pattern=&#8220;without_pattern&#8220; z_index=&#8220;&#8220; css=&#8220;.vc_custom_1620300468619{background-color: #f5f6f6 !important;}&#8220;][vc_column][qode_elements_holder number_of_columns=&#8220;one_column&#8220;][qode_elements_holder_item advanced_animations=&#8220;no&#8220; item_padding=&#8220;5% 0 0 0&#8243; item_padding_480_600=&#8220;5% 0 10% 0&#8243; item_padding_480=&#8220;5% 0 10% 0&#8243;][vc_column_text css=&#8220;&#8220;]<\/p>\n<h4>Digitale Unterst\u00fctzung entlang des Behandlungspfads<\/h4>\n<p>[\/vc_column_text][vc_empty_space height=&#8220;25px&#8220;][vc_column_text css=&#8220;&#8220;]Um den Datenfluss zu testen, wurden in DISTANCE erstmalig strukturierte, longitudinale Daten von Patientinnen und Patienten mit Hilfe einer App digital w\u00e4hrend und nach einer intensivmedizinischen Behandlung erfasst. Die <a href=\"https:\/\/www.smith.care\/de\/distance-pro\/picos-app\/\">PICOS-App<\/a> hat ehemalige Intensivpatientinnen und -patienten in der Selbstf\u00fcrsorge im Alltag begleitet, indem sie regelm\u00e4\u00dfig Informationen zum psychischen und physischen Befinden der Patientinnen und Patienten geb\u00fcndelt hat. Gleichzeitig wurden gro\u00dfe Datenmengen generiert, um die Forschung zu neuen Behandlungs- und Therapiem\u00f6glichkeiten f\u00fcr ehemalige Intensivpatientinnen und -patienten zu unterst\u00fctzen.[\/vc_column_text][vc_empty_space height=&#8220;15px&#8220;][vc_column_text css=&#8220;&#8220;]Die in DISTANCE:PRO entwickelte App richtet sich an onkologische Patientinnen und Patienten, die postoperativ intensivpflichtig werden. Das Folgeprojekt konzentriert sich dabei auf die longitudinale Datenerfassung \u00fcber den gesamten Krankenhausaufenthalt bis \u00fcber die Rehabilitation hinweg. Dank dieser Datenbasis k\u00f6nnen kritische Erkrankungen zuk\u00fcnftig besser eingesch\u00e4tzt und die Behandlungsqualit\u00e4t optimiert werden. In enger Zusammenarbeit mit den sechs weiteren Digitalen FortschrittsHubs Gesundheit der MII sollen Daten \u00fcber den gesamten Behandlungspfad hinweg \u2013 von der Pr\u00e4vention \u00fcber die Akutversorgung und Rehabilitation bis hin zur langfristigen Nachsorge \u2013 digital integriert und vernetzt abgebildet werden.[\/vc_column_text][\/qode_elements_holder_item][\/qode_elements_holder][\/vc_column][\/vc_row][vc_row css_animation=&#8220;&#8220; row_type=&#8220;row&#8220; use_row_as_full_screen_section=&#8220;no&#8220; type=&#8220;grid&#8220; angled_section=&#8220;no&#8220; text_align=&#8220;left&#8220; background_image_as_pattern=&#8220;without_pattern&#8220; z_index=&#8220;&#8220; css=&#8220;.vc_custom_1620300468619{background-color: #f5f6f6 !important;}&#8220;][vc_column][qode_elements_holder number_of_columns=&#8220;one_column&#8220;][qode_elements_holder_item advanced_animations=&#8220;no&#8220; item_padding=&#8220;5% 0 5% 0&#8243; item_padding_480_600=&#8220;5% 0 10% 0&#8243; item_padding_480=&#8220;5% 0 10% 0&#8243;][vc_column_text css=&#8220;&#8220;]<\/p>\n<h4>Patientenpartizipation f\u00fcr nachhaltige, praxistaugliche L\u00f6sungen<\/h4>\n<p>[\/vc_column_text][vc_empty_space height=&#8220;25px&#8220;][vc_column_text css=&#8220;&#8220;]Ein weiterer Kernaspekt ist die aktive Einbindung von Patientinnen, Patienten und weiteren Stakeholdern, damit die entwickelten L\u00f6sungen praxistauglich, nutzerfreundlich und nachhaltig sind. Mit diesem Ansatz m\u00f6chte DISTANCE:PRO eine professionelle, marktreife Anwendung schaffen, die langfristig zur digitalen Transformation des Gesundheitswesens beitr\u00e4gt, klinische Ergebnisse verbessert und die Patientenversorgung effizienter gestaltet.[\/vc_column_text][vc_empty_space height=&#8220;15px&#8220;][vc_column_text css=&#8220;&#8220;]DISTANCE:PRO wird vom Bundesministerium f\u00fcr Forschung, Technologie und Raumfahrt (BMFTR) vom 01.10.2025 bis zum 31.12.2027 gef\u00f6rdert.[\/vc_column_text][\/qode_elements_holder_item][\/qode_elements_holder][\/vc_column][\/vc_row][vc_row css_animation=&#8220;&#8220; row_type=&#8220;row&#8220; use_row_as_full_screen_section=&#8220;no&#8220; type=&#8220;grid&#8220; angled_section=&#8220;no&#8220; text_align=&#8220;left&#8220; background_image_as_pattern=&#8220;without_pattern&#8220; z_index=&#8220;&#8220; css=&#8220;.vc_custom_1758529448306{padding-bottom: 2% !important;background-color: #f5f6f6 !important;}&#8220;][vc_column css=&#8220;.vc_custom_1644578899976{background-color: #ffffff !important;}&#8220;][qode_elements_holder number_of_columns=&#8220;three_columns&#8220;][qode_elements_holder_item vertical_alignment=&#8220;top&#8220; advanced_animations=&#8220;no&#8220; item_padding=&#8220;5%&#8220; item_padding_768_1024=&#8220;0&#8243;][vc_column_text css=&#8220;&#8220;]<\/p>\n<h4>Weitere Informationen<\/h4>\n<p>[\/vc_column_text][\/qode_elements_holder_item][qode_elements_holder_item vertical_alignment=&#8220;top&#8220; horizontal_alignment=&#8220;center&#8220; advanced_animations=&#8220;no&#8220; item_padding=&#8220;5%&#8220; item_padding_768_1024=&#8220;0&#8243;][vc_single_image image=&#8220;26136&#8243; img_size=&#8220;106&#215;150&#8243; alignment=&#8220;center&#8220; onclick=&#8220;custom_link&#8220; img_link_target=&#8220;_blank&#8220; css=&#8220;&#8220; qode_css_animation=&#8220;&#8220; link=&#8220;https:\/\/www.smith.care\/wp-content\/uploads\/2026\/04\/Distance-Pro_Faktenblatt_DE_16032026.pdf&#8220;][vc_empty_space height=&#8220;15px&#8220;][vc_column_text css=&#8220;&#8220;]<\/p>\n<p style=\"text-align: center;\"><a href=\"https:\/\/www.smith.care\/wp-content\/uploads\/2026\/04\/Distance-Pro_Faktenblatt_DE_16032026.pdf\" target=\"_blank\" rel=\"noopener\">DISTANCE-PRO-Faktenblatt (Deutsch)<\/a><\/p>\n<p style=\"text-align: center;\">Stand: 03\/2026<\/p>\n<p>[\/vc_column_text][\/qode_elements_holder_item][qode_elements_holder_item vertical_alignment=&#8220;top&#8220; horizontal_alignment=&#8220;center&#8220; advanced_animations=&#8220;no&#8220; item_padding=&#8220;5%&#8220; item_padding_768_1024=&#8220;0&#8243;][vc_single_image image=&#8220;26134&#8243; img_size=&#8220;106&#215;150&#8243; alignment=&#8220;center&#8220; onclick=&#8220;custom_link&#8220; img_link_target=&#8220;_blank&#8220; css=&#8220;&#8220; qode_css_animation=&#8220;&#8220; link=&#8220;https:\/\/www.smith.care\/wp-content\/uploads\/2026\/04\/Distance-Pro_Faktenblatt_EN_16032026.pdf&#8220;][vc_empty_space height=&#8220;15px&#8220;][vc_column_text css=&#8220;&#8220;]<\/p>\n<p style=\"text-align: center;\"><a href=\"https:\/\/www.smith.care\/wp-content\/uploads\/2026\/04\/Distance-Pro_Faktenblatt_EN_16032026.pdf\" target=\"_blank\" rel=\"noopener\">DISTANCE-PRO-Faktenblatt (Englisch)<\/a><\/p>\n<p style=\"text-align: center;\">Stand: 03\/2026<\/p>\n<p>[\/vc_column_text][\/qode_elements_holder_item][qode_elements_holder_item vertical_alignment=&#8220;top&#8220; horizontal_alignment=&#8220;center&#8220; advanced_animations=&#8220;no&#8220; item_padding=&#8220;5%&#8220; item_padding_768_1024=&#8220;0&#8243;][vc_single_image image=&#8220;25066&#8243; img_size=&#8220;106&#215;150&#8243; alignment=&#8220;center&#8220; onclick=&#8220;custom_link&#8220; img_link_target=&#8220;_blank&#8220; css=&#8220;&#8220; qode_css_animation=&#8220;&#8220; link=&#8220;https:\/\/www.smith.care\/wp-content\/uploads\/2025\/09\/Distance_Poster_A0_web.pdf&#8220;][vc_empty_space height=&#8220;15px&#8220;][vc_column_text css=&#8220;&#8220;]<\/p>\n<p style=\"text-align: center;\"><a href=\"https:\/\/www.smith.care\/wp-content\/uploads\/2025\/09\/Distance_Poster_A0_web.pdf\" target=\"_blank\" rel=\"noopener\">DISTANCE-Poster<\/a><\/p>\n<p style=\"text-align: center;\">(Deutsch)<\/p>\n<p style=\"text-align: center;\">Stand: 09\/2025<\/p>\n<p>[\/vc_column_text][\/qode_elements_holder_item][qode_elements_holder_item vertical_alignment=&#8220;top&#8220; horizontal_alignment=&#8220;center&#8220; advanced_animations=&#8220;no&#8220; item_padding=&#8220;5%&#8220; item_padding_768_1024=&#8220;0&#8243;][vc_single_image image=&#8220;25064&#8243; img_size=&#8220;106&#215;150&#8243; alignment=&#8220;center&#8220; onclick=&#8220;custom_link&#8220; img_link_target=&#8220;_blank&#8220; css=&#8220;&#8220; qode_css_animation=&#8220;&#8220; link=&#8220;https:\/\/www.smith.care\/wp-content\/uploads\/2025\/09\/Digihubs_Poster_web.pdf&#8220;][vc_empty_space height=&#8220;15px&#8220;][vc_column_text css=&#8220;&#8220;]<\/p>\n<p style=\"text-align: center;\"><a href=\"https:\/\/www.smith.care\/wp-content\/uploads\/2025\/09\/Digihubs_Poster_web.pdf\" target=\"_blank\" rel=\"noopener\">DigiHubs-Poster<\/a><\/p>\n<p style=\"text-align: center;\">(Deutsch)<\/p>\n<p style=\"text-align: center;\">Stand: 09\/2025<\/p>\n<p>[\/vc_column_text][\/qode_elements_holder_item][qode_elements_holder_item advanced_animations=&#8220;no&#8220; item_padding=&#8220;5%&#8220; item_padding_768_1024=&#8220;0&#8243;][\/qode_elements_holder_item][\/qode_elements_holder][\/vc_column][\/vc_row][vc_row css_animation=&#8220;&#8220; row_type=&#8220;row&#8220; use_row_as_full_screen_section=&#8220;no&#8220; type=&#8220;grid&#8220; angled_section=&#8220;no&#8220; text_align=&#8220;left&#8220; background_image_as_pattern=&#8220;without_pattern&#8220; z_index=&#8220;&#8220; css=&#8220;.vc_custom_1626173347905{background-color: #e0f4fc !important;}&#8220;][vc_column][qode_elements_holder number_of_columns=&#8220;one_column&#8220;][qode_elements_holder_item horizontal_alignment=&#8220;left&#8220; advanced_animations=&#8220;no&#8220; item_padding_480_600=&#8220;40px 0px&#8220; item_padding_480=&#8220;40px 0px&#8220; item_padding=&#8220;50px 0px&#8220;][vc_column_text css=&#8220;.vc_custom_1759839304756{padding-bottom: 25px !important;}&#8220;]<\/p>\n<h3>\u00dcber die Digitalen FortschrittsHubs Gesundheit<\/h3>\n<p>[\/vc_column_text][vc_column_text css=&#8220;&#8220;]Die Digitalen FortschrittsHubs Gesundheit (DigiHubs) bringen seit 2021 die Arbeiten der Medizininformatik-Initiative (MII) zur Vernetzung von Forschung und Versorgung in alle Bereiche des Gesundheitssystems. Ausgangspunkt eines Hubs ist das Datenintegrationszentrum (DIZ) einer Uniklinik. Ein DIZ vernetzt sich mit regionalen Partnern \u2013 darunter Krankenh\u00e4user, Arztpraxen, Rehabilitations- und Pflegeeinrichtungen sowie Rettungsdienste. In der ersten F\u00f6rderphase bis 2025 wurden die Grundlagen f\u00fcr den sektor\u00fcbergreifenden Datenaustausch geschaffen. Seit Mitte 2025 intensivieren die sieben DigiHubs ihre Zusammenarbeit, um die zuvor etablierten Strukturen auszubauen und bundesweit zu vernetzen.[\/vc_column_text][vc_empty_space height=&#8220;20px&#8220;][vc_column_text]<a href=\"https:\/\/www.gesundheitsforschung-bmbf.de\/de\/medizininformatik-dossier.php\" target=\"_blank\" rel=\"noopener\">Medizininformatik-Initiative<\/a>[\/vc_column_text][vc_empty_space height=&#8220;15px&#8220;][vc_column_text]<a href=\"https:\/\/www.gesundheitsforschung-bmbf.de\/de\/Digitale-FortschrittsHubs-Gesundheit.php\" target=\"_blank\" rel=\"noopener\">Digitale FortschrittsHubs Gesundheit<\/a>[\/vc_column_text][\/qode_elements_holder_item][\/qode_elements_holder][\/vc_column][\/vc_row]<\/p>\n<\/div>","protected":false},"excerpt":{"rendered":"<p>[vc_row css_animation=&#8220;&#8220; row_type=&#8220;row&#8220; use_row_as_full_screen_section=&#8220;no&#8220; type=&#8220;grid&#8220; angled_section=&#8220;no&#8220; text_align=&#8220;left&#8220; background_image_as_pattern=&#8220;without_pattern&#8220; z_index=&#8220;&#8220; css=&#8220;.vc_custom_1620300438259{background-color: #f5f6f6 !important;}&#8220;][vc_column][qode_elements_holder number_of_columns=&#8220;one_column&#8220;][qode_elements_holder_item advanced_animations=&#8220;no&#8220; item_padding=&#8220;5% 0&#8243; item_padding_480_600=&#8220;20px 0px 20px 0px&#8220; item_padding_480=&#8220;20px 0px 20px 0px&#8220;][vc_column_text css=&#8220;&#8220;] DISTANCE:PRO \u2013 Digital Smart Hub for Advanced Connected Care Professional [\/vc_column_text][vc_empty_space height=&#8220;15px&#8220;][vc_column_text css=&#8220;.vc_custom_1773823990282{padding-bottom: 5% !important;}&#8220;] Mit digitalen L\u00f6sungen Therapie und&#8230;<\/p>\n","protected":false},"author":5,"featured_media":0,"parent":20499,"menu_order":1,"comment_status":"closed","ping_status":"closed","template":"full_width.php","meta":{"footnotes":""},"class_list":["post-6521","page","type-page","status-publish","hentry"],"_links":{"self":[{"href":"https:\/\/www.smith.care\/de\/wp-json\/wp\/v2\/pages\/6521","targetHints":{"allow":["GET"]}}],"collection":[{"href":"https:\/\/www.smith.care\/de\/wp-json\/wp\/v2\/pages"}],"about":[{"href":"https:\/\/www.smith.care\/de\/wp-json\/wp\/v2\/types\/page"}],"author":[{"embeddable":true,"href":"https:\/\/www.smith.care\/de\/wp-json\/wp\/v2\/users\/5"}],"replies":[{"embeddable":true,"href":"https:\/\/www.smith.care\/de\/wp-json\/wp\/v2\/comments?post=6521"}],"version-history":[{"count":156,"href":"https:\/\/www.smith.care\/de\/wp-json\/wp\/v2\/pages\/6521\/revisions"}],"predecessor-version":[{"id":25056,"href":"https:\/\/www.smith.care\/de\/wp-json\/wp\/v2\/pages\/6521\/revisions\/25056"}],"up":[{"embeddable":true,"href":"https:\/\/www.smith.care\/de\/wp-json\/wp\/v2\/pages\/20499"}],"wp:attachment":[{"href":"https:\/\/www.smith.care\/de\/wp-json\/wp\/v2\/media?parent=6521"}],"curies":[{"name":"wp","href":"https:\/\/api.w.org\/{rel}","templated":true}]}}