{"id":8433,"date":"2021-06-10T11:48:08","date_gmt":"2021-06-10T09:48:08","guid":{"rendered":"https:\/\/www.smith.care\/?page_id=8433"},"modified":"2023-10-26T11:40:05","modified_gmt":"2023-10-26T09:40:05","slug":"smith-auf-der-dmea-sparks-2","status":"publish","type":"page","link":"https:\/\/www.smith.care\/de\/aktuelles\/smith-auf-der-dmea-sparks-2\/","title":{"rendered":"SMITH auf der DMEA sparks"},"content":{"rendered":"<div class=\"wpb-content-wrapper\"><p>[vc_row css_animation=&#8220;&#8220; row_type=&#8220;row&#8220; use_row_as_full_screen_section=&#8220;no&#8220; type=&#8220;full_width&#8220; angled_section=&#8220;no&#8220; text_align=&#8220;left&#8220; background_image_as_pattern=&#8220;without_pattern&#8220;][vc_column][qode_elements_holder number_of_columns=&#8220;one_column&#8220;][qode_elements_holder_item advanced_animations=&#8220;no&#8220; item_padding=&#8220;0 0 5% 0&#8243;][vc_column_text] Herzlich willkommen zu unserem Webinar [\/vc_column_text][vc_empty_space height=&#8220;15px&#8220;][vc_column_text css=&#8220;.vc_custom_1624962101284{padding-bottom: 7% !important;}&#8220;]<\/p>\n<h4>Die SMITH-Service-Plattform \u2013 Prozesse und Infrastruktur f\u00fcr die sekund\u00e4re Datennutzung im SMITH-Konsortium<\/h4>\n<p>[\/vc_column_text]<div class=\"qode_video_box disabled_hover_overlay\">\n\t<a itemprop=\"image\" class=\"qode_video_image\" href=\"https:\/\/youtu.be\/4GE74e-mw1k\" data-rel=\"prettyPhoto\">\n\t\t\t\n\t\t\t<img decoding=\"async\" src=\"https:\/\/www.smith.care\/wp-content\/uploads\/2021\/06\/Screenshot-Video-2.png\" \/>\n\t\t\t<span class=\"qode_video_box_button_holder\">\n\t\t\t\t<span class=\"qode_video_box_button\">\n\t\t\t\t\t<span class=\"qode_video_box_button_arrow\">\n\t\t\t\t\t<\/span>\n\t\t\t\t<\/span>\n\t\t\t<\/span>\n\t\t\t<\/a>\n<\/div>[vc_column_text css=&#8220;.vc_custom_1626870282163{padding-bottom: 7% !important;}&#8220;]<\/p>\n<div class=\"videoquelle\" style=\"text-align: left;\">Video-Weiterleitung zu Youtube<\/div>\n<p>[\/vc_column_text][\/qode_elements_holder_item][\/qode_elements_holder][\/vc_column][\/vc_row][vc_row css_animation=&#8220;&#8220; row_type=&#8220;row&#8220; use_row_as_full_screen_section=&#8220;no&#8220; type=&#8220;full_width&#8220; angled_section=&#8220;no&#8220; text_align=&#8220;left&#8220; background_image_as_pattern=&#8220;without_pattern&#8220;][vc_column][qode_elements_holder number_of_columns=&#8220;one_column&#8220;][qode_elements_holder_item advanced_animations=&#8220;no&#8220; item_padding=&#8220;0 0 5% 0&#8243;][vc_column_text]<\/p>\n<h4>Inhalt:<\/h4>\n<p>[\/vc_column_text][vc_empty_space height=&#8220;15px&#8220;][vc_column_text]<\/p>\n<p>Medizinische Forschung auf Basis der Wiederverwendung, Zusammenf\u00fchrung und Analyse medizinischer Daten aus verschiedenen Quellen bietet zunehmend Potential f\u00fcr die Entwicklung neuer oder verbesserter Behandlungsmethoden, Pharmazeutika und Technologien. Bislang fehlen Prozesse und Werkzeuge zur effizienten Aufbereitung und Bereitstellung der Daten aus der klinischen Versorgung.<\/p>\n<p>[\/vc_column_text][vc_empty_space height=&#8220;15px&#8220;][vc_column_text]<\/p>\n<p>Smart Medical Technology for Healthcare \u2013 kurz SMITH \u2013 ist ein durch die Medizininformatik-Initiative des Bundesministeriums f\u00fcr Bildung und Forschung (BMBF) gef\u00f6rdertes Forschungsprojekt und fokussiert auf den Aufbau und die Vernetzung von Datenintegrationszentren an den beteiligten universit\u00e4tsmedizinischen Standorten mit der Zielsetzung, Daten der klinischen Krankenversorgung f\u00fcr die klinische Forschung nutzbar zu machen. Die aktuell 19 Partner, darunter 10 Universit\u00e4tsklinika sowie weitere Partner aus Forschung und Industrie leisten somit entscheidende Schritte zur langfristigen Verbesserung der Gesundheitsversorgung.<\/p>\n<p>[\/vc_column_text][vc_empty_space height=&#8220;15px&#8220;][vc_column_text]<\/p>\n<p>Die SMITH Service-Plattform bietet den am Datennutzungsprozess beteiligten Akteuren einen zentralen Zugangspunkt f\u00fcr standort\u00fcbergreifende Funktionen und begleitet und steuert die erforderlichen Prozesse von der Machbarkeitsanalyse \u00fcber Datennutzungsantr\u00e4ge bis zur Datenbereitstellung aus den konnektierten Datenintegrationszentren. Im Rahmen des Beitrages<em>\u00a0Die SMITH-Service-Plattform \u2013 Prozesse und Infrastruktur f\u00fcr die sekund\u00e4re Datennutzung im SMITH-Konsortium\u00a0<\/em>werden die Anwendungsf\u00e4lle und L\u00f6sungen der SMITH Service-Plattform und der Anwendung SMITH Marketplace vorgestellt. Dabei werden die Systemarchitektur und auf internationalen Standards basierende Konzepte und Schnittstellen anhand der Anwendungsf\u00e4lle Feasibility Query und Data Use &amp; Access erl\u00e4utert.\u00a0Abschlie\u00dfend wird eine Perspektive f\u00fcr weitere Entwicklungen aufgezeigt.<\/p>\n<p>[\/vc_column_text][\/qode_elements_holder_item][\/qode_elements_holder][\/vc_column][\/vc_row][vc_row css_animation=&#8220;&#8220; row_type=&#8220;row&#8220; use_row_as_full_screen_section=&#8220;no&#8220; type=&#8220;full_width&#8220; angled_section=&#8220;no&#8220; text_align=&#8220;left&#8220; background_image_as_pattern=&#8220;without_pattern&#8220;][vc_column][qode_elements_holder number_of_columns=&#8220;two_columns&#8220; columns_proportion=&#8220;25_75&#8243;][qode_elements_holder_item advanced_animations=&#8220;no&#8220; item_padding=&#8220;0 0 3% 0&#8243;][vc_column_text]<\/p>\n<h4>Referent:<\/h4>\n<p>[\/vc_column_text][\/qode_elements_holder_item][\/qode_elements_holder][qode_elements_holder number_of_columns=&#8220;two_columns&#8220; columns_proportion=&#8220;25_75&#8243;][qode_elements_holder_item vertical_alignment=&#8220;top&#8220; advanced_animations=&#8220;no&#8220;][vc_single_image image=&#8220;9307&#8243; img_size=&#8220;200&#215;200&#8243; qode_css_animation=&#8220;&#8220;][\/qode_elements_holder_item][qode_elements_holder_item vertical_alignment=&#8220;top&#8220; advanced_animations=&#8220;no&#8220; item_padding=&#8220;0 5% 5% 5%&#8220;][vc_column_text]<strong>Marcel Kl\u00f6tgen <\/strong><br \/>\nWissenschaftlicher Mitarbeiter<br \/>\nAbteilung HealthCare<br \/>\nFraunhofer-Institut f\u00fcr Software- und Systemtechnik (ISST)<br \/>\nEmil-Figge-Stra\u00dfe 91<br \/>\n44227 Dortmund[\/vc_column_text][vc_empty_space height=&#8220;15px&#8220;][vc_column_text]<em>Lebenslauf:<\/em><br \/>\nMarcel Kl\u00f6tgen ist 37 Jahre alt und arbeitet seit 2018 als wissenschaftlicher Mitarbeiter am Fraunhofer Institut f\u00fcr Software- und Systemtechnik (ISST). Als Projektleiter f\u00fcr SMITH ist er mit der Entwicklung des SMITH Marketplace und der Schnittstellenkonzeption der SMITH Service-Plattform betraut. Nach dem Studium der Medizinischen Informatik war er als Softwareentwickler und Entwicklungsleiter im Bereich intersektoraler Kommunikation im Gesundheitswesen t\u00e4tig.[\/vc_column_text][\/qode_elements_holder_item][\/qode_elements_holder][\/vc_column][\/vc_row]<\/p>\n<\/div>","protected":false},"excerpt":{"rendered":"<p>[vc_row css_animation=&#8220;&#8220; row_type=&#8220;row&#8220; use_row_as_full_screen_section=&#8220;no&#8220; type=&#8220;full_width&#8220; angled_section=&#8220;no&#8220; text_align=&#8220;left&#8220; background_image_as_pattern=&#8220;without_pattern&#8220;][vc_column][qode_elements_holder number_of_columns=&#8220;one_column&#8220;][qode_elements_holder_item advanced_animations=&#8220;no&#8220; item_padding=&#8220;0 0 5% 0&#8243;][vc_column_text] Herzlich willkommen zu unserem Webinar [\/vc_column_text][vc_empty_space height=&#8220;15px&#8220;][vc_column_text css=&#8220;.vc_custom_1624962101284{padding-bottom: 7% !important;}&#8220;] Die SMITH-Service-Plattform \u2013 Prozesse und Infrastruktur f\u00fcr die sekund\u00e4re Datennutzung im SMITH-Konsortium [\/vc_column_text][vc_column_text css=&#8220;.vc_custom_1626870282163{padding-bottom: 7% !important;}&#8220;] Video-Weiterleitung zu Youtube [\/vc_column_text][\/qode_elements_holder_item][\/qode_elements_holder][\/vc_column][\/vc_row][vc_row css_animation=&#8220;&#8220;&#8230;<\/p>\n","protected":false},"author":5,"featured_media":0,"parent":11388,"menu_order":9,"comment_status":"closed","ping_status":"closed","template":"","meta":{"footnotes":""},"class_list":["post-8433","page","type-page","status-publish","hentry"],"_links":{"self":[{"href":"https:\/\/www.smith.care\/de\/wp-json\/wp\/v2\/pages\/8433","targetHints":{"allow":["GET"]}}],"collection":[{"href":"https:\/\/www.smith.care\/de\/wp-json\/wp\/v2\/pages"}],"about":[{"href":"https:\/\/www.smith.care\/de\/wp-json\/wp\/v2\/types\/page"}],"author":[{"embeddable":true,"href":"https:\/\/www.smith.care\/de\/wp-json\/wp\/v2\/users\/5"}],"replies":[{"embeddable":true,"href":"https:\/\/www.smith.care\/de\/wp-json\/wp\/v2\/comments?post=8433"}],"version-history":[{"count":20,"href":"https:\/\/www.smith.care\/de\/wp-json\/wp\/v2\/pages\/8433\/revisions"}],"predecessor-version":[{"id":10184,"href":"https:\/\/www.smith.care\/de\/wp-json\/wp\/v2\/pages\/8433\/revisions\/10184"}],"up":[{"embeddable":true,"href":"https:\/\/www.smith.care\/de\/wp-json\/wp\/v2\/pages\/11388"}],"wp:attachment":[{"href":"https:\/\/www.smith.care\/de\/wp-json\/wp\/v2\/media?parent=8433"}],"curies":[{"name":"wp","href":"https:\/\/api.w.org\/{rel}","templated":true}]}}