{"id":16615,"date":"2023-01-30T11:01:47","date_gmt":"2023-01-30T10:01:47","guid":{"rendered":"https:\/\/www.smith.care\/?page_id=16615"},"modified":"2025-02-27T11:08:24","modified_gmt":"2025-02-27T10:08:24","slug":"project-partners_smith","status":"publish","type":"page","link":"https:\/\/www.smith.care\/en\/smith-consortium\/project-partners_smith\/","title":{"rendered":"Project Partners SMITH"},"content":{"rendered":"<div class=\"wpb-content-wrapper\"><p>[vc_row css_animation=&#8221;&#8221; row_type=&#8221;row&#8221; use_row_as_full_screen_section=&#8221;no&#8221; type=&#8221;full_width&#8221; angled_section=&#8221;no&#8221; text_align=&#8221;left&#8221; background_image_as_pattern=&#8221;without_pattern&#8221; z_index=&#8221;&#8221; css=&#8221;.vc_custom_1612873745229{background-color: #ffffff !important;}&#8221;][vc_column][qode_elements_holder number_of_columns=&#8221;two_columns&#8221; switch_to_one_column=&#8221;768&#8243;][qode_elements_holder_item advanced_animations=&#8221;no&#8221; item_padding_480_600=&#8221;5%&#8221; item_padding_480=&#8221;5%&#8221; background_color=&#8221;#ffffff&#8221; item_padding=&#8221;5%&#8221;][vc_single_image image=&#8221;24338&#8243; img_size=&#8221;full&#8221; alignment=&#8221;center&#8221; css=&#8221;&#8221; qode_css_animation=&#8221;&#8221;][\/qode_elements_holder_item][qode_elements_holder_item vertical_alignment=&#8221;top&#8221; advanced_animations=&#8221;no&#8221; item_padding=&#8221;5%&#8221; background_color=&#8221;#e0f4fc&#8221; item_padding_600_768=&#8221;8%&#8221; item_padding_480_600=&#8221;8%&#8221; item_padding_480=&#8221;8%&#8221;][vc_column_text]<\/p>\n<h2>Consolidation and Extension Phase (2023 &#8211; 2026)<\/h2>\n<p>[\/vc_column_text][vc_empty_space height=&#8221;40px&#8221;][vc_column_text]<\/p>\n<h3>Consortium Management<\/h3>\n<p>[\/vc_column_text][vc_empty_space height=&#8221;20px&#8221;][vc_column_text]<strong>Leipzig<\/strong> | Leipzig University, SMITH Office[\/vc_column_text][vc_empty_space height=&#8221;40px&#8221;][vc_column_text]<\/p>\n<h3>Consortium Partners<\/h3>\n<p>[\/vc_column_text][vc_empty_space height=&#8221;20px&#8221;][vc_column_text]<strong>Aachen |\u00a0<\/strong>University Hospital RWTH Aachen[\/vc_column_text][vc_empty_space height=&#8221;15px&#8221;][vc_column_text]<strong>Bochum | <\/strong>Ruhr University Bochum[\/vc_column_text][vc_empty_space height=&#8221;15px&#8221;][vc_column_text]<strong>Bonn | <\/strong>University Hospital Bonn[\/vc_column_text][vc_empty_space height=&#8221;15px&#8221;][vc_column_text]<strong>D\u00fcsseldorf |\u00a0<\/strong>D\u00fcsseldorf University Hospital[\/vc_column_text][vc_empty_space height=&#8221;15px&#8221;][vc_column_text]<strong>Essen |\u00a0<\/strong>Essen University Hospital[\/vc_column_text][vc_empty_space height=&#8221;15px&#8221;][vc_column_text]<strong>Halle |\u00a0<\/strong>University Medicine Halle[\/vc_column_text][vc_empty_space height=&#8221;15px&#8221;][vc_column_text]<strong>Hamburg |\u00a0<\/strong>University Medical Center Hamburg-Eppendorf[\/vc_column_text][vc_empty_space height=&#8221;15px&#8221;][vc_column_text]<strong>Jena |\u00a0<\/strong>Jena University Hospital[\/vc_column_text][vc_empty_space height=&#8221;15px&#8221;][vc_column_text]<strong>Leipzig |\u00a0<\/strong>Leipzig University Medical Center[\/vc_column_text][vc_empty_space height=&#8221;15px&#8221;][vc_column_text]<strong>Rostock | <\/strong>University Medical Center Rostock[\/vc_column_text][vc_empty_space height=&#8221;40px&#8221;][vc_column_text]<\/p>\n<h3>Associated Partner<\/h3>\n<p>[\/vc_column_text][vc_empty_space height=&#8221;20px&#8221;][vc_column_text]<strong>Halle | <\/strong>Martin-Luther University Halle-Wittenberg[\/vc_column_text][vc_empty_space height=&#8221;40px&#8221;][vc_column_text]<\/p>\n<h3>Coordination Office Medical Informatics Initiative<\/h3>\n<p>[\/vc_column_text][vc_empty_space height=&#8221;20px&#8221;][vc_column_text]<strong>Berlin | <\/strong>TMF e. V. Head Office[\/vc_column_text][vc_empty_space height=&#8221;20px&#8221;][vc_separator type=&#8221;small&#8221; position=&#8221;left&#8221; width_in_percentages=&#8221;yes&#8221; width=&#8221;30&#8243; color=&#8221;#22c4e5&#8243;][vc_empty_space height=&#8221;20px&#8221;][vc_column_text]<\/p>\n<h4>During the <strong>Development and Networking Phase (2018-2022)<\/strong>, we were also supported by:<\/h4>\n<p>[\/vc_column_text][vc_empty_space height=&#8221;20px&#8221;][vc_column_text]Averbis GmbH | Bayer AG | Forschungszentrum J\u00fclich | Fraunhofer-Institut f\u00fcr Software-und Systemtechnik ISST | Friedrich-Schiller-Universit\u00e4t Jena | ID Information und Dokumentation im Gesundheitswesen GmbH &amp; Co. KGaA | M\u00e4rz Internetwork Services AG | RWTH Aachen University[\/vc_column_text][vc_empty_space height=&#8221;20px&#8221;][\/qode_elements_holder_item][\/qode_elements_holder][\/vc_column][\/vc_row][vc_row css_animation=&#8221;&#8221; row_type=&#8221;row&#8221; use_row_as_full_screen_section=&#8221;no&#8221; type=&#8221;grid&#8221; angled_section=&#8221;no&#8221; text_align=&#8221;center&#8221; background_image_as_pattern=&#8221;without_pattern&#8221; z_index=&#8221;&#8221; css=&#8221;.vc_custom_1680771320549{margin-top: 3% !important;margin-bottom: 3% !important;background-color: #f5f6f6 !important;}&#8221;][vc_column css=&#8221;.vc_custom_1680770689184{margin-right: 0px !important;margin-left: 0px !important;}&#8221;][qode_elements_holder number_of_columns=&#8221;one_column&#8221;][qode_elements_holder_item vertical_alignment=&#8221;middle&#8221; horizontal_alignment=&#8221;center&#8221; advanced_animations=&#8221;no&#8221; background_color=&#8221;#ffffff&#8221; item_padding=&#8221;3%&#8221; custom_class=&#8221;partner_desktop&#8221;][qode_clients columns=&#8221;five_columns&#8221; hover_effect=&#8221;switch_img&#8221; switch_effect=&#8221;switch_fade&#8221; disable_separators=&#8221;&#8221;][qode_client link_target=&#8221;_blank&#8221; hover_image=&#8221;4542&#8243; link=&#8221;https:\/\/www.uniklinikum-leipzig.de\/wissenschaft-forschung\/medizinische-fakult%C3%A4t\/organisation&#8221; image=&#8221;4584&#8243;][qode_client link_target=&#8221;_blank&#8221; image=&#8221;4546&#8243; hover_image=&#8221;1973&#8243; link=&#8221;https:\/\/www.ukaachen.de\/en&#8221;][qode_client link_target=&#8221;_blank&#8221; image=&#8221;4508&#8243; hover_image=&#8221;1957&#8243; link=&#8221;https:\/\/www.ukbonn.de\/patient_innen\/international\/english\/&#8221;][qode_client link_target=&#8221;_blank&#8221; image=&#8221;16572&#8243; hover_image=&#8221;16570&#8243; link=&#8221;https:\/\/www.ruhr-uni-bochum.de\/en&#8221;][qode_client link_target=&#8221;_blank&#8221; image=&#8221;4506&#8243; hover_image=&#8221;2062&#8243; link=&#8221;https:\/\/www.uniklinik-duesseldorf.de\/&#8221;][qode_client link_target=&#8221;_blank&#8221; image=&#8221;4534&#8243; hover_image=&#8221;1969&#8243; link=&#8221;https:\/\/www.ume.de\/universitaetsmedizin-essen\/&#8221;][qode_client link_target=&#8221;_blank&#8221; image=&#8221;4504&#8243; hover_image=&#8221;1961&#8243; link=&#8221;https:\/\/www.umh.de\/en\/&#8221;][qode_client link_target=&#8221;_blank&#8221; image=&#8221;4502&#8243; hover_image=&#8221;1949&#8243; link=&#8221;https:\/\/www.uke.de\/english\/index.html&#8221;][qode_client link_target=&#8221;_blank&#8221; image=&#8221;4500&#8243; hover_image=&#8221;1953&#8243; link=&#8221;https:\/\/www.uniklinikum-jena.de\/en&#8221;][qode_client link_target=&#8221;_blank&#8221; image=&#8221;20264&#8243; hover_image=&#8221;1965&#8243; link=&#8221;https:\/\/www.uniklinikum-leipzig.de\/en&#8221;][qode_client link_target=&#8221;_blank&#8221; image=&#8221;4530&#8243; hover_image=&#8221;23896&#8243; link=&#8221;https:\/\/www.med.uni-rostock.de\/en\/&#8221;][qode_client link_target=&#8221;_blank&#8221; image=&#8221;22054&#8243; hover_image=&#8221;22056&#8243; link=&#8221;https:\/\/www.medfak.uni-halle.de\/&#8221;][qode_client link_target=&#8221;_blank&#8221; image=&#8221;17361&#8243; hover_image=&#8221;17361&#8243; link=&#8221;https:\/\/www.smith.care&#8221;][qode_client link_target=&#8221;_blank&#8221; image=&#8221;3462&#8243; hover_image=&#8221;3462&#8243; link=&#8221;https:\/\/www.tmf-ev.de&#8221;][\/qode_clients][\/qode_elements_holder_item][\/qode_elements_holder][\/vc_column][\/vc_row]<\/p>\n<\/div>","protected":false},"excerpt":{"rendered":"<p>[vc_row css_animation=&#8221;&#8221; row_type=&#8221;row&#8221; use_row_as_full_screen_section=&#8221;no&#8221; type=&#8221;full_width&#8221; angled_section=&#8221;no&#8221; text_align=&#8221;left&#8221; background_image_as_pattern=&#8221;without_pattern&#8221; z_index=&#8221;&#8221; css=&#8221;.vc_custom_1612873745229{background-color: #ffffff !important;}&#8221;][vc_column][qode_elements_holder number_of_columns=&#8221;two_columns&#8221; switch_to_one_column=&#8221;768&#8243;][qode_elements_holder_item advanced_animations=&#8221;no&#8221; item_padding_480_600=&#8221;5%&#8221; item_padding_480=&#8221;5%&#8221; background_color=&#8221;#ffffff&#8221; item_padding=&#8221;5%&#8221;][vc_single_image image=&#8221;24338&#8243; img_size=&#8221;full&#8221; alignment=&#8221;center&#8221; css=&#8221;&#8221; qode_css_animation=&#8221;&#8221;][\/qode_elements_holder_item][qode_elements_holder_item vertical_alignment=&#8221;top&#8221; advanced_animations=&#8221;no&#8221; item_padding=&#8221;5%&#8221; background_color=&#8221;#e0f4fc&#8221; item_padding_600_768=&#8221;8%&#8221; item_padding_480_600=&#8221;8%&#8221; item_padding_480=&#8221;8%&#8221;][vc_column_text] Consolidation and Extension Phase (2023 &#8211; 2026) [\/vc_column_text][vc_empty_space height=&#8221;40px&#8221;][vc_column_text] Consortium Management [\/vc_column_text][vc_empty_space height=&#8221;20px&#8221;][vc_column_text]Leipzig |&#8230;<\/p>\n","protected":false},"author":13,"featured_media":0,"parent":20492,"menu_order":4,"comment_status":"closed","ping_status":"closed","template":"full_width.php","meta":{"footnotes":""},"class_list":["post-16615","page","type-page","status-publish","hentry"],"_links":{"self":[{"href":"https:\/\/www.smith.care\/en\/wp-json\/wp\/v2\/pages\/16615","targetHints":{"allow":["GET"]}}],"collection":[{"href":"https:\/\/www.smith.care\/en\/wp-json\/wp\/v2\/pages"}],"about":[{"href":"https:\/\/www.smith.care\/en\/wp-json\/wp\/v2\/types\/page"}],"author":[{"embeddable":true,"href":"https:\/\/www.smith.care\/en\/wp-json\/wp\/v2\/users\/13"}],"replies":[{"embeddable":true,"href":"https:\/\/www.smith.care\/en\/wp-json\/wp\/v2\/comments?post=16615"}],"version-history":[{"count":44,"href":"https:\/\/www.smith.care\/en\/wp-json\/wp\/v2\/pages\/16615\/revisions"}],"predecessor-version":[{"id":24341,"href":"https:\/\/www.smith.care\/en\/wp-json\/wp\/v2\/pages\/16615\/revisions\/24341"}],"up":[{"embeddable":true,"href":"https:\/\/www.smith.care\/en\/wp-json\/wp\/v2\/pages\/20492"}],"wp:attachment":[{"href":"https:\/\/www.smith.care\/en\/wp-json\/wp\/v2\/media?parent=16615"}],"curies":[{"name":"wp","href":"https:\/\/api.w.org\/{rel}","templated":true}]}}