{"id":5546,"date":"2020-06-02T09:46:04","date_gmt":"2020-06-02T07:46:04","guid":{"rendered":"https:\/\/www.smith.care\/?page_id=5546"},"modified":"2025-07-08T12:26:43","modified_gmt":"2025-07-08T10:26:43","slug":"use-case-help","status":"publish","type":"page","link":"https:\/\/www.smith.care\/en\/research\/use-case-help\/","title":{"rendered":"Use Case HELP"},"content":{"rendered":"<div class=\"wpb-content-wrapper\"><p>[vc_row css_animation=&#8221;&#8221; row_type=&#8221;row&#8221; use_row_as_full_screen_section=&#8221;no&#8221; type=&#8221;grid&#8221; angled_section=&#8221;no&#8221; text_align=&#8221;left&#8221; background_image_as_pattern=&#8221;without_pattern&#8221; z_index=&#8221;&#8221; css=&#8221;.vc_custom_1620732136129{padding-top: 0px !important;padding-right: 0px !important;padding-bottom: 0px !important;padding-left: 0px !important;background-color: #f5f6f6 !important;}&#8221;][vc_column][qode_elements_holder number_of_columns=&#8221;one_column&#8221;][qode_elements_holder_item advanced_animations=&#8221;no&#8221; item_padding=&#8221;5% 0&#8243; item_padding_480_600=&#8221;20px 0px 20px 0px&#8221; item_padding_480=&#8221;20px 0px 20px 0px&#8221;][vc_column_text]<\/p>\n<h2>Clinical Use Case HELP<\/h2>\n<p>[\/vc_column_text][vc_empty_space height=&#8221;15px&#8221;][vc_column_text css=&#8221;.vc_custom_1623757790964{padding-bottom: 5% !important;}&#8221;]<\/p>\n<h3>Guideline-based Use of Antibiotics in Infectious Medicine<\/h3>\n<p>[\/vc_column_text][vc_column_text]Any treatment with antibiotics can promote the development of resistance in pathogenic microorganisms. It is therefore important to target the use of antibiotics in order to limit overtreatment and undertreatment. At the same time, bloodstream infections, including sepsis, are a widespread problem in hospitals, with the adequate use of antibiotics being a particular challenge.[\/vc_column_text][\/qode_elements_holder_item][\/qode_elements_holder][\/vc_column][\/vc_row][vc_row css_animation=&#8221;&#8221; row_type=&#8221;row&#8221; use_row_as_full_screen_section=&#8221;no&#8221; type=&#8221;grid&#8221; angled_section=&#8221;no&#8221; text_align=&#8221;left&#8221; background_image_as_pattern=&#8221;without_pattern&#8221; z_index=&#8221;&#8221; css=&#8221;.vc_custom_1620640126294{background-color: #f5f6f6 !important;}&#8221;][vc_column css=&#8221;.vc_custom_1620729583853{padding-top: 0px !important;padding-right: 0px !important;padding-bottom: 0px !important;padding-left: 0px !important;background-color: #ffffff !important;}&#8221;][qode_elements_holder number_of_columns=&#8221;two_columns&#8221;][qode_elements_holder_item vertical_alignment=&#8221;middle&#8221; advanced_animations=&#8221;no&#8221; item_padding=&#8221;5%&#8221;][vc_single_image image=&#8221;23457&#8243; img_size=&#8221;full&#8221; css=&#8221;&#8221; qode_css_animation=&#8221;&#8221;][\/qode_elements_holder_item][qode_elements_holder_item vertical_alignment=&#8221;middle&#8221; horizontal_alignment=&#8221;left&#8221; advanced_animations=&#8221;no&#8221; item_padding=&#8221;5%&#8221;][vc_column_text css=&#8221;.vc_custom_1623757799036{padding-bottom: 10% !important;}&#8221;]<\/p>\n<h3>Use Case HELP<\/h3>\n<p>[\/vc_column_text]<div class='q_icon_with_title tiny circle left_from_title '><div class=\"icon_text_holder\" style=\"\"><div class=\"icon_text_inner\" style=\"\"><div class=\"icon_title_holder\"><div class=\"icon_holder \" style=\" \"><span data-icon-type=\"circle\"   class=\"qode_iwt_icon_holder fa-stack fa-lg  \" style=\"border-color: #66C4D8;background-color: #66C4D8;\"><i class=\"qodef-icon-dripicons dripicon dripicons-pill qode_iwt_icon_element\" style=\"color: #ffffff;\" ><\/i><\/span><\/div><h5 class=\"icon_title\" style=\"\">Targeted use of antibiotics in staphylococcal bloodstream infections<\/h5><\/div><p style=''><\/p><\/div><\/div><\/div>[vc_empty_space height=&#8221;20px&#8221;]<div class='q_icon_with_title tiny circle left_from_title '><div class=\"icon_text_holder\" style=\"\"><div class=\"icon_text_inner\" style=\"\"><div class=\"icon_title_holder\"><div class=\"icon_holder \" style=\" \"><span data-icon-type=\"circle\"   class=\"qode_iwt_icon_holder fa-stack fa-lg  \" style=\"border-color: #66C4D8;background-color: #66C4D8;\"><i class=\"qodef-icon-dripicons dripicon dripicons-medical qode_iwt_icon_element\" style=\"color: #ffffff;\" ><\/i><\/span><\/div><h5 class=\"icon_title\" style=\"\">Decision-making support for physicians in diagnostic and therapeutic steps via the HELP App<\/h5><\/div><p style=''><\/p><\/div><\/div><\/div>[vc_empty_space height=&#8221;20px&#8221;]<div class='q_icon_with_title tiny circle left_from_title '><div class=\"icon_text_holder\" style=\"\"><div class=\"icon_text_inner\" style=\"\"><div class=\"icon_title_holder\"><div class=\"icon_holder \" style=\" \"><span data-icon-type=\"circle\"   class=\"qode_iwt_icon_holder fa-stack fa-lg  \" style=\"border-color: #66C4D8;background-color: #66C4D8;\"><i class=\"qodef-icon-dripicons dripicon dripicons-wrong qode_iwt_icon_element\" style=\"color: #ffffff;\" ><\/i><\/span><\/div><h5 class=\"icon_title\" style=\"\">Avoidance of antibiotic-related multi-drug resistance and side effects<\/h5><\/div><p style=''><\/p><\/div><\/div><\/div>[vc_empty_space height=&#8221;20px&#8221;]<div class='q_icon_with_title tiny circle left_from_title '><div class=\"icon_text_holder\" style=\"\"><div class=\"icon_text_inner\" style=\"\"><div class=\"icon_title_holder\"><div class=\"icon_holder \" style=\" \"><span data-icon-type=\"circle\"   class=\"qode_iwt_icon_holder fa-stack fa-lg  \" style=\"border-color: #66C4D8;background-color: #66C4D8;\"><i class=\"qodef-icon-dripicons dripicon dripicons-home qode_iwt_icon_element\" style=\"color: #ffffff;\" ><\/i><\/span><\/div><h5 class=\"icon_title\" style=\"\">Participation of the University Hospitals Aachen, Essen, Halle and Leipzig under the leadership of the University Hospital Jena<\/h5><\/div><p style=''><\/p><\/div><\/div><\/div>[\/qode_elements_holder_item][\/qode_elements_holder][\/vc_column][\/vc_row][vc_row css_animation=&#8221;&#8221; row_type=&#8221;row&#8221; use_row_as_full_screen_section=&#8221;no&#8221; type=&#8221;grid&#8221; angled_section=&#8221;no&#8221; text_align=&#8221;left&#8221; background_image_as_pattern=&#8221;without_pattern&#8221; z_index=&#8221;&#8221;][vc_column][qode_elements_holder number_of_columns=&#8221;one_column&#8221;][qode_elements_holder_item advanced_animations=&#8221;no&#8221; item_padding=&#8221;5% 0 0 0&#8243;][vc_column_text]<\/p>\n<h4>Responsible treatment of staphylococcal infections<\/h4>\n<p>[\/vc_column_text][vc_empty_space height=&#8221;25px&#8221;][vc_column_text]Inappropriate use of antibiotics can be particularly problematic in the hospital setting. The more often patients are exposed to an antibiotic, the more likely it is that resistance will develop. This can make antibiotic therapy ineffective. It also increases the risk of drug-related side effects.[\/vc_column_text][vc_empty_space height=&#8221;15px&#8221;][vc_column_text]On the other hand, the correct use of antibiotics can save lives in cases of blood poisoning. Bloodstream infections caused by the bacterium <em>Staphylococcus aureus<\/em>, for example, are often associated with complications and high mortality. Appropriate antibiotic therapy can reduce mortality from staphylococcal bloodstream infections by up to 50 percent.[\/vc_column_text][vc_empty_space height=&#8221;15px&#8221;][vc_column_text]However, when staphylococci are found in blood cultures, the medical significance of the finding is often questionable. In 75 per cent of the cases, it is not an infection but a subsequent contamination of the blood culture with coagulase-negative staphylococci. Unlike <em>Staphylococcus aureus<\/em>, these bacteria are part of the normal skin flora. Nevertheless, antibiotics are often administered in clinical practice when these staphylococci are detected.[\/vc_column_text][vc_empty_space height=&#8221;15px&#8221;][vc_column_text]In order to support hospital staff in the targeted diagnosis and treatment of staphylococcal bloodstream infections, the HELP App was developed as part of the clinical Use Case HELP in the SMITH Consortium. It serves as a decision support tool for treating physicians and guides them in the responsible use of antibiotics.[\/vc_column_text][vc_empty_space height=&#8221;15px&#8221;][vc_column_text css=&#8221;&#8221;]HELP was funded by the German Federal Ministry of Education and Research (BMBF) from 01.01.2018 to 30.06.2023 as part of the SMITH Consortium.[\/vc_column_text][\/qode_elements_holder_item][\/qode_elements_holder][\/vc_column][\/vc_row][vc_row css_animation=&#8221;&#8221; row_type=&#8221;row&#8221; use_row_as_full_screen_section=&#8221;no&#8221; type=&#8221;grid&#8221; angled_section=&#8221;no&#8221; text_align=&#8221;left&#8221; background_image_as_pattern=&#8221;without_pattern&#8221; z_index=&#8221;&#8221;][vc_column][qode_elements_holder number_of_columns=&#8221;one_column&#8221;][qode_elements_holder_item advanced_animations=&#8221;no&#8221; item_padding=&#8221;3% 0 0 0&#8243; item_padding_480_600=&#8221;3% 0 10% 0&#8243; item_padding_480=&#8221;3% 0 10% 0&#8243;][vc_column_text]<\/p>\n<h4><strong>HELP App supports guideline-based antibiotic therapy<\/strong><\/h4>\n<p>[\/vc_column_text][vc_empty_space height=&#8221;25px&#8221;][vc_column_text]As part of HELP, a study was conducted at five German university hospitals in Aachen, Essen, Halle, Jena and Leipzig from 2020 to 2022. Jena University Hospital took the lead. The project was carried out in two phases: In the first phase, the HELP Manual was made available to clinicians as an electronic handbook. It provided information on the diagnosis and treatment of staphylococcal bloodstream infections and could be used as an app on stationary and mobile devices. In the second phase, the HELP App was to be developed as a medical device according to the European Union Medical Device Regulation.[\/vc_column_text][vc_empty_space height=&#8221;15px&#8221;][vc_column_text]In the first phase of the study, doctors used the HELP Manual as a decision support tool. If staphylococci were found in a patient&#8217;s blood culture at one of the five participating university hospitals, the treating physicians could use the HELP Manual as a progressive web application or download. This provided them with guideline-based information on the next diagnostic and therapeutic steps to improve patient care. Indirectly, this also aimed to prevent antibiotic-related multiresistance and optimise inpatient consultation by infectiologists. From August 2020 to the end of October 2022, all five university hospitals worked with the HELP Manual, with more than 130 wards and over 7800 patients included in the study. A digital survey on the use of the HELP Manual is currently being conducted at all participating sites. The results of the survey will be included in a publication of the overall results of the HELP study.[\/vc_column_text][\/qode_elements_holder_item][\/qode_elements_holder][\/vc_column][\/vc_row][vc_row css_animation=&#8221;&#8221; row_type=&#8221;row&#8221; use_row_as_full_screen_section=&#8221;no&#8221; type=&#8221;grid&#8221; angled_section=&#8221;no&#8221; text_align=&#8221;left&#8221; background_image_as_pattern=&#8221;without_pattern&#8221; z_index=&#8221;&#8221;][vc_column][qode_elements_holder number_of_columns=&#8221;one_column&#8221;][qode_elements_holder_item advanced_animations=&#8221;no&#8221; item_padding=&#8221;3% 0&#8243; item_padding_480_600=&#8221;3% 0 10% 0&#8243; item_padding_480=&#8221;3% 0 10% 0&#8243;][vc_column_text]<\/p>\n<h4><strong>Provision of routine medical data by Data Integration Centres has been demonstrated<\/strong><\/h4>\n<p>[\/vc_column_text][vc_empty_space height=&#8221;25px&#8221;][vc_column_text]Another aim of the HELP Use Case was to validate the functionality of the Data Integration Centres established in SMITH. This involved making routine healthcare data accessible, ensuring its quality and using it in anonymised form for the study evaluation. At the Data Integration Centres, the data needed for the study were converted into an interoperable format and made available for research. The interoperable data format is based on the HL7 FHIR standard and the <a href=\"https:\/\/www.medizininformatik-initiative.de\/en\/medical-informatics-initiatives-core-data-set\" target=\"_blank\" rel=\"noopener\">Core Data Set of the Medical Informatics Initiative<\/a>. All five university hospitals have contributed HELP data to FHIR repositories. The main challenge was to extract the data from the heterogeneous primary care IT systems and make it available in FHIR. Data preparation and extraction took place both centrally at the Jena University Hospital and decentrally using analysis scripts at the Data Integration Centres of the sites.[\/vc_column_text][vc_empty_space height=&#8221;15px&#8221;][vc_column_text]The experience gained from the HELP project in the development of computer-based decision support systems is currently being evaluated. This includes, in particular, the specificities of medical device development in a university setting. These experiences have been incorporated into the follow-up project &#8220;fit4translation&#8221;, which addresses, among other things, the regulatory framework for the development of software as a medical device.[\/vc_column_text][vc_empty_space height=&#8221;15px&#8221;][vc_column_text css=&#8221;&#8221;]HELP was funded by the German Federal Ministry of Education and Research (BMBF) from 01.01.2018 to 30.06.2023 as part of the SMITH Consortium.[\/vc_column_text][\/qode_elements_holder_item][\/qode_elements_holder][\/vc_column][\/vc_row][vc_row css_animation=&#8221;&#8221; row_type=&#8221;row&#8221; use_row_as_full_screen_section=&#8221;no&#8221; type=&#8221;full_width&#8221; angled_section=&#8221;no&#8221; text_align=&#8221;left&#8221; background_image_as_pattern=&#8221;without_pattern&#8221;][vc_column][vc_column_text]<\/p>\n<p>[\/vc_column_text][\/vc_column][\/vc_row][vc_row css_animation=&#8221;&#8221; row_type=&#8221;row&#8221; use_row_as_full_screen_section=&#8221;no&#8221; type=&#8221;grid&#8221; angled_section=&#8221;no&#8221; text_align=&#8221;left&#8221; background_image_as_pattern=&#8221;without_pattern&#8221; z_index=&#8221;&#8221; css=&#8221;.vc_custom_1620640186865{background-color: #f5f6f6 !important;}&#8221;][vc_column css=&#8221;.vc_custom_1692171272109{margin-bottom: 5% !important;background-color: #ffffff !important;}&#8221;][qode_elements_holder number_of_columns=&#8221;one_column&#8221;][qode_elements_holder_item advanced_animations=&#8221;no&#8221; item_padding_480_600=&#8221;3% 0 10% 0&#8243; item_padding_480=&#8221;3% 0 10% 0&#8243; item_padding=&#8221;1% 0&#8243;][vc_column_text css=&#8221;.vc_custom_1743678475366{padding-top: 0px !important;padding-right: 0px !important;padding-bottom: 0px !important;padding-left: 3% !important;}&#8221;]<\/p>\n<h4>Major Publications:<\/h4>\n<p>[\/vc_column_text][qode_content_slider auto_rotate=&#8221;5&#8243; direction_nav=&#8221;no&#8221; control_nav=&#8221;yes&#8221; control_nav_justify=&#8221;no&#8221; pause_on_hover=&#8221;yes&#8221;][qode_content_slider_item][vc_column_text css=&#8221;.vc_custom_1743674037386{padding-top: 3% !important;padding-right: 3% !important;padding-left: 3% !important;}&#8221;]Palm J, Alaid S, Ammon D, Brandes J, D\u00fcrschmid A, Fischer C \u2026 Wendt T, Winnekens P, Witzke O, Hagel S, Scherag A:[\/vc_column_text][vc_empty_space height=&#8221;15px&#8221;][vc_column_text css=&#8221;.vc_custom_1743674065345{padding-right: 3% !important;padding-left: 3% !important;}&#8221;]<em>Leveraging electronic medical records to evaluate a computerized decision support system for staphylococcus bacteremia<\/em>[\/vc_column_text][vc_empty_space height=&#8221;15px&#8221;][vc_column_text css=&#8221;.vc_custom_1743674243443{padding-right: 3% !important;padding-bottom: 3% !important;padding-left: 3% !important;}&#8221;]In: npj Digital Medicine 8, 180 (2025). DOI: 10.1038\/s41746-025-01569-3[\/vc_column_text][\/qode_content_slider_item][qode_content_slider_item][vc_column_text css=&#8221;.vc_custom_1692173651725{padding-top: 3% !important;padding-right: 3% !important;padding-left: 3% !important;}&#8221;]Scherag A, Alaid S, Ammon D, Brandes J, D\u00fcrschmid A, Fortmann J, Friebel K, Hagel S, He D, Hetfeld P, Geihs S, Ihle R, Kahle S, Koi V, Konik M, Kretzschmann F, Kruse H, Lippmann N, L\u00fcbbert C, Marx G, Mikolajczyk R, Moritz S, M\u00fcller C, M\u00fcller S, Palm J, P\u00e9rez Garriga A, Pethukova J, Pietzner D, Popp M, Rebenstorff M, Renz J, Ri\u00dfner F, R\u00f6hrig R, Saleh K, Schl\u00f6cker A, Sch\u00f6nherr S, Spreckelsen C, Stahlmann J, Stolz A, Thon S, Thomas E, Tiller D, Wendt S, Wendt T, Winnekens P, Witzke O, Pletz M:[\/vc_column_text][vc_empty_space height=&#8221;15px&#8221;][vc_column_text css=&#8221;.vc_custom_1692173662845{padding-right: 3% !important;padding-left: 3% !important;}&#8221;]<em>Use Case HELP \u2012 Nutzung der Datenintegrationszentren f\u00fcr eine Evaluationsstudie und vorl\u00e4ufige Ergebnisse.<\/em>[\/vc_column_text][vc_empty_space height=&#8221;15px&#8221;][vc_column_text css=&#8221;.vc_custom_1692173679938{padding-right: 3% !important;padding-bottom: 3% !important;padding-left: 3% !important;}&#8221;]In: Science Day 2022:Abstractbook|23.11.2022; ISBN:978-3-00-074019-0[\/vc_column_text][\/qode_content_slider_item][qode_content_slider_item][vc_column_text css=&#8221;.vc_custom_1692173721414{padding-top: 3% !important;padding-right: 3% !important;padding-left: 3% !important;}&#8221;]P\u00e9rez Garriga A, Fortmann J, R\u00f6hrig R, Majeed R W, Lipprandt M:[\/vc_column_text][vc_empty_space height=&#8221;15px&#8221;][vc_column_text css=&#8221;.vc_custom_1692173735865{padding-right: 3% !important;padding-left: 3% !important;}&#8221;]<em>Entwicklung eines CDSS im akademischen Bereich im Rahmen der Medical Device Regulation.<\/em><\/p>\n<p>[\/vc_column_text][vc_empty_space height=&#8221;15px&#8221;][vc_column_text css=&#8221;.vc_custom_1692173747913{padding-right: 3% !important;padding-bottom: 3% !important;padding-left: 3% !important;}&#8221;]In: Science Day 2022:Abstractbook|23.11.2022; ISBN:978-3-00-074019-0[\/vc_column_text][\/qode_content_slider_item][qode_content_slider_item][vc_column_text css=&#8221;.vc_custom_1692173772087{padding-top: 3% !important;padding-right: 3% !important;padding-bottom: 0px !important;padding-left: 3% !important;}&#8221;]P\u00e9rez Garriga A, Fortmann J, Spreckelsen C, Scherag A, Majeed RW, R\u00f6hrig R, Lipprandt M:[\/vc_column_text][vc_empty_space height=&#8221;15px&#8221;][vc_column_text css=&#8221;.vc_custom_1692173786021{padding-right: 3% !important;padding-left: 3% !important;}&#8221;]<em>The European medical device regulation &#8211; Lessons learned from SMITH-HELP.<\/em>[\/vc_column_text][vc_empty_space height=&#8221;15px&#8221;][vc_column_text css=&#8221;.vc_custom_1692173796382{padding-right: 3% !important;padding-bottom: 3% !important;padding-left: 3% !important;}&#8221;]In: 67. Jahrestagung der Deutschen Gesellschaft f\u00fcr Medizinische Informatik, Biometrie und Epidemiologie e. V. (GMDS), 13. Jahreskongress der Technologie- und Methodenplattform f\u00fcr die vernetzte medizinische Forschung e.V. (TMF)., 21.-25.08.2022. D\u00fcsseldorf: German Medical Science GMS Publishing House; 2022. DocAbstr. 62. DOI: 10.3205\/22gmds041[\/vc_column_text][\/qode_content_slider_item][qode_content_slider_item][vc_column_text css=&#8221;.vc_custom_1692171564724{padding-top: 3% !important;padding-right: 3% !important;padding-left: 3% !important;}&#8221;]Hagel S, Gantner J, Spreckelsen C, Fischer C, Ammon D, Saleh K, Phan-Vogtmann LA, Heidel A, M\u00fcller S, Helhorn A, Kruse HM, Thomas E, Ri\u00dfner4 F, Haferkamp S, Vorwerk J, Deffge S, Juzek-K\u00fcpper MF, Lippmann N, L\u00fcbbert C, Trawinski H, Wendt S, Wendt T, D\u00fcrschmid A, Konik M, Moritz S, Tiller D, R\u00f6hrig R, Pletz M, Scherag A:<\/p>\n<p>[\/vc_column_text][vc_empty_space height=&#8221;15px&#8221;][vc_column_text css=&#8221;.vc_custom_1692171571133{padding-right: 3% !important;padding-left: 3% !important;}&#8221;]<em>A hospital-wide electronic medical record-based computerized decision support system to improve outcomes of patients with staphylococcal bloodstream infection (HELP). Study protocol for a multicenter stepped-wedge cluster randomized trial.<\/em>[\/vc_column_text][vc_empty_space height=&#8221;15px&#8221;][vc_column_text css=&#8221;.vc_custom_1692171579039{padding-right: 3% !important;padding-bottom: 3% !important;padding-left: 3% !important;}&#8221;]BMJ Open 2020;10(2):e033391. DOI:10.1136\/bmjopen-2019-033391<\/p>\n<p>[\/vc_column_text][\/qode_content_slider_item][\/qode_content_slider][\/qode_elements_holder_item][\/qode_elements_holder][\/vc_column][\/vc_row][vc_row css_animation=&#8221;&#8221; row_type=&#8221;row&#8221; use_row_as_full_screen_section=&#8221;no&#8221; type=&#8221;full_width&#8221; angled_section=&#8221;no&#8221; text_align=&#8221;left&#8221; background_image_as_pattern=&#8221;without_pattern&#8221;][vc_column][vc_column_text]<\/p>\n<p>[\/vc_column_text][\/vc_column][\/vc_row][vc_row css_animation=&#8221;&#8221; row_type=&#8221;row&#8221; use_row_as_full_screen_section=&#8221;no&#8221; type=&#8221;full_width&#8221; angled_section=&#8221;no&#8221; text_align=&#8221;left&#8221; background_image_as_pattern=&#8221;without_pattern&#8221;][vc_column][vc_column_text]<\/p>\n<p>[\/vc_column_text][\/vc_column][\/vc_row][vc_row css_animation=&#8221;&#8221; row_type=&#8221;row&#8221; use_row_as_full_screen_section=&#8221;no&#8221; type=&#8221;grid&#8221; angled_section=&#8221;no&#8221; text_align=&#8221;left&#8221; background_image_as_pattern=&#8221;without_pattern&#8221; z_index=&#8221;&#8221; css=&#8221;.vc_custom_1613479948915{background-color: #e0f4fc !important;}&#8221;][vc_column][qode_elements_holder number_of_columns=&#8221;two_columns&#8221; columns_proportion=&#8221;25_75&#8243;][qode_elements_holder_item advanced_animations=&#8221;no&#8221; item_padding=&#8221;50px 0px&#8221; item_padding_480_600=&#8221;40px 0px 20px 0px&#8221; item_padding_480=&#8221;40px 0px 20px 0px&#8221;][vc_single_image image=&#8221;16901&#8243; alignment=&#8221;center&#8221; style=&#8221;vc_box_circle_2&#8243; qode_css_animation=&#8221;&#8221;][\/qode_elements_holder_item][qode_elements_holder_item vertical_alignment=&#8221;middle&#8221; horizontal_alignment=&#8221;center&#8221; advanced_animations=&#8221;no&#8221; item_padding=&#8221;50px 0px&#8221; item_padding_480_600=&#8221;0px 0px 40px 0px&#8221; item_padding_480=&#8221;0px 0px 40px 0px&#8221;][vc_column_text]<\/p>\n<p style=\"font-size: 16px; text-align: left; line-height: 175%;\"><em>\u201cWe want to support the work of infectiologists in normal and intensive care units with IT in order to optimize the use of antibiotics for specific bacteria.\u201d<\/em><\/p>\n<p>[\/vc_column_text][vc_empty_space][vc_column_text]<\/p>\n<p style=\"text-align: left; font-size: 14px; line-height: 230%;\">Prof. Dr. Andr\u00e9 Scherag<\/p>\n<p style=\"text-align: left; font-size: 14px; line-height: 130%;\">1st Spokesman SMITH Consortium<br \/>\nHead of the HELP Use Case<br \/>\nDirector of the Institute of Medical Statistics, Computer and Data Sciences (IMSID) | Jena University Hospital<\/p>\n<p>[\/vc_column_text][\/qode_elements_holder_item][\/qode_elements_holder][\/vc_column][\/vc_row]<\/p>\n<\/div>","protected":false},"excerpt":{"rendered":"<p>[vc_row css_animation=&#8221;&#8221; row_type=&#8221;row&#8221; use_row_as_full_screen_section=&#8221;no&#8221; type=&#8221;grid&#8221; angled_section=&#8221;no&#8221; text_align=&#8221;left&#8221; background_image_as_pattern=&#8221;without_pattern&#8221; z_index=&#8221;&#8221; css=&#8221;.vc_custom_1620732136129{padding-top: 0px !important;padding-right: 0px !important;padding-bottom: 0px !important;padding-left: 0px !important;background-color: #f5f6f6 !important;}&#8221;][vc_column][qode_elements_holder number_of_columns=&#8221;one_column&#8221;][qode_elements_holder_item advanced_animations=&#8221;no&#8221; item_padding=&#8221;5% 0&#8243; item_padding_480_600=&#8221;20px 0px 20px 0px&#8221; item_padding_480=&#8221;20px 0px 20px 0px&#8221;][vc_column_text] Clinical Use Case HELP [\/vc_column_text][vc_empty_space height=&#8221;15px&#8221;][vc_column_text css=&#8221;.vc_custom_1623757790964{padding-bottom: 5% !important;}&#8221;] Guideline-based Use of Antibiotics&#8230;<\/p>\n","protected":false},"author":5,"featured_media":0,"parent":16159,"menu_order":2,"comment_status":"closed","ping_status":"closed","template":"full_width.php","meta":{"footnotes":""},"class_list":["post-5546","page","type-page","status-publish","hentry"],"_links":{"self":[{"href":"https:\/\/www.smith.care\/en\/wp-json\/wp\/v2\/pages\/5546","targetHints":{"allow":["GET"]}}],"collection":[{"href":"https:\/\/www.smith.care\/en\/wp-json\/wp\/v2\/pages"}],"about":[{"href":"https:\/\/www.smith.care\/en\/wp-json\/wp\/v2\/types\/page"}],"author":[{"embeddable":true,"href":"https:\/\/www.smith.care\/en\/wp-json\/wp\/v2\/users\/5"}],"replies":[{"embeddable":true,"href":"https:\/\/www.smith.care\/en\/wp-json\/wp\/v2\/comments?post=5546"}],"version-history":[{"count":55,"href":"https:\/\/www.smith.care\/en\/wp-json\/wp\/v2\/pages\/5546\/revisions"}],"predecessor-version":[{"id":24763,"href":"https:\/\/www.smith.care\/en\/wp-json\/wp\/v2\/pages\/5546\/revisions\/24763"}],"up":[{"embeddable":true,"href":"https:\/\/www.smith.care\/en\/wp-json\/wp\/v2\/pages\/16159"}],"wp:attachment":[{"href":"https:\/\/www.smith.care\/en\/wp-json\/wp\/v2\/media?parent=5546"}],"curies":[{"name":"wp","href":"https:\/\/api.w.org\/{rel}","templated":true}]}}