{"id":6154,"date":"2020-06-02T09:45:42","date_gmt":"2020-06-02T07:45:42","guid":{"rendered":"https:\/\/www.smith.care\/?page_id=6154"},"modified":"2025-07-08T12:28:08","modified_gmt":"2025-07-08T10:28:08","slug":"use-case-phep","status":"publish","type":"page","link":"https:\/\/www.smith.care\/en\/research\/use-case-phep\/","title":{"rendered":"Use Case PheP"},"content":{"rendered":"<div class=\"wpb-content-wrapper\"><p>[vc_row css_animation=&#8221;&#8221; row_type=&#8221;row&#8221; use_row_as_full_screen_section=&#8221;no&#8221; type=&#8221;grid&#8221; angled_section=&#8221;no&#8221; text_align=&#8221;left&#8221; background_image_as_pattern=&#8221;without_pattern&#8221; z_index=&#8221;&#8221; css=&#8221;.vc_custom_1620300438259{background-color: #f5f6f6 !important;}&#8221;][vc_column][qode_elements_holder number_of_columns=&#8221;one_column&#8221;][qode_elements_holder_item advanced_animations=&#8221;no&#8221; item_padding=&#8221;5% 0&#8243; item_padding_480_600=&#8221;20px 0px 20px 0px&#8221; item_padding_480=&#8221;20px 0px 20px 0px&#8221;][vc_column_text]<\/p>\n<h2>Methodical Use Case PheP<\/h2>\n<p>[\/vc_column_text][vc_empty_space height=&#8221;15px&#8221;][vc_column_text css=&#8221;.vc_custom_1703075791906{padding-bottom: 5% !important;}&#8221;]<\/p>\n<h3>Phenotyping pipeline to support clinical evaluation projects<\/h3>\n<p>[\/vc_column_text][vc_column_text]Through the Medical Informatics Initiative (MII) and the establishment of <a href=\"https:\/\/www.smith.care\/en\/smith-consortium\/data-integration-centers_smith\/\" target=\"_blank\" rel=\"noopener\">Data Integration Centers<\/a>, clinical care data from multiple sources in the Hospital Information System (HIS) are being made available for medical research. The result is a unique and rich pool of clinical data that is precisely defined across all participating sites. With the methodological Use Case Phenotyping Pipeline, or PheP for short, the SMITH Consortium supported the development, qualitative enrichment and evaluation of the data pool from 2018 to 2023. The project is led by the Leipzig University.[\/vc_column_text][\/qode_elements_holder_item][\/qode_elements_holder][\/vc_column][\/vc_row][vc_row css_animation=&#8221;&#8221; row_type=&#8221;row&#8221; use_row_as_full_screen_section=&#8221;no&#8221; type=&#8221;grid&#8221; angled_section=&#8221;no&#8221; text_align=&#8221;left&#8221; background_image_as_pattern=&#8221;without_pattern&#8221; z_index=&#8221;&#8221; css=&#8221;.vc_custom_1620639409581{background-color: #f5f6f6 !important;}&#8221;][vc_column css=&#8221;.vc_custom_1620729400531{padding-top: 0px !important;padding-right: 0px !important;padding-bottom: 0px !important;padding-left: 0px !important;background-color: #ffffff !important;}&#8221;][qode_elements_holder number_of_columns=&#8221;two_columns&#8221;][qode_elements_holder_item vertical_alignment=&#8221;top&#8221; horizontal_alignment=&#8221;left&#8221; advanced_animations=&#8221;no&#8221; item_padding=&#8221;5%&#8221;][vc_single_image image=&#8221;5265&#8243; img_size=&#8221;full&#8221; qode_css_animation=&#8221;&#8221;][\/qode_elements_holder_item][qode_elements_holder_item vertical_alignment=&#8221;middle&#8221; horizontal_alignment=&#8221;left&#8221; advanced_animations=&#8221;no&#8221; item_padding=&#8221;5%&#8221;][vc_column_text css=&#8221;.vc_custom_1703075859288{padding-bottom: 10% !important;}&#8221;]<\/p>\n<h3>PheP Use Case<\/h3>\n<p>[\/vc_column_text]<div class='q_icon_with_title tiny circle left_from_title '><div class=\"icon_text_holder\" style=\"\"><div class=\"icon_text_inner\" style=\"\"><div class=\"icon_title_holder\"><div class=\"icon_holder \" style=\" \"><span data-icon-type=\"circle\"   class=\"qode_iwt_icon_holder fa-stack fa-lg  \" style=\"border-color: #66C4D8;background-color: #66C4D8;\"><i class=\"qodef-icon-dripicons dripicon dripicons-lightbulb qode_iwt_icon_element\" style=\"color: #ffffff;\" ><\/i><\/span><\/div><h5 class=\"icon_title\" style=\"\">Development of innovative methods for processing, extracting and structuring clinical care data for research and healthcare<\/h5><\/div><p style=''><\/p><\/div><\/div><\/div>[vc_empty_space height=&#8221;20px&#8221;]<div class='q_icon_with_title tiny circle left_from_title '><div class=\"icon_text_holder\" style=\"\"><div class=\"icon_text_inner\" style=\"\"><div class=\"icon_title_holder\"><div class=\"icon_holder \" style=\" \"><span data-icon-type=\"circle\"   class=\"qode_iwt_icon_holder fa-stack fa-lg  \" style=\"border-color: #66C4D8;background-color: #66C4D8;\"><i class=\"qodef-icon-dripicons dripicon dripicons-browser-upload qode_iwt_icon_element\" style=\"color: #ffffff;\" ><\/i><\/span><\/div><h5 class=\"icon_title\" style=\"\">Provision of a platform for the execution of distributed analyses<\/h5><\/div><p style=''><\/p><\/div><\/div><\/div>[vc_empty_space height=&#8221;20px&#8221;]<div class='q_icon_with_title tiny circle left_from_title '><div class=\"icon_text_holder\" style=\"\"><div class=\"icon_text_inner\" style=\"\"><div class=\"icon_title_holder\"><div class=\"icon_holder \" style=\" \"><span data-icon-type=\"circle\"   class=\"qode_iwt_icon_holder fa-stack fa-lg  \" style=\"border-color: #66C4D8;background-color: #66C4D8;\"><i class=\"qodef-icon-dripicons dripicon dripicons-archive qode_iwt_icon_element\" style=\"color: #ffffff;\" ><\/i><\/span><\/div><h5 class=\"icon_title\" style=\"\">Development, qualitative enrichment and evaluation of the clinical data pool<\/h5><\/div><p style=''><\/p><\/div><\/div><\/div>[vc_empty_space height=&#8221;20px&#8221;]<div class='q_icon_with_title tiny circle left_from_title '><div class=\"icon_text_holder\" style=\"\"><div class=\"icon_text_inner\" style=\"\"><div class=\"icon_title_holder\"><div class=\"icon_holder \" style=\" \"><span data-icon-type=\"circle\"   class=\"qode_iwt_icon_holder fa-stack fa-lg  \" style=\"border-color: #66C4D8;background-color: #66C4D8;\"><i class=\"qodef-icon-dripicons dripicon dripicons-home qode_iwt_icon_element\" style=\"color: #ffffff;\" ><\/i><\/span><\/div><h5 class=\"icon_title\" style=\"\">Participation of all university hospitals represented in SMITH under the leadership of the Leipzig University<\/h5><\/div><p style=''><\/p><\/div><\/div><\/div>[\/qode_elements_holder_item][\/qode_elements_holder][\/vc_column][\/vc_row][vc_row css_animation=&#8221;&#8221; row_type=&#8221;row&#8221; use_row_as_full_screen_section=&#8221;no&#8221; type=&#8221;grid&#8221; angled_section=&#8221;no&#8221; text_align=&#8221;left&#8221; background_image_as_pattern=&#8221;without_pattern&#8221; z_index=&#8221;&#8221; css=&#8221;.vc_custom_1620300459787{background-color: #f5f6f6 !important;}&#8221;][vc_column][qode_elements_holder number_of_columns=&#8221;one_column&#8221;][qode_elements_holder_item advanced_animations=&#8221;no&#8221; item_padding=&#8221;5% 0 0 0&#8243;][vc_column_text]<\/p>\n<h4>The PheP idea: Enriching health data and making it best available to science<\/h4>\n<p>[\/vc_column_text][vc_empty_space height=&#8221;25px&#8221;][vc_column_text]PheP has provided tools and methods to use medical data in a privacy-compliant way and to address new types of questions. Over the course of five years, the methodological use case has laid the groundwork for several other MII projects. This required the creation of data sets that could be used for clinical epidemiological and health economic questions.[\/vc_column_text][vc_empty_space height=&#8221;15px&#8221;][vc_column_text]Phenotyping was used in PheP to derive and provide further characteristics from identifiable characteristics of patients (phenotypes). In this way, certain laboratory values and medications can be used to indicate other diseases or to find suitable patients for participation in a study. The <a href=\"https:\/\/www.smith.care\/en\/2022\/11\/17\/algorithms-for-patient-care\/\" target=\"_blank\" rel=\"noopener\">Terminology- and Ontology-based Phenotyping (TOP)<\/a> Junior Research Group emerged from this part of the project. Since 2021, the junior research group has been working on a software platform for modeling and executing phenotype algorithms. It is located at the Leipzig University and led by Dr. Alexandr Uciteli. PheP has supported the record linkage process, which is used to merge patient data from different information sources, such as health insurance companies or death data from civil registries.[\/vc_column_text][\/qode_elements_holder_item][\/qode_elements_holder][\/vc_column][\/vc_row][vc_row css_animation=&#8221;&#8221; row_type=&#8221;row&#8221; use_row_as_full_screen_section=&#8221;no&#8221; type=&#8221;grid&#8221; angled_section=&#8221;no&#8221; text_align=&#8221;left&#8221; background_image_as_pattern=&#8221;without_pattern&#8221; z_index=&#8221;&#8221; css=&#8221;.vc_custom_1620300468619{background-color: #f5f6f6 !important;}&#8221;][vc_column][qode_elements_holder number_of_columns=&#8221;one_column&#8221;][qode_elements_holder_item advanced_animations=&#8221;no&#8221; item_padding=&#8221;3% 0 0 0&#8243; item_padding_480_600=&#8221;3% 0 10% 0&#8243; item_padding_480=&#8221;3% 0 10% 0&#8243;][vc_column_text]<\/p>\n<h4>Making medical texts available for research<\/h4>\n<p>[\/vc_column_text][vc_empty_space height=&#8221;25px&#8221;][vc_column_text]However, too little clinical information is available as machine-readable records &#8211; a challenge for the implementation of the PheP project. In particular, referral letters, findings, and surgical reports contain valuable information such as diagnoses, medications, side effects, and laboratory data that can only be extracted using natural language processing (NLP) and semantic text analysis methods. The PheP-NLP project has developed new methods for extracting complex information such as diagnoses, findings, medications or side effects from text. The Jena University Language &amp; Information Engineering Lab (JULIE Lab) in cooperation with companies in the field of language processing academically led the process. In a pilot project with the three university hospitals in Aachen, Jena and Leipzig, medical documents of more than 3,000 patients were analyzed. The experience gained has led to a new project that is unique in Germany: the <a href=\"https:\/\/www.smith.care\/en\/gemtex_mii\/about-gemtex\/\" target=\"_blank\" rel=\"noopener\">German Medical Text Corpus (GeMTeX)<\/a> project. Together with 16 partners \u2013 including six university hospitals \u2013 it will build up by far the largest collection of German-language medical texts for NLP research.[\/vc_column_text][\/qode_elements_holder_item][\/qode_elements_holder][\/vc_column][\/vc_row][vc_row css_animation=&#8221;&#8221; row_type=&#8221;row&#8221; use_row_as_full_screen_section=&#8221;no&#8221; type=&#8221;grid&#8221; angled_section=&#8221;no&#8221; text_align=&#8221;left&#8221; background_image_as_pattern=&#8221;without_pattern&#8221; z_index=&#8221;&#8221; css=&#8221;.vc_custom_1620300468619{background-color: #f5f6f6 !important;}&#8221;][vc_column][qode_elements_holder number_of_columns=&#8221;one_column&#8221;][qode_elements_holder_item advanced_animations=&#8221;no&#8221; item_padding=&#8221;3% 0 5% 0&#8243; item_padding_480_600=&#8221;3% 0 10% 0&#8243; item_padding_480=&#8221;3% 0 10% 0&#8243;][vc_column_text]<\/p>\n<h4>The PheP Engine enables data protection compliant analysis<\/h4>\n<p>[\/vc_column_text][vc_empty_space height=&#8221;25px&#8221;][vc_column_text]The idea of distributed analysis became the technical basis for the implementation of comprehensive data use projects at the MII locations in the form of the &#8220;PheP Engine&#8221;. The secure technology of the PheP Engine enabled distributed analysis of semantically and technically standardized data at all sites. With distributed analysis, sensitive patient data remains in the clinic while the algorithms access the data. With this technology, different clinical questions can be addressed flexibly and in compliance with privacy regulations. Distributed analysis is used in several MII Projectathons beyond the consortia, for example in the cardiology data use project &#8220;<a href=\"https:\/\/forschen-fuer-gesundheit.de\/projekt1.php\" target=\"_blank\" rel=\"noopener\">NT-proBNP<\/a>&#8220;.[\/vc_column_text][vc_empty_space height=&#8221;15px&#8221;][vc_column_text css=&#8221;&#8221;]PheP was funded by the German Federal Ministry of Education and Research (BMBF) from 01.01.2018 to 31.05.2023 as part of the SMITH Consortium.[\/vc_column_text][\/qode_elements_holder_item][\/qode_elements_holder][\/vc_column][\/vc_row][vc_row css_animation=&#8221;&#8221; row_type=&#8221;row&#8221; use_row_as_full_screen_section=&#8221;no&#8221; type=&#8221;grid&#8221; angled_section=&#8221;no&#8221; text_align=&#8221;left&#8221; background_image_as_pattern=&#8221;without_pattern&#8221; z_index=&#8221;&#8221; css=&#8221;.vc_custom_1620640186865{background-color: #f5f6f6 !important;}&#8221;][vc_column css=&#8221;.vc_custom_1692171272109{margin-bottom: 5% !important;background-color: #ffffff !important;}&#8221;][qode_elements_holder number_of_columns=&#8221;one_column&#8221;][qode_elements_holder_item advanced_animations=&#8221;no&#8221; item_padding_480_600=&#8221;3% 0 10% 0&#8243; item_padding_480=&#8221;3% 0 10% 0&#8243; item_padding=&#8221;1% 0&#8243;][vc_column_text css=&#8221;.vc_custom_1692179734408{padding-top: 0px !important;padding-right: 0px !important;padding-bottom: 0px !important;padding-left: 3% !important;}&#8221;]<\/p>\n<h4>Major Publications:<\/h4>\n<p>[\/vc_column_text][qode_content_slider auto_rotate=&#8221;5&#8243; direction_nav=&#8221;no&#8221; control_nav=&#8221;yes&#8221; control_nav_justify=&#8221;no&#8221; pause_on_hover=&#8221;yes&#8221;][qode_content_slider_item][vc_column_text css=&#8221;.vc_custom_1704371882349{padding-top: 3% !important;padding-right: 3% !important;padding-left: 3% !important;}&#8221;]Uciteli A, Beger C, Kirsten T, Meineke FA, Herre H:[\/vc_column_text][vc_empty_space height=&#8221;15px&#8221;][vc_column_text css=&#8221;.vc_custom_1704371891349{padding-right: 3% !important;padding-left: 3% !important;}&#8221;]<em>Ontological representation, classification and data-driven computing of phenotypes.<\/em>[\/vc_column_text][vc_empty_space height=&#8221;15px&#8221;][vc_column_text css=&#8221;.vc_custom_1704371898328{padding-right: 3% !important;padding-bottom: 3% !important;padding-left: 3% !important;}&#8221;]In: J Biomed Semantics. 2020 Dec 21;11(1):15. doi: 10.1186\/s13326-020-00230-0. PMID: 33349245; PMCID: PMC7751121.[\/vc_column_text][\/qode_content_slider_item][qode_content_slider_item][vc_column_text css=&#8221;.vc_custom_1704371854183{padding-top: 3% !important;padding-right: 3% !important;padding-left: 3% !important;}&#8221;]Meineke FA, St\u00e4ubert S, L\u00f6be M, Uciteli A, L\u00f6ffler M:[\/vc_column_text][vc_empty_space height=&#8221;15px&#8221;][vc_column_text css=&#8221;.vc_custom_1704371867477{padding-right: 3% !important;padding-left: 3% !important;}&#8221;]<em>Design and Concept of the SMITH Phenotyping Pipeline. <\/em>[\/vc_column_text][vc_empty_space height=&#8221;15px&#8221;][vc_column_text css=&#8221;.vc_custom_1704371875654{padding-right: 3% !important;padding-bottom: 3% !important;padding-left: 3% !important;}&#8221;]In: Stud Health Technol Inform. 2019 Sep 3;267:164-172. doi: 10.3233\/SHTI190821. PMID: 31483269.[\/vc_column_text][\/qode_content_slider_item][qode_content_slider_item][vc_column_text css=&#8221;.vc_custom_1704371915037{padding-top: 3% !important;padding-right: 3% !important;padding-left: 3% !important;}&#8221;]Hahn U, Matthies F, Lohr C, L\u00f6ffler M:[\/vc_column_text][vc_empty_space height=&#8221;15px&#8221;][vc_column_text css=&#8221;.vc_custom_1704371922709{padding-right: 3% !important;padding-left: 3% !important;}&#8221;]<em>3000PA-Towards a National Reference Corpus of German Clinical Language.<\/em>[\/vc_column_text][vc_empty_space height=&#8221;15px&#8221;][vc_column_text css=&#8221;.vc_custom_1704371929390{padding-right: 3% !important;padding-bottom: 3% !important;padding-left: 3% !important;}&#8221;]In: Stud Health Technol Inform. 2018;247:26-30. PMID: 29677916.[\/vc_column_text][\/qode_content_slider_item][\/qode_content_slider][\/qode_elements_holder_item][\/qode_elements_holder][\/vc_column][\/vc_row][vc_row css_animation=&#8221;&#8221; row_type=&#8221;row&#8221; use_row_as_full_screen_section=&#8221;no&#8221; type=&#8221;grid&#8221; angled_section=&#8221;no&#8221; text_align=&#8221;left&#8221; background_image_as_pattern=&#8221;without_pattern&#8221; z_index=&#8221;&#8221; css=&#8221;.vc_custom_1613479948915{background-color: #e0f4fc !important;}&#8221;][vc_column][qode_elements_holder number_of_columns=&#8221;two_columns&#8221; columns_proportion=&#8221;25_75&#8243;][qode_elements_holder_item advanced_animations=&#8221;no&#8221; item_padding=&#8221;50px 0px&#8221; item_padding_480_600=&#8221;40px 0px 20px 0px&#8221; item_padding_480=&#8221;40px 0px 20px 0px&#8221;][vc_single_image image=&#8221;945&#8243; alignment=&#8221;center&#8221; style=&#8221;vc_box_circle_2&#8243; qode_css_animation=&#8221;&#8221;][\/qode_elements_holder_item][qode_elements_holder_item vertical_alignment=&#8221;middle&#8221; horizontal_alignment=&#8221;center&#8221; advanced_animations=&#8221;no&#8221; item_padding=&#8221;50px 0px&#8221; item_padding_480_600=&#8221;0px 0px 40px 0px&#8221; item_padding_480=&#8221;0px 0px 40px 0px&#8221;][vc_column_text]<\/p>\n<p style=\"font-size: 16px; text-align: left; line-height: 175%;\"><em>&#8220;SMITH&#8217;s work addresses the current challenges of digitization. Through the sustainable use of health data in medical research, decisive steps are being taken to improve diagnosis, prevention and treatments. Healthcare can be taken to a new level.\u201c<\/em><\/p>\n<p>[\/vc_column_text][vc_empty_space][vc_column_text]<\/p>\n<p style=\"text-align: left; font-size: 14px; line-height: 230%;\">Prof. Dr. Markus L\u00f6ffler<\/p>\n<p style=\"text-align: left; font-size: 14px; line-height: 130%;\">Head of the SMITH Consortium<br \/>\nHead of the PheP Use Case<br \/>\nInstitute for Medical Informatics, Statistics and Epidemiology (IMISE) | Leipzig University<\/p>\n<p>[\/vc_column_text][\/qode_elements_holder_item][\/qode_elements_holder][\/vc_column][\/vc_row]<\/p>\n<\/div>","protected":false},"excerpt":{"rendered":"<p>[vc_row css_animation=&#8221;&#8221; row_type=&#8221;row&#8221; use_row_as_full_screen_section=&#8221;no&#8221; type=&#8221;grid&#8221; angled_section=&#8221;no&#8221; text_align=&#8221;left&#8221; background_image_as_pattern=&#8221;without_pattern&#8221; z_index=&#8221;&#8221; css=&#8221;.vc_custom_1620300438259{background-color: #f5f6f6 !important;}&#8221;][vc_column][qode_elements_holder number_of_columns=&#8221;one_column&#8221;][qode_elements_holder_item advanced_animations=&#8221;no&#8221; item_padding=&#8221;5% 0&#8243; item_padding_480_600=&#8221;20px 0px 20px 0px&#8221; item_padding_480=&#8221;20px 0px 20px 0px&#8221;][vc_column_text] Methodical Use Case PheP [\/vc_column_text][vc_empty_space height=&#8221;15px&#8221;][vc_column_text css=&#8221;.vc_custom_1703075791906{padding-bottom: 5% !important;}&#8221;] Phenotyping pipeline to support clinical evaluation projects [\/vc_column_text][vc_column_text]Through the Medical Informatics Initiative&#8230;<\/p>\n","protected":false},"author":5,"featured_media":0,"parent":16159,"menu_order":3,"comment_status":"closed","ping_status":"closed","template":"full_width.php","meta":{"footnotes":""},"class_list":["post-6154","page","type-page","status-publish","hentry"],"_links":{"self":[{"href":"https:\/\/www.smith.care\/en\/wp-json\/wp\/v2\/pages\/6154","targetHints":{"allow":["GET"]}}],"collection":[{"href":"https:\/\/www.smith.care\/en\/wp-json\/wp\/v2\/pages"}],"about":[{"href":"https:\/\/www.smith.care\/en\/wp-json\/wp\/v2\/types\/page"}],"author":[{"embeddable":true,"href":"https:\/\/www.smith.care\/en\/wp-json\/wp\/v2\/users\/5"}],"replies":[{"embeddable":true,"href":"https:\/\/www.smith.care\/en\/wp-json\/wp\/v2\/comments?post=6154"}],"version-history":[{"count":37,"href":"https:\/\/www.smith.care\/en\/wp-json\/wp\/v2\/pages\/6154\/revisions"}],"predecessor-version":[{"id":24765,"href":"https:\/\/www.smith.care\/en\/wp-json\/wp\/v2\/pages\/6154\/revisions\/24765"}],"up":[{"embeddable":true,"href":"https:\/\/www.smith.care\/en\/wp-json\/wp\/v2\/pages\/16159"}],"wp:attachment":[{"href":"https:\/\/www.smith.care\/en\/wp-json\/wp\/v2\/media?parent=6154"}],"curies":[{"name":"wp","href":"https:\/\/api.w.org\/{rel}","templated":true}]}}